{"id":1470,"date":"2022-05-18T14:44:38","date_gmt":"2022-05-18T07:44:38","guid":{"rendered":"https:\/\/microlab.vn\/?page_id=1470"},"modified":"2022-11-28T16:01:22","modified_gmt":"2022-11-28T09:01:22","slug":"microlab","status":"publish","type":"page","link":"https:\/\/namthanh.com.vn\/en\/bao-hanh\/microlab\/","title":{"rendered":"Microlab"},"content":{"rendered":"<div class=\"supportContent\">\n<div class=\"supportContent\">\n<h3 id=\"tw-target-text\" class=\"tw-data-text tw-text-large tw-ta\" dir=\"ltr\" data-placeholder=\"B\u1ea3n d\u1ecbch\"><span style=\"color: #282828;\"><strong><span class=\"Y2IQFc\" lang=\"en\">MICROLAB PRODUCT WARRANTY POLICY<\/span><\/strong><\/span><\/h3>\n<h4><span style=\"color: #282828;\"><strong>I . WARRANTY<\/strong><\/span><\/h4>\n<ol>\n<li>\n<p id=\"tw-target-text\" class=\"tw-data-text tw-text-large tw-ta\" dir=\"ltr\" data-placeholder=\"B\u1ea3n d\u1ecbch\"><span style=\"color: #282828;\"><strong><span class=\"Y2IQFc\" lang=\"en\">Warranty subject:<\/span><\/strong><\/span><\/p>\n<\/li>\n<\/ol>\n<p><span style=\"color: #282828;\">&#8211; Purchasing agent directly at the Company. <\/span><\/p>\n<p><span style=\"color: #282828;\">&#8211; Agents do not buy directly from the company. <\/span><\/p>\n<p><span style=\"color: #282828;\">&#8211; End consumer.<\/span><\/p>\n<ol>\n<li>\n<p id=\"tw-target-text\" class=\"tw-data-text tw-text-large tw-ta\" dir=\"ltr\" data-placeholder=\"B\u1ea3n d\u1ecbch\"><span class=\"Y2IQFc\" lang=\"en\"><strong>Warranty period<\/strong>:<\/span><\/p>\n<\/li>\n<\/ol>\n<p id=\"tw-target-text\" class=\"tw-data-text tw-text-large tw-ta\" dir=\"ltr\" data-placeholder=\"B\u1ea3n d\u1ecbch\"><span class=\"Y2IQFc\" lang=\"en\" style=\"color: #282828;\">&#8211; 12 months warranty for all Microlab computer speaker products. <\/span><\/p>\n<p id=\"tw-target-text\" class=\"tw-data-text tw-text-large tw-ta\" dir=\"ltr\" data-placeholder=\"B\u1ea3n d\u1ecbch\"><span class=\"Y2IQFc\" lang=\"en\" style=\"color: #282828;\">&#8211; 6 months warranty for all Microlab computer headset products. <\/span><\/p>\n<p id=\"tw-target-text\" class=\"tw-data-text tw-text-large tw-ta\" dir=\"ltr\" data-placeholder=\"B\u1ea3n d\u1ecbch\"><span class=\"Y2IQFc\" lang=\"en\" style=\"color: #282828;\">&#8211; 6 months warranty for Battery, Battery, Microlab Computer Speaker Adapter.<\/span><\/p>\n<ol start=\"3\">\n<li>\n<p id=\"tw-target-text\" class=\"tw-data-text tw-text-large tw-ta\" dir=\"ltr\" data-placeholder=\"B\u1ea3n d\u1ecbch\"><strong><span class=\"Y2IQFc\" lang=\"en\">Warranty return time:<\/span><\/strong><\/p>\n<\/li>\n<\/ol>\n<p id=\"tw-target-text\" class=\"tw-data-text tw-text-large tw-ta\" dir=\"ltr\" data-placeholder=\"B\u1ea3n d\u1ecbch\"><span class=\"Y2IQFc\" lang=\"en\" style=\"color: #282828;\">&#8211; Return warranty within 03 working days from the date of receipt for all popular speaker products (sale value under VND 1,000,000) <\/span><\/p>\n<p><span class=\"Y2IQFc\" lang=\"en\" style=\"color: #282828;\">&#8211;\u00a0 Warranty will be paid within 05 working days from the date of receipt for non-common speaker products (sale value from 1,000,000 VND or more).<\/span><\/p>\n<p><span style=\"color: #000000; font-family: arial, helvetica, sans-serif; font-size: 100%;\"><strong>3.1 <\/strong><\/span><span class=\"Y2IQFc\" lang=\"en\" style=\"color: #282828;\">Customers in Hanoi (Customers send and receive warranty directly at 38TT4A, Van Quan urban area, Yen Phuc, Phuc La, Ha Dong, Hanoi)<\/span><\/p>\n<p><span class=\"Y2IQFc\" lang=\"en\" style=\"color: #282828;\">&#8211; Return the warranty within 03 days from the date of receipt for all Rapoo products and popular speaker products (selling value under VND 1,000,000). <\/span><\/p>\n<p><span class=\"Y2IQFc\" lang=\"en\" style=\"color: #282828;\">&#8211; Warranty will be paid after 05 days from the date of receipt for non-common speaker products (sale value over VND 1,000,000).<\/span><\/p>\n<p><strong><em>General Note:<\/em><\/strong><\/p>\n<p id=\"tw-target-text\" class=\"tw-data-text tw-text-large tw-ta\" dir=\"ltr\" data-placeholder=\"B\u1ea3n d\u1ecbch\"><em><span class=\"Y2IQFc\" lang=\"en\" style=\"color: #282828;\">&#8211; Warranty return time does not include holidays and Sundays <\/span><\/em><\/p>\n<p class=\"tw-data-text tw-text-large tw-ta\" dir=\"ltr\" data-placeholder=\"B\u1ea3n d\u1ecbch\"><em><span class=\"Y2IQFc\" lang=\"en\" style=\"color: #282828;\">&#8211; Time to receive goods under warranty: All days of the week except holidays, Saturday afternoon, Sunday.<\/span><\/em><\/p>\n<p id=\"tw-target-text\" class=\"tw-data-text tw-text-large tw-ta\" dir=\"ltr\" data-placeholder=\"B\u1ea3n d\u1ecbch\"><span class=\"Y2IQFc\" lang=\"en\" style=\"color: #282828;\"><strong>3.2 Customers in provinces <\/strong>(Customers send and receive warranty indirectly through garages, delivery services &#8230;)<\/span><\/p>\n<p id=\"tw-target-text\" class=\"tw-data-text tw-text-large tw-ta\" dir=\"ltr\" data-placeholder=\"B\u1ea3n d\u1ecbch\"><span class=\"Y2IQFc\" lang=\"en\" style=\"color: #282828;\">&#8211; Warranty period is applied as above plus 02 days to pack and send warranty goods via garage, delivery &#8230; <\/span><\/p>\n<p class=\"tw-data-text tw-text-large tw-ta\" dir=\"ltr\" data-placeholder=\"B\u1ea3n d\u1ecbch\"><span class=\"Y2IQFc\" lang=\"en\" style=\"color: #282828;\">&#8211;\u00a0 In case the customer\u00a0 sends in many consecutive days or sends many warranty products at the same time, the warranty return time is calculated according to the time of the product with the longest warranty period but not exceeding 07 days from the date of purchase. from the date of receipt.<\/span><\/p>\n<p id=\"tw-target-text\" class=\"tw-data-text tw-text-large tw-ta\" dir=\"ltr\" data-placeholder=\"B\u1ea3n d\u1ecbch\"><em><strong><span class=\"Y2IQFc\" lang=\"en\">Some notes for customers in provinces:<\/span><\/strong><\/em><\/p>\n<p id=\"tw-target-text\" class=\"tw-data-text tw-text-large tw-ta\" dir=\"ltr\" data-placeholder=\"B\u1ea3n d\u1ecbch\"><em><span class=\"Y2IQFc\" lang=\"en\" style=\"color: #282828;\">&#8211; Customers bear the cost of sending warranty goods, Nam Thanh Company bears the cost of sending and returning warranty goods (01 way). <\/span><\/em><\/p>\n<p class=\"tw-data-text tw-text-large tw-ta\" dir=\"ltr\" data-placeholder=\"B\u1ea3n d\u1ecbch\"><em><span class=\"Y2IQFc\" lang=\"en\" style=\"color: #282828;\">&#8211; Customers can use express delivery service to the warranty receiving address (38TT4A Van Quan Urban, Yen Phuc, Phuc La, Ha Dong, Hanoi) or Nam Thanh Company will arrange staff to pick up the goods. Warranty at shipping points in Hanoi.<\/span><\/em><\/p>\n<p id=\"tw-target-text\" class=\"tw-data-text tw-text-large tw-ta\" dir=\"ltr\" data-placeholder=\"B\u1ea3n d\u1ecbch\"><em><span class=\"Y2IQFc\" lang=\"en\" style=\"color: #282828;\">&#8211; Goods sent (returned) under warranty must be packed in a box with a delivery note clearly stating the date, type, quantity, and serial number. In case the quantity of warranty goods actually received (or returned) does not match the attached delivery note, Nam Thanh Company (or the customer) will be responsible for immediately notifying the two parties to coordinate comparison and settlement. . After 03 days from the date of receipt of goods under warranty, all complaints about the lack of goods by both parties will be null and void.<\/span><\/em><\/p>\n<p id=\"tw-target-text\" class=\"tw-data-text tw-text-large tw-ta\" dir=\"ltr\" data-placeholder=\"B\u1ea3n d\u1ecbch\"><span class=\"Y2IQFc\" lang=\"en\">&#8211; <em><span style=\"color: #282828;\">Before sending goods (or returning goods) must notify (mail, zalo, call) to the warranty staff (if sending (returning) at the shipping point).<\/span><\/em><\/span><\/p>\n<p id=\"tw-target-text\" class=\"tw-data-text tw-text-large tw-ta\" dir=\"ltr\" data-placeholder=\"B\u1ea3n d\u1ecbch\"><span style=\"color: #282828;\"><strong><span class=\"Y2IQFc\" lang=\"en\">3.3 Some special cases:<\/span><\/strong><\/span><\/p>\n<p id=\"tw-target-text\" class=\"tw-data-text tw-text-large tw-ta\" dir=\"ltr\" data-placeholder=\"B\u1ea3n d\u1ecbch\"><span class=\"Y2IQFc\" lang=\"en\" style=\"color: #282828;\">&#8211; \u00a0In case there is no warranty return or the product category is no longer distributed. Customers will be paid with another product of equal value and use value as agreed between the two parties. <\/span><\/p>\n<p id=\"tw-target-text\" class=\"tw-data-text tw-text-large tw-ta\" dir=\"ltr\" data-placeholder=\"B\u1ea3n d\u1ecbch\"><span class=\"Y2IQFc\" lang=\"en\" style=\"color: #282828;\">&#8211; In case of disagreement on equivalent products, Nam Thanh Company will refund the money according to the remaining value of the product.<\/span><\/p>\n<ol start=\"4\">\n<li>\n<h4 id=\"tw-target-text\" class=\"tw-data-text tw-text-large tw-ta\" dir=\"ltr\" data-placeholder=\"B\u1ea3n d\u1ecbch\"><span style=\"color: #282828;\"><strong><span class=\"Y2IQFc\" lang=\"en\">Nam Thanh warranty center:<\/span><\/strong><\/span><\/h4>\n<\/li>\n<\/ol>\n<p id=\"tw-target-text\" class=\"tw-data-text tw-text-large tw-ta\" dir=\"ltr\" data-placeholder=\"B\u1ea3n d\u1ecbch\"><span class=\"Y2IQFc\" lang=\"en\" style=\"color: #282828;\">&#8211; Location: Nam Thanh Technology and Technology Joint Stock Company &#8211; Address: 38TT4A Van Quan urban area, Yen Phuc, Phuc La, Ha Dong, Hanoi. <\/span><\/p>\n<p class=\"tw-data-text tw-text-large tw-ta\" dir=\"ltr\" data-placeholder=\"B\u1ea3n d\u1ecbch\"><span class=\"Y2IQFc\" lang=\"en\" style=\"color: #282828;\">&#8211; Head of warranty team: Mr. Male, contact phone number: 0912102187.<\/span><\/p>\n<ol>\n<li>\n<h4 id=\"tw-target-text\" class=\"tw-data-text tw-text-large tw-ta\" dir=\"ltr\" data-placeholder=\"B\u1ea3n d\u1ecbch\"><strong><span class=\"Y2IQFc\" lang=\"en\">CONDITIONS FOR WARRANTY<\/span><\/strong><\/h4>\n<ul>\n<li>\n<p id=\"tw-target-text\" class=\"tw-data-text tw-text-large tw-ta\" dir=\"ltr\" data-placeholder=\"B\u1ea3n d\u1ecbch\"><span class=\"Y2IQFc\" lang=\"en\">All products distributed by Nam Thanh Company <\/span><\/p>\n<\/li>\n<li>\n<p id=\"tw-target-text\" class=\"tw-data-text tw-text-large tw-ta\" dir=\"ltr\" data-placeholder=\"B\u1ea3n d\u1ecbch\"><span class=\"Y2IQFc\" lang=\"en\">Products within the warranty period are based on the series sold <\/span><\/p>\n<\/li>\n<li>\n<p id=\"tw-target-text\" class=\"tw-data-text tw-text-large tw-ta\" dir=\"ltr\" data-placeholder=\"B\u1ea3n d\u1ecbch\"><span class=\"Y2IQFc\" lang=\"en\">The warranty is only for products used under normal conditions and due to manufacturer defects. <\/span><\/p>\n<\/li>\n<li>\n<p id=\"tw-target-text\" class=\"tw-data-text tw-text-large tw-ta\" dir=\"ltr\" data-placeholder=\"B\u1ea3n d\u1ecbch\"><span class=\"Y2IQFc\" lang=\"en\">In addition to the above conditions, Nam Thanh Company will receive repair services according to the prior agreement between the two parties.<\/span><\/p>\n<\/li>\n<\/ul>\n<\/li>\n<\/ol>\n<p id=\"tw-target-text\" class=\"tw-data-text tw-text-large tw-ta\" dir=\"ltr\" data-placeholder=\"B\u1ea3n d\u1ecbch\"><strong><em><span class=\"Y2IQFc\" lang=\"en\" style=\"color: #282828;\">The following cases are considered as breach of warranty conditions:<\/span><\/em><\/strong><\/p>\n<ol>\n<li>\n<p id=\"tw-target-text\" class=\"tw-data-text tw-text-large tw-ta\" dir=\"ltr\" data-placeholder=\"B\u1ea3n d\u1ecbch\"><span class=\"Y2IQFc\" lang=\"en\">Product has expired warranty. <\/span><\/p>\n<\/li>\n<li>\n<p id=\"tw-target-text\" class=\"tw-data-text tw-text-large tw-ta\" dir=\"ltr\" data-placeholder=\"B\u1ea3n d\u1ecbch\"><span class=\"Y2IQFc\" lang=\"en\">The product is not distributed by Nam Thanh company. <\/span><\/p>\n<\/li>\n<li>\n<p id=\"tw-target-text\" class=\"tw-data-text tw-text-large tw-ta\" dir=\"ltr\" data-placeholder=\"B\u1ea3n d\u1ecbch\"><span class=\"Y2IQFc\" lang=\"en\">Products consumed during use: (battery, signal wire, controller) <\/span><\/p>\n<\/li>\n<li>\n<p id=\"tw-target-text\" class=\"tw-data-text tw-text-large tw-ta\" dir=\"ltr\" data-placeholder=\"B\u1ea3n d\u1ecbch\"><span class=\"Y2IQFc\" lang=\"en\">Invalid serial number, barcode (blurred, unreadable, scraped, repaired, torn, peeled, &#8230;) <\/span><\/p>\n<\/li>\n<li>\n<p id=\"tw-target-text\" class=\"tw-data-text tw-text-large tw-ta\" dir=\"ltr\" data-placeholder=\"B\u1ea3n d\u1ecbch\"><span class=\"Y2IQFc\" lang=\"en\">Defective products due to force majeure (flood, abnormal power supply, etc.) <\/span><\/p>\n<\/li>\n<li>\n<p id=\"tw-target-text\" class=\"tw-data-text tw-text-large tw-ta\" dir=\"ltr\" data-placeholder=\"B\u1ea3n d\u1ecbch\"><span class=\"Y2IQFc\" lang=\"en\">Defective products due to customer error (drop, impact, improper transportation\/installation, improper storage and use conditions of the manufacturer with signs of insect penetration, oxidation, etc.) self-repair during the warranty period).<\/span><\/p>\n<\/li>\n<\/ol>\n<p id=\"tw-target-text\" class=\"tw-data-text tw-text-large tw-ta\" dir=\"ltr\" data-placeholder=\"B\u1ea3n d\u1ecbch\"><strong><span class=\"Y2IQFc\" lang=\"en\" style=\"color: #282828;\">The above warranty policy is officially applied by Nam Thanh Technology and Technology Joint Stock Company from January 1, 2022. All previous warranties contrary to the above regime are no longer valid.<\/span><\/strong><\/p>\n<h3><strong><span style=\"font-family: arial, helvetica, sans-serif; font-size: 100%; color: #000000;\">III.<\/span><span class=\"Y2IQFc\" lang=\"en\">SEARCH SERIAL NUMBER OF GENUINE MICROLAB PRODUCTS<\/span><\/strong><\/h3>\n<p><span class=\"Y2IQFc\" lang=\"en\" style=\"color: #282828;\">&#8211; Nam Thanh Technology Joint Stock Company is the official distributor of Microlab computer speakers throughout the North and on the market today there are a number of Microlab branded products, but this is an external product and is not officially distributed. distributed by Nam Thanh Company. <\/span><\/p>\n<p class=\"tw-data-text tw-text-large tw-ta\" dir=\"ltr\" data-placeholder=\"B\u1ea3n d\u1ecbch\"><span class=\"Y2IQFc\" lang=\"en\" style=\"color: #282828;\">&#8211; To help customers identify genuine products, Nam Thanh company offers a form of checking the product&#8217;s serial number. Consumers enter the Serial number to check if their Microlab product is genuine or not.<\/span><\/p>\n<\/div>\n<div class=\"supportContent\">\n<p class=\"sub subheading\"><span style=\"color: #282828;\"><strong>Step 1: Find the Serial number of the Microlab product<\/strong><\/span><\/p>\n<div>\n<p id=\"tw-target-text\" class=\"tw-data-text tw-text-large tw-ta\" dir=\"ltr\" data-placeholder=\"B\u1ea3n d\u1ecbch\"><span class=\"Y2IQFc\" lang=\"en\" style=\"color: #282828;\">The serial number of the Microlab computer speaker product (headphones not included) can be found on the packaging and on the product itself. <\/span><\/p>\n<p class=\"tw-data-text tw-text-large tw-ta\" dir=\"ltr\" data-placeholder=\"B\u1ea3n d\u1ecbch\"><em><span class=\"Y2IQFc\" lang=\"en\" style=\"color: #282828;\">Note: The Serial Number is affixed on both the packaging and the back of the product and these 2 Serial Numbers must match.<\/span><\/em><\/p>\n<\/div>\n<\/div>\n<div class=\"contentModule\">\n<div class=\"text\">\n<p id=\"tw-target-text\" class=\"tw-data-text tw-text-large tw-ta\" dir=\"ltr\" data-placeholder=\"B\u1ea3n d\u1ecbch\"><strong><span class=\"Y2IQFc\" lang=\"en\">Step 2: Enter the Serial number in the search box<\/span><\/strong><\/p>\n<\/div>\n<\/div>\n<p id=\"tw-target-text\" class=\"tw-data-text tw-text-large tw-ta\" dir=\"ltr\" data-placeholder=\"B\u1ea3n d\u1ecbch\"><span class=\"Y2IQFc\" lang=\"en\" style=\"color: #282828;\">Enter the correct Serial number in the search box below to check the genuine Microlab product: <\/span><\/p>\n<p class=\"tw-data-text tw-text-large tw-ta\" dir=\"ltr\" data-placeholder=\"B\u1ea3n d\u1ecbch\"><span class=\"Y2IQFc\" lang=\"en\" style=\"color: #282828;\">(A small number of serials may be corrupted during the conversion to the web, so if you can&#8217;t find the product information, please contact Nam Thanh sales department for support to check the serial: 02437834530<\/span><\/p>\n<\/div>\n<a href=\"http:\/\/microlab.vn\/vn\/Tra-cuu-bao-hanh\/Microlab.aspx\" target=\"_self\" class=\"button primary\"  >\n    <span>Check INSURANCE<\/span>\n  <\/a>\n\n","protected":false},"excerpt":{"rendered":"<p>MICROLAB PRODUCT WARRANTY POLICY I . WARRANTY Warranty subject: &#8211; Purchasing agent directly at the Company. &#8211; Agents do not buy directly from the company. &#8211; End consumer. Warranty period: &#8211; 12 months warranty for all Microlab computer speaker products. &#8211; 6 months warranty for all Microlab computer headset products. &#8211; 6 months warranty for&#8230;<\/p>\n","protected":false},"author":1,"featured_media":1766,"parent":559,"menu_order":0,"comment_status":"closed","ping_status":"closed","template":"page-right-sidebar.php","meta":[],"yoast_head":"<!-- This site is optimized with the Yoast SEO plugin v19.5.1 - https:\/\/yoast.com\/wordpress\/plugins\/seo\/ -->\n<title>Microlab - Nam Th\u00e0nh<\/title>\n<meta name=\"description\" content=\"Ch\u00ednh s\u00e1ch b\u1ea3o h\u00e0nh v\u00e0 tra c\u1ee9u seri s\u1ea3n ph\u1ea9m Rapoo\" \/>\n<meta name=\"robots\" content=\"index, follow, max-snippet:-1, max-image-preview:large, max-video-preview:-1\" \/>\n<link rel=\"canonical\" href=\"https:\/\/namthanh.com.vn\/en\/bao-hanh\/microlab\/\" \/>\n<meta property=\"og:locale\" content=\"en_US\" \/>\n<meta property=\"og:type\" content=\"article\" \/>\n<meta property=\"og:title\" content=\"Microlab - Nam Th\u00e0nh\" \/>\n<meta property=\"og:description\" content=\"Ch\u00ednh s\u00e1ch b\u1ea3o h\u00e0nh v\u00e0 tra c\u1ee9u seri s\u1ea3n ph\u1ea9m Rapoo\" \/>\n<meta property=\"og:url\" content=\"https:\/\/namthanh.com.vn\/en\/bao-hanh\/microlab\/\" \/>\n<meta property=\"og:site_name\" content=\"Nam Th\u00e0nh\" \/>\n<meta property=\"article:modified_time\" content=\"2022-11-28T09:01:22+00:00\" \/>\n<meta property=\"og:image\" content=\"https:\/\/namthanh.com.vn\/en\/wp-content\/uploads\/2022\/06\/X2.png\" \/>\n\t<meta property=\"og:image:width\" content=\"850\" \/>\n\t<meta property=\"og:image:height\" content=\"850\" \/>\n\t<meta property=\"og:image:type\" content=\"image\/png\" \/>\n<meta name=\"twitter:card\" content=\"summary_large_image\" \/>\n<meta name=\"twitter:label1\" content=\"Est. reading time\" \/>\n\t<meta name=\"twitter:data1\" content=\"5 minutes\" \/>\n<script type=\"application\/ld+json\" class=\"yoast-schema-graph\">{\"@context\":\"https:\/\/schema.org\",\"@graph\":[{\"@type\":\"WebPage\",\"@id\":\"https:\/\/namthanh.com.vn\/en\/bao-hanh\/microlab\/\",\"url\":\"https:\/\/namthanh.com.vn\/en\/bao-hanh\/microlab\/\",\"name\":\"Microlab - Nam Th\u00e0nh\",\"isPartOf\":{\"@id\":\"https:\/\/namthanh.com.vn\/en\/#website\"},\"datePublished\":\"2022-05-18T07:44:38+00:00\",\"dateModified\":\"2022-11-28T09:01:22+00:00\",\"description\":\"Ch\u00ednh s\u00e1ch b\u1ea3o h\u00e0nh v\u00e0 tra c\u1ee9u seri s\u1ea3n ph\u1ea9m Rapoo\",\"breadcrumb\":{\"@id\":\"https:\/\/namthanh.com.vn\/en\/bao-hanh\/microlab\/#breadcrumb\"},\"inLanguage\":\"en-US\",\"potentialAction\":[{\"@type\":\"ReadAction\",\"target\":[\"https:\/\/namthanh.com.vn\/en\/bao-hanh\/microlab\/\"]}]},{\"@type\":\"BreadcrumbList\",\"@id\":\"https:\/\/namthanh.com.vn\/en\/bao-hanh\/microlab\/#breadcrumb\",\"itemListElement\":[{\"@type\":\"ListItem\",\"position\":1,\"name\":\"Home\",\"item\":\"https:\/\/namthanh.com.vn\/en\/\"},{\"@type\":\"ListItem\",\"position\":2,\"name\":\"Insurance\",\"item\":\"https:\/\/namthanh.com.vn\/en\/bao-hanh\/\"},{\"@type\":\"ListItem\",\"position\":3,\"name\":\"Microlab\"}]},{\"@type\":\"WebSite\",\"@id\":\"https:\/\/namthanh.com.vn\/en\/#website\",\"url\":\"https:\/\/namthanh.com.vn\/en\/\",\"name\":\"Nam Th\u00e0nh\",\"description\":\"HTH\",\"potentialAction\":[{\"@type\":\"SearchAction\",\"target\":{\"@type\":\"EntryPoint\",\"urlTemplate\":\"https:\/\/namthanh.com.vn\/en\/?s={search_term_string}\"},\"query-input\":\"required name=search_term_string\"}],\"inLanguage\":\"en-US\"}]}<\/script>\n<!-- \/ Yoast SEO plugin. -->","yoast_head_json":{"title":"Microlab - Nam Th\u00e0nh","description":"Ch\u00ednh s\u00e1ch b\u1ea3o h\u00e0nh v\u00e0 tra c\u1ee9u seri s\u1ea3n ph\u1ea9m Rapoo","robots":{"index":"index","follow":"follow","max-snippet":"max-snippet:-1","max-image-preview":"max-image-preview:large","max-video-preview":"max-video-preview:-1"},"canonical":"https:\/\/namthanh.com.vn\/en\/bao-hanh\/microlab\/","og_locale":"en_US","og_type":"article","og_title":"Microlab - Nam Th\u00e0nh","og_description":"Ch\u00ednh s\u00e1ch b\u1ea3o h\u00e0nh v\u00e0 tra c\u1ee9u seri s\u1ea3n ph\u1ea9m Rapoo","og_url":"https:\/\/namthanh.com.vn\/en\/bao-hanh\/microlab\/","og_site_name":"Nam Th\u00e0nh","article_modified_time":"2022-11-28T09:01:22+00:00","og_image":[{"width":850,"height":850,"url":"https:\/\/namthanh.com.vn\/en\/wp-content\/uploads\/2022\/06\/X2.png","type":"image\/png"}],"twitter_card":"summary_large_image","twitter_misc":{"Est. reading time":"5 minutes"},"schema":{"@context":"https:\/\/schema.org","@graph":[{"@type":"WebPage","@id":"https:\/\/namthanh.com.vn\/en\/bao-hanh\/microlab\/","url":"https:\/\/namthanh.com.vn\/en\/bao-hanh\/microlab\/","name":"Microlab - Nam Th\u00e0nh","isPartOf":{"@id":"https:\/\/namthanh.com.vn\/en\/#website"},"datePublished":"2022-05-18T07:44:38+00:00","dateModified":"2022-11-28T09:01:22+00:00","description":"Ch\u00ednh s\u00e1ch b\u1ea3o h\u00e0nh v\u00e0 tra c\u1ee9u seri s\u1ea3n ph\u1ea9m Rapoo","breadcrumb":{"@id":"https:\/\/namthanh.com.vn\/en\/bao-hanh\/microlab\/#breadcrumb"},"inLanguage":"en-US","potentialAction":[{"@type":"ReadAction","target":["https:\/\/namthanh.com.vn\/en\/bao-hanh\/microlab\/"]}]},{"@type":"BreadcrumbList","@id":"https:\/\/namthanh.com.vn\/en\/bao-hanh\/microlab\/#breadcrumb","itemListElement":[{"@type":"ListItem","position":1,"name":"Home","item":"https:\/\/namthanh.com.vn\/en\/"},{"@type":"ListItem","position":2,"name":"Insurance","item":"https:\/\/namthanh.com.vn\/en\/bao-hanh\/"},{"@type":"ListItem","position":3,"name":"Microlab"}]},{"@type":"WebSite","@id":"https:\/\/namthanh.com.vn\/en\/#website","url":"https:\/\/namthanh.com.vn\/en\/","name":"Nam Th\u00e0nh","description":"HTH","potentialAction":[{"@type":"SearchAction","target":{"@type":"EntryPoint","urlTemplate":"https:\/\/namthanh.com.vn\/en\/?s={search_term_string}"},"query-input":"required name=search_term_string"}],"inLanguage":"en-US"}]}},"_links":{"self":[{"href":"https:\/\/namthanh.com.vn\/en\/wp-json\/wp\/v2\/pages\/1470"}],"collection":[{"href":"https:\/\/namthanh.com.vn\/en\/wp-json\/wp\/v2\/pages"}],"about":[{"href":"https:\/\/namthanh.com.vn\/en\/wp-json\/wp\/v2\/types\/page"}],"author":[{"embeddable":true,"href":"https:\/\/namthanh.com.vn\/en\/wp-json\/wp\/v2\/users\/1"}],"replies":[{"embeddable":true,"href":"https:\/\/namthanh.com.vn\/en\/wp-json\/wp\/v2\/comments?post=1470"}],"version-history":[{"count":18,"href":"https:\/\/namthanh.com.vn\/en\/wp-json\/wp\/v2\/pages\/1470\/revisions"}],"predecessor-version":[{"id":6419,"href":"https:\/\/namthanh.com.vn\/en\/wp-json\/wp\/v2\/pages\/1470\/revisions\/6419"}],"up":[{"embeddable":true,"href":"https:\/\/namthanh.com.vn\/en\/wp-json\/wp\/v2\/pages\/559"}],"wp:featuredmedia":[{"embeddable":true,"href":"https:\/\/namthanh.com.vn\/en\/wp-json\/wp\/v2\/media\/1766"}],"wp:attachment":[{"href":"https:\/\/namthanh.com.vn\/en\/wp-json\/wp\/v2\/media?parent=1470"}],"curies":[{"name":"wp","href":"https:\/\/api.w.org\/{rel}","templated":true}]}}