{"id":1918,"date":"2022-06-20T16:34:02","date_gmt":"2022-06-20T09:34:02","guid":{"rendered":"https:\/\/microlab.vn\/?page_id=1918"},"modified":"2022-11-28T16:25:54","modified_gmt":"2022-11-28T09:25:54","slug":"rapoo","status":"publish","type":"page","link":"https:\/\/namthanh.com.vn\/en\/bao-hanh\/rapoo\/","title":{"rendered":"Rapoo"},"content":{"rendered":"<div class=\"supportContent\">\n<h3><span style=\"color: #282828;\"><strong>PRODUCT WARRANTY POLICY RAPOO<\/strong><\/span><\/h3>\n<div>\n<h4><span style=\"color: #282828;\"><strong>I-\u00a0\u00a0 WARRANTY MODE<\/strong><\/span><\/h4>\n<p><strong><span class=\"Y2IQFc\" lang=\"en\" style=\"color: #282828;\">1.\u00a0\u00a0 Object of warranty <\/span><\/strong><\/p>\n<p><span class=\"Y2IQFc\" lang=\"en\" style=\"color: #282828;\">&#8211;\u00a0\u00a0 Agent buying goods directly at the Company <\/span><\/p>\n<p><span class=\"Y2IQFc\" lang=\"en\" style=\"color: #282828;\">&#8211;\u00a0\u00a0 Agents do not buy directly from the company <\/span><\/p>\n<p><span class=\"Y2IQFc\" lang=\"en\" style=\"color: #282828;\">&#8211;\u00a0\u00a0 Ultimate Consumer<\/span><\/p>\n<p><strong><span class=\"Y2IQFc\" lang=\"en\" style=\"color: #282828;\">2.\u00a0\u00a0 \u00a0Warranty period:<\/span><\/strong><\/p>\n<p><span class=\"Y2IQFc\" lang=\"en\" style=\"color: #282828;\">&#8211;\u00a0\u00a0 \u00a024 months warranty.<\/span><\/p>\n<p><strong><span style=\"color: #282828;\">3.\u00a0\u00a0 \u00a0Warranty return time: <\/span><\/strong><\/p>\n<\/div>\n<div><span style=\"color: #282828;\">&#8211;\u00a0\u00a0 For Rapoo products <\/span><\/div>\n<div><span style=\"color: #282828;\">&#8211;\u00a0 \u00a0For products that have been sold within 01 month, if defective, Nam Thanh commits to immediately exchange for a 100% new product.<\/span><\/div>\n<p><span class=\"Y2IQFc\" lang=\"en\" style=\"color: #282828;\">+ For products sold for more than 01 month, Nam Thanh will exchange for equivalent products during the warranty period.3.1 Customers in Hanoi (Customers send and receive warranty directly at \u00a0No. 38 TT4A Urban Van Restaurant &#8211; Yen Phuc &#8211; Phuc La &#8211; Ha Dong &#8211; Hanoi)<\/span><span style=\"color: #282828;\">+ Return warranty within 03 working days from the date of receipt for all Rapoo products<\/span><br \/>\n<em><span class=\"Y2IQFc\" lang=\"en\" style=\"color: #282828;\">General Note: <\/span><\/em><span class=\"Y2IQFc\" lang=\"en\" style=\"color: #282828;\">&#8211; Warranty return time does not include holidays and Sundays <\/span><span class=\"Y2IQFc\" lang=\"en\" style=\"color: #282828;\">&#8211; Time to receive goods under warranty: All days of the week except holidays, Saturday afternoon, Sunday.<\/span><br \/>\n<span class=\"Y2IQFc\" lang=\"en\" style=\"color: #282828;\"><strong>3.2 Customers in provinces<\/strong> (Customers send and receive warranty indirectly through garages, delivery services &#8230;)<\/span><span class=\"Y2IQFc\" lang=\"en\" style=\"color: #282828;\">&#8211; The warranty period is applied as above plus 02 days to pack and send warranty goods via garage, delivery &#8230; <\/span><span class=\"Y2IQFc\" lang=\"en\" style=\"color: #282828;\">&#8211;\u00a0 In case the customer\u00a0 sends the strip for many days in a row or sends many warranty products at the same time, the warranty return time is calculated according to the time of the product with the longest warranty period but not exceeding 07 working days. work from the date of receipt.<\/span><br \/>\n<span style=\"color: #282828;\"><em><span class=\"Y2IQFc\" lang=\"en\">Some notes for customers in provinces:<\/span><\/em><\/span><span class=\"Y2IQFc\" lang=\"en\" style=\"color: #282828;\">&#8211; Customers bear the cost of sending warranty goods, Nam Thanh Company bears the cost of sending and returning warranty goods (01 way) &#8211;\u00a0Applicable to customers who are Agents with a contract in principle.<\/span><span class=\"Y2IQFc\" lang=\"en\" style=\"color: #282828;\">&#8211; Customers can use the courier service to the warranty delivery address (\u00a0 No. 38 TT4A Van Quan Urban &#8211; Yen Phuc &#8211; Phuc La &#8211; Ha Dong &#8211; Hanoi) or Nam Thanh Company will arrange staff pick up warranty goods at shipping points in Hanoi.<\/span><span class=\"Y2IQFc\" lang=\"en\" style=\"color: #282828;\">&#8211; Goods sent (returned goods) with warranty must be packed in a box with a delivery note clearly stating the date, type, quantity, and serial number. In case the quantity of warranty goods actually received (or returned) does not match the attached delivery note, Nam Thanh Company (or the customer) will be responsible for notifying immediately so that the two parties can coordinate to compare and resolve. . After 03 days from the date of receipt of goods under warranty, all complaints about the lack of goods by both parties will be null and void.<\/span><span class=\"Y2IQFc\" lang=\"en\" style=\"color: #282828;\">&#8211; Before sending goods (or returning goods) must notify (mail, chat, call) to the warranty staff (if sending (returning) at the shipping point)<\/span><br \/>\n<span style=\"color: #282828;\"><strong>3.3 Some special cases:<\/strong><\/span><br \/>\n<span class=\"Y2IQFc\" lang=\"en\" style=\"color: #282828;\">&#8211;\u00a0 In case there is no warranty return or the product category is no longer distributed. Customers will be paid with another product of equal value and use value as agreed between the two parties. <\/span><span class=\"Y2IQFc\" lang=\"en\" style=\"color: #282828;\">&#8211; In case of disagreement on equivalent products, Nam Thanh Company will refund money according to the following plan:<\/span><br \/>\n<span style=\"color: #000000;\"><img src=\"data:image\/png;base64,iVBORw0KGgoAAAANSUhEUgAAAaIAAACrCAIAAACrEQ9EAAAVeklEQVR4nO2doZLsthKG9QZn8MEH5wbtqTIalNfIIuOQPMNSg1t1aMhFywJMAvYJNoNTriX3gqDUsAT6AtujltQtS7bksTX\/h7w7VktqSf9IsketegAAKBp17wIAAEBeIHMAgMKBzAEACgcyBwAoHMgcAKBwIHMAgMKBzAEACgcyB8BIWyueur130cAqIHMADHRNNepZ11Sqajrrv+CwQOYA6Pu+77umaacrrXJ937ZQuaMDmQPAxFQ5UACQOQAMuqbCblxhQOYAoEDlCgQyBwClraFyxQGZA4AAlSuRrWWuayql1IId3vGdJvRAkBNH5YYOi253bDaWua6p1jzDWpkcAC\/8vhzenDs8W8tcB5ECe2RcZowYX6aQucOTVuZIX6lb+sLlQNTC01ktJFi26vLlnhTefje0vwGS0AmmNiSscVtXTZvLeCyJZK5raqxE7kRCmeuaioycYZzT7tE1larbvq19w6ttps8smQtKHVrK\/DK3TJUTFE47cD6vJE6g9UzhXGPhmNr40hKlUde2xpbLfUgnc6bK9X3ftzUZ5KSvyN1GFjHSQ5Z1FnfikbnLLZ98Gn6LThpWrWQjbvTrWOCx0ottt7WROK3xpSSTOWwt34vEMmcvM6Xuwe3RDQb4fpBuT2\/lnCD85dHtHw37HJg3z6mWTB+ItkXSpjS+mITiil+R3YuUe3PkHBu3Mclsimtpawe4rivzXv25+dWuVN00lWzXLtp0d9V0xGjVdPYt1tgy09BFlDT0bjI3GbYX8Iw3jJOArIXbTE3tLfSm1vap4rJZ8I1ownrX+NJIIXI0lwDj5n\/HjZIluW+Cu+AB25DtEYTRZen3dFtzY6brWnOa1TlyVDWdsaqZBqTWKKEH0QFEE2kjxmfDDqCqWzbh+A\/9kTSHog8hzOJJ3tDbmdZMMKSmjgONb4ZJnMUslpFwJ0BUuXnjw7btiqX+VvBdH+QnwwslzgTIHJrmSsRJxsgcHQHkC5GZo7D93PzMyoaROV5RzGEYsD4UixfgDeu\/YTW1l+P+5bnUDDEkfCgwM5cLSLx3jbvPpgLo+z6lzFkbcWSpZnZYqfvKMueuo5wBPy9z3Cyxl2ZzzJ3mX97Zo+EAp3hz3rBeyvGZ8jrQoxNMFnaxXRg7AV5gXzlhUrkTnQDjNBfuRqEm28G5a\/9yXCApZc7qk3pttnI2J4zsXLO5mxFPsQP2pRfM5m5jPd9sTspiCQkfsrg\/qYox3jZ1vf9nmFC5+5FU5oxmpPut83tzPRn+bW1NAU1RmZ7vh8ocN5eyZG58mdne5HaKbdXu9g\/ulQO5eII3tPDYJQmsqelATubkLOJJ++CTf5MkxPjg+3Fnzn4hfT9gxXpPUsoclSSnj3ofw5q3kFFoj26dnOZTC3ne0OacZ7jko6pyjXgep3prNFM8Nu3tn\/o5KXlYEFDTlk9FSidkEYu1sk0weMm7FsHGDeWIWePeATx9uCs4iAnsgqJfnT3IM5JySSRz12t\/vS68XpncYzaNta6p1Empn16D0+aoTvZq3p1MP4UKeFlt5g1IBvFBDZd8eOFlYfFBChLJ3OXSn8\/jgDmfI65XJvebTWP5\/duTelPqj+8C7r9cslQndzWHYt+bDL9tt1+TFPKNVbkuONQhfviwC9ItWoeRNoyZ8GtL6WKTz5pNbtl\/vXGmqapZNHNKI\/8kUbaIUIfHIune3DB4ll2vTO4xm8myP8e7ZJqk2MUxI3Pcb\/ESmQZ7AY8gQOF4tch8fZl5cY97wdJIjF23AwCZA4UTNuWSf3U3\/CJYeh8bKncEIHOgcMJXluOJDXZiKTVzO9gnkDlQOBEbaMwpJ\/LbIFC54wCZA4UTJXPOZK6ua17noHIHAjIHCsf6uayI+zuM4YXl6f\/Ga332vlzCM4ZBeiBzoGDsIwT7vjf229yzEfUd0qE2zNmx04t0Bzja8zGBzAGQDMTu2ieQOQCSERw+EmwKZA6ARMT\/bAxsA2QOgBRgX27HQOYAWEv8GSdgUyBzAIDCgcwBAAoHMgcAKBzIHACgcCBzAIDCgcwBAAoHMgcAKBzIHACgcCBzAIDCgcwBAAoHMgcAKBzIHACgcBLIHD2h1eRev2K+lYiJu4lfVgPwaKyXOX0qPj1M+s7xyIeiOCoHjQPgAVktc11TsUfmGwFCNsI8pd844N+NZwIAeBDS7c1ZgUHuSlvvpSQAgLuTTOY4lZv2yKqmMwO+6e2829yvMgIlmbbcWRq7+mRCLgnZ6X9CCwEonlQyJ8zlxlhxjY5iOdxI1MwQuqrp2lpVFTFm7\/jx0kRCzvFmncSQOQAehFQyJ4hGWytV1XXTjptjkgTdDFRV3RofGCEzJWlyzdLEXHYAgIchkcz5VK7SzyKG24xHFqbK1a0z7dKqJe7+GWbJvpycHQDgcUgjcx6Vo\/torhyZKjd84uiREBqdzYYmlrMDADwQKWRukiH7uYDzvJO8zWYqICdUbXNbv86Ik86nve0Bts20QmayMxbCAIDCWStz1k8gqCBxb3WQ24nIMNMua2vON5kzfvUwXdK9PEeDIXMAPBIrZO567a\/XvNfvL9UgRq\/Pp0novr2Te1ZmAQB4AFbI3OXSn8+japzPOa7\/+qxO6vm36f8fL08n9fzX7Z7FxbhckvgOAHAI1i1aB4kZhCPL9b\/\/UOpNqe+V+l6pN\/X5L3qPpXThZgEAj8TqRxCDgtz3elkSAMBjgPPmAACFA5kDABQOZA4AUDiQOQBA4UDmAACFA5kDABQOZA6AWNoah0AcCsgcAFHo6CfgKEDmAACFcwCZY+J1xZwuYoaZSFOYtN\/mi2xqr8TVi41huw9C\/bC0CrP2XZ86SVJE+919EyQbLbvhADLX92bvig4hZkdWXBOBjBkq8wbbxpvZGulcEJjRN1IzhmebcUI\/7wdtwSs2Yh1C\/GwltpJ0TaXqdv3W3BKxTNA0802g84LMbY95QJw+PDMqtR10LNF36ayljPvVbb3A8vwYS+ccanKlE6iF+SrEDlR3ycAkJ+5e5HliaOlsbkXTBDfBurrtkkPInKly0mHFc8nv0nY7jECRYt0Vx3onsFHZ5iZmHZmRhdbW11cmg+s5YhMcmiPInNH1RJGTO6j5iXHesWeFZB6LrMZz241v+jlTduDYpr5ddlNPb2a2DqkNHZ5xvN\/d5Qmo3W2MmScty8l1LlxhOUfRmjDRc7lcPFuorgVfFdzQIcNB+5XHz04NaYglewlL8mOOrdZBOoW85pqAlt85jDuuaSQHcv2wlbIoggPIXNB6IlTm9HnsAVtUbhiJOFNd14qBtet2mmV4JhD6O9gN5UOvzWE3UzuqjWYgIDE5HcNGEtFRHidIuch7ao4b5Sq4froVXLLPJWH2ccltbe1+0+mGtJTYbYD58pMj\/p2YUKFN43Ug1w\/DhsYx2b\/MrV9y8hY8ASGMBEabx5qy7+fSz+mzEDCNk7mg2jHf33PJpSSyo3xOEHKZlXt+0Wpky2iw1\/dOscXHVU7sYLfSYd6ILb9tIrBp\/A70D6ryYqXsX+bWRx5025RMEANnc+JjWr+pdTLnjQspj6aZ2s0NDCa5mER0lM8JQi4JZM77TN0rc\/xN5C93bb5Q9BeXP7JpvA6cXfrIZT8ku5e5BBNot\/uRNYxk2N4TW2Yqhcx5Bya3hJmpnWdgSMl9Y4l3lM8JQi6ZZnO3Qq2bzQn9cLPZ3JKmkR3I+iJ0aByQnctcxFPVoL053YB+y53wPkK0qVu\/bWvyACFQ5izL3fgrI9KbnRuCi+SdmtnJ5bEkOUp2gpiLbyFludFbHkszbD0WJseGUnHzKfM7h2mLFDIn7c0taRqfAxlfhA6NQ7JjmbOWCXOjyb\/DrMaGuxnVz5vkLz87+yWmWvKRtSfOFM\/rBSbN7fmh0c99RSL26ppce5J7kgiO8jlByGXGD4IbnSqIHvXZJ\/6sa\/0YwUnitAUtSaPvJs8yOX\/MlJ9r8QVNE+ZAUrqw\/nxM9itz13+u13+ua68XRG69XvvrdWjzk1JTfFh1en7NHpc2VfzZDa9\/eyYuGtxFB8f6KLpZy7+l07bJJV+OR2a\/Mnf583L+5TwI1vmXc+z15c9L3wdHcbWChH33+fT08kFu+3h5evv8XZyp4ACyHy9PJ6XePn35r1WMVKFv44sUev36\/Pbpy9\/k\/39\/+XR6fp2vxdcvvyt1Uk\/f3gXLOfzg+iR\/rOGNqpMvxyKC4e1X5vpJ6QbNir0mVuIjt15+\/d8nGh9W\/f7l65IgsGEBZP\/+8ulNqe\/\/9bO9ukkV7jaHzfH663\/+NbpocNePP\/\/KDzPLwq8\/\/+gG3qXXsxZS+SSH8e2rky\/HIti1zPV9P4jXsmtiJT5ya0iSEFNr0q4sRqoirc\/3vhZmfXIsh9yrCY7M3mUOAABWApkDABQOZA4AUDiQOQBA4UDmAACFA5kDABQOZA4AUDiQOQAenfVnOu4cyBwAD07QMTOHBjIHwIOTLpbPXjmGzLlHt8onzvAwJwZp6Hli0afP0BPCctyfnqU13Se0b+gKtd5TiVaQryPx5G+siINrD9tzDiFz0xmGQycj51nHiYsVpWRM3NbWB2FH4Fof3FXmSJjhsF2WmCOZzRjG+aKhrNkfIgfGGQdF1umXYms7Unw187l8Kk\/NRdjmY1enrdpmHEHmuqYhJyaSowbb8JYnXd7qnfqj+f60y02M1ozTHPGtHHCr2\/3Dc1nCMtNd0+hTLclxwVlkLkVHiqlmTpkjUwVz1sC2e1BhMnaO5RxB5m6YKrcUu3faH\/gbaVGQ43x0ZvSqQAJHjsf4vrZzuqah5w\/fpv4ZZI6wriPFZrNBXzP69lKZ2yVHkrkQZQmYOM\/3Tu4OuidTNd34D1+QY3dDMTCgtd4BmYlVbe4TGQd8+414axpv3ErtLz\/nls7+Pw3moO8RQgDp+T4557uzZW7G1XHxpI3EUR0pvsVDGos9rZ2e8262WuspjNXuUoCgJFUTO0NqDiRzQfOnBDKnxr0KYoZ+vVljT8iQBkcyQq+4UVTsGC4kD905hSmVFWaYC7rCGZFr6jFu3KkL3NZywAkna9Etkivs0vE7Rua2xlQ1KnOzrjbiUXhCeTG1jOhIS1o8pLF6q2M1tpJwcXj4wrjtnqtqYmdIz4FkjhtPS+34eqcbJIlpHH8oOE+QJ+\/9Vs9wS2LTzcscZyTMPh820J17iUFdHPshsa\/s6Hl0AAxhqTg3NPr\/ekpXcYtWj6vDQ3MZGYV3pLBiLGoso+b0c1nmpMLMh1hLUrVIb6\/iODKXSuXie6cYu5P5c8L9puKT93QCcjyZ8483177oFtEV9HuFn8r1lszZa1e3RpIrtpK5uBYPlznnK0Inl+vkFmaNzMVUbaYzpOQwMueo3OIXM5LM5m6p5T7hDaRHuh1Z+hYvc6JbRFeQjKtGamxL5rhWCXH1BjK3oMUjZI4rkqfVhMIslLklnXkufGcqDiJz\/L4c8+ZckkcQvd0eTpBgp6GcDKV3T8j9cgDg2HVKNYYZTitzlnF6p13gGE9ybpFdQezJ46Ct+YWzvbUw4+rsMreoxYM7Q1urunVuEVttrjC3ds9WtdnOkIz9y5znyU+0zJm2lPt1P\/bb9UGOnZysR3hKKTGg9UxJTMhYM4zXspFw+9ZAJm\/hmmGw+VSMfcEtxjqTi4XseWFR5+YuUe1HEF5Xh8eTXt6R4ls8rLGmu7iCi60m+1wS8LRVkzpDwFQllv3LnAdG5vYDaV+hbz4kC90ibsuBA7PZGHkMmUsVeDzkevjz9Xn8Npo+6prq9PyaLIvcFcmUsK1V1XyQ\/3+8POnw1c79w3bPt\/fXn9h7tmfLjrSTnpAvl7Yeg75P\/\/94eYLMuQTL3GXbUOeXS3\/++u1JnaY4zSelfnh5T5lFvkoN0TkXGA9K+P7tSfvkNMT5lu\/\/eHk63aJWS37Yks060h56QvZc3oeg70NPGIO+52nZA8vcOOMNXMJftg11vkEWmXJZbPxert6YbWq3h56wZS6ZW\/bAMhfNZdtQ5xtkkdXylgmTlHYztqzdfXvC9rnkadlHkjkAwEMCmQMAFA5kDgBQOJA5AEDhQOYAAIUDmQMAFA5kDgBQOJA5AEDhQOYAAIUDmevpQQk4QwSA8oDMado9RpgEAKwFMjey67PrAAArgMwBAApnvzLHnCwauX\/GHMJsHcds5ZVpOnerSaT92KA+i4MACZZ8RSYnb8cc67vUFVtYA+WyW5nTi8iuqWjoqrhhb0W312fdWxEEh1ghaQOo6YO9Y6Jz2R\/cQ+b6UOX3xGhYYDc+CEDe7ydQCnuVOTOOOom63ob3aBLyxI7hQT4iypl0f46q5vxojNeLzIQICBdQa73dmCdBkDkQwl5l7oapcksRY8052XVJtEaHUKbZ+3OfsuaDNW5NLgFJaxcyB0LYu8yFjPk1sVmNHTxblmhUOz5CHbs\/5YZcvI1Grhz0dh3A7RZsjqkWV4DWKqhxjxUyU6gXlwcJ60fKzBqXnMnb5VwRX2avYwEY2bnMBc1sVsicE2d6MqIDX04iZUa9JKEpneJ1XcvGqx\/uNawZ0z4yyklMVzf6qFAAer\/+gI9t7NZL8hgtmqGgrnHRmZxd1xVLyixbA0Czc5lr6zRf0ILMiQImhgoPC8xuK5QYeJwpgB0p3hq3cgG89y8J4e6m80mux5mSXakA4WUOrg54aPYtc6lUTpA5UxhEAeHEhHzAzB9CZc5TAHGSKhbAvZ8sIdPLnG3cWxfeLleAuDJD5kAIu5Y5R+XiYha6CdfP5siNnkG1ZjZHngZLa3G+AK5Mk6VvGpnT7+MwxlfP5haUGTIHQtixzDn7ctNLJvYbBxn35pjxE\/Tqx23It7W92TSzn+WoqZOZVAByv9aJSRGXyhzdjnMUzDIeszfnmyZHlBkyB0LYp8y5zyoNrPe1\/DLn\/BbCus\/a+Lf\/V9fkumV\/WuHbaScix1mzC+jMzdyRKxTAvP+WZdU04SWxKnDb1rcqKRiXnCk42ylAfJkjqgMemn3K3Az65wV3yV0PqPsMrLsXAIBjcUCZG9aBs1yv\/fWa\/vr1eZynTP\/vmur0\/JolL\/c6dwHyVSG3Z2YrBR6Yo8mcvS8nc7n05\/PY3c\/ndNdfvz2pk1JvSr0pdVLqh5f3\/nzuL5e8+Q72LxexAOszyue6vC3i9RgAx5K5+SecFsO4Gnp87uvc+W5QKVfpklu+V4uAx+ZIMreEoetvc507380qldXyvVoEPDClyxwA4OGBzAEACgcyBwAoHMgcAKBwIHMAgMKBzAEACgcyBwAoHMgcAKBwIHMAgMKBzAEACgcyBwAoHMgcAKBwIHMAgMKBzAEACgcyBwAoHMgcAKBwIHMAgMKBzAEACuf\/r7grfIpAnAQAAAAASUVORK5CYII=\" alt=\"\" \/><\/span><br \/>\n<span style=\"color: #000000;\"><span style=\"color: #000000;\"><span style=\"font-family: helvetica, arial, sans-serif;\">4. <span style=\"color: #282828;\"><strong>Nam Thanh warranty center:<\/strong><\/span><\/span><\/span><\/span><\/p>\n<p id=\"tw-target-text\" class=\"tw-data-text tw-text-large tw-ta\" dir=\"ltr\" data-placeholder=\"B\u1ea3n d\u1ecbch\"><span class=\"Y2IQFc\" lang=\"en\" style=\"color: #282828;\">&#8211; Location: Nam Thanh Technology and Technology Joint Stock Company &#8211; Address: \u00a0No. 38 TT4A Van Quan Urban &#8211; Yen Phuc &#8211; Phuc La &#8211; Ha Dong &#8211; Hanoi. <\/span><\/p>\n<p class=\"tw-data-text tw-text-large tw-ta\" dir=\"ltr\" data-placeholder=\"B\u1ea3n d\u1ecbch\"><span class=\"Y2IQFc\" lang=\"en\" style=\"color: #282828;\">&#8211; Warranty team leader: Mr.Nam, contact phone number: 0243.7834527\u00a0 or 0943136014.<\/span><\/p>\n<\/div>\n<h4 class=\"supportContent\"><span style=\"color: #282828;\"><strong>II- CONDITIONS FOR WARRANTY<\/strong><\/span><\/h4>\n<p id=\"tw-target-text\" class=\"tw-data-text tw-text-large tw-ta\" dir=\"ltr\" data-placeholder=\"B\u1ea3n d\u1ecbch\"><span class=\"Y2IQFc\" lang=\"en\" style=\"color: #282828;\">&#8211;\u00a0\u00a0 All products distributed by Nam Thanh Company <\/span><\/p>\n<p class=\"tw-data-text tw-text-large tw-ta\" dir=\"ltr\" data-placeholder=\"B\u1ea3n d\u1ecbch\"><span class=\"Y2IQFc\" lang=\"en\" style=\"color: #282828;\">&#8211;\u00a0\u00a0 \u00a0Products within the warranty period are based on the series of products sold <\/span><\/p>\n<p class=\"tw-data-text tw-text-large tw-ta\" dir=\"ltr\" data-placeholder=\"B\u1ea3n d\u1ecbch\"><span class=\"Y2IQFc\" lang=\"en\" style=\"color: #282828;\">&#8211;\u00a0\u00a0 \u00a0Warranty only for products used under normal conditions and due to manufacturer&#8217;s fault. <\/span><\/p>\n<p class=\"tw-data-text tw-text-large tw-ta\" dir=\"ltr\" data-placeholder=\"B\u1ea3n d\u1ecbch\"><span class=\"Y2IQFc\" lang=\"en\" style=\"color: #282828;\">&#8211;\u00a0\u00a0 \u00a0In addition to the above conditions, Nam Thanh Company will receive repair services according to the prior agreement between the two parties.<\/span><\/p>\n<p id=\"tw-target-text\" class=\"tw-data-text tw-text-large tw-ta\" dir=\"ltr\" data-placeholder=\"B\u1ea3n d\u1ecbch\"><em><strong><span class=\"Y2IQFc\" lang=\"en\" style=\"color: #282828;\">The following cases are considered as breach of warranty conditions:<\/span><\/strong><\/em><\/p>\n<p><span class=\"Y2IQFc\" lang=\"en\" style=\"color: #282828;\">1.\u00a0\u00a0 \u00a0Product is consumed during use: (battery, signal wire, controller) <\/span><\/p>\n<p><span class=\"Y2IQFc\" lang=\"en\" style=\"color: #282828;\">2.\u00a0\u00a0 \u00a0Invalid serial number, bar code (unreadable blurred, scraped, repaired, torn, peeled, &#8230;) <\/span><\/p>\n<p><span class=\"Y2IQFc\" lang=\"en\" style=\"color: #282828;\">3.\u00a0\u00a0 \u00a0Defective products due to force majeure (flood, abnormal power supply\u2026.) <\/span><\/p>\n<p><span class=\"Y2IQFc\" lang=\"en\" style=\"color: #282828;\">4.\u00a0\u00a0 \u00a0Defective product due to customer error (drop, impact, improper transportation\/installation, improper storage and use conditions of the manufacturer with signs of insect invasion, oxygen, etc.) goods, self-repair within the warranty period)<\/span><\/p>\n<p><span style=\"color: #282828;\"><strong><span class=\"Y2IQFc\" lang=\"en\">The above warranty policy is officially applied by Nam Thanh Technology and Technology Joint Stock Company from January 1, 2022. All previous warranties contrary to the above regime are no longer valid.<\/span><\/strong><\/span><\/p>\n<h4><span style=\"color: #000000;\"><strong>III. <\/strong><\/span><strong><span class=\"Y2IQFc\" lang=\"en\">SEARCH SERIAL NUMBER GENUINE RAPOO PRODUCTS.<\/span><\/strong><\/h4>\n<h4>Currently on the market there are a number of counterfeit Rapoo branded products, causing damage to consumers and Rapoo&#8217;s reputation. To help customers identify genuine products, Rapoo offers a form of checking the product&#8217;s serial number directly on the website http:\/\/rapoo.com.vn\/tra-cuu.aspx. Consumers enter the Serial number to check if their Rapoo product is genuine or not.<\/h4>\n<div><span style=\"color: #000000;\"><strong>Step 1: Find the Serial Number of the Rapoo product<\/strong><\/span><\/div>\n<div>\n<p id=\"tw-target-text\" class=\"tw-data-text tw-text-large tw-ta\" dir=\"ltr\" data-placeholder=\"B\u1ea3n d\u1ecbch\"><span class=\"Y2IQFc\" lang=\"en\" style=\"color: #282828;\">The Serial number of Rapoo products (including wireless mouse products, wireless keyboards, wireless keyboard mouse sets) can be found on the product packaging.<\/span><\/p>\n<\/div>\n<div class=\"contentModule\">\n<div class=\"text\">\n<p id=\"tw-target-text\" class=\"tw-data-text tw-text-large tw-ta\" dir=\"ltr\" data-placeholder=\"B\u1ea3n d\u1ecbch\"><strong><span class=\"Y2IQFc\" lang=\"en\">Step 2: Enter the Serial number in the search box<\/span><\/strong><\/p>\n<\/div>\n<\/div>\n<p id=\"tw-target-text\" class=\"tw-data-text tw-text-large tw-ta\" dir=\"ltr\" data-placeholder=\"B\u1ea3n d\u1ecbch\"><span class=\"Y2IQFc\" lang=\"en\" style=\"color: #282828;\">Enter the correct Serial number in the search box below to check the genuine Rapoo product:<\/span><\/p>\n<a href=\"http:\/\/microlab.vn\/vn\/Tra-cuu-bao-hanh\/Rapoo.aspx\" target=\"_self\" class=\"button primary\"  >\n    <span>Check INSURANCE<\/span>\n  <\/a>\n\n","protected":false},"excerpt":{"rendered":"<p>PRODUCT WARRANTY POLICY RAPOO I-\u00a0\u00a0 WARRANTY MODE 1.\u00a0\u00a0 Object of warranty &#8211;\u00a0\u00a0 Agent buying goods directly at the Company &#8211;\u00a0\u00a0 Agents do not buy directly from the company &#8211;\u00a0\u00a0 Ultimate Consumer 2.\u00a0\u00a0 \u00a0Warranty period: &#8211;\u00a0\u00a0 \u00a024 months warranty. 3.\u00a0\u00a0 \u00a0Warranty return time: &#8211;\u00a0\u00a0 For Rapoo products &#8211;\u00a0 \u00a0For products that have been sold within 01&#8230;<\/p>\n","protected":false},"author":3,"featured_media":1766,"parent":559,"menu_order":0,"comment_status":"closed","ping_status":"closed","template":"page-right-sidebar.php","meta":[],"yoast_head":"<!-- This site is optimized with the Yoast SEO plugin v19.5.1 - https:\/\/yoast.com\/wordpress\/plugins\/seo\/ -->\n<title>Rapoo - Nam Th\u00e0nh<\/title>\n<meta name=\"description\" content=\"Ch\u00ednh s\u00e1ch b\u1ea3o h\u00e0nh v\u00e0 tra c\u1ee9u seri s\u1ea3n ph\u1ea9m Rapoo\" \/>\n<meta name=\"robots\" content=\"index, follow, max-snippet:-1, max-image-preview:large, max-video-preview:-1\" \/>\n<link rel=\"canonical\" href=\"https:\/\/namthanh.com.vn\/en\/bao-hanh\/rapoo\/\" \/>\n<meta property=\"og:locale\" content=\"en_US\" \/>\n<meta property=\"og:type\" content=\"article\" \/>\n<meta property=\"og:title\" content=\"Rapoo - Nam Th\u00e0nh\" \/>\n<meta property=\"og:description\" content=\"Ch\u00ednh s\u00e1ch b\u1ea3o h\u00e0nh v\u00e0 tra c\u1ee9u seri s\u1ea3n ph\u1ea9m Rapoo\" \/>\n<meta property=\"og:url\" content=\"https:\/\/namthanh.com.vn\/en\/bao-hanh\/rapoo\/\" \/>\n<meta property=\"og:site_name\" content=\"Nam Th\u00e0nh\" \/>\n<meta property=\"article:modified_time\" content=\"2022-11-28T09:25:54+00:00\" \/>\n<meta property=\"og:image\" content=\"https:\/\/namthanh.com.vn\/en\/wp-content\/uploads\/2022\/06\/X2.png\" \/>\n\t<meta property=\"og:image:width\" content=\"850\" \/>\n\t<meta property=\"og:image:height\" content=\"850\" \/>\n\t<meta property=\"og:image:type\" content=\"image\/png\" \/>\n<meta name=\"twitter:card\" content=\"summary_large_image\" \/>\n<meta name=\"twitter:label1\" content=\"Est. reading time\" \/>\n\t<meta name=\"twitter:data1\" content=\"4 minutes\" \/>\n<script type=\"application\/ld+json\" class=\"yoast-schema-graph\">{\"@context\":\"https:\/\/schema.org\",\"@graph\":[{\"@type\":\"WebPage\",\"@id\":\"https:\/\/namthanh.com.vn\/en\/bao-hanh\/rapoo\/\",\"url\":\"https:\/\/namthanh.com.vn\/en\/bao-hanh\/rapoo\/\",\"name\":\"Rapoo - Nam Th\u00e0nh\",\"isPartOf\":{\"@id\":\"https:\/\/namthanh.com.vn\/en\/#website\"},\"datePublished\":\"2022-06-20T09:34:02+00:00\",\"dateModified\":\"2022-11-28T09:25:54+00:00\",\"description\":\"Ch\u00ednh s\u00e1ch b\u1ea3o h\u00e0nh v\u00e0 tra c\u1ee9u seri s\u1ea3n ph\u1ea9m Rapoo\",\"breadcrumb\":{\"@id\":\"https:\/\/namthanh.com.vn\/en\/bao-hanh\/rapoo\/#breadcrumb\"},\"inLanguage\":\"en-US\",\"potentialAction\":[{\"@type\":\"ReadAction\",\"target\":[\"https:\/\/namthanh.com.vn\/en\/bao-hanh\/rapoo\/\"]}]},{\"@type\":\"BreadcrumbList\",\"@id\":\"https:\/\/namthanh.com.vn\/en\/bao-hanh\/rapoo\/#breadcrumb\",\"itemListElement\":[{\"@type\":\"ListItem\",\"position\":1,\"name\":\"Home\",\"item\":\"https:\/\/namthanh.com.vn\/en\/\"},{\"@type\":\"ListItem\",\"position\":2,\"name\":\"Insurance\",\"item\":\"https:\/\/namthanh.com.vn\/en\/bao-hanh\/\"},{\"@type\":\"ListItem\",\"position\":3,\"name\":\"Rapoo\"}]},{\"@type\":\"WebSite\",\"@id\":\"https:\/\/namthanh.com.vn\/en\/#website\",\"url\":\"https:\/\/namthanh.com.vn\/en\/\",\"name\":\"Nam Th\u00e0nh\",\"description\":\"HTH\",\"potentialAction\":[{\"@type\":\"SearchAction\",\"target\":{\"@type\":\"EntryPoint\",\"urlTemplate\":\"https:\/\/namthanh.com.vn\/en\/?s={search_term_string}\"},\"query-input\":\"required name=search_term_string\"}],\"inLanguage\":\"en-US\"}]}<\/script>\n<!-- \/ Yoast SEO plugin. -->","yoast_head_json":{"title":"Rapoo - Nam Th\u00e0nh","description":"Ch\u00ednh s\u00e1ch b\u1ea3o h\u00e0nh v\u00e0 tra c\u1ee9u seri s\u1ea3n ph\u1ea9m Rapoo","robots":{"index":"index","follow":"follow","max-snippet":"max-snippet:-1","max-image-preview":"max-image-preview:large","max-video-preview":"max-video-preview:-1"},"canonical":"https:\/\/namthanh.com.vn\/en\/bao-hanh\/rapoo\/","og_locale":"en_US","og_type":"article","og_title":"Rapoo - Nam Th\u00e0nh","og_description":"Ch\u00ednh s\u00e1ch b\u1ea3o h\u00e0nh v\u00e0 tra c\u1ee9u seri s\u1ea3n ph\u1ea9m Rapoo","og_url":"https:\/\/namthanh.com.vn\/en\/bao-hanh\/rapoo\/","og_site_name":"Nam Th\u00e0nh","article_modified_time":"2022-11-28T09:25:54+00:00","og_image":[{"width":850,"height":850,"url":"https:\/\/namthanh.com.vn\/en\/wp-content\/uploads\/2022\/06\/X2.png","type":"image\/png"}],"twitter_card":"summary_large_image","twitter_misc":{"Est. reading time":"4 minutes"},"schema":{"@context":"https:\/\/schema.org","@graph":[{"@type":"WebPage","@id":"https:\/\/namthanh.com.vn\/en\/bao-hanh\/rapoo\/","url":"https:\/\/namthanh.com.vn\/en\/bao-hanh\/rapoo\/","name":"Rapoo - Nam Th\u00e0nh","isPartOf":{"@id":"https:\/\/namthanh.com.vn\/en\/#website"},"datePublished":"2022-06-20T09:34:02+00:00","dateModified":"2022-11-28T09:25:54+00:00","description":"Ch\u00ednh s\u00e1ch b\u1ea3o h\u00e0nh v\u00e0 tra c\u1ee9u seri s\u1ea3n ph\u1ea9m Rapoo","breadcrumb":{"@id":"https:\/\/namthanh.com.vn\/en\/bao-hanh\/rapoo\/#breadcrumb"},"inLanguage":"en-US","potentialAction":[{"@type":"ReadAction","target":["https:\/\/namthanh.com.vn\/en\/bao-hanh\/rapoo\/"]}]},{"@type":"BreadcrumbList","@id":"https:\/\/namthanh.com.vn\/en\/bao-hanh\/rapoo\/#breadcrumb","itemListElement":[{"@type":"ListItem","position":1,"name":"Home","item":"https:\/\/namthanh.com.vn\/en\/"},{"@type":"ListItem","position":2,"name":"Insurance","item":"https:\/\/namthanh.com.vn\/en\/bao-hanh\/"},{"@type":"ListItem","position":3,"name":"Rapoo"}]},{"@type":"WebSite","@id":"https:\/\/namthanh.com.vn\/en\/#website","url":"https:\/\/namthanh.com.vn\/en\/","name":"Nam Th\u00e0nh","description":"HTH","potentialAction":[{"@type":"SearchAction","target":{"@type":"EntryPoint","urlTemplate":"https:\/\/namthanh.com.vn\/en\/?s={search_term_string}"},"query-input":"required name=search_term_string"}],"inLanguage":"en-US"}]}},"_links":{"self":[{"href":"https:\/\/namthanh.com.vn\/en\/wp-json\/wp\/v2\/pages\/1918"}],"collection":[{"href":"https:\/\/namthanh.com.vn\/en\/wp-json\/wp\/v2\/pages"}],"about":[{"href":"https:\/\/namthanh.com.vn\/en\/wp-json\/wp\/v2\/types\/page"}],"author":[{"embeddable":true,"href":"https:\/\/namthanh.com.vn\/en\/wp-json\/wp\/v2\/users\/3"}],"replies":[{"embeddable":true,"href":"https:\/\/namthanh.com.vn\/en\/wp-json\/wp\/v2\/comments?post=1918"}],"version-history":[{"count":10,"href":"https:\/\/namthanh.com.vn\/en\/wp-json\/wp\/v2\/pages\/1918\/revisions"}],"predecessor-version":[{"id":6423,"href":"https:\/\/namthanh.com.vn\/en\/wp-json\/wp\/v2\/pages\/1918\/revisions\/6423"}],"up":[{"embeddable":true,"href":"https:\/\/namthanh.com.vn\/en\/wp-json\/wp\/v2\/pages\/559"}],"wp:featuredmedia":[{"embeddable":true,"href":"https:\/\/namthanh.com.vn\/en\/wp-json\/wp\/v2\/media\/1766"}],"wp:attachment":[{"href":"https:\/\/namthanh.com.vn\/en\/wp-json\/wp\/v2\/media?parent=1918"}],"curies":[{"name":"wp","href":"https:\/\/api.w.org\/{rel}","templated":true}]}}