{"id":1931,"date":"2022-06-21T13:38:22","date_gmt":"2022-06-21T06:38:22","guid":{"rendered":"https:\/\/microlab.vn\/?page_id=1931"},"modified":"2022-11-29T08:54:12","modified_gmt":"2022-11-29T01:54:12","slug":"mercusys","status":"publish","type":"page","link":"https:\/\/namthanh.com.vn\/en\/bao-hanh\/mercusys\/","title":{"rendered":"Mercusys"},"content":{"rendered":"<div class=\"supportContent\">\n<h3 id=\"tw-target-text\" class=\"tw-data-text tw-text-large tw-ta\" dir=\"ltr\" data-placeholder=\"B\u1ea3n d\u1ecbch\"><span style=\"color: #282828;\"><strong><span class=\"Y2IQFc\" lang=\"en\">MERCUSYS PRODUCT WARRANTY POLICY<\/span><\/strong><\/span><\/h3>\n<p class=\"supportContent\"><span class=\"Y2IQFc\" lang=\"en\" style=\"color: #282828;\">Nam Thanh provides limited warranty service for all Mercusys products distributed by Nam Thanh. The warranty covers damage to the device body, antenna and power supply unit due to faulty components or manufacturing. The warranty does not cover the product packaging, cables, software, technical data and other accessories.<\/span><\/p>\n<p id=\"tw-target-text\" class=\"tw-data-text tw-text-large tw-ta\" dir=\"ltr\" data-placeholder=\"B\u1ea3n d\u1ecbch\"><span class=\"Y2IQFc\" lang=\"en\" style=\"color: #282828;\">Nam Thanh will\u00a0renew warranty equipment\u00a0in the form of\u00a01 for 1 exchangefor products that fully meet the Mercusys Limited Warranty Regulations <\/span><\/p>\n<p class=\"tw-data-text tw-text-large tw-ta\" dir=\"ltr\" data-placeholder=\"B\u1ea3n d\u1ecbch\"><span class=\"Y2IQFc\" lang=\"en\" style=\"color: #282828;\">The highest value of the warranty and return of Mercusys from Nam Thanh will be equal to or not higher than the selling price of the device.<\/span><\/p>\n<h4 id=\"tw-target-text\" class=\"tw-data-text tw-text-large tw-ta\" dir=\"ltr\" data-placeholder=\"B\u1ea3n d\u1ecbch\"><span style=\"color: #282828;\"><strong><span class=\"Y2IQFc\" lang=\"en\">I-\u00a0\u00a0\u00a0\u00a0\u00a0\u00a0\u00a0WARRANTY MODE<\/span><\/strong><\/span><\/h4>\n<p><span style=\"color: #282828;\"><strong>1.\u00a0\u00a0\u00a0\u00a0\u00a0\u00a0Warranty subject<\/strong><\/span><\/p>\n<p id=\"tw-target-text\" class=\"tw-data-text tw-text-large tw-ta\" dir=\"ltr\" data-placeholder=\"B\u1ea3n d\u1ecbch\"><span class=\"Y2IQFc\" lang=\"en\" style=\"color: #282828;\">&#8211;\u00a0A direct purchase agent at the Company <\/span><\/p>\n<p class=\"tw-data-text tw-text-large tw-ta\" dir=\"ltr\" data-placeholder=\"B\u1ea3n d\u1ecbch\"><span class=\"Y2IQFc\" lang=\"en\" style=\"color: #282828;\">&#8211;\u00a0Agents do not buy directly from the company <\/span><\/p>\n<p class=\"tw-data-text tw-text-large tw-ta\" dir=\"ltr\" data-placeholder=\"B\u1ea3n d\u1ecbch\"><span class=\"Y2IQFc\" lang=\"en\" style=\"color: #282828;\">&#8211;\u00a0The end consumer has a product that is sold by Nam Thanh company.<\/span><\/p>\n<p id=\"tw-target-text\" class=\"tw-data-text tw-text-large tw-ta\" dir=\"ltr\" data-placeholder=\"B\u1ea3n d\u1ecbch\"><span style=\"color: #282828;\"><strong><span class=\"Y2IQFc\" lang=\"en\">2.\u00a0\u00a0\u00a0\u00a0\u00a0\u00a0Warranty period:<\/span><\/strong><\/span><\/p>\n<p id=\"tw-target-text\" class=\"tw-data-text tw-text-large tw-ta\" dir=\"ltr\" data-placeholder=\"B\u1ea3n d\u1ecbch\"><span class=\"Y2IQFc\" lang=\"en\" style=\"color: #282828;\">Devices in different product categories will have different warranty periods based on the table below:<\/span><\/p>\n<p>&nbsp;<\/p>\n<table style=\"width: 76.1362%; height: 151px;\" border=\"1\" cellspacing=\"0\" cellpadding=\"0\">\n<tbody>\n<tr>\n<td style=\"width: 28.9189%;\">\n<p id=\"tw-target-text\" class=\"tw-data-text tw-text-large tw-ta\" dir=\"ltr\" style=\"text-align: center;\" data-placeholder=\"B\u1ea3n d\u1ecbch\"><span style=\"color: #282828;\"><strong><span class=\"Y2IQFc\" lang=\"en\">Product portfolio<\/span><\/strong><\/span><\/p>\n<\/td>\n<td style=\"width: 70.5405%;\">\n<p id=\"tw-target-text\" class=\"tw-data-text tw-text-large tw-ta\" dir=\"ltr\" style=\"text-align: center;\" data-placeholder=\"B\u1ea3n d\u1ecbch\"><span style=\"color: #282828;\"><strong><span class=\"Y2IQFc\" lang=\"en\">Warranty period for end users<\/span><\/strong><\/span><\/p>\n<\/td>\n<\/tr>\n<tr>\n<td style=\"width: 28.9189%; text-align: center;\"><span style=\"color: #282828;\">Mercusys<\/span><\/td>\n<td style=\"width: 70.5405%;\">\n<p id=\"tw-target-text\" class=\"tw-data-text tw-text-large tw-ta\" dir=\"ltr\" style=\"text-align: center;\" data-placeholder=\"B\u1ea3n d\u1ecbch\"><span class=\"Y2IQFc\" lang=\"en\" style=\"color: #282828;\">24 months<\/span><\/p>\n<\/td>\n<\/tr>\n<tr>\n<td style=\"width: 28.9189%;\"><\/td>\n<td style=\"width: 70.5405%;\"><\/td>\n<\/tr>\n<\/tbody>\n<\/table>\n<p><span style=\"color: #282828;\"><strong>3.\u00a0<span class=\"Y2IQFc\" lang=\"en\">Warranty return time:<\/span><\/strong><\/span><\/p>\n<p id=\"tw-target-text\" class=\"tw-data-text tw-text-large tw-ta\" dir=\"ltr\" data-placeholder=\"B\u1ea3n d\u1ecbch\"><span class=\"Y2IQFc\" lang=\"en\" style=\"color: #282828;\"><strong>3.1\u00a0Customers in Hanoi\u00a0<\/strong> (Customers send and receive warranty directly at No. 38 TT4A Van Quan Urban &#8211; Yen Phuc &#8211; Phuc La &#8211; Ha Dong &#8211; Hanoi)<\/span><\/p>\n<p id=\"tw-target-text\" class=\"tw-data-text tw-text-large tw-ta\" dir=\"ltr\" data-placeholder=\"B\u1ea3n d\u1ecbch\"><span class=\"Y2IQFc\" lang=\"en\" style=\"color: #282828;\">&#8211;\u00a0 Customers who bring defective products directly to Nam Thanh will be checked and renewed within 24 hours.<\/span><\/p>\n<p id=\"tw-target-text\" class=\"tw-data-text tw-text-large tw-ta\" dir=\"ltr\" data-placeholder=\"B\u1ea3n d\u1ecbch\"><span style=\"color: #282828;\"><em><span class=\"Y2IQFc\" lang=\"en\">General Note:<\/span><\/em><\/span><\/p>\n<p id=\"tw-target-text\" class=\"tw-data-text tw-text-large tw-ta\" dir=\"ltr\" data-placeholder=\"B\u1ea3n d\u1ecbch\"><span class=\"Y2IQFc\" lang=\"en\" style=\"color: #282828;\">&#8211; Warranty return time does not include holidays and Sundays <\/span><\/p>\n<p class=\"tw-data-text tw-text-large tw-ta\" dir=\"ltr\" data-placeholder=\"B\u1ea3n d\u1ecbch\"><span class=\"Y2IQFc\" lang=\"en\" style=\"color: #282828;\">&#8211; Time to receive goods under warranty: All days of the week except holidays, Saturday afternoon, Sunday.<\/span><\/p>\n<p id=\"tw-target-text\" class=\"tw-data-text tw-text-large tw-ta\" dir=\"ltr\" data-placeholder=\"B\u1ea3n d\u1ecbch\"><span class=\"Y2IQFc\" lang=\"en\" style=\"color: #282828;\"><strong>3.2\u00a0Customers in provinces<\/strong>\u00a0 (Customers send and receive warranty indirectly through garages, delivery services&#8230;)<\/span><\/p>\n<p id=\"tw-target-text\" class=\"tw-data-text tw-text-large tw-ta\" dir=\"ltr\" data-placeholder=\"B\u1ea3n d\u1ecbch\"><span class=\"Y2IQFc\" lang=\"en\" style=\"color: #282828;\">&#8211; Time to return warranty does not exceed 03 days from the date of receipt of warranty goods. (03 days to pack and send warranty goods via garage, delivery &#8230;).<\/span><\/p>\n<p id=\"tw-target-text\" class=\"tw-data-text tw-text-large tw-ta\" dir=\"ltr\" data-placeholder=\"B\u1ea3n d\u1ecbch\"><span style=\"color: #282828;\"><em><span class=\"Y2IQFc\" lang=\"en\">Some notes for customers in provinces:<\/span><\/em><\/span><\/p>\n<p id=\"tw-target-text\" class=\"tw-data-text tw-text-large tw-ta\" dir=\"ltr\" data-placeholder=\"B\u1ea3n d\u1ecbch\"><span class=\"Y2IQFc\" lang=\"en\" style=\"color: #282828;\">&#8211; Customers bear the shipping cost for warranty goods, Nam Thanh Company bears the freight for returning warranty goods (01 way) &#8211; Applicable to customers who are Agents who have signed a contract in principle. <\/span><\/p>\n<p class=\"tw-data-text tw-text-large tw-ta\" dir=\"ltr\" data-placeholder=\"B\u1ea3n d\u1ecbch\"><span class=\"Y2IQFc\" lang=\"en\" style=\"color: #282828;\">&#8211; Customers can use the courier service to the warranty delivery address (\u00a0 No. 38 TT4A Van Quan Urban &#8211; Yen Phuc &#8211; Phuc La &#8211; Ha Dong &#8211; Hanoi) or Nam Thanh Company will arrange staff pick up warranty goods at shipping points in Hanoi. <\/span><\/p>\n<p class=\"tw-data-text tw-text-large tw-ta\" dir=\"ltr\" data-placeholder=\"B\u1ea3n d\u1ecbch\"><span class=\"Y2IQFc\" lang=\"en\" style=\"color: #282828;\">&#8211; Goods sent (returned goods) with warranty must be packed in a box with a delivery note clearly stating the date, type, quantity, and serial number. In case the quantity of warranty goods actually received (or returned) does not match the attached delivery note, Nam Thanh Company (or the customer) will be responsible for notifying immediately so that the two parties can coordinate to compare and resolve. . After 03 days from the date of receipt of goods under warranty, all complaints about the lack of goods by both parties are not valid. <\/span><\/p>\n<p class=\"tw-data-text tw-text-large tw-ta\" dir=\"ltr\" data-placeholder=\"B\u1ea3n d\u1ecbch\"><span class=\"Y2IQFc\" lang=\"en\" style=\"color: #282828;\">&#8211; Before sending goods (or returning goods) must notify (mail, chat, call) to the warranty staff (if sending (returning) at the shipping point).<\/span><\/p>\n<p id=\"tw-target-text\" class=\"tw-data-text tw-text-large tw-ta\" dir=\"ltr\" data-placeholder=\"B\u1ea3n d\u1ecbch\"><span style=\"color: #282828;\"><strong><span class=\"Y2IQFc\" lang=\"en\">3.3\u00a0Some special cases<\/span><\/strong><\/span><\/p>\n<p><span style=\"color: #282828;\">&#8211; \u00a0In case there is no warranty return or the type of product is no longer distributed. Customers will be exchanged for another product of equal value and use value as agreed between the two parties.<\/span><\/p>\n<p id=\"tw-target-text\" class=\"tw-data-text tw-text-large tw-ta\" dir=\"ltr\" data-placeholder=\"B\u1ea3n d\u1ecbch\"><span style=\"color: #282828;\"><strong><span class=\"Y2IQFc\" lang=\"en\">4.\u00a0\u00a0\u00a0 Nam Thanh warranty center:<\/span><\/strong><\/span><\/p>\n<p id=\"tw-target-text\" class=\"tw-data-text tw-text-large tw-ta\" dir=\"ltr\" data-placeholder=\"B\u1ea3n d\u1ecbch\"><span class=\"Y2IQFc\" lang=\"en\" style=\"color: #282828;\">&#8211; Location: Nam Thanh Engineering and Technology Joint Stock Company &#8211; Address: No. 38 TT4A Van Quan Urban &#8211; Yen Phuc &#8211; Phuc La &#8211; Ha Dong &#8211; Hanoi. <\/span><\/p>\n<p class=\"tw-data-text tw-text-large tw-ta\" dir=\"ltr\" data-placeholder=\"B\u1ea3n d\u1ecbch\"><span class=\"Y2IQFc\" lang=\"en\" style=\"color: #282828;\">&#8211; Warranty team leader: Mr. Nam, contact phone number: 0243.7834530 or 0943136014.<\/span><\/p>\n<h4 id=\"tw-target-text\" class=\"tw-data-text tw-text-large tw-ta\" dir=\"ltr\" data-placeholder=\"B\u1ea3n d\u1ecbch\"><span style=\"color: #282828;\"><strong><span class=\"Y2IQFc\" lang=\"en\">II-\u00a0\u00a0\u00a0\u00a0CONDITIONS FOR WARRANTY<\/span><\/strong><\/span><\/h4>\n<p id=\"tw-target-text\" class=\"tw-data-text tw-text-large tw-ta\" dir=\"ltr\" data-placeholder=\"B\u1ea3n d\u1ecbch\"><span class=\"Y2IQFc\" lang=\"en\" style=\"color: #282828;\">&#8211; \u00a0Technical support for customers such as telephone support with installation guide questions, product information, will be provided but not under warranty. The warranty only covers hardware failures that occur under normal use during the warranty period.<\/span><\/p>\n<p id=\"tw-target-text\" class=\"tw-data-text tw-text-large tw-ta\" dir=\"ltr\" data-placeholder=\"B\u1ea3n d\u1ecbch\"><span style=\"color: #282828;\"><em><span class=\"Y2IQFc\" lang=\"en\">The following cases are considered as breach of warranty conditions:<\/span><\/em><\/span><\/p>\n<p id=\"tw-target-text\" class=\"tw-data-text tw-text-large tw-ta\" dir=\"ltr\" data-placeholder=\"B\u1ea3n d\u1ecbch\"><span class=\"Y2IQFc\" lang=\"en\" style=\"color: #282828;\">a. The device&#8217;s warranty has expired. <\/span><\/p>\n<p class=\"tw-data-text tw-text-large tw-ta\" dir=\"ltr\" data-placeholder=\"B\u1ea3n d\u1ecbch\"><span class=\"Y2IQFc\" lang=\"en\" style=\"color: #282828;\">b. The device is not distributed\/sold by Nam Thanh; <\/span><\/p>\n<p class=\"tw-data-text tw-text-large tw-ta\" dir=\"ltr\" data-placeholder=\"B\u1ea3n d\u1ecbch\"><span class=\"Y2IQFc\" lang=\"en\" style=\"color: #282828;\">c. The product has been interfered with, repaired or changed by an individual\/organization not authorized by Nam Thanh; <\/span><\/p>\n<p class=\"tw-data-text tw-text-large tw-ta\" dir=\"ltr\" data-placeholder=\"B\u1ea3n d\u1ecbch\"><span class=\"Y2IQFc\" lang=\"en\" style=\"color: #282828;\">d. The Serial Number has been tampered with, torn, faded, or removed; <\/span><\/p>\n<p class=\"tw-data-text tw-text-large tw-ta\" dir=\"ltr\" data-placeholder=\"B\u1ea3n d\u1ecbch\"><span class=\"Y2IQFc\" lang=\"en\" style=\"color: #282828;\">e. Warranty stamp (if any) has been torn or removed; <\/span><\/p>\n<p class=\"tw-data-text tw-text-large tw-ta\" dir=\"ltr\" data-placeholder=\"B\u1ea3n d\u1ecbch\"><span class=\"Y2IQFc\" lang=\"en\" style=\"color: #282828;\">f. Damage caused by accident, natural disaster, accidental or intentional misuse or misuse, failure to maintain or improper maintenance, or use under abnormal conditions;<\/span><\/p>\n<p id=\"tw-target-text\" class=\"tw-data-text tw-text-large tw-ta\" dir=\"ltr\" data-placeholder=\"B\u1ea3n d\u1ecbch\"><span class=\"Y2IQFc\" lang=\"en\" style=\"color: #282828;\">g. Damage caused by the user or the product being soaked in water; <\/span><\/p>\n<p class=\"tw-data-text tw-text-large tw-ta\" dir=\"ltr\" data-placeholder=\"B\u1ea3n d\u1ecbch\"><span class=\"Y2IQFc\" lang=\"en\" style=\"color: #282828;\">h. Damage caused by use or storage under conditions beyond those described in detail in the Instructions for Use; <\/span><\/p>\n<p class=\"tw-data-text tw-text-large tw-ta\" dir=\"ltr\" data-placeholder=\"B\u1ea3n d\u1ecbch\"><span class=\"Y2IQFc\" lang=\"en\" style=\"color: #282828;\">i. Damage caused by the use of parts not manufactured or sold\/distributed by Nam Thanh; <\/span><\/p>\n<p class=\"tw-data-text tw-text-large tw-ta\" dir=\"ltr\" data-placeholder=\"B\u1ea3n d\u1ecbch\"><span class=\"Y2IQFc\" lang=\"en\" style=\"color: #282828;\">j. Using third-party software on Mercusys . products <\/span><\/p>\n<p class=\"tw-data-text tw-text-large tw-ta\" dir=\"ltr\" data-placeholder=\"B\u1ea3n d\u1ecbch\"><span class=\"Y2IQFc\" lang=\"en\" style=\"color: #282828;\">k. Damage caused by the use of third-party software or by viruses; <\/span><\/p>\n<p class=\"tw-data-text tw-text-large tw-ta\" dir=\"ltr\" data-placeholder=\"B\u1ea3n d\u1ecbch\"><span class=\"Y2IQFc\" lang=\"en\" style=\"color: #282828;\">l. Software and data are lost during repair or replacement;<\/span><\/p>\n<p id=\"tw-target-text\" class=\"tw-data-text tw-text-large tw-ta\" dir=\"ltr\" data-placeholder=\"B\u1ea3n d\u1ecbch\"><span style=\"color: #282828;\"><strong><span class=\"Y2IQFc\" lang=\"en\">The above warranty policy is officially applied by Nam Thanh Technology Joint Stock Company from January 1, 2020. All previous warranties contrary to the above regime are no longer valid.<\/span><\/strong><\/span><\/p>\n<p id=\"tw-target-text\" class=\"tw-data-text tw-text-large tw-ta\" dir=\"ltr\" data-placeholder=\"B\u1ea3n d\u1ecbch\"><span style=\"color: #282828;\"><strong><span class=\"Y2IQFc\" lang=\"en\">Enter the Serial number in the lookup box<\/span><\/strong><\/span><\/p>\n<p id=\"tw-target-text\" class=\"tw-data-text tw-text-large tw-ta\" dir=\"ltr\" data-placeholder=\"B\u1ea3n d\u1ecbch\"><span class=\"Y2IQFc\" lang=\"en\" style=\"color: #282828;\">Enter the correct Serial number in the search box below to check the genuine Mercusys product:<\/span><\/p>\n<p>&nbsp;<\/p>\n<\/div>\n<a href=\"http:\/\/microlab.vn\/vn\/Tra-cuu-bao-hanh\/Mercusys.aspx\" target=\"_self\" class=\"button primary\"  >\n    <span>Check INSURANCE<\/span>\n  <\/a>\n\n","protected":false},"excerpt":{"rendered":"<p>MERCUSYS PRODUCT WARRANTY POLICY Nam Thanh provides limited warranty service for all Mercusys products distributed by Nam Thanh. The warranty covers damage to the device body, antenna and power supply unit due to faulty components or manufacturing. The warranty does not cover the product packaging, cables, software, technical data and other accessories. Nam Thanh will\u00a0renew&#8230;<\/p>\n","protected":false},"author":3,"featured_media":1436,"parent":559,"menu_order":0,"comment_status":"closed","ping_status":"closed","template":"page-right-sidebar.php","meta":[],"yoast_head":"<!-- This site is optimized with the Yoast SEO plugin v19.5.1 - https:\/\/yoast.com\/wordpress\/plugins\/seo\/ -->\n<title>Mercusys - Nam Th\u00e0nh<\/title>\n<meta name=\"description\" content=\"Ch\u00ednh s\u00e1ch b\u1ea3o h\u00e0nh v\u00e0 tra c\u1ee9u seri s\u1ea3n ph\u1ea9m Rapoo\" \/>\n<meta name=\"robots\" content=\"index, follow, max-snippet:-1, max-image-preview:large, max-video-preview:-1\" \/>\n<link rel=\"canonical\" href=\"https:\/\/namthanh.com.vn\/en\/bao-hanh\/mercusys\/\" \/>\n<meta property=\"og:locale\" content=\"en_US\" \/>\n<meta property=\"og:type\" content=\"article\" \/>\n<meta property=\"og:title\" content=\"Mercusys - Nam Th\u00e0nh\" \/>\n<meta property=\"og:description\" content=\"Ch\u00ednh s\u00e1ch b\u1ea3o h\u00e0nh v\u00e0 tra c\u1ee9u seri s\u1ea3n ph\u1ea9m Rapoo\" \/>\n<meta property=\"og:url\" content=\"https:\/\/namthanh.com.vn\/en\/bao-hanh\/mercusys\/\" \/>\n<meta property=\"og:site_name\" content=\"Nam Th\u00e0nh\" \/>\n<meta property=\"article:modified_time\" content=\"2022-11-29T01:54:12+00:00\" \/>\n<meta property=\"og:image\" content=\"https:\/\/namthanh.com.vn\/en\/wp-content\/uploads\/2022\/04\/AC12x311x254x2.jpg\" \/>\n\t<meta property=\"og:image:width\" content=\"311\" \/>\n\t<meta property=\"og:image:height\" content=\"254\" \/>\n\t<meta property=\"og:image:type\" content=\"image\/jpeg\" \/>\n<meta name=\"twitter:card\" content=\"summary_large_image\" \/>\n<meta name=\"twitter:label1\" content=\"Est. reading time\" \/>\n\t<meta name=\"twitter:data1\" content=\"4 minutes\" \/>\n<script type=\"application\/ld+json\" class=\"yoast-schema-graph\">{\"@context\":\"https:\/\/schema.org\",\"@graph\":[{\"@type\":\"WebPage\",\"@id\":\"https:\/\/namthanh.com.vn\/en\/bao-hanh\/mercusys\/\",\"url\":\"https:\/\/namthanh.com.vn\/en\/bao-hanh\/mercusys\/\",\"name\":\"Mercusys - Nam Th\u00e0nh\",\"isPartOf\":{\"@id\":\"https:\/\/namthanh.com.vn\/en\/#website\"},\"datePublished\":\"2022-06-21T06:38:22+00:00\",\"dateModified\":\"2022-11-29T01:54:12+00:00\",\"description\":\"Ch\u00ednh s\u00e1ch b\u1ea3o h\u00e0nh v\u00e0 tra c\u1ee9u seri s\u1ea3n ph\u1ea9m Rapoo\",\"breadcrumb\":{\"@id\":\"https:\/\/namthanh.com.vn\/en\/bao-hanh\/mercusys\/#breadcrumb\"},\"inLanguage\":\"en-US\",\"potentialAction\":[{\"@type\":\"ReadAction\",\"target\":[\"https:\/\/namthanh.com.vn\/en\/bao-hanh\/mercusys\/\"]}]},{\"@type\":\"BreadcrumbList\",\"@id\":\"https:\/\/namthanh.com.vn\/en\/bao-hanh\/mercusys\/#breadcrumb\",\"itemListElement\":[{\"@type\":\"ListItem\",\"position\":1,\"name\":\"Home\",\"item\":\"https:\/\/namthanh.com.vn\/en\/\"},{\"@type\":\"ListItem\",\"position\":2,\"name\":\"Insurance\",\"item\":\"https:\/\/namthanh.com.vn\/en\/bao-hanh\/\"},{\"@type\":\"ListItem\",\"position\":3,\"name\":\"Mercusys\"}]},{\"@type\":\"WebSite\",\"@id\":\"https:\/\/namthanh.com.vn\/en\/#website\",\"url\":\"https:\/\/namthanh.com.vn\/en\/\",\"name\":\"Nam Th\u00e0nh\",\"description\":\"HTH\",\"potentialAction\":[{\"@type\":\"SearchAction\",\"target\":{\"@type\":\"EntryPoint\",\"urlTemplate\":\"https:\/\/namthanh.com.vn\/en\/?s={search_term_string}\"},\"query-input\":\"required name=search_term_string\"}],\"inLanguage\":\"en-US\"}]}<\/script>\n<!-- \/ Yoast SEO plugin. -->","yoast_head_json":{"title":"Mercusys - Nam Th\u00e0nh","description":"Ch\u00ednh s\u00e1ch b\u1ea3o h\u00e0nh v\u00e0 tra c\u1ee9u seri s\u1ea3n ph\u1ea9m Rapoo","robots":{"index":"index","follow":"follow","max-snippet":"max-snippet:-1","max-image-preview":"max-image-preview:large","max-video-preview":"max-video-preview:-1"},"canonical":"https:\/\/namthanh.com.vn\/en\/bao-hanh\/mercusys\/","og_locale":"en_US","og_type":"article","og_title":"Mercusys - Nam Th\u00e0nh","og_description":"Ch\u00ednh s\u00e1ch b\u1ea3o h\u00e0nh v\u00e0 tra c\u1ee9u seri s\u1ea3n ph\u1ea9m Rapoo","og_url":"https:\/\/namthanh.com.vn\/en\/bao-hanh\/mercusys\/","og_site_name":"Nam Th\u00e0nh","article_modified_time":"2022-11-29T01:54:12+00:00","og_image":[{"width":311,"height":254,"url":"https:\/\/namthanh.com.vn\/en\/wp-content\/uploads\/2022\/04\/AC12x311x254x2.jpg","type":"image\/jpeg"}],"twitter_card":"summary_large_image","twitter_misc":{"Est. reading time":"4 minutes"},"schema":{"@context":"https:\/\/schema.org","@graph":[{"@type":"WebPage","@id":"https:\/\/namthanh.com.vn\/en\/bao-hanh\/mercusys\/","url":"https:\/\/namthanh.com.vn\/en\/bao-hanh\/mercusys\/","name":"Mercusys - Nam Th\u00e0nh","isPartOf":{"@id":"https:\/\/namthanh.com.vn\/en\/#website"},"datePublished":"2022-06-21T06:38:22+00:00","dateModified":"2022-11-29T01:54:12+00:00","description":"Ch\u00ednh s\u00e1ch b\u1ea3o h\u00e0nh v\u00e0 tra c\u1ee9u seri s\u1ea3n ph\u1ea9m Rapoo","breadcrumb":{"@id":"https:\/\/namthanh.com.vn\/en\/bao-hanh\/mercusys\/#breadcrumb"},"inLanguage":"en-US","potentialAction":[{"@type":"ReadAction","target":["https:\/\/namthanh.com.vn\/en\/bao-hanh\/mercusys\/"]}]},{"@type":"BreadcrumbList","@id":"https:\/\/namthanh.com.vn\/en\/bao-hanh\/mercusys\/#breadcrumb","itemListElement":[{"@type":"ListItem","position":1,"name":"Home","item":"https:\/\/namthanh.com.vn\/en\/"},{"@type":"ListItem","position":2,"name":"Insurance","item":"https:\/\/namthanh.com.vn\/en\/bao-hanh\/"},{"@type":"ListItem","position":3,"name":"Mercusys"}]},{"@type":"WebSite","@id":"https:\/\/namthanh.com.vn\/en\/#website","url":"https:\/\/namthanh.com.vn\/en\/","name":"Nam Th\u00e0nh","description":"HTH","potentialAction":[{"@type":"SearchAction","target":{"@type":"EntryPoint","urlTemplate":"https:\/\/namthanh.com.vn\/en\/?s={search_term_string}"},"query-input":"required name=search_term_string"}],"inLanguage":"en-US"}]}},"_links":{"self":[{"href":"https:\/\/namthanh.com.vn\/en\/wp-json\/wp\/v2\/pages\/1931"}],"collection":[{"href":"https:\/\/namthanh.com.vn\/en\/wp-json\/wp\/v2\/pages"}],"about":[{"href":"https:\/\/namthanh.com.vn\/en\/wp-json\/wp\/v2\/types\/page"}],"author":[{"embeddable":true,"href":"https:\/\/namthanh.com.vn\/en\/wp-json\/wp\/v2\/users\/3"}],"replies":[{"embeddable":true,"href":"https:\/\/namthanh.com.vn\/en\/wp-json\/wp\/v2\/comments?post=1931"}],"version-history":[{"count":5,"href":"https:\/\/namthanh.com.vn\/en\/wp-json\/wp\/v2\/pages\/1931\/revisions"}],"predecessor-version":[{"id":6426,"href":"https:\/\/namthanh.com.vn\/en\/wp-json\/wp\/v2\/pages\/1931\/revisions\/6426"}],"up":[{"embeddable":true,"href":"https:\/\/namthanh.com.vn\/en\/wp-json\/wp\/v2\/pages\/559"}],"wp:featuredmedia":[{"embeddable":true,"href":"https:\/\/namthanh.com.vn\/en\/wp-json\/wp\/v2\/media\/1436"}],"wp:attachment":[{"href":"https:\/\/namthanh.com.vn\/en\/wp-json\/wp\/v2\/media?parent=1931"}],"curies":[{"name":"wp","href":"https:\/\/api.w.org\/{rel}","templated":true}]}}