{"id":1939,"date":"2022-06-21T13:53:12","date_gmt":"2022-06-21T06:53:12","guid":{"rendered":"https:\/\/microlab.vn\/?page_id=1939"},"modified":"2022-11-29T09:10:47","modified_gmt":"2022-11-29T02:10:47","slug":"dahua","status":"publish","type":"page","link":"https:\/\/namthanh.com.vn\/en\/bao-hanh\/dahua\/","title":{"rendered":"Dahua"},"content":{"rendered":"<div class=\"supportContent\">\n<div class=\"supportContent\">\n<p><span style=\"color: #282828;\"><strong><span style=\"font-family: arial, helvetica, sans-serif; font-size: 100%;\">I. <\/span><span class=\"Y2IQFc\" lang=\"en\">DAHUA SSD PRODUCT WARRANTY POLICY<\/span><\/strong><\/span><\/p>\n<p id=\"tw-target-text\" class=\"tw-data-text tw-text-large tw-ta\" dir=\"ltr\" data-placeholder=\"B\u1ea3n d\u1ecbch\"><span class=\"Y2IQFc\" lang=\"en\" style=\"color: #282828;\">1. Dahua SSD equipment provided by Nam Thanh is imported 100% new and unused and has clear origin.<\/span><\/p>\n<p class=\"tw-data-text tw-text-large tw-ta\" dir=\"ltr\" data-placeholder=\"B\u1ea3n d\u1ecbch\"><span class=\"Y2IQFc\" lang=\"en\" style=\"color: #282828;\">2.Warranty period: <\/span><\/p>\n<p class=\"tw-data-text tw-text-large tw-ta\" dir=\"ltr\" data-placeholder=\"B\u1ea3n d\u1ecbch\"><span class=\"Y2IQFc\" lang=\"en\" style=\"color: #282828;\">a. Based on the time of Nam Thanh&#8217;s system: All Dahua-branded products distributed by Nam Thanh, with full genuine serial number stamp labels on the product, will be warranted for 1-3 years for SSD (Depending on product line) <\/span><\/p>\n<p class=\"tw-data-text tw-text-large tw-ta\" dir=\"ltr\" data-placeholder=\"B\u1ea3n d\u1ecbch\"><span class=\"Y2IQFc\" lang=\"en\" style=\"color: #282828;\">b. Based on serial number code: All products distributed by Dahua with full genuine serial number are warranted based on the warranty period on Nam Thanh&#8217;s website. Note: If one of the conditions a or b still has the warranty period, the product will be under the warranty period.<\/span><\/p>\n<p id=\"tw-target-text\" class=\"tw-data-text tw-text-large tw-ta\" dir=\"ltr\" data-placeholder=\"B\u1ea3n d\u1ecbch\"><span class=\"Y2IQFc\" lang=\"en\" style=\"color: #282828;\">3. Time of receipt and warranty: <\/span><\/p>\n<p class=\"tw-data-text tw-text-large tw-ta\" dir=\"ltr\" data-placeholder=\"B\u1ea3n d\u1ecbch\"><span class=\"Y2IQFc\" lang=\"en\" style=\"color: #282828;\">&#8211; Refund within 120 hours (05 working days) from the date of receipt. <\/span><\/p>\n<p class=\"tw-data-text tw-text-large tw-ta\" dir=\"ltr\" data-placeholder=\"B\u1ea3n d\u1ecbch\"><span class=\"Y2IQFc\" lang=\"en\" style=\"color: #282828;\">&#8211; For other cases that need to be checked and ordered, Nam Thanh Warranty center will notify customers of the status and time of warranty return.<\/span><\/p>\n<p id=\"tw-target-text\" class=\"tw-data-text tw-text-large tw-ta\" dir=\"ltr\" data-placeholder=\"B\u1ea3n d\u1ecbch\"><span class=\"Y2IQFc\" lang=\"en\" style=\"color: #282828;\">4. Always make every effort to have products returned to you as soon as possible.<\/span><\/p>\n<p id=\"tw-target-text\" class=\"tw-data-text tw-text-large tw-ta\" dir=\"ltr\" data-placeholder=\"B\u1ea3n d\u1ecbch\"><span style=\"color: #282828;\"><strong><span class=\"Y2IQFc\" lang=\"en\">II. WARRANTY POLICY :<\/span><\/strong><\/span><\/p>\n<p id=\"tw-target-text\" class=\"tw-data-text tw-text-large tw-ta\" dir=\"ltr\" data-placeholder=\"B\u1ea3n d\u1ecbch\"><span class=\"Y2IQFc\" lang=\"en\" style=\"color: #282828;\">1. Warranty conditions: The product will be warranted if it meets the following conditions: <\/span><\/p>\n<p class=\"tw-data-text tw-text-large tw-ta\" dir=\"ltr\" data-placeholder=\"B\u1ea3n d\u1ecbch\"><span class=\"Y2IQFc\" lang=\"en\" style=\"color: #282828;\">a. The product is still within the warranty period. <\/span><\/p>\n<p class=\"tw-data-text tw-text-large tw-ta\" dir=\"ltr\" data-placeholder=\"B\u1ea3n d\u1ecbch\"><span class=\"Y2IQFc\" lang=\"en\" style=\"color: #282828;\">b. The serial number stamp, glued on the product must be intact, not torn, not peeled and pasted&#8230; <\/span><\/p>\n<p class=\"tw-data-text tw-text-large tw-ta\" dir=\"ltr\" data-placeholder=\"B\u1ea3n d\u1ecbch\"><span class=\"Y2IQFc\" lang=\"en\" style=\"color: #282828;\">c. The product is intact, not distorted or repaired by units not authorized by Dahua. <\/span><\/p>\n<p class=\"tw-data-text tw-text-large tw-ta\" dir=\"ltr\" data-placeholder=\"B\u1ea3n d\u1ecbch\"><span class=\"Y2IQFc\" lang=\"en\" style=\"color: #282828;\">d. Damage due to component quality or manufacturing process error. <\/span><\/p>\n<p class=\"tw-data-text tw-text-large tw-ta\" dir=\"ltr\" data-placeholder=\"B\u1ea3n d\u1ecbch\"><span class=\"Y2IQFc\" lang=\"en\" style=\"color: #282828;\">e. The product is not subject to a warranty waiver. <\/span><\/p>\n<p class=\"tw-data-text tw-text-large tw-ta\" dir=\"ltr\" data-placeholder=\"B\u1ea3n d\u1ecbch\"><span class=\"Y2IQFc\" lang=\"en\" style=\"color: #282828;\">f. Other cases: fire, explosion, water ingress, natural disaster, fire&#8230; will be checked and considered to support or not support the warranty.<\/span><\/p>\n<p id=\"tw-target-text\" class=\"tw-data-text tw-text-large tw-ta\" dir=\"ltr\" data-placeholder=\"B\u1ea3n d\u1ecbch\"><span class=\"Y2IQFc\" lang=\"en\" style=\"color: #282828;\">2. Conditions of warranty refusal: Products under one of the following conditions will be void of warranty: <\/span><\/p>\n<p class=\"tw-data-text tw-text-large tw-ta\" dir=\"ltr\" data-placeholder=\"B\u1ea3n d\u1ecbch\"><span class=\"Y2IQFc\" lang=\"en\" style=\"color: #282828;\">a. Product warranty expires. <\/span><\/p>\n<p class=\"tw-data-text tw-text-large tw-ta\" dir=\"ltr\" data-placeholder=\"B\u1ea3n d\u1ecbch\"><span class=\"Y2IQFc\" lang=\"en\" style=\"color: #282828;\">b. The product has been changed to the device&#8217;s model stamp, the label is torn, has been changed or edited&#8230; <\/span><\/p>\n<p class=\"tw-data-text tw-text-large tw-ta\" dir=\"ltr\" data-placeholder=\"B\u1ea3n d\u1ecbch\"><span class=\"Y2IQFc\" lang=\"en\" style=\"color: #282828;\">c. Products damaged by natural disasters, fire, explosion, lightning, rust, etc. <\/span><\/p>\n<p class=\"tw-data-text tw-text-large tw-ta\" dir=\"ltr\" data-placeholder=\"B\u1ea3n d\u1ecbch\"><span class=\"Y2IQFc\" lang=\"en\" style=\"color: #282828;\">d. The product is damaged due to the incorrect use of the specified voltage. <\/span><\/p>\n<p class=\"tw-data-text tw-text-large tw-ta\" dir=\"ltr\" data-placeholder=\"B\u1ea3n d\u1ecbch\"><span class=\"Y2IQFc\" lang=\"en\" style=\"color: #282828;\">e. Customers cause defects on the device such as deformation, breakage, impact. <\/span><\/p>\n<p class=\"tw-data-text tw-text-large tw-ta\" dir=\"ltr\" data-placeholder=\"B\u1ea3n d\u1ecbch\"><span class=\"Y2IQFc\" lang=\"en\" style=\"color: #282828;\">f. The product is not installed, maintained, used in accordance with the instructions, causing damage. <\/span><\/p>\n<p class=\"tw-data-text tw-text-large tw-ta\" dir=\"ltr\" data-placeholder=\"B\u1ea3n d\u1ecbch\"><span class=\"Y2IQFc\" lang=\"en\" style=\"color: #282828;\">g. The product is changed or repaired by a technician who is not part of Nam Thanh Insurance Center. <\/span><\/p>\n<p class=\"tw-data-text tw-text-large tw-ta\" dir=\"ltr\" data-placeholder=\"B\u1ea3n d\u1ecbch\"><span class=\"Y2IQFc\" lang=\"en\" style=\"color: #282828;\">H. Products do not have a clear origin<\/span><\/p>\n<p id=\"tw-target-text\" class=\"tw-data-text tw-text-large tw-ta\" dir=\"ltr\" data-placeholder=\"B\u1ea3n d\u1ecbch\"><span style=\"color: #282828;\"><strong><span class=\"Y2IQFc\" lang=\"en\">The above warranty policy is officially applied by Nam Thanh Technology and Technology Joint Stock Company from May 1, 2022. All previous warranties contrary to the above regime are no longer valid.<\/span><\/strong><\/span><\/p>\n<p id=\"tw-target-text\" class=\"tw-data-text tw-text-large tw-ta\" dir=\"ltr\" data-placeholder=\"B\u1ea3n d\u1ecbch\"><span style=\"color: #282828;\"><strong><span class=\"Y2IQFc\" lang=\"en\">III. SEARCH SERIAL NUMBER OF GENUINE DAHUA PRODUCTS<\/span><\/strong><\/span><\/p>\n<p id=\"tw-target-text\" class=\"tw-data-text tw-text-large tw-ta\" dir=\"ltr\" data-placeholder=\"B\u1ea3n d\u1ecbch\"><span class=\"Y2IQFc\" lang=\"en\" style=\"color: #282828;\">To help customers identify products distributed by Nam Thanh company, Nam Thanh company offers a form of checking the product&#8217;s Serial number. Consumers enter the Serial number to check if their Dahua products are genuine or not.<\/span><\/p>\n<\/div>\n<div class=\"supportContent\">\n<p id=\"tw-target-text\" class=\"tw-data-text tw-text-large tw-ta\" dir=\"ltr\" data-placeholder=\"B\u1ea3n d\u1ecbch\"><span style=\"color: #282828;\"><strong><span class=\"Y2IQFc\" lang=\"en\">Step 1: Find the serial number of the Dahua product<\/span><\/strong><\/span><\/p>\n<div>\n<p id=\"tw-target-text\" class=\"tw-data-text tw-text-large tw-ta\" dir=\"ltr\" data-placeholder=\"B\u1ea3n d\u1ecbch\"><span class=\"Y2IQFc\" lang=\"en\" style=\"color: #282828;\">The Dahua product serial number can be found on the packaging and on the product itself. <\/span><\/p>\n<p class=\"tw-data-text tw-text-large tw-ta\" dir=\"ltr\" data-placeholder=\"B\u1ea3n d\u1ecbch\"><span class=\"Y2IQFc\" lang=\"en\" style=\"color: #282828;\">Note: The Serial Number is affixed on both the packaging and the back of the product and these 2 Serial Numbers must match.<\/span><\/p>\n<\/div>\n<\/div>\n<div class=\"contentModule\">\n<div class=\"text\">\n<p id=\"tw-target-text\" class=\"tw-data-text tw-text-large tw-ta\" dir=\"ltr\" data-placeholder=\"B\u1ea3n d\u1ecbch\"><span style=\"color: #282828;\"><strong><span class=\"Y2IQFc\" lang=\"en\">Step 2: Enter the serial number in the search box<\/span><\/strong><\/span><\/p>\n<\/div>\n<\/div>\n<p id=\"tw-target-text\" class=\"tw-data-text tw-text-large tw-ta\" dir=\"ltr\" data-placeholder=\"B\u1ea3n d\u1ecbch\"><span class=\"Y2IQFc\" lang=\"en\" style=\"color: #282828;\">Please click on the box \u201cCHECK WARRANTY\u201d below:<\/span><\/p>\n<\/div>\n<a class=\"button primary\"  >\n    <span>Check INSURANCE<\/span>\n  <\/a>\n\n","protected":false},"excerpt":{"rendered":"<p>I. DAHUA SSD PRODUCT WARRANTY POLICY 1. Dahua SSD equipment provided by Nam Thanh is imported 100% new and unused and has clear origin. 2.Warranty period: a. Based on the time of Nam Thanh&#8217;s system: All Dahua-branded products distributed by Nam Thanh, with full genuine serial number stamp labels on the product, will be warranted&#8230;<\/p>\n","protected":false},"author":3,"featured_media":1624,"parent":559,"menu_order":0,"comment_status":"closed","ping_status":"closed","template":"page-right-sidebar.php","meta":[],"yoast_head":"<!-- This site is optimized with the Yoast SEO plugin v19.5.1 - https:\/\/yoast.com\/wordpress\/plugins\/seo\/ -->\n<title>Dahua - Nam Th\u00e0nh<\/title>\n<meta name=\"description\" content=\"Ch\u00ednh s\u00e1ch b\u1ea3o h\u00e0nh v\u00e0 tra c\u1ee9u seri s\u1ea3n ph\u1ea9m Rapoo\" \/>\n<meta name=\"robots\" content=\"index, follow, max-snippet:-1, max-image-preview:large, max-video-preview:-1\" \/>\n<link rel=\"canonical\" href=\"https:\/\/namthanh.com.vn\/en\/bao-hanh\/dahua\/\" \/>\n<meta property=\"og:locale\" content=\"en_US\" \/>\n<meta property=\"og:type\" content=\"article\" \/>\n<meta property=\"og:title\" content=\"Dahua - Nam Th\u00e0nh\" \/>\n<meta property=\"og:description\" content=\"Ch\u00ednh s\u00e1ch b\u1ea3o h\u00e0nh v\u00e0 tra c\u1ee9u seri s\u1ea3n ph\u1ea9m Rapoo\" \/>\n<meta property=\"og:url\" content=\"https:\/\/namthanh.com.vn\/en\/bao-hanh\/dahua\/\" \/>\n<meta property=\"og:site_name\" content=\"Nam Th\u00e0nh\" \/>\n<meta property=\"article:modified_time\" content=\"2022-11-29T02:10:47+00:00\" \/>\n<meta property=\"og:image\" content=\"https:\/\/namthanh.com.vn\/en\/wp-content\/uploads\/2022\/03\/dahua-c800a-2.webp\" \/>\n\t<meta property=\"og:image:width\" content=\"800\" \/>\n\t<meta property=\"og:image:height\" content=\"831\" \/>\n\t<meta property=\"og:image:type\" content=\"image\/webp\" \/>\n<meta name=\"twitter:card\" content=\"summary_large_image\" \/>\n<meta name=\"twitter:label1\" content=\"Est. reading time\" \/>\n\t<meta name=\"twitter:data1\" content=\"3 minutes\" \/>\n<script type=\"application\/ld+json\" class=\"yoast-schema-graph\">{\"@context\":\"https:\/\/schema.org\",\"@graph\":[{\"@type\":\"WebPage\",\"@id\":\"https:\/\/namthanh.com.vn\/en\/bao-hanh\/dahua\/\",\"url\":\"https:\/\/namthanh.com.vn\/en\/bao-hanh\/dahua\/\",\"name\":\"Dahua - Nam Th\u00e0nh\",\"isPartOf\":{\"@id\":\"https:\/\/namthanh.com.vn\/en\/#website\"},\"datePublished\":\"2022-06-21T06:53:12+00:00\",\"dateModified\":\"2022-11-29T02:10:47+00:00\",\"description\":\"Ch\u00ednh s\u00e1ch b\u1ea3o h\u00e0nh v\u00e0 tra c\u1ee9u seri s\u1ea3n ph\u1ea9m Rapoo\",\"breadcrumb\":{\"@id\":\"https:\/\/namthanh.com.vn\/en\/bao-hanh\/dahua\/#breadcrumb\"},\"inLanguage\":\"en-US\",\"potentialAction\":[{\"@type\":\"ReadAction\",\"target\":[\"https:\/\/namthanh.com.vn\/en\/bao-hanh\/dahua\/\"]}]},{\"@type\":\"BreadcrumbList\",\"@id\":\"https:\/\/namthanh.com.vn\/en\/bao-hanh\/dahua\/#breadcrumb\",\"itemListElement\":[{\"@type\":\"ListItem\",\"position\":1,\"name\":\"Home\",\"item\":\"https:\/\/namthanh.com.vn\/en\/\"},{\"@type\":\"ListItem\",\"position\":2,\"name\":\"Insurance\",\"item\":\"https:\/\/namthanh.com.vn\/en\/bao-hanh\/\"},{\"@type\":\"ListItem\",\"position\":3,\"name\":\"Dahua\"}]},{\"@type\":\"WebSite\",\"@id\":\"https:\/\/namthanh.com.vn\/en\/#website\",\"url\":\"https:\/\/namthanh.com.vn\/en\/\",\"name\":\"Nam Th\u00e0nh\",\"description\":\"HTH\",\"potentialAction\":[{\"@type\":\"SearchAction\",\"target\":{\"@type\":\"EntryPoint\",\"urlTemplate\":\"https:\/\/namthanh.com.vn\/en\/?s={search_term_string}\"},\"query-input\":\"required name=search_term_string\"}],\"inLanguage\":\"en-US\"}]}<\/script>\n<!-- \/ Yoast SEO plugin. -->","yoast_head_json":{"title":"Dahua - Nam Th\u00e0nh","description":"Ch\u00ednh s\u00e1ch b\u1ea3o h\u00e0nh v\u00e0 tra c\u1ee9u seri s\u1ea3n ph\u1ea9m Rapoo","robots":{"index":"index","follow":"follow","max-snippet":"max-snippet:-1","max-image-preview":"max-image-preview:large","max-video-preview":"max-video-preview:-1"},"canonical":"https:\/\/namthanh.com.vn\/en\/bao-hanh\/dahua\/","og_locale":"en_US","og_type":"article","og_title":"Dahua - Nam Th\u00e0nh","og_description":"Ch\u00ednh s\u00e1ch b\u1ea3o h\u00e0nh v\u00e0 tra c\u1ee9u seri s\u1ea3n ph\u1ea9m Rapoo","og_url":"https:\/\/namthanh.com.vn\/en\/bao-hanh\/dahua\/","og_site_name":"Nam Th\u00e0nh","article_modified_time":"2022-11-29T02:10:47+00:00","og_image":[{"width":800,"height":831,"url":"https:\/\/namthanh.com.vn\/en\/wp-content\/uploads\/2022\/03\/dahua-c800a-2.webp","type":"image\/webp"}],"twitter_card":"summary_large_image","twitter_misc":{"Est. reading time":"3 minutes"},"schema":{"@context":"https:\/\/schema.org","@graph":[{"@type":"WebPage","@id":"https:\/\/namthanh.com.vn\/en\/bao-hanh\/dahua\/","url":"https:\/\/namthanh.com.vn\/en\/bao-hanh\/dahua\/","name":"Dahua - Nam Th\u00e0nh","isPartOf":{"@id":"https:\/\/namthanh.com.vn\/en\/#website"},"datePublished":"2022-06-21T06:53:12+00:00","dateModified":"2022-11-29T02:10:47+00:00","description":"Ch\u00ednh s\u00e1ch b\u1ea3o h\u00e0nh v\u00e0 tra c\u1ee9u seri s\u1ea3n ph\u1ea9m Rapoo","breadcrumb":{"@id":"https:\/\/namthanh.com.vn\/en\/bao-hanh\/dahua\/#breadcrumb"},"inLanguage":"en-US","potentialAction":[{"@type":"ReadAction","target":["https:\/\/namthanh.com.vn\/en\/bao-hanh\/dahua\/"]}]},{"@type":"BreadcrumbList","@id":"https:\/\/namthanh.com.vn\/en\/bao-hanh\/dahua\/#breadcrumb","itemListElement":[{"@type":"ListItem","position":1,"name":"Home","item":"https:\/\/namthanh.com.vn\/en\/"},{"@type":"ListItem","position":2,"name":"Insurance","item":"https:\/\/namthanh.com.vn\/en\/bao-hanh\/"},{"@type":"ListItem","position":3,"name":"Dahua"}]},{"@type":"WebSite","@id":"https:\/\/namthanh.com.vn\/en\/#website","url":"https:\/\/namthanh.com.vn\/en\/","name":"Nam Th\u00e0nh","description":"HTH","potentialAction":[{"@type":"SearchAction","target":{"@type":"EntryPoint","urlTemplate":"https:\/\/namthanh.com.vn\/en\/?s={search_term_string}"},"query-input":"required name=search_term_string"}],"inLanguage":"en-US"}]}},"_links":{"self":[{"href":"https:\/\/namthanh.com.vn\/en\/wp-json\/wp\/v2\/pages\/1939"}],"collection":[{"href":"https:\/\/namthanh.com.vn\/en\/wp-json\/wp\/v2\/pages"}],"about":[{"href":"https:\/\/namthanh.com.vn\/en\/wp-json\/wp\/v2\/types\/page"}],"author":[{"embeddable":true,"href":"https:\/\/namthanh.com.vn\/en\/wp-json\/wp\/v2\/users\/3"}],"replies":[{"embeddable":true,"href":"https:\/\/namthanh.com.vn\/en\/wp-json\/wp\/v2\/comments?post=1939"}],"version-history":[{"count":5,"href":"https:\/\/namthanh.com.vn\/en\/wp-json\/wp\/v2\/pages\/1939\/revisions"}],"predecessor-version":[{"id":6429,"href":"https:\/\/namthanh.com.vn\/en\/wp-json\/wp\/v2\/pages\/1939\/revisions\/6429"}],"up":[{"embeddable":true,"href":"https:\/\/namthanh.com.vn\/en\/wp-json\/wp\/v2\/pages\/559"}],"wp:featuredmedia":[{"embeddable":true,"href":"https:\/\/namthanh.com.vn\/en\/wp-json\/wp\/v2\/media\/1624"}],"wp:attachment":[{"href":"https:\/\/namthanh.com.vn\/en\/wp-json\/wp\/v2\/media?parent=1939"}],"curies":[{"name":"wp","href":"https:\/\/api.w.org\/{rel}","templated":true}]}}