{"id":1943,"date":"2022-06-21T13:57:55","date_gmt":"2022-06-21T06:57:55","guid":{"rendered":"https:\/\/microlab.vn\/?page_id=1943"},"modified":"2023-03-01T11:54:47","modified_gmt":"2023-03-01T04:54:47","slug":"dahua-2","status":"publish","type":"page","link":"https:\/\/namthanh.com.vn\/en\/bao-hanh\/dahua-2\/","title":{"rendered":"HIKVISION"},"content":{"rendered":"<div class=\"supportContent\">\n<div class=\"supportContent\">\n<h4 id=\"tw-target-text\" class=\"tw-data-text tw-text-large tw-ta\" dir=\"ltr\" data-placeholder=\"B\u1ea3n d\u1ecbch\"><strong><span class=\"Y2IQFc\" lang=\"en\">I. HIKVISION PRODUCT WARRANTY POLICY<\/span><\/strong><\/h4>\n<div class=\"supportContent\">\n<p id=\"tw-target-text\" class=\"tw-data-text tw-text-large tw-ta\" dir=\"ltr\" data-placeholder=\"B\u1ea3n d\u1ecbch\"><strong><span class=\"Y2IQFc\" lang=\"en\">I- WARRANTY MODEL<\/span><\/strong><\/p>\n<p id=\"tw-target-text\" class=\"tw-data-text tw-text-large tw-ta\" dir=\"ltr\" data-placeholder=\"B\u1ea3n d\u1ecbch\"><strong><span class=\"Y2IQFc\" lang=\"en\">1. Subject of warranty <\/span><\/strong><\/p>\n<p class=\"tw-data-text tw-text-large tw-ta\" dir=\"ltr\" data-placeholder=\"B\u1ea3n d\u1ecbch\"><span class=\"Y2IQFc\" lang=\"en\">\u2013 Direct purchasing agent at the Company <\/span><\/p>\n<p class=\"tw-data-text tw-text-large tw-ta\" dir=\"ltr\" data-placeholder=\"B\u1ea3n d\u1ecbch\"><span class=\"Y2IQFc\" lang=\"en\">&#8211; Agents do not buy directly from the company <\/span><\/p>\n<p class=\"tw-data-text tw-text-large tw-ta\" dir=\"ltr\" data-placeholder=\"B\u1ea3n d\u1ecbch\"><span class=\"Y2IQFc\" lang=\"en\">\u2013 End consumer<\/span><\/p>\n<p id=\"tw-target-text\" class=\"tw-data-text tw-text-large tw-ta\" dir=\"ltr\" data-placeholder=\"B\u1ea3n d\u1ecbch\"><strong><span class=\"Y2IQFc\" lang=\"en\">2. Warranty period: <\/span><\/strong><\/p>\n<p id=\"tw-target-text\" class=\"tw-data-text tw-text-large tw-ta\" dir=\"ltr\" data-placeholder=\"B\u1ea3n d\u1ecbch\"><span class=\"Y2IQFc\" lang=\"en\">12-month renewal warranty for all Hikvision dash cam products<\/span><\/p>\n<p id=\"tw-target-text\" class=\"tw-data-text tw-text-large tw-ta\" dir=\"ltr\" data-placeholder=\"B\u1ea3n d\u1ecbch\"><span class=\"Y2IQFc\" lang=\"en\"><strong>3.<\/strong> <strong>Warranty return time:<\/strong><\/span><\/p>\n<p id=\"tw-target-text\" class=\"tw-data-text tw-text-large tw-ta\" dir=\"ltr\" data-placeholder=\"B\u1ea3n d\u1ecbch\"><span class=\"Y2IQFc\" lang=\"en\"><strong>3.1 Customers in Hanoi<\/strong> (Customers send and receive warranty directly at \u00a0 No. 38 TT4A Van Quan Urban &#8211; Yen Phuc &#8211; Phuc La &#8211; Ha Dong &#8211; Hanoi)<\/span><\/p>\n<p class=\"tw-data-text tw-text-large tw-ta\" dir=\"ltr\" data-placeholder=\"B\u1ea3n d\u1ecbch\"><span class=\"Y2IQFc\" lang=\"en\">\u2013 <\/span><span class=\"Y2IQFc\" lang=\"en\">Return warranty within 03 &#8211; 05 working days from the date of receipt for all Hikvision products<\/span><\/p>\n<p class=\"tw-data-text tw-text-large tw-ta\" dir=\"ltr\" data-placeholder=\"B\u1ea3n d\u1ecbch\"><span class=\"Y2IQFc\" lang=\"en\">Note: &#8211; Warranty return time does not include holidays and Sundays \u2013 Time to receive goods under warranty: All days of the week except holidays, Saturday afternoon, Sunday.<\/span><\/p>\n<p id=\"tw-target-text\" class=\"tw-data-text tw-text-large tw-ta\" dir=\"ltr\" data-placeholder=\"B\u1ea3n d\u1ecbch\"><span class=\"Y2IQFc\" lang=\"en\"><strong>3.2 Customers in provinces<\/strong> (Customers send and receive warranty indirectly through garages, delivery services &#8230;)<\/span><\/p>\n<p id=\"tw-target-text\" class=\"tw-data-text tw-text-large tw-ta\" dir=\"ltr\" data-placeholder=\"B\u1ea3n d\u1ecbch\"><span class=\"Y2IQFc\" lang=\"en\">\u2013 The warranty period is applied as above plus 02 days to pack and send warranty goods via garage, delivery \u2026 <\/span><\/p>\n<p class=\"tw-data-text tw-text-large tw-ta\" dir=\"ltr\" data-placeholder=\"B\u1ea3n d\u1ecbch\"><span class=\"Y2IQFc\" lang=\"en\">\u2013 In case the customer sends the strip for many days in a row or sends many warranty products at the same time, the warranty return time is calculated according to the time of the product with the longest warranty period but not exceeding 07 working days. work from the date of receipt. Some notes for customers in provinces: <\/span><\/p>\n<p class=\"tw-data-text tw-text-large tw-ta\" dir=\"ltr\" data-placeholder=\"B\u1ea3n d\u1ecbch\"><span class=\"Y2IQFc\" lang=\"en\">\u2013 Customers bear the shipping cost for warranty goods, Nam Thanh Company bears the cost of sending and returning warranty goods (01 way) <\/span><\/p>\n<p class=\"tw-data-text tw-text-large tw-ta\" dir=\"ltr\" data-placeholder=\"B\u1ea3n d\u1ecbch\"><span class=\"Y2IQFc\" lang=\"en\">\u2013 Applicable to customers who are Agents with a contract in Principle. <\/span><\/p>\n<p class=\"tw-data-text tw-text-large tw-ta\" dir=\"ltr\" data-placeholder=\"B\u1ea3n d\u1ecbch\"><span class=\"Y2IQFc\" lang=\"en\">\u2013 Customers can use the courier service to the warranty delivery address (No. 38 TT4A Van Quan Urban &#8211; Yen Phuc &#8211; Phuc La &#8211; Ha Dong &#8211; Hanoi) or Nam Thanh Company will arrange staff pick up warranty goods at shipping points in Hanoi.<\/span><\/p>\n<p id=\"tw-target-text\" class=\"tw-data-text tw-text-large tw-ta\" dir=\"ltr\" data-placeholder=\"B\u1ea3n d\u1ecbch\"><span class=\"Y2IQFc\" lang=\"en\">&#8211; Goods sent (returned goods) under warranty must be packed in a box with a delivery note clearly stating the date, type, quantity, and serial number. In case the quantity of warranty goods actually received (or returned) does not match the attached delivery note, Nam Thanh Company (or the customer) will be responsible for notifying immediately so that the two parties can coordinate to compare and resolve. . After 03 days from the date of receipt of goods under warranty, all complaints about the lack of goods by both parties are not valid. <\/span><\/p>\n<p class=\"tw-data-text tw-text-large tw-ta\" dir=\"ltr\" data-placeholder=\"B\u1ea3n d\u1ecbch\"><span class=\"Y2IQFc\" lang=\"en\">\u2013 Before sending goods (or returning goods) must notify (mail, chat, call) to the warranty staff (if sending (returning) at the shipping point)<\/span><\/p>\n<p id=\"tw-target-text\" class=\"tw-data-text tw-text-large tw-ta\" dir=\"ltr\" data-placeholder=\"B\u1ea3n d\u1ecbch\"><strong><span class=\"Y2IQFc\" lang=\"en\">3.3 Some special cases:<\/span><\/strong><\/p>\n<p class=\"tw-data-text tw-text-large tw-ta\" dir=\"ltr\" data-placeholder=\"B\u1ea3n d\u1ecbch\"><span class=\"Y2IQFc\" lang=\"en\">&#8211;\u00a0 In case there is no warranty return or the product category is no longer distributed. Customers will be paid with another product of equal value and use value as agreed between the two parties. <\/span><\/p>\n<p class=\"tw-data-text tw-text-large tw-ta\" dir=\"ltr\" data-placeholder=\"B\u1ea3n d\u1ecbch\"><span class=\"Y2IQFc\" lang=\"en\">&#8211; In case of disagreement on equivalent products, Nam Thanh Company will refund the money according to the remaining value of the product.<\/span><\/p>\n<p id=\"tw-target-text\" class=\"tw-data-text tw-text-large tw-ta\" dir=\"ltr\" data-placeholder=\"B\u1ea3n d\u1ecbch\"><span class=\"Y2IQFc\" lang=\"en\">4.\u00a0\u00a0\u00a0 Nam Thanh warranty center: <\/span><\/p>\n<p class=\"tw-data-text tw-text-large tw-ta\" dir=\"ltr\" data-placeholder=\"B\u1ea3n d\u1ecbch\"><span class=\"Y2IQFc\" lang=\"en\">&#8211; Location: Nam Thanh Technology and Technology Joint Stock Company &#8211; Address: \u00a0No. 38 TT4A Van Quan Urban &#8211; Yen Phuc &#8211; Phuc La &#8211; Ha Dong &#8211; Hanoi. <\/span><\/p>\n<p class=\"tw-data-text tw-text-large tw-ta\" dir=\"ltr\" data-placeholder=\"B\u1ea3n d\u1ecbch\"><span class=\"Y2IQFc\" lang=\"en\">&#8211; Warranty team leader: Mr.Nam, contact phone number: 0243.7834527 or 0943136014.<\/span><\/p>\n<p id=\"tw-target-text\" class=\"tw-data-text tw-text-large tw-ta\" dir=\"ltr\" data-placeholder=\"B\u1ea3n d\u1ecbch\"><strong><span class=\"Y2IQFc\" lang=\"en\">II-\u00a0\u00a0 CONDITIONS FOR WARRANTY<\/span><\/strong><\/p>\n<p id=\"tw-target-text\" class=\"tw-data-text tw-text-large tw-ta\" dir=\"ltr\" data-placeholder=\"B\u1ea3n d\u1ecbch\"><span class=\"Y2IQFc\" lang=\"en\">&#8211;\u00a0\u00a0 All products distributed by Nam Thanh Company <\/span><\/p>\n<p class=\"tw-data-text tw-text-large tw-ta\" dir=\"ltr\" data-placeholder=\"B\u1ea3n d\u1ecbch\"><span class=\"Y2IQFc\" lang=\"en\">&#8211;\u00a0\u00a0 \u00a0Products within the warranty period are based on the series of products sold <\/span><\/p>\n<p class=\"tw-data-text tw-text-large tw-ta\" dir=\"ltr\" data-placeholder=\"B\u1ea3n d\u1ecbch\"><span class=\"Y2IQFc\" lang=\"en\">&#8211;\u00a0\u00a0 \u00a0Warranty only for products used under normal conditions and due to manufacturer&#8217;s fault. <\/span><\/p>\n<p class=\"tw-data-text tw-text-large tw-ta\" dir=\"ltr\" data-placeholder=\"B\u1ea3n d\u1ecbch\"><span class=\"Y2IQFc\" lang=\"en\">&#8211;\u00a0\u00a0 \u00a0In addition to the above conditions, Nam Thanh Company will receive repair services according to the prior agreement between the two parties. The following cases are considered as breach of warranty conditions:<\/span><\/p>\n<p id=\"tw-target-text\" class=\"tw-data-text tw-text-large tw-ta\" dir=\"ltr\" data-placeholder=\"B\u1ea3n d\u1ecbch\"><span class=\"Y2IQFc\" lang=\"en\">1.\u00a0\u00a0 Products are consumed during use, accessories (Cables) <\/span><\/p>\n<p class=\"tw-data-text tw-text-large tw-ta\" dir=\"ltr\" data-placeholder=\"B\u1ea3n d\u1ecbch\"><span class=\"Y2IQFc\" lang=\"en\">2.\u00a0\u00a0 \u00a0Invalid serial number, bar code (unreadable blurred, scraped, repaired, torn, peeled, &#8230;) <\/span><\/p>\n<p class=\"tw-data-text tw-text-large tw-ta\" dir=\"ltr\" data-placeholder=\"B\u1ea3n d\u1ecbch\"><span class=\"Y2IQFc\" lang=\"en\">3.\u00a0\u00a0 \u00a0Defective products due to force majeure (flood, abnormal power supply\u2026.) <\/span><\/p>\n<p class=\"tw-data-text tw-text-large tw-ta\" dir=\"ltr\" data-placeholder=\"B\u1ea3n d\u1ecbch\"><span class=\"Y2IQFc\" lang=\"en\">4.\u00a0\u00a0 \u00a0Defective product due to customer error (drop, impact, improper transportation\/installation, improper storage and use conditions of the manufacturer with signs of insect infestation, oxygen) goods, self-repair within the warranty period)<\/span><\/p>\n<p id=\"tw-target-text\" class=\"tw-data-text tw-text-large tw-ta\" dir=\"ltr\" data-placeholder=\"B\u1ea3n d\u1ecbch\"><strong><span class=\"Y2IQFc\" lang=\"en\">The above warranty policy is officially applied by Nam Thanh Technology and Technology Joint Stock Company from January 1, 2022. All previous warranties contrary to the above regime are no longer valid.<\/span><\/strong><\/p>\n<p id=\"tw-target-text\" class=\"tw-data-text tw-text-large tw-ta\" dir=\"ltr\" data-placeholder=\"B\u1ea3n d\u1ecbch\"><strong><span class=\"Y2IQFc\" lang=\"en\">III. SEARCH SERIAL NUMBER OF GENUINE HIKVISION PRODUCTS<\/span><\/strong><\/p>\n<p id=\"tw-target-text\" class=\"tw-data-text tw-text-large tw-ta\" dir=\"ltr\" data-placeholder=\"B\u1ea3n d\u1ecbch\"><span class=\"Y2IQFc\" lang=\"en\">&#8211; Nam Thanh Technology and Engineering Joint Stock Company is the official distributor of Hikvision products in Vietnam and there are a number of Hikvision branded products on the market today, but these are foreign products and are not officially distributed by the company. Nam Thanh distributes. <\/span><\/p>\n<p class=\"tw-data-text tw-text-large tw-ta\" dir=\"ltr\" data-placeholder=\"B\u1ea3n d\u1ecbch\"><span class=\"Y2IQFc\" lang=\"en\">&#8211; To help customers identify genuine products, Nam Thanh company offers a form of checking the product&#8217;s serial number directly on the website www.namthanh.com.vn\/en. Consumers enter the Serial number to check whether their Hikvision product is genuine or not.<\/span><\/p>\n<\/div>\n<div class=\"supportContent\" style=\"text-align: justify;\">\n<p id=\"tw-target-text\" class=\"tw-data-text tw-text-large tw-ta\" dir=\"ltr\" data-placeholder=\"B\u1ea3n d\u1ecbch\"><strong><span class=\"Y2IQFc\" lang=\"en\">Step 1: Find the Serial number of the product Hikvision<\/span><\/strong><\/p>\n<div>\n<p id=\"tw-target-text\" class=\"tw-data-text tw-text-large tw-ta\" dir=\"ltr\" data-placeholder=\"B\u1ea3n d\u1ecbch\"><span class=\"Y2IQFc\" lang=\"en\">The Hikvision product&#8217;s serial number can be found on the packaging and on the product itself. The Serial Number is affixed on both the packaging and the back of yoobao and these 2 Serial numbers must match.<\/span><\/p>\n<\/div>\n<\/div>\n<div class=\"contentModule\" style=\"text-align: justify;\">\n<div class=\"text\">\n<p id=\"tw-target-text\" class=\"tw-data-text tw-text-large tw-ta\" dir=\"ltr\" data-placeholder=\"B\u1ea3n d\u1ecbch\"><strong><span class=\"Y2IQFc\" lang=\"en\">Step 2: Enter the serial number in the search box<\/span><\/strong><\/p>\n<\/div>\n<\/div>\n<p id=\"tw-target-text\" class=\"tw-data-text tw-text-large tw-ta\" dir=\"ltr\" data-placeholder=\"B\u1ea3n d\u1ecbch\"><span class=\"Y2IQFc\" lang=\"en\">Enter the correct Serial number in the search box below to check the genuine Hikvision product:<\/span><\/p>\n<\/div>\n<\/div>\n<a href=\"http:\/\/microlab.vn\/vn\/Tra-cuu-bao-hanh\/HIKVISION.aspx\" target=\"_self\" class=\"button primary\"  >\n    <span>Check INSURANCE<\/span>\n  <\/a>\n\n","protected":false},"excerpt":{"rendered":"<p>I. HIKVISION PRODUCT WARRANTY POLICY I- WARRANTY MODEL 1. Subject of warranty \u2013 Direct purchasing agent at the Company &#8211; Agents do not buy directly from the company \u2013 End consumer 2. Warranty period: 12-month renewal warranty for all Hikvision dash cam products 3. Warranty return time: 3.1 Customers in Hanoi (Customers send and receive&#8230;<\/p>\n","protected":false},"author":3,"featured_media":0,"parent":559,"menu_order":0,"comment_status":"closed","ping_status":"closed","template":"page-right-sidebar.php","meta":[],"yoast_head":"<!-- This site is optimized with the Yoast SEO plugin v19.5.1 - https:\/\/yoast.com\/wordpress\/plugins\/seo\/ -->\n<title>HIKVISION - Nam Th\u00e0nh<\/title>\n<meta name=\"description\" content=\"Ch\u00ednh s\u00e1ch b\u1ea3o h\u00e0nh v\u00e0 tra c\u1ee9u seri s\u1ea3n ph\u1ea9m Rapoo\" \/>\n<meta name=\"robots\" content=\"index, follow, max-snippet:-1, max-image-preview:large, max-video-preview:-1\" \/>\n<link rel=\"canonical\" href=\"https:\/\/namthanh.com.vn\/en\/bao-hanh\/dahua-2\/\" \/>\n<meta property=\"og:locale\" content=\"en_US\" \/>\n<meta property=\"og:type\" content=\"article\" \/>\n<meta property=\"og:title\" content=\"HIKVISION - Nam Th\u00e0nh\" \/>\n<meta property=\"og:description\" content=\"Ch\u00ednh s\u00e1ch b\u1ea3o h\u00e0nh v\u00e0 tra c\u1ee9u seri s\u1ea3n ph\u1ea9m Rapoo\" \/>\n<meta property=\"og:url\" content=\"https:\/\/namthanh.com.vn\/en\/bao-hanh\/dahua-2\/\" \/>\n<meta property=\"og:site_name\" content=\"Nam Th\u00e0nh\" \/>\n<meta property=\"article:modified_time\" content=\"2023-03-01T04:54:47+00:00\" \/>\n<meta name=\"twitter:card\" content=\"summary_large_image\" \/>\n<meta name=\"twitter:label1\" content=\"Est. reading time\" \/>\n\t<meta name=\"twitter:data1\" content=\"4 minutes\" \/>\n<script type=\"application\/ld+json\" class=\"yoast-schema-graph\">{\"@context\":\"https:\/\/schema.org\",\"@graph\":[{\"@type\":\"WebPage\",\"@id\":\"https:\/\/namthanh.com.vn\/en\/bao-hanh\/dahua-2\/\",\"url\":\"https:\/\/namthanh.com.vn\/en\/bao-hanh\/dahua-2\/\",\"name\":\"HIKVISION - Nam Th\u00e0nh\",\"isPartOf\":{\"@id\":\"https:\/\/namthanh.com.vn\/en\/#website\"},\"datePublished\":\"2022-06-21T06:57:55+00:00\",\"dateModified\":\"2023-03-01T04:54:47+00:00\",\"description\":\"Ch\u00ednh s\u00e1ch b\u1ea3o h\u00e0nh v\u00e0 tra c\u1ee9u seri s\u1ea3n ph\u1ea9m Rapoo\",\"breadcrumb\":{\"@id\":\"https:\/\/namthanh.com.vn\/en\/bao-hanh\/dahua-2\/#breadcrumb\"},\"inLanguage\":\"en-US\",\"potentialAction\":[{\"@type\":\"ReadAction\",\"target\":[\"https:\/\/namthanh.com.vn\/en\/bao-hanh\/dahua-2\/\"]}]},{\"@type\":\"BreadcrumbList\",\"@id\":\"https:\/\/namthanh.com.vn\/en\/bao-hanh\/dahua-2\/#breadcrumb\",\"itemListElement\":[{\"@type\":\"ListItem\",\"position\":1,\"name\":\"Home\",\"item\":\"https:\/\/namthanh.com.vn\/en\/\"},{\"@type\":\"ListItem\",\"position\":2,\"name\":\"Insurance\",\"item\":\"https:\/\/namthanh.com.vn\/en\/bao-hanh\/\"},{\"@type\":\"ListItem\",\"position\":3,\"name\":\"HIKVISION\"}]},{\"@type\":\"WebSite\",\"@id\":\"https:\/\/namthanh.com.vn\/en\/#website\",\"url\":\"https:\/\/namthanh.com.vn\/en\/\",\"name\":\"Nam Th\u00e0nh\",\"description\":\"HTH\",\"potentialAction\":[{\"@type\":\"SearchAction\",\"target\":{\"@type\":\"EntryPoint\",\"urlTemplate\":\"https:\/\/namthanh.com.vn\/en\/?s={search_term_string}\"},\"query-input\":\"required name=search_term_string\"}],\"inLanguage\":\"en-US\"}]}<\/script>\n<!-- \/ Yoast SEO plugin. -->","yoast_head_json":{"title":"HIKVISION - Nam Th\u00e0nh","description":"Ch\u00ednh s\u00e1ch b\u1ea3o h\u00e0nh v\u00e0 tra c\u1ee9u seri s\u1ea3n ph\u1ea9m Rapoo","robots":{"index":"index","follow":"follow","max-snippet":"max-snippet:-1","max-image-preview":"max-image-preview:large","max-video-preview":"max-video-preview:-1"},"canonical":"https:\/\/namthanh.com.vn\/en\/bao-hanh\/dahua-2\/","og_locale":"en_US","og_type":"article","og_title":"HIKVISION - Nam Th\u00e0nh","og_description":"Ch\u00ednh s\u00e1ch b\u1ea3o h\u00e0nh v\u00e0 tra c\u1ee9u seri s\u1ea3n ph\u1ea9m Rapoo","og_url":"https:\/\/namthanh.com.vn\/en\/bao-hanh\/dahua-2\/","og_site_name":"Nam Th\u00e0nh","article_modified_time":"2023-03-01T04:54:47+00:00","twitter_card":"summary_large_image","twitter_misc":{"Est. reading time":"4 minutes"},"schema":{"@context":"https:\/\/schema.org","@graph":[{"@type":"WebPage","@id":"https:\/\/namthanh.com.vn\/en\/bao-hanh\/dahua-2\/","url":"https:\/\/namthanh.com.vn\/en\/bao-hanh\/dahua-2\/","name":"HIKVISION - Nam Th\u00e0nh","isPartOf":{"@id":"https:\/\/namthanh.com.vn\/en\/#website"},"datePublished":"2022-06-21T06:57:55+00:00","dateModified":"2023-03-01T04:54:47+00:00","description":"Ch\u00ednh s\u00e1ch b\u1ea3o h\u00e0nh v\u00e0 tra c\u1ee9u seri s\u1ea3n ph\u1ea9m Rapoo","breadcrumb":{"@id":"https:\/\/namthanh.com.vn\/en\/bao-hanh\/dahua-2\/#breadcrumb"},"inLanguage":"en-US","potentialAction":[{"@type":"ReadAction","target":["https:\/\/namthanh.com.vn\/en\/bao-hanh\/dahua-2\/"]}]},{"@type":"BreadcrumbList","@id":"https:\/\/namthanh.com.vn\/en\/bao-hanh\/dahua-2\/#breadcrumb","itemListElement":[{"@type":"ListItem","position":1,"name":"Home","item":"https:\/\/namthanh.com.vn\/en\/"},{"@type":"ListItem","position":2,"name":"Insurance","item":"https:\/\/namthanh.com.vn\/en\/bao-hanh\/"},{"@type":"ListItem","position":3,"name":"HIKVISION"}]},{"@type":"WebSite","@id":"https:\/\/namthanh.com.vn\/en\/#website","url":"https:\/\/namthanh.com.vn\/en\/","name":"Nam Th\u00e0nh","description":"HTH","potentialAction":[{"@type":"SearchAction","target":{"@type":"EntryPoint","urlTemplate":"https:\/\/namthanh.com.vn\/en\/?s={search_term_string}"},"query-input":"required name=search_term_string"}],"inLanguage":"en-US"}]}},"_links":{"self":[{"href":"https:\/\/namthanh.com.vn\/en\/wp-json\/wp\/v2\/pages\/1943"}],"collection":[{"href":"https:\/\/namthanh.com.vn\/en\/wp-json\/wp\/v2\/pages"}],"about":[{"href":"https:\/\/namthanh.com.vn\/en\/wp-json\/wp\/v2\/types\/page"}],"author":[{"embeddable":true,"href":"https:\/\/namthanh.com.vn\/en\/wp-json\/wp\/v2\/users\/3"}],"replies":[{"embeddable":true,"href":"https:\/\/namthanh.com.vn\/en\/wp-json\/wp\/v2\/comments?post=1943"}],"version-history":[{"count":7,"href":"https:\/\/namthanh.com.vn\/en\/wp-json\/wp\/v2\/pages\/1943\/revisions"}],"predecessor-version":[{"id":6562,"href":"https:\/\/namthanh.com.vn\/en\/wp-json\/wp\/v2\/pages\/1943\/revisions\/6562"}],"up":[{"embeddable":true,"href":"https:\/\/namthanh.com.vn\/en\/wp-json\/wp\/v2\/pages\/559"}],"wp:attachment":[{"href":"https:\/\/namthanh.com.vn\/en\/wp-json\/wp\/v2\/media?parent=1943"}],"curies":[{"name":"wp","href":"https:\/\/api.w.org\/{rel}","templated":true}]}}