{"id":1037,"date":"2022-04-14T09:27:30","date_gmt":"2022-04-14T02:27:30","guid":{"rendered":"https:\/\/microlab.vn\/?post_type=product&#038;p=1037"},"modified":"2022-04-14T09:27:30","modified_gmt":"2022-04-14T02:27:30","slug":"u25","status":"publish","type":"product","link":"https:\/\/namthanh.com.vn\/en\/u25\/","title":{"rendered":"U25"},"content":{"rendered":"<p>S\u1ea3n ph\u1ea9m thi\u1ebft k\u1ebf \u0111\u1ed9c \u0111\u00e1o, ti\u1ec7n d\u1ee5ng \u0111\u1ec3 b\u1ed1 tr\u00ed t\u1ea1i nhi\u1ec1u v\u1ecb tr\u00ed trong nh\u00e0.<\/p>\n<p>&#8211; Thi\u1ebft b\u1ecb thu ph\u00e1t kh\u00f4ng d\u00e2y chu\u1ea9n N, t\u1ed1c \u0111\u1ed9 300Mbps,.<\/p>\n<p>&#8211; Gi\u00fap m\u1edf r\u1ed9ng ph\u1ea1m vi ph\u1ee7 s\u00f3ng kh\u00f4ng d\u00e2y.<\/p>\n<p>&#8211; D\u1ec5 d\u00e0ng thi\u1ebft l\u1eadp b\u1ea3o m\u1eadt v\u1edbi m\u1ed9t n\u00fat WPS<\/p>\n","protected":false},"excerpt":{"rendered":"<table>\n<tbody>\n<tr>\n<td>Model<\/td>\n<td>U25<\/td>\n<\/tr>\n<tr>\n<td>Name<\/td>\n<td>300M\u00a0Wireiess\u00a0Repeater<\/td>\n<\/tr>\n<tr>\n<td>SOC\u00a0Chipset<\/td>\n<td>RTL8196E<\/td>\n<\/tr>\n<tr>\n<td>CPU\u00a0Clock\u00a0Rate<\/td>\n<td>400MHz<\/td>\n<\/tr>\n<tr>\n<td>24GHz\/5GHz\u00a0RF\u00a0Chipset<\/td>\n<td>RTL8192ER<\/td>\n<\/tr>\n<tr>\n<td>10\/100\u00a0Switch<\/td>\n<td>RTL8196E<\/td>\n<\/tr>\n<tr>\n<td>Flash<\/td>\n<td>4MB<\/td>\n<\/tr>\n<tr>\n<td>Memory<\/td>\n<td>32MB<\/td>\n<\/tr>\n<tr>\n<td>Antenna<\/td>\n<td>2root\u00a02dBi\u00a0FPC\u00a0antenna<\/td>\n<\/tr>\n<tr>\n<td>Interface<\/td>\n<td>WAN\uff0fLAN\u00a0\u00a01\u00a0\u00a010\/100M\u00a0Auto\u00a0MDI\/MDIX\u00a0RJ45\u00a0port<\/td>\n<\/tr>\n<tr>\n<td>System\u00a0Requirement<\/td>\n<td>Wired\u00a0or\u00a0wireless\u00a0PC\/Mac\u00a0an\u00a0available\u00a0802.11a\/b\/g\/n\u00a0wireless\u00a0network<\/td>\n<\/tr>\n<tr>\n<td>Wireless\u00a0Mode<\/td>\n<td>Router+Access\u00a0Point\u00a0,\u00a0,\u00a0Repeater\u00a0mode,\u00a0Router+Client\u00a0mode<\/td>\n<\/tr>\n<tr>\n<td>Wireless\u00a0Standards<\/td>\n<td>IEEE\u00a0802.3\u3001IEEE\u00a0802.3u\u3001IEEE\u00a0802.11n\u3001IEEE\u00a0802.11g\u3001IEEE\u00a0802.11b<\/td>\n<\/tr>\n<tr>\n<td>Wireless\u00a0data\u00a0rates<\/td>\n<td>300Mbps<\/td>\n<\/tr>\n<tr>\n<td>Encryption<\/td>\n<td>64\/128bits\u00a0WEP;\u00a0WPA\/WPA2\u00a0encryption<\/td>\n<\/tr>\n<tr>\n<td>Frequency\u00a0band<\/td>\n<td>2.4GHz<\/td>\n<\/tr>\n<tr>\n<td>Power\u00a0Adapter<\/td>\n<td>5V\/1A<\/td>\n<\/tr>\n<tr>\n<td>Appearance\u00a0of\u00a0size<\/td>\n<td>86mmx54mmx42mm<\/td>\n<\/tr>\n<\/tbody>\n<\/table>\n","protected":false},"featured_media":1038,"comment_status":"closed","ping_status":"closed","template":"","meta":[],"product_cat":[15],"product_tag":[],"yoast_head":"<!-- This site is optimized with the Yoast SEO plugin v19.5.1 - https:\/\/yoast.com\/wordpress\/plugins\/seo\/ -->\n<title>U25 - Nam Th\u00e0nh<\/title>\n<meta name=\"robots\" content=\"index, follow, max-snippet:-1, max-image-preview:large, max-video-preview:-1\" \/>\n<link rel=\"canonical\" href=\"https:\/\/namthanh.com.vn\/en\/u25\/\" \/>\n<meta property=\"og:locale\" content=\"en_US\" \/>\n<meta property=\"og:type\" content=\"article\" \/>\n<meta property=\"og:title\" content=\"U25 - Nam Th\u00e0nh\" \/>\n<meta property=\"og:description\" content=\"Model U25   Name 300M\u00a0Wireiess\u00a0Repeater   SOC\u00a0Chipset RTL8196E   CPU\u00a0Clock\u00a0Rate 400MHz   24GHz\/5GHz\u00a0RF\u00a0Chipset RTL8192ER   10\/100\u00a0Switch RTL8196E   Flash 4MB   Memory 32MB   Antenna 2root\u00a02dBi\u00a0FPC\u00a0antenna   Interface WAN\uff0fLAN\u00a0\u00a01\u00a0\u00a010\/100M\u00a0Auto\u00a0MDI\/MDIX\u00a0RJ45\u00a0port   System\u00a0Requirement Wired\u00a0or\u00a0wireless\u00a0PC\/Mac\u00a0an\u00a0available\u00a0802.11a\/b\/g\/n\u00a0wireless\u00a0network   Wireless\u00a0Mode Router+Access\u00a0Point\u00a0,\u00a0,\u00a0Repeater\u00a0mode,\u00a0Router+Client\u00a0mode   Wireless\u00a0Standards IEEE\u00a0802.3\u3001IEEE\u00a0802.3u\u3001IEEE\u00a0802.11n\u3001IEEE\u00a0802.11g\u3001IEEE\u00a0802.11b   Wireless\u00a0data\u00a0rates 300Mbps   Encryption 64\/128bits\u00a0WEP;\u00a0WPA\/WPA2\u00a0encryption   Frequency\u00a0band 2.4GHz   Power\u00a0Adapter 5V\/1A   Appearance\u00a0of\u00a0size 86mmx54mmx42mm\" \/>\n<meta property=\"og:url\" content=\"https:\/\/namthanh.com.vn\/en\/u25\/\" \/>\n<meta property=\"og:site_name\" content=\"Nam Th\u00e0nh\" \/>\n<meta property=\"og:image\" content=\"https:\/\/namthanh.com.vn\/en\/wp-content\/uploads\/2022\/04\/U25x311x254x2.jpg\" \/>\n\t<meta property=\"og:image:width\" content=\"311\" \/>\n\t<meta property=\"og:image:height\" content=\"254\" \/>\n\t<meta property=\"og:image:type\" content=\"image\/jpeg\" \/>\n<meta name=\"twitter:card\" content=\"summary_large_image\" \/>\n<meta name=\"twitter:label1\" content=\"Est. reading time\" \/>\n\t<meta name=\"twitter:data1\" content=\"1 minute\" \/>\n<script type=\"application\/ld+json\" class=\"yoast-schema-graph\">{\"@context\":\"https:\/\/schema.org\",\"@graph\":[{\"@type\":\"WebPage\",\"@id\":\"https:\/\/namthanh.com.vn\/en\/u25\/\",\"url\":\"https:\/\/namthanh.com.vn\/en\/u25\/\",\"name\":\"U25 - Nam Th\u00e0nh\",\"isPartOf\":{\"@id\":\"https:\/\/namthanh.com.vn\/en\/#website\"},\"datePublished\":\"2022-04-14T02:27:30+00:00\",\"dateModified\":\"2022-04-14T02:27:30+00:00\",\"breadcrumb\":{\"@id\":\"https:\/\/namthanh.com.vn\/en\/u25\/#breadcrumb\"},\"inLanguage\":\"en-US\",\"potentialAction\":[{\"@type\":\"ReadAction\",\"target\":[\"https:\/\/namthanh.com.vn\/en\/u25\/\"]}]},{\"@type\":\"BreadcrumbList\",\"@id\":\"https:\/\/namthanh.com.vn\/en\/u25\/#breadcrumb\",\"itemListElement\":[{\"@type\":\"ListItem\",\"position\":1,\"name\":\"Home\",\"item\":\"https:\/\/namthanh.com.vn\/en\/\"},{\"@type\":\"ListItem\",\"position\":2,\"name\":\"Shop\",\"item\":\"https:\/\/namthanh.com.vn\/en\/shop\/\"},{\"@type\":\"ListItem\",\"position\":3,\"name\":\"Uncategorized\",\"item\":\"https:\/\/namthanh.com.vn\/en\/uncategorized\/\"},{\"@type\":\"ListItem\",\"position\":4,\"name\":\"U25\"}]},{\"@type\":\"WebSite\",\"@id\":\"https:\/\/namthanh.com.vn\/en\/#website\",\"url\":\"https:\/\/namthanh.com.vn\/en\/\",\"name\":\"Nam Th\u00e0nh\",\"description\":\"HTH\",\"potentialAction\":[{\"@type\":\"SearchAction\",\"target\":{\"@type\":\"EntryPoint\",\"urlTemplate\":\"https:\/\/namthanh.com.vn\/en\/?s={search_term_string}\"},\"query-input\":\"required name=search_term_string\"}],\"inLanguage\":\"en-US\"}]}<\/script>\n<!-- \/ Yoast SEO plugin. -->","yoast_head_json":{"title":"U25 - Nam Th\u00e0nh","robots":{"index":"index","follow":"follow","max-snippet":"max-snippet:-1","max-image-preview":"max-image-preview:large","max-video-preview":"max-video-preview:-1"},"canonical":"https:\/\/namthanh.com.vn\/en\/u25\/","og_locale":"en_US","og_type":"article","og_title":"U25 - Nam Th\u00e0nh","og_description":"Model U25   Name 300M\u00a0Wireiess\u00a0Repeater   SOC\u00a0Chipset RTL8196E   CPU\u00a0Clock\u00a0Rate 400MHz   24GHz\/5GHz\u00a0RF\u00a0Chipset RTL8192ER   10\/100\u00a0Switch RTL8196E   Flash 4MB   Memory 32MB   Antenna 2root\u00a02dBi\u00a0FPC\u00a0antenna   Interface WAN\uff0fLAN\u00a0\u00a01\u00a0\u00a010\/100M\u00a0Auto\u00a0MDI\/MDIX\u00a0RJ45\u00a0port   System\u00a0Requirement Wired\u00a0or\u00a0wireless\u00a0PC\/Mac\u00a0an\u00a0available\u00a0802.11a\/b\/g\/n\u00a0wireless\u00a0network   Wireless\u00a0Mode Router+Access\u00a0Point\u00a0,\u00a0,\u00a0Repeater\u00a0mode,\u00a0Router+Client\u00a0mode   Wireless\u00a0Standards IEEE\u00a0802.3\u3001IEEE\u00a0802.3u\u3001IEEE\u00a0802.11n\u3001IEEE\u00a0802.11g\u3001IEEE\u00a0802.11b   Wireless\u00a0data\u00a0rates 300Mbps   Encryption 64\/128bits\u00a0WEP;\u00a0WPA\/WPA2\u00a0encryption   Frequency\u00a0band 2.4GHz   Power\u00a0Adapter 5V\/1A   Appearance\u00a0of\u00a0size 86mmx54mmx42mm","og_url":"https:\/\/namthanh.com.vn\/en\/u25\/","og_site_name":"Nam Th\u00e0nh","og_image":[{"width":311,"height":254,"url":"https:\/\/namthanh.com.vn\/en\/wp-content\/uploads\/2022\/04\/U25x311x254x2.jpg","type":"image\/jpeg"}],"twitter_card":"summary_large_image","twitter_misc":{"Est. reading time":"1 minute"},"schema":{"@context":"https:\/\/schema.org","@graph":[{"@type":"WebPage","@id":"https:\/\/namthanh.com.vn\/en\/u25\/","url":"https:\/\/namthanh.com.vn\/en\/u25\/","name":"U25 - Nam Th\u00e0nh","isPartOf":{"@id":"https:\/\/namthanh.com.vn\/en\/#website"},"datePublished":"2022-04-14T02:27:30+00:00","dateModified":"2022-04-14T02:27:30+00:00","breadcrumb":{"@id":"https:\/\/namthanh.com.vn\/en\/u25\/#breadcrumb"},"inLanguage":"en-US","potentialAction":[{"@type":"ReadAction","target":["https:\/\/namthanh.com.vn\/en\/u25\/"]}]},{"@type":"BreadcrumbList","@id":"https:\/\/namthanh.com.vn\/en\/u25\/#breadcrumb","itemListElement":[{"@type":"ListItem","position":1,"name":"Home","item":"https:\/\/namthanh.com.vn\/en\/"},{"@type":"ListItem","position":2,"name":"Shop","item":"https:\/\/namthanh.com.vn\/en\/shop\/"},{"@type":"ListItem","position":3,"name":"Uncategorized","item":"https:\/\/namthanh.com.vn\/en\/uncategorized\/"},{"@type":"ListItem","position":4,"name":"U25"}]},{"@type":"WebSite","@id":"https:\/\/namthanh.com.vn\/en\/#website","url":"https:\/\/namthanh.com.vn\/en\/","name":"Nam Th\u00e0nh","description":"HTH","potentialAction":[{"@type":"SearchAction","target":{"@type":"EntryPoint","urlTemplate":"https:\/\/namthanh.com.vn\/en\/?s={search_term_string}"},"query-input":"required name=search_term_string"}],"inLanguage":"en-US"}]}},"_links":{"self":[{"href":"https:\/\/namthanh.com.vn\/en\/wp-json\/wp\/v2\/product\/1037"}],"collection":[{"href":"https:\/\/namthanh.com.vn\/en\/wp-json\/wp\/v2\/product"}],"about":[{"href":"https:\/\/namthanh.com.vn\/en\/wp-json\/wp\/v2\/types\/product"}],"replies":[{"embeddable":true,"href":"https:\/\/namthanh.com.vn\/en\/wp-json\/wp\/v2\/comments?post=1037"}],"wp:featuredmedia":[{"embeddable":true,"href":"https:\/\/namthanh.com.vn\/en\/wp-json\/wp\/v2\/media\/1038"}],"wp:attachment":[{"href":"https:\/\/namthanh.com.vn\/en\/wp-json\/wp\/v2\/media?parent=1037"}],"wp:term":[{"taxonomy":"product_cat","embeddable":true,"href":"https:\/\/namthanh.com.vn\/en\/wp-json\/wp\/v2\/product_cat?post=1037"},{"taxonomy":"product_tag","embeddable":true,"href":"https:\/\/namthanh.com.vn\/en\/wp-json\/wp\/v2\/product_tag?post=1037"}],"curies":[{"name":"wp","href":"https:\/\/api.w.org\/{rel}","templated":true}]}}