{"id":1083,"date":"2022-04-14T16:55:12","date_gmt":"2022-04-14T09:55:12","guid":{"rendered":"https:\/\/microlab.vn\/?post_type=product&#038;p=1083"},"modified":"2022-04-14T16:55:12","modified_gmt":"2022-04-14T09:55:12","slug":"pin-sac-du-phong-yb-sp2","status":"publish","type":"product","link":"https:\/\/namthanh.com.vn\/en\/pin-sac-du-phong-yb-sp2\/","title":{"rendered":"Pin s\u1ea1c d\u1ef1 ph\u00f2ng YB SP2"},"content":{"rendered":"<div id=\"tabscollection\">\n<div id=\"tab1\">\n<p>Dung l\u01b0\u1ee3ng 10.000 mAh &#8211; thi\u1ebft k\u1ebf th\u1eddi trang tr\u1ebb trung c\u00e1 t\u00ednh, th\u00edch h\u1ee3p mang \u0111i m\u1ecdi n\u01a1i. M\u00e0u s\u1eafc: Xanh l\u00e1 c\u00e2y\/V\u00e0ng Gold; kh\u1ed1i l\u01b0\u1ee3ng: 270g<br \/>\nv\u1eadt li\u1ec7u: h\u1ee3p kim nh\u00f4m &#8211; magi\u00ea (Al-Mg), k\u00edch th\u01b0\u1edbc:137*59*22 mm,\u00a0 ph\u1ee5 ki\u1ec7n k\u00e8m theo: 1 s\u1ee3i c\u00e1p micro USB. \u0110i\u1ec7n \u00e1p \u0111\u1ea7u v\u00e0o:DC5V, 2A(Max), \u0111i\u1ec7n \u00e1p \u0111\u1ea7u ra:DC5.3V, 2A\/1A (Max). C\u00f3 th\u1ec3 s\u1ea1c 2 thi\u1ebft b\u1ecb c\u00f9ng m\u1ed9t l\u00fac.<\/p>\n<\/div>\n<\/div>\n<div id=\"otherproduct\"><\/div>\n","protected":false},"excerpt":{"rendered":"<p><span class=\"rowone\">M\u00e3 s\u1ea3n ph\u1ea9m :<\/span><span class=\"rowtwo\">Pin s\u1ea1c d\u1ef1 ph\u00f2ng YB SP2<\/span><br \/>\n<span class=\"rowone\">H\u00e3ng s\u1ea3n xu\u1ea5t :<\/span><span class=\"rowtwo\">YOOBAO<\/span><br \/>\n<span class=\"rowone\">Gi\u00e1 b\u00e1n :<\/span><span class=\"rowtwo\">0 VN\u0110<\/span><br \/>\n<span class=\"rowone\">T\u00ecnh tr\u1ea1ng :<\/span><span class=\"rowtwo\">C\u00f2n h\u00e0ng<\/span><br \/>\n<span class=\"rowone\">S\u1ed1 l\u01b0\u1ee3t xem :<\/span><span class=\"rowtwo\">3.141<\/span><\/p>\n","protected":false},"featured_media":1084,"comment_status":"closed","ping_status":"closed","template":"","meta":[],"product_cat":[15],"product_tag":[],"yoast_head":"<!-- This site is optimized with the Yoast SEO plugin v19.5.1 - https:\/\/yoast.com\/wordpress\/plugins\/seo\/ -->\n<title>Pin s\u1ea1c d\u1ef1 ph\u00f2ng YB SP2 - Nam Th\u00e0nh<\/title>\n<meta name=\"robots\" content=\"index, follow, max-snippet:-1, max-image-preview:large, max-video-preview:-1\" \/>\n<link rel=\"canonical\" href=\"https:\/\/namthanh.com.vn\/en\/pin-sac-du-phong-yb-sp2\/\" \/>\n<meta property=\"og:locale\" content=\"en_US\" \/>\n<meta property=\"og:type\" content=\"article\" \/>\n<meta property=\"og:title\" content=\"Pin s\u1ea1c d\u1ef1 ph\u00f2ng YB SP2 - Nam Th\u00e0nh\" \/>\n<meta property=\"og:description\" content=\"M\u00e3 s\u1ea3n ph\u1ea9m :Pin s\u1ea1c d\u1ef1 ph\u00f2ng YB SP2 H\u00e3ng s\u1ea3n xu\u1ea5t :YOOBAO Gi\u00e1 b\u00e1n :0 VN\u0110 T\u00ecnh tr\u1ea1ng :C\u00f2n h\u00e0ng S\u1ed1 l\u01b0\u1ee3t xem :3.141\" \/>\n<meta property=\"og:url\" content=\"https:\/\/namthanh.com.vn\/en\/pin-sac-du-phong-yb-sp2\/\" \/>\n<meta property=\"og:site_name\" content=\"Nam Th\u00e0nh\" \/>\n<meta property=\"og:image\" content=\"https:\/\/namthanh.com.vn\/en\/wp-content\/uploads\/2022\/04\/Yoobao_Sp2x311x254x2.jpg\" \/>\n\t<meta property=\"og:image:width\" content=\"311\" \/>\n\t<meta property=\"og:image:height\" content=\"254\" \/>\n\t<meta property=\"og:image:type\" content=\"image\/jpeg\" \/>\n<meta name=\"twitter:card\" content=\"summary_large_image\" \/>\n<meta name=\"twitter:label1\" content=\"Est. reading time\" \/>\n\t<meta name=\"twitter:data1\" content=\"1 minute\" \/>\n<script type=\"application\/ld+json\" class=\"yoast-schema-graph\">{\"@context\":\"https:\/\/schema.org\",\"@graph\":[{\"@type\":\"WebPage\",\"@id\":\"https:\/\/namthanh.com.vn\/en\/pin-sac-du-phong-yb-sp2\/\",\"url\":\"https:\/\/namthanh.com.vn\/en\/pin-sac-du-phong-yb-sp2\/\",\"name\":\"Pin s\u1ea1c d\u1ef1 ph\u00f2ng YB SP2 - Nam Th\u00e0nh\",\"isPartOf\":{\"@id\":\"https:\/\/namthanh.com.vn\/en\/#website\"},\"datePublished\":\"2022-04-14T09:55:12+00:00\",\"dateModified\":\"2022-04-14T09:55:12+00:00\",\"breadcrumb\":{\"@id\":\"https:\/\/namthanh.com.vn\/en\/pin-sac-du-phong-yb-sp2\/#breadcrumb\"},\"inLanguage\":\"en-US\",\"potentialAction\":[{\"@type\":\"ReadAction\",\"target\":[\"https:\/\/namthanh.com.vn\/en\/pin-sac-du-phong-yb-sp2\/\"]}]},{\"@type\":\"BreadcrumbList\",\"@id\":\"https:\/\/namthanh.com.vn\/en\/pin-sac-du-phong-yb-sp2\/#breadcrumb\",\"itemListElement\":[{\"@type\":\"ListItem\",\"position\":1,\"name\":\"Home\",\"item\":\"https:\/\/namthanh.com.vn\/en\/\"},{\"@type\":\"ListItem\",\"position\":2,\"name\":\"Shop\",\"item\":\"https:\/\/namthanh.com.vn\/en\/shop\/\"},{\"@type\":\"ListItem\",\"position\":3,\"name\":\"Uncategorized\",\"item\":\"https:\/\/namthanh.com.vn\/en\/uncategorized\/\"},{\"@type\":\"ListItem\",\"position\":4,\"name\":\"Pin s\u1ea1c d\u1ef1 ph\u00f2ng YB SP2\"}]},{\"@type\":\"WebSite\",\"@id\":\"https:\/\/namthanh.com.vn\/en\/#website\",\"url\":\"https:\/\/namthanh.com.vn\/en\/\",\"name\":\"Nam Th\u00e0nh\",\"description\":\"HTH\",\"potentialAction\":[{\"@type\":\"SearchAction\",\"target\":{\"@type\":\"EntryPoint\",\"urlTemplate\":\"https:\/\/namthanh.com.vn\/en\/?s={search_term_string}\"},\"query-input\":\"required name=search_term_string\"}],\"inLanguage\":\"en-US\"}]}<\/script>\n<!-- \/ Yoast SEO plugin. -->","yoast_head_json":{"title":"Pin s\u1ea1c d\u1ef1 ph\u00f2ng YB SP2 - Nam Th\u00e0nh","robots":{"index":"index","follow":"follow","max-snippet":"max-snippet:-1","max-image-preview":"max-image-preview:large","max-video-preview":"max-video-preview:-1"},"canonical":"https:\/\/namthanh.com.vn\/en\/pin-sac-du-phong-yb-sp2\/","og_locale":"en_US","og_type":"article","og_title":"Pin s\u1ea1c d\u1ef1 ph\u00f2ng YB SP2 - Nam Th\u00e0nh","og_description":"M\u00e3 s\u1ea3n ph\u1ea9m :Pin s\u1ea1c d\u1ef1 ph\u00f2ng YB SP2 H\u00e3ng s\u1ea3n xu\u1ea5t :YOOBAO Gi\u00e1 b\u00e1n :0 VN\u0110 T\u00ecnh tr\u1ea1ng :C\u00f2n h\u00e0ng S\u1ed1 l\u01b0\u1ee3t xem :3.141","og_url":"https:\/\/namthanh.com.vn\/en\/pin-sac-du-phong-yb-sp2\/","og_site_name":"Nam Th\u00e0nh","og_image":[{"width":311,"height":254,"url":"https:\/\/namthanh.com.vn\/en\/wp-content\/uploads\/2022\/04\/Yoobao_Sp2x311x254x2.jpg","type":"image\/jpeg"}],"twitter_card":"summary_large_image","twitter_misc":{"Est. reading time":"1 minute"},"schema":{"@context":"https:\/\/schema.org","@graph":[{"@type":"WebPage","@id":"https:\/\/namthanh.com.vn\/en\/pin-sac-du-phong-yb-sp2\/","url":"https:\/\/namthanh.com.vn\/en\/pin-sac-du-phong-yb-sp2\/","name":"Pin s\u1ea1c d\u1ef1 ph\u00f2ng YB SP2 - Nam Th\u00e0nh","isPartOf":{"@id":"https:\/\/namthanh.com.vn\/en\/#website"},"datePublished":"2022-04-14T09:55:12+00:00","dateModified":"2022-04-14T09:55:12+00:00","breadcrumb":{"@id":"https:\/\/namthanh.com.vn\/en\/pin-sac-du-phong-yb-sp2\/#breadcrumb"},"inLanguage":"en-US","potentialAction":[{"@type":"ReadAction","target":["https:\/\/namthanh.com.vn\/en\/pin-sac-du-phong-yb-sp2\/"]}]},{"@type":"BreadcrumbList","@id":"https:\/\/namthanh.com.vn\/en\/pin-sac-du-phong-yb-sp2\/#breadcrumb","itemListElement":[{"@type":"ListItem","position":1,"name":"Home","item":"https:\/\/namthanh.com.vn\/en\/"},{"@type":"ListItem","position":2,"name":"Shop","item":"https:\/\/namthanh.com.vn\/en\/shop\/"},{"@type":"ListItem","position":3,"name":"Uncategorized","item":"https:\/\/namthanh.com.vn\/en\/uncategorized\/"},{"@type":"ListItem","position":4,"name":"Pin s\u1ea1c d\u1ef1 ph\u00f2ng YB SP2"}]},{"@type":"WebSite","@id":"https:\/\/namthanh.com.vn\/en\/#website","url":"https:\/\/namthanh.com.vn\/en\/","name":"Nam Th\u00e0nh","description":"HTH","potentialAction":[{"@type":"SearchAction","target":{"@type":"EntryPoint","urlTemplate":"https:\/\/namthanh.com.vn\/en\/?s={search_term_string}"},"query-input":"required name=search_term_string"}],"inLanguage":"en-US"}]}},"_links":{"self":[{"href":"https:\/\/namthanh.com.vn\/en\/wp-json\/wp\/v2\/product\/1083"}],"collection":[{"href":"https:\/\/namthanh.com.vn\/en\/wp-json\/wp\/v2\/product"}],"about":[{"href":"https:\/\/namthanh.com.vn\/en\/wp-json\/wp\/v2\/types\/product"}],"replies":[{"embeddable":true,"href":"https:\/\/namthanh.com.vn\/en\/wp-json\/wp\/v2\/comments?post=1083"}],"wp:featuredmedia":[{"embeddable":true,"href":"https:\/\/namthanh.com.vn\/en\/wp-json\/wp\/v2\/media\/1084"}],"wp:attachment":[{"href":"https:\/\/namthanh.com.vn\/en\/wp-json\/wp\/v2\/media?parent=1083"}],"wp:term":[{"taxonomy":"product_cat","embeddable":true,"href":"https:\/\/namthanh.com.vn\/en\/wp-json\/wp\/v2\/product_cat?post=1083"},{"taxonomy":"product_tag","embeddable":true,"href":"https:\/\/namthanh.com.vn\/en\/wp-json\/wp\/v2\/product_tag?post=1083"}],"curies":[{"name":"wp","href":"https:\/\/api.w.org\/{rel}","templated":true}]}}