{"id":1085,"date":"2022-04-14T16:56:52","date_gmt":"2022-04-14T09:56:52","guid":{"rendered":"https:\/\/microlab.vn\/?post_type=product&#038;p=1085"},"modified":"2022-04-14T16:56:52","modified_gmt":"2022-04-14T09:56:52","slug":"pin-sac-du-phong-yb687","status":"publish","type":"product","link":"https:\/\/namthanh.com.vn\/en\/pin-sac-du-phong-yb687\/","title":{"rendered":"Pin s\u1ea1c d\u1ef1 ph\u00f2ng YB687"},"content":{"rendered":"<div id=\"tabscollection\">\n<div id=\"tab1\">\n<p>Dung l\u01b0\u1ee3ng 7000mAh &#8211; thi\u1ebft k\u1ebf sang tr\u1ecdng, tr\u1ebb trung, \u0111\u1eb7c bi\u1ec7t l\u00f5i pin Polymer n\u00ean b\u1ec1 d\u00e0y si\u00eau m\u1ecfng, ch\u1ec9 1,9 cm. M\u00e0u tr\u1eafng; kh\u1ed1i l\u01b0\u1ee3ng: 175g k\u00edch th\u01b0\u1edbc:116*66*19 mm, \u0111i\u1ec7n \u00e1p \u0111\u1ea7u v\u00e0o:DC5V, 1A(Max), \u0111i\u1ec7n \u00e1p \u0111\u1ea7u ra:DC5V, 1A\/1.5A(Max), c\u00f3 th\u1ec3 s\u1ea1c 2 thi\u1ebft b\u1ecb c\u00f9ng l\u00fac, \u00a0ph\u1ee5 ki\u1ec7n k\u00e8m theo: 1 s\u1ee3i c\u00e1p micro USB<\/p>\n<\/div>\n<\/div>\n<div id=\"otherproduct\"><\/div>\n","protected":false},"excerpt":{"rendered":"<p><span class=\"rowone\">M\u00e3 s\u1ea3n ph\u1ea9m :<\/span><span class=\"rowtwo\">Pin s\u1ea1c d\u1ef1 ph\u00f2ng YB687<\/span><br \/>\n<span class=\"rowone\">H\u00e3ng s\u1ea3n xu\u1ea5t :<\/span><span class=\"rowtwo\">YOOBAO<\/span><br \/>\n<span class=\"rowone\">Gi\u00e1 b\u00e1n :<\/span><span class=\"rowtwo\">0 VN\u0110<\/span><br \/>\n<span class=\"rowone\">T\u00ecnh tr\u1ea1ng :<\/span><span class=\"rowtwo\">C\u00f2n h\u00e0ng<\/span><br \/>\n<span class=\"rowone\">S\u1ed1 l\u01b0\u1ee3t xem :<\/span><span class=\"rowtwo\">2.947<\/span><\/p>\n","protected":false},"featured_media":1086,"comment_status":"closed","ping_status":"closed","template":"","meta":[],"product_cat":[15],"product_tag":[],"yoast_head":"<!-- This site is optimized with the Yoast SEO plugin v19.5.1 - https:\/\/yoast.com\/wordpress\/plugins\/seo\/ -->\n<title>Pin s\u1ea1c d\u1ef1 ph\u00f2ng YB687 - Nam Th\u00e0nh<\/title>\n<meta name=\"robots\" content=\"index, follow, max-snippet:-1, max-image-preview:large, max-video-preview:-1\" \/>\n<link rel=\"canonical\" href=\"https:\/\/namthanh.com.vn\/en\/pin-sac-du-phong-yb687\/\" \/>\n<meta property=\"og:locale\" content=\"en_US\" \/>\n<meta property=\"og:type\" content=\"article\" \/>\n<meta property=\"og:title\" content=\"Pin s\u1ea1c d\u1ef1 ph\u00f2ng YB687 - Nam Th\u00e0nh\" \/>\n<meta property=\"og:description\" content=\"M\u00e3 s\u1ea3n ph\u1ea9m :Pin s\u1ea1c d\u1ef1 ph\u00f2ng YB687 H\u00e3ng s\u1ea3n xu\u1ea5t :YOOBAO Gi\u00e1 b\u00e1n :0 VN\u0110 T\u00ecnh tr\u1ea1ng :C\u00f2n h\u00e0ng S\u1ed1 l\u01b0\u1ee3t xem :2.947\" \/>\n<meta property=\"og:url\" content=\"https:\/\/namthanh.com.vn\/en\/pin-sac-du-phong-yb687\/\" \/>\n<meta property=\"og:site_name\" content=\"Nam Th\u00e0nh\" \/>\n<meta property=\"og:image\" content=\"https:\/\/namthanh.com.vn\/en\/wp-content\/uploads\/2022\/04\/download__3_x311x254x2.jpg\" \/>\n\t<meta property=\"og:image:width\" content=\"311\" \/>\n\t<meta property=\"og:image:height\" content=\"254\" \/>\n\t<meta property=\"og:image:type\" content=\"image\/jpeg\" \/>\n<meta name=\"twitter:card\" content=\"summary_large_image\" \/>\n<meta name=\"twitter:label1\" content=\"Est. reading time\" \/>\n\t<meta name=\"twitter:data1\" content=\"1 minute\" \/>\n<script type=\"application\/ld+json\" class=\"yoast-schema-graph\">{\"@context\":\"https:\/\/schema.org\",\"@graph\":[{\"@type\":\"WebPage\",\"@id\":\"https:\/\/namthanh.com.vn\/en\/pin-sac-du-phong-yb687\/\",\"url\":\"https:\/\/namthanh.com.vn\/en\/pin-sac-du-phong-yb687\/\",\"name\":\"Pin s\u1ea1c d\u1ef1 ph\u00f2ng YB687 - Nam Th\u00e0nh\",\"isPartOf\":{\"@id\":\"https:\/\/namthanh.com.vn\/en\/#website\"},\"datePublished\":\"2022-04-14T09:56:52+00:00\",\"dateModified\":\"2022-04-14T09:56:52+00:00\",\"breadcrumb\":{\"@id\":\"https:\/\/namthanh.com.vn\/en\/pin-sac-du-phong-yb687\/#breadcrumb\"},\"inLanguage\":\"en-US\",\"potentialAction\":[{\"@type\":\"ReadAction\",\"target\":[\"https:\/\/namthanh.com.vn\/en\/pin-sac-du-phong-yb687\/\"]}]},{\"@type\":\"BreadcrumbList\",\"@id\":\"https:\/\/namthanh.com.vn\/en\/pin-sac-du-phong-yb687\/#breadcrumb\",\"itemListElement\":[{\"@type\":\"ListItem\",\"position\":1,\"name\":\"Home\",\"item\":\"https:\/\/namthanh.com.vn\/en\/\"},{\"@type\":\"ListItem\",\"position\":2,\"name\":\"Shop\",\"item\":\"https:\/\/namthanh.com.vn\/en\/shop\/\"},{\"@type\":\"ListItem\",\"position\":3,\"name\":\"Uncategorized\",\"item\":\"https:\/\/namthanh.com.vn\/en\/uncategorized\/\"},{\"@type\":\"ListItem\",\"position\":4,\"name\":\"Pin s\u1ea1c d\u1ef1 ph\u00f2ng YB687\"}]},{\"@type\":\"WebSite\",\"@id\":\"https:\/\/namthanh.com.vn\/en\/#website\",\"url\":\"https:\/\/namthanh.com.vn\/en\/\",\"name\":\"Nam Th\u00e0nh\",\"description\":\"HTH\",\"potentialAction\":[{\"@type\":\"SearchAction\",\"target\":{\"@type\":\"EntryPoint\",\"urlTemplate\":\"https:\/\/namthanh.com.vn\/en\/?s={search_term_string}\"},\"query-input\":\"required name=search_term_string\"}],\"inLanguage\":\"en-US\"}]}<\/script>\n<!-- \/ Yoast SEO plugin. -->","yoast_head_json":{"title":"Pin s\u1ea1c d\u1ef1 ph\u00f2ng YB687 - Nam Th\u00e0nh","robots":{"index":"index","follow":"follow","max-snippet":"max-snippet:-1","max-image-preview":"max-image-preview:large","max-video-preview":"max-video-preview:-1"},"canonical":"https:\/\/namthanh.com.vn\/en\/pin-sac-du-phong-yb687\/","og_locale":"en_US","og_type":"article","og_title":"Pin s\u1ea1c d\u1ef1 ph\u00f2ng YB687 - Nam Th\u00e0nh","og_description":"M\u00e3 s\u1ea3n ph\u1ea9m :Pin s\u1ea1c d\u1ef1 ph\u00f2ng YB687 H\u00e3ng s\u1ea3n xu\u1ea5t :YOOBAO Gi\u00e1 b\u00e1n :0 VN\u0110 T\u00ecnh tr\u1ea1ng :C\u00f2n h\u00e0ng S\u1ed1 l\u01b0\u1ee3t xem :2.947","og_url":"https:\/\/namthanh.com.vn\/en\/pin-sac-du-phong-yb687\/","og_site_name":"Nam Th\u00e0nh","og_image":[{"width":311,"height":254,"url":"https:\/\/namthanh.com.vn\/en\/wp-content\/uploads\/2022\/04\/download__3_x311x254x2.jpg","type":"image\/jpeg"}],"twitter_card":"summary_large_image","twitter_misc":{"Est. reading time":"1 minute"},"schema":{"@context":"https:\/\/schema.org","@graph":[{"@type":"WebPage","@id":"https:\/\/namthanh.com.vn\/en\/pin-sac-du-phong-yb687\/","url":"https:\/\/namthanh.com.vn\/en\/pin-sac-du-phong-yb687\/","name":"Pin s\u1ea1c d\u1ef1 ph\u00f2ng YB687 - Nam Th\u00e0nh","isPartOf":{"@id":"https:\/\/namthanh.com.vn\/en\/#website"},"datePublished":"2022-04-14T09:56:52+00:00","dateModified":"2022-04-14T09:56:52+00:00","breadcrumb":{"@id":"https:\/\/namthanh.com.vn\/en\/pin-sac-du-phong-yb687\/#breadcrumb"},"inLanguage":"en-US","potentialAction":[{"@type":"ReadAction","target":["https:\/\/namthanh.com.vn\/en\/pin-sac-du-phong-yb687\/"]}]},{"@type":"BreadcrumbList","@id":"https:\/\/namthanh.com.vn\/en\/pin-sac-du-phong-yb687\/#breadcrumb","itemListElement":[{"@type":"ListItem","position":1,"name":"Home","item":"https:\/\/namthanh.com.vn\/en\/"},{"@type":"ListItem","position":2,"name":"Shop","item":"https:\/\/namthanh.com.vn\/en\/shop\/"},{"@type":"ListItem","position":3,"name":"Uncategorized","item":"https:\/\/namthanh.com.vn\/en\/uncategorized\/"},{"@type":"ListItem","position":4,"name":"Pin s\u1ea1c d\u1ef1 ph\u00f2ng YB687"}]},{"@type":"WebSite","@id":"https:\/\/namthanh.com.vn\/en\/#website","url":"https:\/\/namthanh.com.vn\/en\/","name":"Nam Th\u00e0nh","description":"HTH","potentialAction":[{"@type":"SearchAction","target":{"@type":"EntryPoint","urlTemplate":"https:\/\/namthanh.com.vn\/en\/?s={search_term_string}"},"query-input":"required name=search_term_string"}],"inLanguage":"en-US"}]}},"_links":{"self":[{"href":"https:\/\/namthanh.com.vn\/en\/wp-json\/wp\/v2\/product\/1085"}],"collection":[{"href":"https:\/\/namthanh.com.vn\/en\/wp-json\/wp\/v2\/product"}],"about":[{"href":"https:\/\/namthanh.com.vn\/en\/wp-json\/wp\/v2\/types\/product"}],"replies":[{"embeddable":true,"href":"https:\/\/namthanh.com.vn\/en\/wp-json\/wp\/v2\/comments?post=1085"}],"wp:featuredmedia":[{"embeddable":true,"href":"https:\/\/namthanh.com.vn\/en\/wp-json\/wp\/v2\/media\/1086"}],"wp:attachment":[{"href":"https:\/\/namthanh.com.vn\/en\/wp-json\/wp\/v2\/media?parent=1085"}],"wp:term":[{"taxonomy":"product_cat","embeddable":true,"href":"https:\/\/namthanh.com.vn\/en\/wp-json\/wp\/v2\/product_cat?post=1085"},{"taxonomy":"product_tag","embeddable":true,"href":"https:\/\/namthanh.com.vn\/en\/wp-json\/wp\/v2\/product_tag?post=1085"}],"curies":[{"name":"wp","href":"https:\/\/api.w.org\/{rel}","templated":true}]}}