{"id":1103,"date":"2022-04-14T17:05:54","date_gmt":"2022-04-14T10:05:54","guid":{"rendered":"https:\/\/microlab.vn\/?post_type=product&#038;p=1103"},"modified":"2022-04-14T17:05:54","modified_gmt":"2022-04-14T10:05:54","slug":"k1","status":"publish","type":"product","link":"https:\/\/namthanh.com.vn\/en\/k1\/","title":{"rendered":"K1"},"content":{"rendered":"<div id=\"tabscollection\">\n<div id=\"tab1\">\n<p>C\u00e1p micro USB cho Samsung\\HTC\\Sony\\LG \u00a0v\u00e0 c\u00e1c \u0111i\u1ec7n tho\u1ea1i kh\u00e1c. \u0110\u1ed9 d\u00e0i 0.8 m, m\u00e0u s\u1eafc: Xanh, Tr\u1eafng. D\u00f2ng \u0111i\u1ec7n t\u01b0\u01a1ng th\u00edch 5V\/2.1A(Max) h\u1ed7 tr\u1ee3 t\u1ed1c \u0111\u1ed9 s\u1ea1c nhanh h\u01a1n.<\/p>\n<\/div>\n<\/div>\n<div id=\"otherproduct\"><\/div>\n","protected":false},"excerpt":{"rendered":"<p><span class=\"rowone\">M\u00e3 s\u1ea3n ph\u1ea9m :<\/span><span class=\"rowtwo\">K1<\/span><br \/>\n<span class=\"rowone\">H\u00e3ng s\u1ea3n xu\u1ea5t :<\/span><span class=\"rowtwo\">YOOBAO<\/span><br \/>\n<span class=\"rowone\">Gi\u00e1 b\u00e1n :<\/span><span class=\"rowtwo\">0 VN\u0110<\/span><br \/>\n<span class=\"rowone\">T\u00ecnh tr\u1ea1ng :<\/span><span class=\"rowtwo\">C\u00f2n h\u00e0ng<\/span><br \/>\n<span class=\"rowone\">S\u1ed1 l\u01b0\u1ee3t xem :<\/span><span class=\"rowtwo\">1.828<\/span><\/p>\n","protected":false},"featured_media":1104,"comment_status":"closed","ping_status":"closed","template":"","meta":[],"product_cat":[15],"product_tag":[],"yoast_head":"<!-- This site is optimized with the Yoast SEO plugin v19.5.1 - https:\/\/yoast.com\/wordpress\/plugins\/seo\/ -->\n<title>K1 - Nam Th\u00e0nh<\/title>\n<meta name=\"robots\" content=\"index, follow, max-snippet:-1, max-image-preview:large, max-video-preview:-1\" \/>\n<link rel=\"canonical\" href=\"https:\/\/namthanh.com.vn\/en\/k1\/\" \/>\n<meta property=\"og:locale\" content=\"en_US\" \/>\n<meta property=\"og:type\" content=\"article\" \/>\n<meta property=\"og:title\" content=\"K1 - Nam Th\u00e0nh\" \/>\n<meta property=\"og:description\" content=\"M\u00e3 s\u1ea3n ph\u1ea9m :K1 H\u00e3ng s\u1ea3n xu\u1ea5t :YOOBAO Gi\u00e1 b\u00e1n :0 VN\u0110 T\u00ecnh tr\u1ea1ng :C\u00f2n h\u00e0ng S\u1ed1 l\u01b0\u1ee3t xem :1.828\" \/>\n<meta property=\"og:url\" content=\"https:\/\/namthanh.com.vn\/en\/k1\/\" \/>\n<meta property=\"og:site_name\" content=\"Nam Th\u00e0nh\" \/>\n<meta property=\"og:image\" content=\"https:\/\/namthanh.com.vn\/en\/wp-content\/uploads\/2022\/04\/K1x311x254x2.jpg\" \/>\n\t<meta property=\"og:image:width\" content=\"311\" \/>\n\t<meta property=\"og:image:height\" content=\"254\" \/>\n\t<meta property=\"og:image:type\" content=\"image\/jpeg\" \/>\n<meta name=\"twitter:card\" content=\"summary_large_image\" \/>\n<meta name=\"twitter:label1\" content=\"Est. reading time\" \/>\n\t<meta name=\"twitter:data1\" content=\"1 minute\" \/>\n<script type=\"application\/ld+json\" class=\"yoast-schema-graph\">{\"@context\":\"https:\/\/schema.org\",\"@graph\":[{\"@type\":\"WebPage\",\"@id\":\"https:\/\/namthanh.com.vn\/en\/k1\/\",\"url\":\"https:\/\/namthanh.com.vn\/en\/k1\/\",\"name\":\"K1 - Nam Th\u00e0nh\",\"isPartOf\":{\"@id\":\"https:\/\/namthanh.com.vn\/en\/#website\"},\"datePublished\":\"2022-04-14T10:05:54+00:00\",\"dateModified\":\"2022-04-14T10:05:54+00:00\",\"breadcrumb\":{\"@id\":\"https:\/\/namthanh.com.vn\/en\/k1\/#breadcrumb\"},\"inLanguage\":\"en-US\",\"potentialAction\":[{\"@type\":\"ReadAction\",\"target\":[\"https:\/\/namthanh.com.vn\/en\/k1\/\"]}]},{\"@type\":\"BreadcrumbList\",\"@id\":\"https:\/\/namthanh.com.vn\/en\/k1\/#breadcrumb\",\"itemListElement\":[{\"@type\":\"ListItem\",\"position\":1,\"name\":\"Home\",\"item\":\"https:\/\/namthanh.com.vn\/en\/\"},{\"@type\":\"ListItem\",\"position\":2,\"name\":\"Shop\",\"item\":\"https:\/\/namthanh.com.vn\/en\/shop\/\"},{\"@type\":\"ListItem\",\"position\":3,\"name\":\"Uncategorized\",\"item\":\"https:\/\/namthanh.com.vn\/en\/uncategorized\/\"},{\"@type\":\"ListItem\",\"position\":4,\"name\":\"K1\"}]},{\"@type\":\"WebSite\",\"@id\":\"https:\/\/namthanh.com.vn\/en\/#website\",\"url\":\"https:\/\/namthanh.com.vn\/en\/\",\"name\":\"Nam Th\u00e0nh\",\"description\":\"HTH\",\"potentialAction\":[{\"@type\":\"SearchAction\",\"target\":{\"@type\":\"EntryPoint\",\"urlTemplate\":\"https:\/\/namthanh.com.vn\/en\/?s={search_term_string}\"},\"query-input\":\"required name=search_term_string\"}],\"inLanguage\":\"en-US\"}]}<\/script>\n<!-- \/ Yoast SEO plugin. -->","yoast_head_json":{"title":"K1 - Nam Th\u00e0nh","robots":{"index":"index","follow":"follow","max-snippet":"max-snippet:-1","max-image-preview":"max-image-preview:large","max-video-preview":"max-video-preview:-1"},"canonical":"https:\/\/namthanh.com.vn\/en\/k1\/","og_locale":"en_US","og_type":"article","og_title":"K1 - Nam Th\u00e0nh","og_description":"M\u00e3 s\u1ea3n ph\u1ea9m :K1 H\u00e3ng s\u1ea3n xu\u1ea5t :YOOBAO Gi\u00e1 b\u00e1n :0 VN\u0110 T\u00ecnh tr\u1ea1ng :C\u00f2n h\u00e0ng S\u1ed1 l\u01b0\u1ee3t xem :1.828","og_url":"https:\/\/namthanh.com.vn\/en\/k1\/","og_site_name":"Nam Th\u00e0nh","og_image":[{"width":311,"height":254,"url":"https:\/\/namthanh.com.vn\/en\/wp-content\/uploads\/2022\/04\/K1x311x254x2.jpg","type":"image\/jpeg"}],"twitter_card":"summary_large_image","twitter_misc":{"Est. reading time":"1 minute"},"schema":{"@context":"https:\/\/schema.org","@graph":[{"@type":"WebPage","@id":"https:\/\/namthanh.com.vn\/en\/k1\/","url":"https:\/\/namthanh.com.vn\/en\/k1\/","name":"K1 - Nam Th\u00e0nh","isPartOf":{"@id":"https:\/\/namthanh.com.vn\/en\/#website"},"datePublished":"2022-04-14T10:05:54+00:00","dateModified":"2022-04-14T10:05:54+00:00","breadcrumb":{"@id":"https:\/\/namthanh.com.vn\/en\/k1\/#breadcrumb"},"inLanguage":"en-US","potentialAction":[{"@type":"ReadAction","target":["https:\/\/namthanh.com.vn\/en\/k1\/"]}]},{"@type":"BreadcrumbList","@id":"https:\/\/namthanh.com.vn\/en\/k1\/#breadcrumb","itemListElement":[{"@type":"ListItem","position":1,"name":"Home","item":"https:\/\/namthanh.com.vn\/en\/"},{"@type":"ListItem","position":2,"name":"Shop","item":"https:\/\/namthanh.com.vn\/en\/shop\/"},{"@type":"ListItem","position":3,"name":"Uncategorized","item":"https:\/\/namthanh.com.vn\/en\/uncategorized\/"},{"@type":"ListItem","position":4,"name":"K1"}]},{"@type":"WebSite","@id":"https:\/\/namthanh.com.vn\/en\/#website","url":"https:\/\/namthanh.com.vn\/en\/","name":"Nam Th\u00e0nh","description":"HTH","potentialAction":[{"@type":"SearchAction","target":{"@type":"EntryPoint","urlTemplate":"https:\/\/namthanh.com.vn\/en\/?s={search_term_string}"},"query-input":"required name=search_term_string"}],"inLanguage":"en-US"}]}},"_links":{"self":[{"href":"https:\/\/namthanh.com.vn\/en\/wp-json\/wp\/v2\/product\/1103"}],"collection":[{"href":"https:\/\/namthanh.com.vn\/en\/wp-json\/wp\/v2\/product"}],"about":[{"href":"https:\/\/namthanh.com.vn\/en\/wp-json\/wp\/v2\/types\/product"}],"replies":[{"embeddable":true,"href":"https:\/\/namthanh.com.vn\/en\/wp-json\/wp\/v2\/comments?post=1103"}],"wp:featuredmedia":[{"embeddable":true,"href":"https:\/\/namthanh.com.vn\/en\/wp-json\/wp\/v2\/media\/1104"}],"wp:attachment":[{"href":"https:\/\/namthanh.com.vn\/en\/wp-json\/wp\/v2\/media?parent=1103"}],"wp:term":[{"taxonomy":"product_cat","embeddable":true,"href":"https:\/\/namthanh.com.vn\/en\/wp-json\/wp\/v2\/product_cat?post=1103"},{"taxonomy":"product_tag","embeddable":true,"href":"https:\/\/namthanh.com.vn\/en\/wp-json\/wp\/v2\/product_tag?post=1103"}],"curies":[{"name":"wp","href":"https:\/\/api.w.org\/{rel}","templated":true}]}}