{"id":1109,"date":"2022-04-14T17:08:23","date_gmt":"2022-04-14T10:08:23","guid":{"rendered":"https:\/\/microlab.vn\/?post_type=product&#038;p=1109"},"modified":"2022-04-14T17:08:23","modified_gmt":"2022-04-14T10:08:23","slug":"sp6","status":"publish","type":"product","link":"https:\/\/namthanh.com.vn\/en\/sp6\/","title":{"rendered":"SP6"},"content":{"rendered":"<div>Dung l\u01b0\u1ee3ng 6000mAh &#8211; thi\u1ebft k\u1ebf th\u1eddi trang tr\u1ebb trung c\u00e1 t\u00ednh, th\u00edch h\u1ee3p mang \u0111i m\u1ecdi n\u01a1i. M\u00e0u s\u1eafc: Xanh da tr\u1eddi\/H\u1ed3ng\/B\u1ea1c\/Xanh l\u00e1 c\u00e2y\/\u0110\u1ecf\/V\u00e0ng Gold<\/div>\n<div>Kh\u1ed1i l\u01b0\u1ee3ng: 175g: k\u00edch th\u01b0\u1edbc 92.5*59.22mm<\/div>\n<div>V\u1eadt li\u1ec7u: h\u1ee3p kim nh\u00f4m &#8211; magi\u00ea (Al-Mg), \u00a0ph\u1ee5 ki\u1ec7n k\u00e8m theo: 1 s\u1ee3i c\u00e1p micro USB. \u0110i\u1ec7n \u00e1p \u0111\u1ea7u v\u00e0o: DC5V\/2.0A, \u0111i\u1ec7n \u00e1p \u0111\u1ea7u ra: DC5V\/2.1A. T\u1ef1 \u0111\u1ed9ng \u0111i\u1ec1u ch\u1ec9nh d\u00f2ng s\u1ea1c cho ph\u00f9 h\u1ee3p, dao \u0111\u1ed9ng t\u1eeb 0.1A &#8211; 2.1A b\u1eb1ng c\u00e1ch t\u00ednh to\u00e1n hi\u1ec7u n\u0103ng pin c\u1ee7a thi\u1ebft b\u1ecb \u0111\u01b0\u1ee3c s\u1ea1c<\/div>\n<div>&#8211; T\u00ednh n\u0103ng m\u1edbi: 2 \u0111\u1ea7u v\u00e0o (Lightning\/Micro) nh\u01b0 v\u1eady ch\u1ec9 v\u1edbi 1 s\u1ee3i d\u00e2y c\u00e1p c\u1ee7a thi\u1ebft b\u1ecb \u0111ang s\u1eed d\u1ee5ng b\u1ea1n c\u00f3 th\u1ec3 v\u1eeba d\u00f9ng \u0111\u01b0\u1ee3c cho \u0111i\u1ec7n tho\u1ea1i, v\u1eeba c\u00f3 th\u1ec3 s\u1eed d\u1ee5ng cho S\u1ea1c d\u1ef1 ph\u00f2ng Yoobao SP6.<\/div>\n<div>&#8211; 7 t\u00ednh n\u0103ng b\u1ea3o v\u1ec7: ch\u1ed1ng hi\u1ec7n t\u01b0\u1ee3ng s\u1ea1c qu\u00e1 \u0111\u1ea7y, tr\u00e1nh c\u1ea1n ki\u1ec7t pin, \u1ed5n \u0111\u1ecbnh \u0111i\u1ec7n \u00e1p, ch\u1ed1ng ch\u1eadp m\u1ea1ch, ch\u1ed1ng qu\u00e1 d\u00f2ng, PTC ch\u1ed1ng qu\u00e1 nhi\u1ec7t v\u00e0 c\u00f4ng ngh\u1ec7 ch\u1ed1ng ngh\u1ebdn d\u00f2ng b\u1eb1ng PTC.<\/div>\n","protected":false},"excerpt":{"rendered":"<p><span class=\"rowone\">M\u00e3 s\u1ea3n ph\u1ea9m :<\/span><span class=\"rowtwo\">SP6<\/span><br \/>\n<span class=\"rowone\">H\u00e3ng s\u1ea3n xu\u1ea5t :<\/span><span class=\"rowtwo\">YOOBAO<\/span><br \/>\n<span class=\"rowone\">Gi\u00e1 b\u00e1n :<\/span><span class=\"rowtwo\">0 VN\u0110<\/span><br \/>\n<span class=\"rowone\">T\u00ecnh tr\u1ea1ng :<\/span><span class=\"rowtwo\">C\u00f2n h\u00e0ng<\/span><br \/>\n<span class=\"rowone\">S\u1ed1 l\u01b0\u1ee3t xem :<\/span><span class=\"rowtwo\">1.756<\/span><\/p>\n","protected":false},"featured_media":1110,"comment_status":"closed","ping_status":"closed","template":"","meta":[],"product_cat":[15],"product_tag":[],"yoast_head":"<!-- This site is optimized with the Yoast SEO plugin v19.5.1 - https:\/\/yoast.com\/wordpress\/plugins\/seo\/ -->\n<title>SP6 - Nam Th\u00e0nh<\/title>\n<meta name=\"robots\" content=\"index, follow, max-snippet:-1, max-image-preview:large, max-video-preview:-1\" \/>\n<link rel=\"canonical\" href=\"https:\/\/namthanh.com.vn\/en\/sp6\/\" \/>\n<meta property=\"og:locale\" content=\"en_US\" \/>\n<meta property=\"og:type\" content=\"article\" \/>\n<meta property=\"og:title\" content=\"SP6 - Nam Th\u00e0nh\" \/>\n<meta property=\"og:description\" content=\"M\u00e3 s\u1ea3n ph\u1ea9m :SP6 H\u00e3ng s\u1ea3n xu\u1ea5t :YOOBAO Gi\u00e1 b\u00e1n :0 VN\u0110 T\u00ecnh tr\u1ea1ng :C\u00f2n h\u00e0ng S\u1ed1 l\u01b0\u1ee3t xem :1.756\" \/>\n<meta property=\"og:url\" content=\"https:\/\/namthanh.com.vn\/en\/sp6\/\" \/>\n<meta property=\"og:site_name\" content=\"Nam Th\u00e0nh\" \/>\n<meta property=\"og:image\" content=\"https:\/\/namthanh.com.vn\/en\/wp-content\/uploads\/2022\/04\/Sp6x311x254x2.jpg\" \/>\n\t<meta property=\"og:image:width\" content=\"311\" \/>\n\t<meta property=\"og:image:height\" content=\"254\" \/>\n\t<meta property=\"og:image:type\" content=\"image\/jpeg\" \/>\n<meta name=\"twitter:card\" content=\"summary_large_image\" \/>\n<meta name=\"twitter:label1\" content=\"Est. reading time\" \/>\n\t<meta name=\"twitter:data1\" content=\"1 minute\" \/>\n<script type=\"application\/ld+json\" class=\"yoast-schema-graph\">{\"@context\":\"https:\/\/schema.org\",\"@graph\":[{\"@type\":\"WebPage\",\"@id\":\"https:\/\/namthanh.com.vn\/en\/sp6\/\",\"url\":\"https:\/\/namthanh.com.vn\/en\/sp6\/\",\"name\":\"SP6 - Nam Th\u00e0nh\",\"isPartOf\":{\"@id\":\"https:\/\/namthanh.com.vn\/en\/#website\"},\"datePublished\":\"2022-04-14T10:08:23+00:00\",\"dateModified\":\"2022-04-14T10:08:23+00:00\",\"breadcrumb\":{\"@id\":\"https:\/\/namthanh.com.vn\/en\/sp6\/#breadcrumb\"},\"inLanguage\":\"en-US\",\"potentialAction\":[{\"@type\":\"ReadAction\",\"target\":[\"https:\/\/namthanh.com.vn\/en\/sp6\/\"]}]},{\"@type\":\"BreadcrumbList\",\"@id\":\"https:\/\/namthanh.com.vn\/en\/sp6\/#breadcrumb\",\"itemListElement\":[{\"@type\":\"ListItem\",\"position\":1,\"name\":\"Home\",\"item\":\"https:\/\/namthanh.com.vn\/en\/\"},{\"@type\":\"ListItem\",\"position\":2,\"name\":\"Shop\",\"item\":\"https:\/\/namthanh.com.vn\/en\/shop\/\"},{\"@type\":\"ListItem\",\"position\":3,\"name\":\"Uncategorized\",\"item\":\"https:\/\/namthanh.com.vn\/en\/uncategorized\/\"},{\"@type\":\"ListItem\",\"position\":4,\"name\":\"SP6\"}]},{\"@type\":\"WebSite\",\"@id\":\"https:\/\/namthanh.com.vn\/en\/#website\",\"url\":\"https:\/\/namthanh.com.vn\/en\/\",\"name\":\"Nam Th\u00e0nh\",\"description\":\"HTH\",\"potentialAction\":[{\"@type\":\"SearchAction\",\"target\":{\"@type\":\"EntryPoint\",\"urlTemplate\":\"https:\/\/namthanh.com.vn\/en\/?s={search_term_string}\"},\"query-input\":\"required name=search_term_string\"}],\"inLanguage\":\"en-US\"}]}<\/script>\n<!-- \/ Yoast SEO plugin. -->","yoast_head_json":{"title":"SP6 - Nam Th\u00e0nh","robots":{"index":"index","follow":"follow","max-snippet":"max-snippet:-1","max-image-preview":"max-image-preview:large","max-video-preview":"max-video-preview:-1"},"canonical":"https:\/\/namthanh.com.vn\/en\/sp6\/","og_locale":"en_US","og_type":"article","og_title":"SP6 - Nam Th\u00e0nh","og_description":"M\u00e3 s\u1ea3n ph\u1ea9m :SP6 H\u00e3ng s\u1ea3n xu\u1ea5t :YOOBAO Gi\u00e1 b\u00e1n :0 VN\u0110 T\u00ecnh tr\u1ea1ng :C\u00f2n h\u00e0ng S\u1ed1 l\u01b0\u1ee3t xem :1.756","og_url":"https:\/\/namthanh.com.vn\/en\/sp6\/","og_site_name":"Nam Th\u00e0nh","og_image":[{"width":311,"height":254,"url":"https:\/\/namthanh.com.vn\/en\/wp-content\/uploads\/2022\/04\/Sp6x311x254x2.jpg","type":"image\/jpeg"}],"twitter_card":"summary_large_image","twitter_misc":{"Est. reading time":"1 minute"},"schema":{"@context":"https:\/\/schema.org","@graph":[{"@type":"WebPage","@id":"https:\/\/namthanh.com.vn\/en\/sp6\/","url":"https:\/\/namthanh.com.vn\/en\/sp6\/","name":"SP6 - Nam Th\u00e0nh","isPartOf":{"@id":"https:\/\/namthanh.com.vn\/en\/#website"},"datePublished":"2022-04-14T10:08:23+00:00","dateModified":"2022-04-14T10:08:23+00:00","breadcrumb":{"@id":"https:\/\/namthanh.com.vn\/en\/sp6\/#breadcrumb"},"inLanguage":"en-US","potentialAction":[{"@type":"ReadAction","target":["https:\/\/namthanh.com.vn\/en\/sp6\/"]}]},{"@type":"BreadcrumbList","@id":"https:\/\/namthanh.com.vn\/en\/sp6\/#breadcrumb","itemListElement":[{"@type":"ListItem","position":1,"name":"Home","item":"https:\/\/namthanh.com.vn\/en\/"},{"@type":"ListItem","position":2,"name":"Shop","item":"https:\/\/namthanh.com.vn\/en\/shop\/"},{"@type":"ListItem","position":3,"name":"Uncategorized","item":"https:\/\/namthanh.com.vn\/en\/uncategorized\/"},{"@type":"ListItem","position":4,"name":"SP6"}]},{"@type":"WebSite","@id":"https:\/\/namthanh.com.vn\/en\/#website","url":"https:\/\/namthanh.com.vn\/en\/","name":"Nam Th\u00e0nh","description":"HTH","potentialAction":[{"@type":"SearchAction","target":{"@type":"EntryPoint","urlTemplate":"https:\/\/namthanh.com.vn\/en\/?s={search_term_string}"},"query-input":"required name=search_term_string"}],"inLanguage":"en-US"}]}},"_links":{"self":[{"href":"https:\/\/namthanh.com.vn\/en\/wp-json\/wp\/v2\/product\/1109"}],"collection":[{"href":"https:\/\/namthanh.com.vn\/en\/wp-json\/wp\/v2\/product"}],"about":[{"href":"https:\/\/namthanh.com.vn\/en\/wp-json\/wp\/v2\/types\/product"}],"replies":[{"embeddable":true,"href":"https:\/\/namthanh.com.vn\/en\/wp-json\/wp\/v2\/comments?post=1109"}],"wp:featuredmedia":[{"embeddable":true,"href":"https:\/\/namthanh.com.vn\/en\/wp-json\/wp\/v2\/media\/1110"}],"wp:attachment":[{"href":"https:\/\/namthanh.com.vn\/en\/wp-json\/wp\/v2\/media?parent=1109"}],"wp:term":[{"taxonomy":"product_cat","embeddable":true,"href":"https:\/\/namthanh.com.vn\/en\/wp-json\/wp\/v2\/product_cat?post=1109"},{"taxonomy":"product_tag","embeddable":true,"href":"https:\/\/namthanh.com.vn\/en\/wp-json\/wp\/v2\/product_tag?post=1109"}],"curies":[{"name":"wp","href":"https:\/\/api.w.org\/{rel}","templated":true}]}}