{"id":1134,"date":"2022-04-15T14:29:30","date_gmt":"2022-04-15T07:29:30","guid":{"rendered":"https:\/\/microlab.vn\/?post_type=product&#038;p=1134"},"modified":"2022-04-15T14:29:30","modified_gmt":"2022-04-15T07:29:30","slug":"tl-wr840n","status":"publish","type":"product","link":"https:\/\/namthanh.com.vn\/en\/tl-wr840n\/","title":{"rendered":"TL-WR840N"},"content":{"rendered":"<ul>\n<li>* T\u1ed1c \u0111\u1ed9 Wi-Fi chu\u1ea9n N l\u00ean \u0111\u1ebfn 300Mbps, r\u1ea5t thu\u1eadn l\u1ee3i \u0111\u1ec3 s\u1eed d\u1ee5ng cho c\u00e1c \u1ee9ng d\u1ee5ng nh\u1ea1y c\u1ea3m v\u00e0 c\u00e1c c\u00f4ng vi\u1ec7c c\u01a1 b\u1ea3n<\/li>\n<li>* H\u1ed7 tr\u1ee3 ch\u1ebf \u0111\u1ed9 \u0110i\u1ec3m Truy C\u1eadp (Access Point) \u0111\u1ec3 t\u1ea1o ra m\u1ed9t Wi-Fi \u0111i\u1ec3m truy c\u1eadp m\u1edbi<\/li>\n<li>* H\u1ed7 tr\u1ee3 ch\u1ebf \u0111\u1ed9 M\u1edf R\u1ed9ng S\u00f3ng \u0111\u1ec3 t\u0103ng c\u01b0\u1eddng v\u00f9ng ph\u1ee7 hi\u1ec7n c\u00f3 trong ph\u00f2ng b\u1ea1n<\/li>\n<li>* Quy\u1ec1n ki\u1ec3m so\u00e1t c\u1ee7a ph\u1ee5 huynh qu\u1ea3n l\u00fd th\u1eddi gian v\u00e0 ph\u01b0\u01a1ng th\u1ee9c c\u00e1c thi\u1ebft b\u1ecb c\u00f3 th\u1ec3 truy c\u1eadp v\u00e0o internet<\/li>\n<li>* H\u1ed7 tr\u1ee3 IPTV, IGMP Proxy\/Snooping, Bridge v\u00e0 Tag VLAN \u0111\u1ec3 t\u1ed1i \u01b0u h\u00f3a lu\u1ed3ng IPTV\u00a0t\u01b0\u01a1ng th\u00edch v\u1edbi IPv6 (Internet Protocol version 6)<\/li>\n<li>* M\u1ea1ng kh\u00e1ch cung c\u1ea5p m\u1ea1ng ri\u00eang bi\u1ec7t d\u00e0nh cho kh\u00e1ch nh\u1eb1m b\u1ea3o m\u1eadt m\u1ea1ng gia \u0111\u00ecnh<\/li>\n<\/ul>\n","protected":false},"excerpt":{"rendered":"<p><span class=\"rowone\">M\u00e3 s\u1ea3n ph\u1ea9m :<\/span><span class=\"rowtwo\">TL-WR840N<\/span><br \/>\n<span class=\"rowone\">H\u00e3ng s\u1ea3n xu\u1ea5t :<\/span><span class=\"rowtwo\">TP-Link<\/span><br \/>\n<span class=\"rowone\">Gi\u00e1 b\u00e1n :<\/span><span class=\"rowtwo\">0 VN\u0110<\/span><br \/>\n<span class=\"rowone\">T\u00ecnh tr\u1ea1ng :<\/span><span class=\"rowtwo\">C\u00f2n h\u00e0ng<\/span><br \/>\n<span class=\"rowone\">S\u1ed1 l\u01b0\u1ee3t xem :<\/span><span class=\"rowtwo\">767<\/span><\/p>\n","protected":false},"featured_media":1135,"comment_status":"closed","ping_status":"closed","template":"","meta":[],"product_cat":[78,101],"product_tag":[],"yoast_head":"<!-- This site is optimized with the Yoast SEO plugin v19.5.1 - https:\/\/yoast.com\/wordpress\/plugins\/seo\/ -->\n<title>TL-WR840N - Nam Th\u00e0nh<\/title>\n<meta name=\"robots\" content=\"index, follow, max-snippet:-1, max-image-preview:large, max-video-preview:-1\" \/>\n<link rel=\"canonical\" href=\"https:\/\/namthanh.com.vn\/en\/tl-wr840n\/\" \/>\n<meta property=\"og:locale\" content=\"en_US\" \/>\n<meta property=\"og:type\" content=\"article\" \/>\n<meta property=\"og:title\" content=\"TL-WR840N - Nam Th\u00e0nh\" \/>\n<meta property=\"og:description\" content=\"M\u00e3 s\u1ea3n ph\u1ea9m :TL-WR840N H\u00e3ng s\u1ea3n xu\u1ea5t :TP-Link Gi\u00e1 b\u00e1n :0 VN\u0110 T\u00ecnh tr\u1ea1ng :C\u00f2n h\u00e0ng S\u1ed1 l\u01b0\u1ee3t xem :767\" \/>\n<meta property=\"og:url\" content=\"https:\/\/namthanh.com.vn\/en\/tl-wr840n\/\" \/>\n<meta property=\"og:site_name\" content=\"Nam Th\u00e0nh\" \/>\n<meta property=\"og:image\" content=\"https:\/\/namthanh.com.vn\/en\/wp-content\/uploads\/2022\/04\/TL_WR840N_UN_3_0_B_01_1478135593167ex311x254x2.jpg\" \/>\n\t<meta property=\"og:image:width\" content=\"311\" \/>\n\t<meta property=\"og:image:height\" content=\"254\" \/>\n\t<meta property=\"og:image:type\" content=\"image\/jpeg\" \/>\n<meta name=\"twitter:card\" content=\"summary_large_image\" \/>\n<meta name=\"twitter:label1\" content=\"Est. reading time\" \/>\n\t<meta name=\"twitter:data1\" content=\"1 minute\" \/>\n<script type=\"application\/ld+json\" class=\"yoast-schema-graph\">{\"@context\":\"https:\/\/schema.org\",\"@graph\":[{\"@type\":\"WebPage\",\"@id\":\"https:\/\/namthanh.com.vn\/en\/tl-wr840n\/\",\"url\":\"https:\/\/namthanh.com.vn\/en\/tl-wr840n\/\",\"name\":\"TL-WR840N - Nam Th\u00e0nh\",\"isPartOf\":{\"@id\":\"https:\/\/namthanh.com.vn\/en\/#website\"},\"datePublished\":\"2022-04-15T07:29:30+00:00\",\"dateModified\":\"2022-04-15T07:29:30+00:00\",\"breadcrumb\":{\"@id\":\"https:\/\/namthanh.com.vn\/en\/tl-wr840n\/#breadcrumb\"},\"inLanguage\":\"en-US\",\"potentialAction\":[{\"@type\":\"ReadAction\",\"target\":[\"https:\/\/namthanh.com.vn\/en\/tl-wr840n\/\"]}]},{\"@type\":\"BreadcrumbList\",\"@id\":\"https:\/\/namthanh.com.vn\/en\/tl-wr840n\/#breadcrumb\",\"itemListElement\":[{\"@type\":\"ListItem\",\"position\":1,\"name\":\"Home\",\"item\":\"https:\/\/namthanh.com.vn\/en\/\"},{\"@type\":\"ListItem\",\"position\":2,\"name\":\"Shop\",\"item\":\"https:\/\/namthanh.com.vn\/en\/shop\/\"},{\"@type\":\"ListItem\",\"position\":3,\"name\":\"Product\",\"item\":\"https:\/\/namthanh.com.vn\/en\/product\/\"},{\"@type\":\"ListItem\",\"position\":4,\"name\":\"TP-LINK\",\"item\":\"https:\/\/namthanh.com.vn\/en\/tp-link\/\"},{\"@type\":\"ListItem\",\"position\":5,\"name\":\"TL-WR840N\"}]},{\"@type\":\"WebSite\",\"@id\":\"https:\/\/namthanh.com.vn\/en\/#website\",\"url\":\"https:\/\/namthanh.com.vn\/en\/\",\"name\":\"Nam Th\u00e0nh\",\"description\":\"HTH\",\"potentialAction\":[{\"@type\":\"SearchAction\",\"target\":{\"@type\":\"EntryPoint\",\"urlTemplate\":\"https:\/\/namthanh.com.vn\/en\/?s={search_term_string}\"},\"query-input\":\"required name=search_term_string\"}],\"inLanguage\":\"en-US\"}]}<\/script>\n<!-- \/ Yoast SEO plugin. -->","yoast_head_json":{"title":"TL-WR840N - Nam Th\u00e0nh","robots":{"index":"index","follow":"follow","max-snippet":"max-snippet:-1","max-image-preview":"max-image-preview:large","max-video-preview":"max-video-preview:-1"},"canonical":"https:\/\/namthanh.com.vn\/en\/tl-wr840n\/","og_locale":"en_US","og_type":"article","og_title":"TL-WR840N - Nam Th\u00e0nh","og_description":"M\u00e3 s\u1ea3n ph\u1ea9m :TL-WR840N H\u00e3ng s\u1ea3n xu\u1ea5t :TP-Link Gi\u00e1 b\u00e1n :0 VN\u0110 T\u00ecnh tr\u1ea1ng :C\u00f2n h\u00e0ng S\u1ed1 l\u01b0\u1ee3t xem :767","og_url":"https:\/\/namthanh.com.vn\/en\/tl-wr840n\/","og_site_name":"Nam Th\u00e0nh","og_image":[{"width":311,"height":254,"url":"https:\/\/namthanh.com.vn\/en\/wp-content\/uploads\/2022\/04\/TL_WR840N_UN_3_0_B_01_1478135593167ex311x254x2.jpg","type":"image\/jpeg"}],"twitter_card":"summary_large_image","twitter_misc":{"Est. reading time":"1 minute"},"schema":{"@context":"https:\/\/schema.org","@graph":[{"@type":"WebPage","@id":"https:\/\/namthanh.com.vn\/en\/tl-wr840n\/","url":"https:\/\/namthanh.com.vn\/en\/tl-wr840n\/","name":"TL-WR840N - Nam Th\u00e0nh","isPartOf":{"@id":"https:\/\/namthanh.com.vn\/en\/#website"},"datePublished":"2022-04-15T07:29:30+00:00","dateModified":"2022-04-15T07:29:30+00:00","breadcrumb":{"@id":"https:\/\/namthanh.com.vn\/en\/tl-wr840n\/#breadcrumb"},"inLanguage":"en-US","potentialAction":[{"@type":"ReadAction","target":["https:\/\/namthanh.com.vn\/en\/tl-wr840n\/"]}]},{"@type":"BreadcrumbList","@id":"https:\/\/namthanh.com.vn\/en\/tl-wr840n\/#breadcrumb","itemListElement":[{"@type":"ListItem","position":1,"name":"Home","item":"https:\/\/namthanh.com.vn\/en\/"},{"@type":"ListItem","position":2,"name":"Shop","item":"https:\/\/namthanh.com.vn\/en\/shop\/"},{"@type":"ListItem","position":3,"name":"Product","item":"https:\/\/namthanh.com.vn\/en\/product\/"},{"@type":"ListItem","position":4,"name":"TP-LINK","item":"https:\/\/namthanh.com.vn\/en\/tp-link\/"},{"@type":"ListItem","position":5,"name":"TL-WR840N"}]},{"@type":"WebSite","@id":"https:\/\/namthanh.com.vn\/en\/#website","url":"https:\/\/namthanh.com.vn\/en\/","name":"Nam Th\u00e0nh","description":"HTH","potentialAction":[{"@type":"SearchAction","target":{"@type":"EntryPoint","urlTemplate":"https:\/\/namthanh.com.vn\/en\/?s={search_term_string}"},"query-input":"required name=search_term_string"}],"inLanguage":"en-US"}]}},"_links":{"self":[{"href":"https:\/\/namthanh.com.vn\/en\/wp-json\/wp\/v2\/product\/1134"}],"collection":[{"href":"https:\/\/namthanh.com.vn\/en\/wp-json\/wp\/v2\/product"}],"about":[{"href":"https:\/\/namthanh.com.vn\/en\/wp-json\/wp\/v2\/types\/product"}],"replies":[{"embeddable":true,"href":"https:\/\/namthanh.com.vn\/en\/wp-json\/wp\/v2\/comments?post=1134"}],"wp:featuredmedia":[{"embeddable":true,"href":"https:\/\/namthanh.com.vn\/en\/wp-json\/wp\/v2\/media\/1135"}],"wp:attachment":[{"href":"https:\/\/namthanh.com.vn\/en\/wp-json\/wp\/v2\/media?parent=1134"}],"wp:term":[{"taxonomy":"product_cat","embeddable":true,"href":"https:\/\/namthanh.com.vn\/en\/wp-json\/wp\/v2\/product_cat?post=1134"},{"taxonomy":"product_tag","embeddable":true,"href":"https:\/\/namthanh.com.vn\/en\/wp-json\/wp\/v2\/product_tag?post=1134"}],"curies":[{"name":"wp","href":"https:\/\/api.w.org\/{rel}","templated":true}]}}