{"id":1222,"date":"2022-04-21T14:26:45","date_gmt":"2022-04-21T07:26:45","guid":{"rendered":"https:\/\/microlab.vn\/?post_type=product&#038;p=1222"},"modified":"2022-10-20T14:16:57","modified_gmt":"2022-10-20T07:16:57","slug":"m51-pack","status":"publish","type":"product","link":"https:\/\/namthanh.com.vn\/en\/m51-pack\/","title":{"rendered":"Deco M5(1-Pack)"},"content":{"rendered":"<p><img loading=\"lazy\" class=\"aligncenter wp-image-1226 size-full\" src=\"https:\/\/namthanh.com.vn\/en\/wp-content\/uploads\/2022\/04\/M54.png\" alt=\"\" width=\"1600\" height=\"710\" srcset=\"https:\/\/namthanh.com.vn\/en\/wp-content\/uploads\/2022\/04\/M54.png 1600w, https:\/\/namthanh.com.vn\/en\/wp-content\/uploads\/2022\/04\/M54-800x355.png 800w, https:\/\/namthanh.com.vn\/en\/wp-content\/uploads\/2022\/04\/M54-1400x621.png 1400w, https:\/\/namthanh.com.vn\/en\/wp-content\/uploads\/2022\/04\/M54-768x341.png 768w, https:\/\/namthanh.com.vn\/en\/wp-content\/uploads\/2022\/04\/M54-1536x682.png 1536w, https:\/\/namthanh.com.vn\/en\/wp-content\/uploads\/2022\/04\/M54-300x133.png 300w, https:\/\/namthanh.com.vn\/en\/wp-content\/uploads\/2022\/04\/M54-600x266.png 600w\" sizes=\"(max-width: 1600px) 100vw, 1600px\" \/><img loading=\"lazy\" class=\"aligncenter wp-image-1223 size-full\" src=\"https:\/\/namthanh.com.vn\/en\/wp-content\/uploads\/2022\/04\/M52.png\" alt=\"\" width=\"1600\" height=\"795\" srcset=\"https:\/\/namthanh.com.vn\/en\/wp-content\/uploads\/2022\/04\/M52.png 1600w, https:\/\/namthanh.com.vn\/en\/wp-content\/uploads\/2022\/04\/M52-800x398.png 800w, https:\/\/namthanh.com.vn\/en\/wp-content\/uploads\/2022\/04\/M52-1400x696.png 1400w, https:\/\/namthanh.com.vn\/en\/wp-content\/uploads\/2022\/04\/M52-768x382.png 768w, https:\/\/namthanh.com.vn\/en\/wp-content\/uploads\/2022\/04\/M52-1536x763.png 1536w, https:\/\/namthanh.com.vn\/en\/wp-content\/uploads\/2022\/04\/M52-300x149.png 300w, https:\/\/namthanh.com.vn\/en\/wp-content\/uploads\/2022\/04\/M52-600x298.png 600w\" sizes=\"(max-width: 1600px) 100vw, 1600px\" \/><\/p>\n<p style=\"text-align: center;\"><img loading=\"lazy\" class=\"alignnone wp-image-1224 size-full\" src=\"https:\/\/namthanh.com.vn\/en\/wp-content\/uploads\/2022\/04\/M53.png\" alt=\"\" width=\"1382\" height=\"907\" srcset=\"https:\/\/namthanh.com.vn\/en\/wp-content\/uploads\/2022\/04\/M53.png 1382w, https:\/\/namthanh.com.vn\/en\/wp-content\/uploads\/2022\/04\/M53-609x400.png 609w, https:\/\/namthanh.com.vn\/en\/wp-content\/uploads\/2022\/04\/M53-1219x800.png 1219w, https:\/\/namthanh.com.vn\/en\/wp-content\/uploads\/2022\/04\/M53-768x504.png 768w, https:\/\/namthanh.com.vn\/en\/wp-content\/uploads\/2022\/04\/M53-300x197.png 300w, https:\/\/namthanh.com.vn\/en\/wp-content\/uploads\/2022\/04\/M53-600x394.png 600w\" sizes=\"(max-width: 1382px) 100vw, 1382px\" \/><\/p>\n<p><img loading=\"lazy\" class=\"aligncenter wp-image-1225 size-full\" src=\"https:\/\/namthanh.com.vn\/en\/wp-content\/uploads\/2022\/04\/M55.png\" alt=\"\" width=\"1315\" height=\"865\" srcset=\"https:\/\/namthanh.com.vn\/en\/wp-content\/uploads\/2022\/04\/M55.png 1315w, https:\/\/namthanh.com.vn\/en\/wp-content\/uploads\/2022\/04\/M55-608x400.png 608w, https:\/\/namthanh.com.vn\/en\/wp-content\/uploads\/2022\/04\/M55-1216x800.png 1216w, https:\/\/namthanh.com.vn\/en\/wp-content\/uploads\/2022\/04\/M55-768x505.png 768w, https:\/\/namthanh.com.vn\/en\/wp-content\/uploads\/2022\/04\/M55-300x197.png 300w, https:\/\/namthanh.com.vn\/en\/wp-content\/uploads\/2022\/04\/M55-600x395.png 600w\" sizes=\"(max-width: 1315px) 100vw, 1315px\" \/><\/p>\n","protected":false},"excerpt":{"rendered":"<p><span class=\"rowone\">M\u00e3 s\u1ea3n ph\u1ea9m :<\/span><span class=\"rowtwo\">M5(1-Pack)<\/span><br \/>\n<span class=\"rowone\">H\u00e3ng s\u1ea3n xu\u1ea5t :<\/span><span class=\"rowtwo\">TP-Link<\/span><br \/>\n<span class=\"rowone\">Gi\u00e1 b\u00e1n :<\/span><span class=\"rowtwo\">0 VN\u0110<\/span><br \/>\n<span class=\"rowone\">T\u00ecnh tr\u1ea1ng :<\/span><span class=\"rowtwo\">C\u00f2n h\u00e0ng<\/span><br \/>\n<span class=\"rowone\">S\u1ed1 l\u01b0\u1ee3t xem :<\/span><span class=\"rowtwo\">683<\/span><\/p>\n","protected":false},"featured_media":1227,"comment_status":"closed","ping_status":"closed","template":"","meta":[],"product_cat":[105],"product_tag":[],"yoast_head":"<!-- This site is optimized with the Yoast SEO plugin v19.5.1 - https:\/\/yoast.com\/wordpress\/plugins\/seo\/ -->\n<title>Deco M5(1-Pack) - Nam Th\u00e0nh<\/title>\n<meta name=\"robots\" content=\"index, follow, max-snippet:-1, max-image-preview:large, max-video-preview:-1\" \/>\n<link rel=\"canonical\" href=\"https:\/\/namthanh.com.vn\/en\/m51-pack\/\" \/>\n<meta property=\"og:locale\" content=\"en_US\" \/>\n<meta property=\"og:type\" content=\"article\" \/>\n<meta property=\"og:title\" content=\"Deco M5(1-Pack) - Nam Th\u00e0nh\" \/>\n<meta property=\"og:description\" content=\"M\u00e3 s\u1ea3n ph\u1ea9m :M5(1-Pack) H\u00e3ng s\u1ea3n xu\u1ea5t :TP-Link Gi\u00e1 b\u00e1n :0 VN\u0110 T\u00ecnh tr\u1ea1ng :C\u00f2n h\u00e0ng S\u1ed1 l\u01b0\u1ee3t xem :683\" \/>\n<meta property=\"og:url\" content=\"https:\/\/namthanh.com.vn\/en\/m51-pack\/\" \/>\n<meta property=\"og:site_name\" content=\"Nam Th\u00e0nh\" \/>\n<meta property=\"article:modified_time\" content=\"2022-10-20T07:16:57+00:00\" \/>\n<meta property=\"og:image\" content=\"https:\/\/namthanh.com.vn\/en\/wp-content\/uploads\/2022\/04\/M51x311x254x2.jpg\" \/>\n\t<meta property=\"og:image:width\" content=\"311\" \/>\n\t<meta property=\"og:image:height\" content=\"254\" \/>\n\t<meta property=\"og:image:type\" content=\"image\/jpeg\" \/>\n<meta name=\"twitter:card\" content=\"summary_large_image\" \/>\n<meta name=\"twitter:label1\" content=\"Est. reading time\" \/>\n\t<meta name=\"twitter:data1\" content=\"1 minute\" \/>\n<script type=\"application\/ld+json\" class=\"yoast-schema-graph\">{\"@context\":\"https:\/\/schema.org\",\"@graph\":[{\"@type\":\"WebPage\",\"@id\":\"https:\/\/namthanh.com.vn\/en\/m51-pack\/\",\"url\":\"https:\/\/namthanh.com.vn\/en\/m51-pack\/\",\"name\":\"Deco M5(1-Pack) - Nam Th\u00e0nh\",\"isPartOf\":{\"@id\":\"https:\/\/namthanh.com.vn\/en\/#website\"},\"datePublished\":\"2022-04-21T07:26:45+00:00\",\"dateModified\":\"2022-10-20T07:16:57+00:00\",\"breadcrumb\":{\"@id\":\"https:\/\/namthanh.com.vn\/en\/m51-pack\/#breadcrumb\"},\"inLanguage\":\"en-US\",\"potentialAction\":[{\"@type\":\"ReadAction\",\"target\":[\"https:\/\/namthanh.com.vn\/en\/m51-pack\/\"]}]},{\"@type\":\"BreadcrumbList\",\"@id\":\"https:\/\/namthanh.com.vn\/en\/m51-pack\/#breadcrumb\",\"itemListElement\":[{\"@type\":\"ListItem\",\"position\":1,\"name\":\"Home\",\"item\":\"https:\/\/namthanh.com.vn\/en\/\"},{\"@type\":\"ListItem\",\"position\":2,\"name\":\"Shop\",\"item\":\"https:\/\/namthanh.com.vn\/en\/shop\/\"},{\"@type\":\"ListItem\",\"position\":3,\"name\":\"Product\",\"item\":\"https:\/\/namthanh.com.vn\/en\/product\/\"},{\"@type\":\"ListItem\",\"position\":4,\"name\":\"TP-LINK\",\"item\":\"https:\/\/namthanh.com.vn\/en\/tp-link\/\"},{\"@type\":\"ListItem\",\"position\":5,\"name\":\"Whole-Home Wi-Fi System\",\"item\":\"https:\/\/namthanh.com.vn\/en\/whole-home-wi-fi-system\/\"},{\"@type\":\"ListItem\",\"position\":6,\"name\":\"Deco M5(1-Pack)\"}]},{\"@type\":\"WebSite\",\"@id\":\"https:\/\/namthanh.com.vn\/en\/#website\",\"url\":\"https:\/\/namthanh.com.vn\/en\/\",\"name\":\"Nam Th\u00e0nh\",\"description\":\"HTH\",\"potentialAction\":[{\"@type\":\"SearchAction\",\"target\":{\"@type\":\"EntryPoint\",\"urlTemplate\":\"https:\/\/namthanh.com.vn\/en\/?s={search_term_string}\"},\"query-input\":\"required name=search_term_string\"}],\"inLanguage\":\"en-US\"}]}<\/script>\n<!-- \/ Yoast SEO plugin. -->","yoast_head_json":{"title":"Deco M5(1-Pack) - Nam Th\u00e0nh","robots":{"index":"index","follow":"follow","max-snippet":"max-snippet:-1","max-image-preview":"max-image-preview:large","max-video-preview":"max-video-preview:-1"},"canonical":"https:\/\/namthanh.com.vn\/en\/m51-pack\/","og_locale":"en_US","og_type":"article","og_title":"Deco M5(1-Pack) - Nam Th\u00e0nh","og_description":"M\u00e3 s\u1ea3n ph\u1ea9m :M5(1-Pack) H\u00e3ng s\u1ea3n xu\u1ea5t :TP-Link Gi\u00e1 b\u00e1n :0 VN\u0110 T\u00ecnh tr\u1ea1ng :C\u00f2n h\u00e0ng S\u1ed1 l\u01b0\u1ee3t xem :683","og_url":"https:\/\/namthanh.com.vn\/en\/m51-pack\/","og_site_name":"Nam Th\u00e0nh","article_modified_time":"2022-10-20T07:16:57+00:00","og_image":[{"width":311,"height":254,"url":"https:\/\/namthanh.com.vn\/en\/wp-content\/uploads\/2022\/04\/M51x311x254x2.jpg","type":"image\/jpeg"}],"twitter_card":"summary_large_image","twitter_misc":{"Est. reading time":"1 minute"},"schema":{"@context":"https:\/\/schema.org","@graph":[{"@type":"WebPage","@id":"https:\/\/namthanh.com.vn\/en\/m51-pack\/","url":"https:\/\/namthanh.com.vn\/en\/m51-pack\/","name":"Deco M5(1-Pack) - Nam Th\u00e0nh","isPartOf":{"@id":"https:\/\/namthanh.com.vn\/en\/#website"},"datePublished":"2022-04-21T07:26:45+00:00","dateModified":"2022-10-20T07:16:57+00:00","breadcrumb":{"@id":"https:\/\/namthanh.com.vn\/en\/m51-pack\/#breadcrumb"},"inLanguage":"en-US","potentialAction":[{"@type":"ReadAction","target":["https:\/\/namthanh.com.vn\/en\/m51-pack\/"]}]},{"@type":"BreadcrumbList","@id":"https:\/\/namthanh.com.vn\/en\/m51-pack\/#breadcrumb","itemListElement":[{"@type":"ListItem","position":1,"name":"Home","item":"https:\/\/namthanh.com.vn\/en\/"},{"@type":"ListItem","position":2,"name":"Shop","item":"https:\/\/namthanh.com.vn\/en\/shop\/"},{"@type":"ListItem","position":3,"name":"Product","item":"https:\/\/namthanh.com.vn\/en\/product\/"},{"@type":"ListItem","position":4,"name":"TP-LINK","item":"https:\/\/namthanh.com.vn\/en\/tp-link\/"},{"@type":"ListItem","position":5,"name":"Whole-Home Wi-Fi System","item":"https:\/\/namthanh.com.vn\/en\/whole-home-wi-fi-system\/"},{"@type":"ListItem","position":6,"name":"Deco M5(1-Pack)"}]},{"@type":"WebSite","@id":"https:\/\/namthanh.com.vn\/en\/#website","url":"https:\/\/namthanh.com.vn\/en\/","name":"Nam Th\u00e0nh","description":"HTH","potentialAction":[{"@type":"SearchAction","target":{"@type":"EntryPoint","urlTemplate":"https:\/\/namthanh.com.vn\/en\/?s={search_term_string}"},"query-input":"required name=search_term_string"}],"inLanguage":"en-US"}]}},"_links":{"self":[{"href":"https:\/\/namthanh.com.vn\/en\/wp-json\/wp\/v2\/product\/1222"}],"collection":[{"href":"https:\/\/namthanh.com.vn\/en\/wp-json\/wp\/v2\/product"}],"about":[{"href":"https:\/\/namthanh.com.vn\/en\/wp-json\/wp\/v2\/types\/product"}],"replies":[{"embeddable":true,"href":"https:\/\/namthanh.com.vn\/en\/wp-json\/wp\/v2\/comments?post=1222"}],"wp:featuredmedia":[{"embeddable":true,"href":"https:\/\/namthanh.com.vn\/en\/wp-json\/wp\/v2\/media\/1227"}],"wp:attachment":[{"href":"https:\/\/namthanh.com.vn\/en\/wp-json\/wp\/v2\/media?parent=1222"}],"wp:term":[{"taxonomy":"product_cat","embeddable":true,"href":"https:\/\/namthanh.com.vn\/en\/wp-json\/wp\/v2\/product_cat?post=1222"},{"taxonomy":"product_tag","embeddable":true,"href":"https:\/\/namthanh.com.vn\/en\/wp-json\/wp\/v2\/product_tag?post=1222"}],"curies":[{"name":"wp","href":"https:\/\/api.w.org\/{rel}","templated":true}]}}