{"id":1306,"date":"2022-04-25T16:35:56","date_gmt":"2022-04-25T09:35:56","guid":{"rendered":"https:\/\/microlab.vn\/?post_type=product&#038;p=1306"},"modified":"2022-10-20T11:45:17","modified_gmt":"2022-10-20T04:45:17","slug":"mc112cs","status":"publish","type":"product","link":"https:\/\/namthanh.com.vn\/en\/mc112cs\/","title":{"rendered":"MC112CS"},"content":{"rendered":"<div class=\"box title\">\n<h1>10\/100Mbps WDM Media Converter<\/h1>\n<\/div>\n<div class=\"box highlights\">\n<ul>\n<li>Complies with 802.3u 10\/100Base-TX, 100Base-FX standards<\/li>\n<li>Auto-negotiation of Half-Duplex \/ Full-Duplex transfer mode<\/li>\n<li>Adopts WDM technology, transmitting and receiving data on one single fiber<\/li>\n<li>Extends fiber distance up to 20km<\/li>\n<\/ul>\n<\/div>\n","protected":false},"excerpt":{"rendered":"<p><span class=\"rowone\">M\u00e3 s\u1ea3n ph\u1ea9m :<\/span><span class=\"rowtwo\">MC112CS<\/span><br \/>\n<span class=\"rowone\">H\u00e3ng s\u1ea3n xu\u1ea5t :<\/span><span class=\"rowtwo\">TP-Link<\/span><br \/>\n<span class=\"rowone\">Gi\u00e1 b\u00e1n :<\/span><span class=\"rowtwo\">0 VN\u0110<\/span><br \/>\n<span class=\"rowone\">T\u00ecnh tr\u1ea1ng :<\/span><span class=\"rowtwo\">C\u00f2n h\u00e0ng<\/span><br \/>\n<span class=\"rowone\">S\u1ed1 l\u01b0\u1ee3t xem :<\/span><span class=\"rowtwo\">435<\/span><\/p>\n","protected":false},"featured_media":1307,"comment_status":"closed","ping_status":"closed","template":"","meta":[],"product_cat":[115],"product_tag":[],"yoast_head":"<!-- This site is optimized with the Yoast SEO plugin v19.5.1 - https:\/\/yoast.com\/wordpress\/plugins\/seo\/ -->\n<title>MC112CS - Nam Th\u00e0nh<\/title>\n<meta name=\"robots\" content=\"index, follow, max-snippet:-1, max-image-preview:large, max-video-preview:-1\" \/>\n<link rel=\"canonical\" href=\"https:\/\/namthanh.com.vn\/en\/mc112cs\/\" \/>\n<meta property=\"og:locale\" content=\"en_US\" \/>\n<meta property=\"og:type\" content=\"article\" \/>\n<meta property=\"og:title\" content=\"MC112CS - Nam Th\u00e0nh\" \/>\n<meta property=\"og:description\" content=\"M\u00e3 s\u1ea3n ph\u1ea9m :MC112CS H\u00e3ng s\u1ea3n xu\u1ea5t :TP-Link Gi\u00e1 b\u00e1n :0 VN\u0110 T\u00ecnh tr\u1ea1ng :C\u00f2n h\u00e0ng S\u1ed1 l\u01b0\u1ee3t xem :435\" \/>\n<meta property=\"og:url\" content=\"https:\/\/namthanh.com.vn\/en\/mc112cs\/\" \/>\n<meta property=\"og:site_name\" content=\"Nam Th\u00e0nh\" \/>\n<meta property=\"article:modified_time\" content=\"2022-10-20T04:45:17+00:00\" \/>\n<meta property=\"og:image\" content=\"https:\/\/namthanh.com.vn\/en\/wp-content\/uploads\/2022\/04\/mc112x311x254x2.jpg\" \/>\n\t<meta property=\"og:image:width\" content=\"311\" \/>\n\t<meta property=\"og:image:height\" content=\"254\" \/>\n\t<meta property=\"og:image:type\" content=\"image\/jpeg\" \/>\n<meta name=\"twitter:card\" content=\"summary_large_image\" \/>\n<meta name=\"twitter:label1\" content=\"Est. reading time\" \/>\n\t<meta name=\"twitter:data1\" content=\"1 minute\" \/>\n<script type=\"application\/ld+json\" class=\"yoast-schema-graph\">{\"@context\":\"https:\/\/schema.org\",\"@graph\":[{\"@type\":\"WebPage\",\"@id\":\"https:\/\/namthanh.com.vn\/en\/mc112cs\/\",\"url\":\"https:\/\/namthanh.com.vn\/en\/mc112cs\/\",\"name\":\"MC112CS - Nam Th\u00e0nh\",\"isPartOf\":{\"@id\":\"https:\/\/namthanh.com.vn\/en\/#website\"},\"datePublished\":\"2022-04-25T09:35:56+00:00\",\"dateModified\":\"2022-10-20T04:45:17+00:00\",\"breadcrumb\":{\"@id\":\"https:\/\/namthanh.com.vn\/en\/mc112cs\/#breadcrumb\"},\"inLanguage\":\"en-US\",\"potentialAction\":[{\"@type\":\"ReadAction\",\"target\":[\"https:\/\/namthanh.com.vn\/en\/mc112cs\/\"]}]},{\"@type\":\"BreadcrumbList\",\"@id\":\"https:\/\/namthanh.com.vn\/en\/mc112cs\/#breadcrumb\",\"itemListElement\":[{\"@type\":\"ListItem\",\"position\":1,\"name\":\"Home\",\"item\":\"https:\/\/namthanh.com.vn\/en\/\"},{\"@type\":\"ListItem\",\"position\":2,\"name\":\"Shop\",\"item\":\"https:\/\/namthanh.com.vn\/en\/shop\/\"},{\"@type\":\"ListItem\",\"position\":3,\"name\":\"Product\",\"item\":\"https:\/\/namthanh.com.vn\/en\/product\/\"},{\"@type\":\"ListItem\",\"position\":4,\"name\":\"TP-LINK\",\"item\":\"https:\/\/namthanh.com.vn\/en\/tp-link\/\"},{\"@type\":\"ListItem\",\"position\":5,\"name\":\"Media Converter\",\"item\":\"https:\/\/namthanh.com.vn\/en\/media-converter\/\"},{\"@type\":\"ListItem\",\"position\":6,\"name\":\"MC112CS\"}]},{\"@type\":\"WebSite\",\"@id\":\"https:\/\/namthanh.com.vn\/en\/#website\",\"url\":\"https:\/\/namthanh.com.vn\/en\/\",\"name\":\"Nam Th\u00e0nh\",\"description\":\"HTH\",\"potentialAction\":[{\"@type\":\"SearchAction\",\"target\":{\"@type\":\"EntryPoint\",\"urlTemplate\":\"https:\/\/namthanh.com.vn\/en\/?s={search_term_string}\"},\"query-input\":\"required name=search_term_string\"}],\"inLanguage\":\"en-US\"}]}<\/script>\n<!-- \/ Yoast SEO plugin. -->","yoast_head_json":{"title":"MC112CS - Nam Th\u00e0nh","robots":{"index":"index","follow":"follow","max-snippet":"max-snippet:-1","max-image-preview":"max-image-preview:large","max-video-preview":"max-video-preview:-1"},"canonical":"https:\/\/namthanh.com.vn\/en\/mc112cs\/","og_locale":"en_US","og_type":"article","og_title":"MC112CS - Nam Th\u00e0nh","og_description":"M\u00e3 s\u1ea3n ph\u1ea9m :MC112CS H\u00e3ng s\u1ea3n xu\u1ea5t :TP-Link Gi\u00e1 b\u00e1n :0 VN\u0110 T\u00ecnh tr\u1ea1ng :C\u00f2n h\u00e0ng S\u1ed1 l\u01b0\u1ee3t xem :435","og_url":"https:\/\/namthanh.com.vn\/en\/mc112cs\/","og_site_name":"Nam Th\u00e0nh","article_modified_time":"2022-10-20T04:45:17+00:00","og_image":[{"width":311,"height":254,"url":"https:\/\/namthanh.com.vn\/en\/wp-content\/uploads\/2022\/04\/mc112x311x254x2.jpg","type":"image\/jpeg"}],"twitter_card":"summary_large_image","twitter_misc":{"Est. reading time":"1 minute"},"schema":{"@context":"https:\/\/schema.org","@graph":[{"@type":"WebPage","@id":"https:\/\/namthanh.com.vn\/en\/mc112cs\/","url":"https:\/\/namthanh.com.vn\/en\/mc112cs\/","name":"MC112CS - Nam Th\u00e0nh","isPartOf":{"@id":"https:\/\/namthanh.com.vn\/en\/#website"},"datePublished":"2022-04-25T09:35:56+00:00","dateModified":"2022-10-20T04:45:17+00:00","breadcrumb":{"@id":"https:\/\/namthanh.com.vn\/en\/mc112cs\/#breadcrumb"},"inLanguage":"en-US","potentialAction":[{"@type":"ReadAction","target":["https:\/\/namthanh.com.vn\/en\/mc112cs\/"]}]},{"@type":"BreadcrumbList","@id":"https:\/\/namthanh.com.vn\/en\/mc112cs\/#breadcrumb","itemListElement":[{"@type":"ListItem","position":1,"name":"Home","item":"https:\/\/namthanh.com.vn\/en\/"},{"@type":"ListItem","position":2,"name":"Shop","item":"https:\/\/namthanh.com.vn\/en\/shop\/"},{"@type":"ListItem","position":3,"name":"Product","item":"https:\/\/namthanh.com.vn\/en\/product\/"},{"@type":"ListItem","position":4,"name":"TP-LINK","item":"https:\/\/namthanh.com.vn\/en\/tp-link\/"},{"@type":"ListItem","position":5,"name":"Media Converter","item":"https:\/\/namthanh.com.vn\/en\/media-converter\/"},{"@type":"ListItem","position":6,"name":"MC112CS"}]},{"@type":"WebSite","@id":"https:\/\/namthanh.com.vn\/en\/#website","url":"https:\/\/namthanh.com.vn\/en\/","name":"Nam Th\u00e0nh","description":"HTH","potentialAction":[{"@type":"SearchAction","target":{"@type":"EntryPoint","urlTemplate":"https:\/\/namthanh.com.vn\/en\/?s={search_term_string}"},"query-input":"required name=search_term_string"}],"inLanguage":"en-US"}]}},"_links":{"self":[{"href":"https:\/\/namthanh.com.vn\/en\/wp-json\/wp\/v2\/product\/1306"}],"collection":[{"href":"https:\/\/namthanh.com.vn\/en\/wp-json\/wp\/v2\/product"}],"about":[{"href":"https:\/\/namthanh.com.vn\/en\/wp-json\/wp\/v2\/types\/product"}],"replies":[{"embeddable":true,"href":"https:\/\/namthanh.com.vn\/en\/wp-json\/wp\/v2\/comments?post=1306"}],"wp:featuredmedia":[{"embeddable":true,"href":"https:\/\/namthanh.com.vn\/en\/wp-json\/wp\/v2\/media\/1307"}],"wp:attachment":[{"href":"https:\/\/namthanh.com.vn\/en\/wp-json\/wp\/v2\/media?parent=1306"}],"wp:term":[{"taxonomy":"product_cat","embeddable":true,"href":"https:\/\/namthanh.com.vn\/en\/wp-json\/wp\/v2\/product_cat?post=1306"},{"taxonomy":"product_tag","embeddable":true,"href":"https:\/\/namthanh.com.vn\/en\/wp-json\/wp\/v2\/product_tag?post=1306"}],"curies":[{"name":"wp","href":"https:\/\/api.w.org\/{rel}","templated":true}]}}