{"id":1365,"date":"2022-04-26T15:26:31","date_gmt":"2022-04-26T08:26:31","guid":{"rendered":"https:\/\/microlab.vn\/?post_type=product&#038;p=1365"},"modified":"2022-10-20T11:24:07","modified_gmt":"2022-10-20T04:24:07","slug":"t2500g-10mps","status":"publish","type":"product","link":"https:\/\/namthanh.com.vn\/en\/t2500g-10mps\/","title":{"rendered":"T2500G-10MPS"},"content":{"rendered":"<div class=\"box title\">\n<h1>JetStream 8-Port Gigabit L2 Managed PoE+ Switch with 2 SFP Slots<\/h1>\n<\/div>\n<div class=\"box highlights\">\n<ul>\n<li>Features 8 PoE+ ports compliant with 802.3af\/at, 116W total PoE power output and an array of PoE management options<\/li>\n<li>Gigabit Ethernet connections on all ports for fast data transfer speeds<\/li>\n<li>Selectable RJ45 console port and Micro-USB console port<\/li>\n<li>Advanced security features including IP-MAC-Port Binding, ACL, Port Security, DoS Defend, Storm Control, DHCP Snooping, 802.1X and Radius Authentication<\/li>\n<li>L2\/L3\/L4 QoS and IGMP snooping optimize voice and video applications<\/li>\n<li>Web\/CLI managed modes, SNMP, RMON and Dual Image provide abundant management features<\/li>\n<\/ul>\n<\/div>\n","protected":false},"excerpt":{"rendered":"<p><span class=\"rowone\">M\u00e3 s\u1ea3n ph\u1ea9m :<\/span><span class=\"rowtwo\">T2500G-10MPS<\/span><br \/>\n<span class=\"rowone\">H\u00e3ng s\u1ea3n xu\u1ea5t :<\/span><span class=\"rowtwo\">TP-Link<\/span><br \/>\n<span class=\"rowone\">Gi\u00e1 b\u00e1n :<\/span><span class=\"rowtwo\">0 VN\u0110<\/span><br \/>\n<span class=\"rowone\">T\u00ecnh tr\u1ea1ng :<\/span><span class=\"rowtwo\">C\u00f2n h\u00e0ng<\/span><br \/>\n<span class=\"rowone\">S\u1ed1 l\u01b0\u1ee3t xem :<\/span><span class=\"rowtwo\">407<\/span><\/p>\n","protected":false},"featured_media":1366,"comment_status":"closed","ping_status":"closed","template":"","meta":[],"product_cat":[118],"product_tag":[],"yoast_head":"<!-- This site is optimized with the Yoast SEO plugin v19.5.1 - https:\/\/yoast.com\/wordpress\/plugins\/seo\/ -->\n<title>T2500G-10MPS - Nam Th\u00e0nh<\/title>\n<meta name=\"robots\" content=\"index, follow, max-snippet:-1, max-image-preview:large, max-video-preview:-1\" \/>\n<link rel=\"canonical\" href=\"https:\/\/namthanh.com.vn\/en\/t2500g-10mps\/\" \/>\n<meta property=\"og:locale\" content=\"en_US\" \/>\n<meta property=\"og:type\" content=\"article\" \/>\n<meta property=\"og:title\" content=\"T2500G-10MPS - Nam Th\u00e0nh\" \/>\n<meta property=\"og:description\" content=\"M\u00e3 s\u1ea3n ph\u1ea9m :T2500G-10MPS H\u00e3ng s\u1ea3n xu\u1ea5t :TP-Link Gi\u00e1 b\u00e1n :0 VN\u0110 T\u00ecnh tr\u1ea1ng :C\u00f2n h\u00e0ng S\u1ed1 l\u01b0\u1ee3t xem :407\" \/>\n<meta property=\"og:url\" content=\"https:\/\/namthanh.com.vn\/en\/t2500g-10mps\/\" \/>\n<meta property=\"og:site_name\" content=\"Nam Th\u00e0nh\" \/>\n<meta property=\"article:modified_time\" content=\"2022-10-20T04:24:07+00:00\" \/>\n<meta property=\"og:image\" content=\"https:\/\/namthanh.com.vn\/en\/wp-content\/uploads\/2022\/04\/2500gx311x254x2.jpg\" \/>\n\t<meta property=\"og:image:width\" content=\"311\" \/>\n\t<meta property=\"og:image:height\" content=\"254\" \/>\n\t<meta property=\"og:image:type\" content=\"image\/jpeg\" \/>\n<meta name=\"twitter:card\" content=\"summary_large_image\" \/>\n<meta name=\"twitter:label1\" content=\"Est. reading time\" \/>\n\t<meta name=\"twitter:data1\" content=\"1 minute\" \/>\n<script type=\"application\/ld+json\" class=\"yoast-schema-graph\">{\"@context\":\"https:\/\/schema.org\",\"@graph\":[{\"@type\":\"WebPage\",\"@id\":\"https:\/\/namthanh.com.vn\/en\/t2500g-10mps\/\",\"url\":\"https:\/\/namthanh.com.vn\/en\/t2500g-10mps\/\",\"name\":\"T2500G-10MPS - Nam Th\u00e0nh\",\"isPartOf\":{\"@id\":\"https:\/\/namthanh.com.vn\/en\/#website\"},\"datePublished\":\"2022-04-26T08:26:31+00:00\",\"dateModified\":\"2022-10-20T04:24:07+00:00\",\"breadcrumb\":{\"@id\":\"https:\/\/namthanh.com.vn\/en\/t2500g-10mps\/#breadcrumb\"},\"inLanguage\":\"en-US\",\"potentialAction\":[{\"@type\":\"ReadAction\",\"target\":[\"https:\/\/namthanh.com.vn\/en\/t2500g-10mps\/\"]}]},{\"@type\":\"BreadcrumbList\",\"@id\":\"https:\/\/namthanh.com.vn\/en\/t2500g-10mps\/#breadcrumb\",\"itemListElement\":[{\"@type\":\"ListItem\",\"position\":1,\"name\":\"Home\",\"item\":\"https:\/\/namthanh.com.vn\/en\/\"},{\"@type\":\"ListItem\",\"position\":2,\"name\":\"Shop\",\"item\":\"https:\/\/namthanh.com.vn\/en\/shop\/\"},{\"@type\":\"ListItem\",\"position\":3,\"name\":\"Product\",\"item\":\"https:\/\/namthanh.com.vn\/en\/product\/\"},{\"@type\":\"ListItem\",\"position\":4,\"name\":\"TP-LINK\",\"item\":\"https:\/\/namthanh.com.vn\/en\/tp-link\/\"},{\"@type\":\"ListItem\",\"position\":5,\"name\":\"POE\",\"item\":\"https:\/\/namthanh.com.vn\/en\/poe\/\"},{\"@type\":\"ListItem\",\"position\":6,\"name\":\"T2500G-10MPS\"}]},{\"@type\":\"WebSite\",\"@id\":\"https:\/\/namthanh.com.vn\/en\/#website\",\"url\":\"https:\/\/namthanh.com.vn\/en\/\",\"name\":\"Nam Th\u00e0nh\",\"description\":\"HTH\",\"potentialAction\":[{\"@type\":\"SearchAction\",\"target\":{\"@type\":\"EntryPoint\",\"urlTemplate\":\"https:\/\/namthanh.com.vn\/en\/?s={search_term_string}\"},\"query-input\":\"required name=search_term_string\"}],\"inLanguage\":\"en-US\"}]}<\/script>\n<!-- \/ Yoast SEO plugin. -->","yoast_head_json":{"title":"T2500G-10MPS - Nam Th\u00e0nh","robots":{"index":"index","follow":"follow","max-snippet":"max-snippet:-1","max-image-preview":"max-image-preview:large","max-video-preview":"max-video-preview:-1"},"canonical":"https:\/\/namthanh.com.vn\/en\/t2500g-10mps\/","og_locale":"en_US","og_type":"article","og_title":"T2500G-10MPS - Nam Th\u00e0nh","og_description":"M\u00e3 s\u1ea3n ph\u1ea9m :T2500G-10MPS H\u00e3ng s\u1ea3n xu\u1ea5t :TP-Link Gi\u00e1 b\u00e1n :0 VN\u0110 T\u00ecnh tr\u1ea1ng :C\u00f2n h\u00e0ng S\u1ed1 l\u01b0\u1ee3t xem :407","og_url":"https:\/\/namthanh.com.vn\/en\/t2500g-10mps\/","og_site_name":"Nam Th\u00e0nh","article_modified_time":"2022-10-20T04:24:07+00:00","og_image":[{"width":311,"height":254,"url":"https:\/\/namthanh.com.vn\/en\/wp-content\/uploads\/2022\/04\/2500gx311x254x2.jpg","type":"image\/jpeg"}],"twitter_card":"summary_large_image","twitter_misc":{"Est. reading time":"1 minute"},"schema":{"@context":"https:\/\/schema.org","@graph":[{"@type":"WebPage","@id":"https:\/\/namthanh.com.vn\/en\/t2500g-10mps\/","url":"https:\/\/namthanh.com.vn\/en\/t2500g-10mps\/","name":"T2500G-10MPS - Nam Th\u00e0nh","isPartOf":{"@id":"https:\/\/namthanh.com.vn\/en\/#website"},"datePublished":"2022-04-26T08:26:31+00:00","dateModified":"2022-10-20T04:24:07+00:00","breadcrumb":{"@id":"https:\/\/namthanh.com.vn\/en\/t2500g-10mps\/#breadcrumb"},"inLanguage":"en-US","potentialAction":[{"@type":"ReadAction","target":["https:\/\/namthanh.com.vn\/en\/t2500g-10mps\/"]}]},{"@type":"BreadcrumbList","@id":"https:\/\/namthanh.com.vn\/en\/t2500g-10mps\/#breadcrumb","itemListElement":[{"@type":"ListItem","position":1,"name":"Home","item":"https:\/\/namthanh.com.vn\/en\/"},{"@type":"ListItem","position":2,"name":"Shop","item":"https:\/\/namthanh.com.vn\/en\/shop\/"},{"@type":"ListItem","position":3,"name":"Product","item":"https:\/\/namthanh.com.vn\/en\/product\/"},{"@type":"ListItem","position":4,"name":"TP-LINK","item":"https:\/\/namthanh.com.vn\/en\/tp-link\/"},{"@type":"ListItem","position":5,"name":"POE","item":"https:\/\/namthanh.com.vn\/en\/poe\/"},{"@type":"ListItem","position":6,"name":"T2500G-10MPS"}]},{"@type":"WebSite","@id":"https:\/\/namthanh.com.vn\/en\/#website","url":"https:\/\/namthanh.com.vn\/en\/","name":"Nam Th\u00e0nh","description":"HTH","potentialAction":[{"@type":"SearchAction","target":{"@type":"EntryPoint","urlTemplate":"https:\/\/namthanh.com.vn\/en\/?s={search_term_string}"},"query-input":"required name=search_term_string"}],"inLanguage":"en-US"}]}},"_links":{"self":[{"href":"https:\/\/namthanh.com.vn\/en\/wp-json\/wp\/v2\/product\/1365"}],"collection":[{"href":"https:\/\/namthanh.com.vn\/en\/wp-json\/wp\/v2\/product"}],"about":[{"href":"https:\/\/namthanh.com.vn\/en\/wp-json\/wp\/v2\/types\/product"}],"replies":[{"embeddable":true,"href":"https:\/\/namthanh.com.vn\/en\/wp-json\/wp\/v2\/comments?post=1365"}],"wp:featuredmedia":[{"embeddable":true,"href":"https:\/\/namthanh.com.vn\/en\/wp-json\/wp\/v2\/media\/1366"}],"wp:attachment":[{"href":"https:\/\/namthanh.com.vn\/en\/wp-json\/wp\/v2\/media?parent=1365"}],"wp:term":[{"taxonomy":"product_cat","embeddable":true,"href":"https:\/\/namthanh.com.vn\/en\/wp-json\/wp\/v2\/product_cat?post=1365"},{"taxonomy":"product_tag","embeddable":true,"href":"https:\/\/namthanh.com.vn\/en\/wp-json\/wp\/v2\/product_tag?post=1365"}],"curies":[{"name":"wp","href":"https:\/\/api.w.org\/{rel}","templated":true}]}}