{"id":1445,"date":"2022-04-28T16:55:35","date_gmt":"2022-04-28T09:55:35","guid":{"rendered":"https:\/\/microlab.vn\/?post_type=product&#038;p=1445"},"modified":"2022-04-28T16:55:35","modified_gmt":"2022-04-28T09:55:35","slug":"mw300re","status":"publish","type":"product","link":"https:\/\/namthanh.com.vn\/en\/mw300re\/","title":{"rendered":"MW300RE"},"content":{"rendered":"<p>Ch\u1ebf \u0111\u1ed9\u00a0m\u1edf r\u1ed9ng s\u00f3ng t\u0103ng c\u01b0\u1eddng t\u00edn hi\u1ec7u Wi-Fi\u00a0\u00a0\u0111\u1ebfn nh\u1eefng n\u01a1i s\u00f3ng Wi-Fi kh\u00f4ng th\u1ec3 t\u1edbi \u0111\u01b0\u1ee3c ho\u1eb7c khu v\u1ef1c kh\u00f3 \u0111i d\u00e2y.<\/p>\n<p>Ba \u0103ng ten ngo\u00e0i v\u1edbi c\u00f4ng ngh\u1ec7 MIMO gi\u00fap\u00a0MW300RE v\u01b0\u1ee3t tr\u1ed9i h\u01a1n c\u00e1c b\u1ed9 m\u1edf r\u1ed9ng s\u00f3ng th\u00f4ng th\u01b0\u1eddng.<\/p>\n<p>D\u1ec5 d\u00e0ng m\u1edf r\u1ed9ng v\u00f9ng\u00a0ph\u1ee7 s\u00f3ng Wi-Fi\u00a0v\u1edbi b\u01b0\u1edbc \u0111\u01a1n gi\u1ea3n\u00a0ho\u1eb7c nh\u1ea5n n\u00fat WPS.<\/p>\n<p>K\u00edch th\u01b0\u1edbc thu nh\u1ecf v\u00e0 thi\u1ebft k\u1ebf g\u1eafn t\u01b0\u1eddng gi\u00fap d\u1ec5 d\u00e0ng tri\u1ec3n khai\u00a0v\u00e0 di chuy\u1ec3n linh ho\u1ea1t.<\/p>\n<p>\u0110\u00e8n LED nhi\u1ec1u m\u00e0u gi\u00fap b\u1ea1n t\u00ecm \u0111\u01b0\u1ee3c v\u1ecb tr\u00ed t\u1ed1t\u00a0\u0111\u1ec3 cung c\u1ea5p Wi-Fi m\u1edf r\u1ed9ng hi\u1ec7u qu\u1ea3 nh\u1ea5t. !<\/p>\n","protected":false},"excerpt":{"rendered":"<p><span class=\"rowone\">M\u00e3 s\u1ea3n ph\u1ea9m :<\/span><span class=\"rowtwo\">MW300RE<\/span><br \/>\n<span class=\"rowone\">H\u00e3ng s\u1ea3n xu\u1ea5t :<\/span><span class=\"rowtwo\">MERCUSYS<\/span><br \/>\n<span class=\"rowone\">Gi\u00e1 b\u00e1n :<\/span><span class=\"rowtwo\">0 VN\u0110<\/span><br \/>\n<span class=\"rowone\">T\u00ecnh tr\u1ea1ng :<\/span><span class=\"rowtwo\">C\u00f2n h\u00e0ng<\/span><br \/>\n<span class=\"rowone\">S\u1ed1 l\u01b0\u1ee3t xem :<\/span><span class=\"rowtwo\">490<\/span><\/p>\n","protected":false},"featured_media":1446,"comment_status":"closed","ping_status":"closed","template":"","meta":[],"product_cat":[15],"product_tag":[],"yoast_head":"<!-- This site is optimized with the Yoast SEO plugin v19.5.1 - https:\/\/yoast.com\/wordpress\/plugins\/seo\/ -->\n<title>MW300RE - Nam Th\u00e0nh<\/title>\n<meta name=\"robots\" content=\"index, follow, max-snippet:-1, max-image-preview:large, max-video-preview:-1\" \/>\n<link rel=\"canonical\" href=\"https:\/\/namthanh.com.vn\/en\/mw300re\/\" \/>\n<meta property=\"og:locale\" content=\"en_US\" \/>\n<meta property=\"og:type\" content=\"article\" \/>\n<meta property=\"og:title\" content=\"MW300RE - Nam Th\u00e0nh\" \/>\n<meta property=\"og:description\" content=\"M\u00e3 s\u1ea3n ph\u1ea9m :MW300RE H\u00e3ng s\u1ea3n xu\u1ea5t :MERCUSYS Gi\u00e1 b\u00e1n :0 VN\u0110 T\u00ecnh tr\u1ea1ng :C\u00f2n h\u00e0ng S\u1ed1 l\u01b0\u1ee3t xem :490\" \/>\n<meta property=\"og:url\" content=\"https:\/\/namthanh.com.vn\/en\/mw300re\/\" \/>\n<meta property=\"og:site_name\" content=\"Nam Th\u00e0nh\" \/>\n<meta property=\"og:image\" content=\"https:\/\/namthanh.com.vn\/en\/wp-content\/uploads\/2022\/04\/300rex311x254x2.jpg\" \/>\n\t<meta property=\"og:image:width\" content=\"311\" \/>\n\t<meta property=\"og:image:height\" content=\"254\" \/>\n\t<meta property=\"og:image:type\" content=\"image\/jpeg\" \/>\n<meta name=\"twitter:card\" content=\"summary_large_image\" \/>\n<meta name=\"twitter:label1\" content=\"Est. reading time\" \/>\n\t<meta name=\"twitter:data1\" content=\"1 minute\" \/>\n<script type=\"application\/ld+json\" class=\"yoast-schema-graph\">{\"@context\":\"https:\/\/schema.org\",\"@graph\":[{\"@type\":\"WebPage\",\"@id\":\"https:\/\/namthanh.com.vn\/en\/mw300re\/\",\"url\":\"https:\/\/namthanh.com.vn\/en\/mw300re\/\",\"name\":\"MW300RE - Nam Th\u00e0nh\",\"isPartOf\":{\"@id\":\"https:\/\/namthanh.com.vn\/en\/#website\"},\"datePublished\":\"2022-04-28T09:55:35+00:00\",\"dateModified\":\"2022-04-28T09:55:35+00:00\",\"breadcrumb\":{\"@id\":\"https:\/\/namthanh.com.vn\/en\/mw300re\/#breadcrumb\"},\"inLanguage\":\"en-US\",\"potentialAction\":[{\"@type\":\"ReadAction\",\"target\":[\"https:\/\/namthanh.com.vn\/en\/mw300re\/\"]}]},{\"@type\":\"BreadcrumbList\",\"@id\":\"https:\/\/namthanh.com.vn\/en\/mw300re\/#breadcrumb\",\"itemListElement\":[{\"@type\":\"ListItem\",\"position\":1,\"name\":\"Home\",\"item\":\"https:\/\/namthanh.com.vn\/en\/\"},{\"@type\":\"ListItem\",\"position\":2,\"name\":\"Shop\",\"item\":\"https:\/\/namthanh.com.vn\/en\/shop\/\"},{\"@type\":\"ListItem\",\"position\":3,\"name\":\"Uncategorized\",\"item\":\"https:\/\/namthanh.com.vn\/en\/uncategorized\/\"},{\"@type\":\"ListItem\",\"position\":4,\"name\":\"MW300RE\"}]},{\"@type\":\"WebSite\",\"@id\":\"https:\/\/namthanh.com.vn\/en\/#website\",\"url\":\"https:\/\/namthanh.com.vn\/en\/\",\"name\":\"Nam Th\u00e0nh\",\"description\":\"HTH\",\"potentialAction\":[{\"@type\":\"SearchAction\",\"target\":{\"@type\":\"EntryPoint\",\"urlTemplate\":\"https:\/\/namthanh.com.vn\/en\/?s={search_term_string}\"},\"query-input\":\"required name=search_term_string\"}],\"inLanguage\":\"en-US\"}]}<\/script>\n<!-- \/ Yoast SEO plugin. -->","yoast_head_json":{"title":"MW300RE - Nam Th\u00e0nh","robots":{"index":"index","follow":"follow","max-snippet":"max-snippet:-1","max-image-preview":"max-image-preview:large","max-video-preview":"max-video-preview:-1"},"canonical":"https:\/\/namthanh.com.vn\/en\/mw300re\/","og_locale":"en_US","og_type":"article","og_title":"MW300RE - Nam Th\u00e0nh","og_description":"M\u00e3 s\u1ea3n ph\u1ea9m :MW300RE H\u00e3ng s\u1ea3n xu\u1ea5t :MERCUSYS Gi\u00e1 b\u00e1n :0 VN\u0110 T\u00ecnh tr\u1ea1ng :C\u00f2n h\u00e0ng S\u1ed1 l\u01b0\u1ee3t xem :490","og_url":"https:\/\/namthanh.com.vn\/en\/mw300re\/","og_site_name":"Nam Th\u00e0nh","og_image":[{"width":311,"height":254,"url":"https:\/\/namthanh.com.vn\/en\/wp-content\/uploads\/2022\/04\/300rex311x254x2.jpg","type":"image\/jpeg"}],"twitter_card":"summary_large_image","twitter_misc":{"Est. reading time":"1 minute"},"schema":{"@context":"https:\/\/schema.org","@graph":[{"@type":"WebPage","@id":"https:\/\/namthanh.com.vn\/en\/mw300re\/","url":"https:\/\/namthanh.com.vn\/en\/mw300re\/","name":"MW300RE - Nam Th\u00e0nh","isPartOf":{"@id":"https:\/\/namthanh.com.vn\/en\/#website"},"datePublished":"2022-04-28T09:55:35+00:00","dateModified":"2022-04-28T09:55:35+00:00","breadcrumb":{"@id":"https:\/\/namthanh.com.vn\/en\/mw300re\/#breadcrumb"},"inLanguage":"en-US","potentialAction":[{"@type":"ReadAction","target":["https:\/\/namthanh.com.vn\/en\/mw300re\/"]}]},{"@type":"BreadcrumbList","@id":"https:\/\/namthanh.com.vn\/en\/mw300re\/#breadcrumb","itemListElement":[{"@type":"ListItem","position":1,"name":"Home","item":"https:\/\/namthanh.com.vn\/en\/"},{"@type":"ListItem","position":2,"name":"Shop","item":"https:\/\/namthanh.com.vn\/en\/shop\/"},{"@type":"ListItem","position":3,"name":"Uncategorized","item":"https:\/\/namthanh.com.vn\/en\/uncategorized\/"},{"@type":"ListItem","position":4,"name":"MW300RE"}]},{"@type":"WebSite","@id":"https:\/\/namthanh.com.vn\/en\/#website","url":"https:\/\/namthanh.com.vn\/en\/","name":"Nam Th\u00e0nh","description":"HTH","potentialAction":[{"@type":"SearchAction","target":{"@type":"EntryPoint","urlTemplate":"https:\/\/namthanh.com.vn\/en\/?s={search_term_string}"},"query-input":"required name=search_term_string"}],"inLanguage":"en-US"}]}},"_links":{"self":[{"href":"https:\/\/namthanh.com.vn\/en\/wp-json\/wp\/v2\/product\/1445"}],"collection":[{"href":"https:\/\/namthanh.com.vn\/en\/wp-json\/wp\/v2\/product"}],"about":[{"href":"https:\/\/namthanh.com.vn\/en\/wp-json\/wp\/v2\/types\/product"}],"replies":[{"embeddable":true,"href":"https:\/\/namthanh.com.vn\/en\/wp-json\/wp\/v2\/comments?post=1445"}],"wp:featuredmedia":[{"embeddable":true,"href":"https:\/\/namthanh.com.vn\/en\/wp-json\/wp\/v2\/media\/1446"}],"wp:attachment":[{"href":"https:\/\/namthanh.com.vn\/en\/wp-json\/wp\/v2\/media?parent=1445"}],"wp:term":[{"taxonomy":"product_cat","embeddable":true,"href":"https:\/\/namthanh.com.vn\/en\/wp-json\/wp\/v2\/product_cat?post=1445"},{"taxonomy":"product_tag","embeddable":true,"href":"https:\/\/namthanh.com.vn\/en\/wp-json\/wp\/v2\/product_tag?post=1445"}],"curies":[{"name":"wp","href":"https:\/\/api.w.org\/{rel}","templated":true}]}}