{"id":1655,"date":"2022-06-09T14:46:53","date_gmt":"2022-06-09T07:46:53","guid":{"rendered":"https:\/\/microlab.vn\/?post_type=product&#038;p=1655"},"modified":"2022-06-23T15:49:59","modified_gmt":"2022-06-23T08:49:59","slug":"chuot-rapoo-m216","status":"publish","type":"product","link":"https:\/\/namthanh.com.vn\/en\/chuot-rapoo-m216\/","title":{"rendered":"M216"},"content":{"rendered":"<h3><span style=\"font-family: arial, helvetica, sans-serif; font-size: 100%; color: #000000;\">Thi\u1ebft k\u1ebf nh\u1ecf g\u1ecdn, c\u00e2n \u0111\u1ed1i<\/span><\/h3>\n<p><span style=\"font-family: arial, helvetica, sans-serif; font-size: 100%; color: #000000;\">Chu\u1ed9t Kh\u00f4ng D\u00e2y Rapoo M216 \u0110en\u00a0c\u00f3 tone m\u00e0u \u0111en kh\u00e1 sang tr\u1ecdng, tr\u1ecdng l\u01b0\u1ee3ng ch\u1ec9\u00a0<strong>55 g<\/strong>\u00a0r\u1ea5t nh\u1ecf g\u1ecdn \u00f4m s\u00e1t v\u00e0o l\u00f2ng b\u00e0n tay, \u0111\u1ea3m b\u1ea3o cho ng\u01b0\u1eddi d\u1ec5 d\u00e0ng s\u1eed d\u1ee5ng m\u00e0 kh\u00f4ng b\u1ecb m\u1ecfi tay.<\/span><\/p>\n<p><span style=\"font-family: arial, helvetica, sans-serif; font-size: 100%; color: #000000;\">B\u00ean c\u1ea1nh \u0111\u00f3 chu\u1ed9t c\u00f2n t\u1ea1o c\u1ea3m gi\u00e1c \u00eam \u00e1i khi s\u1eed d\u1ee5ng do c\u00f3 nh\u1eefng \u0111\u01b0\u1eddng vi\u1ec1n cao su xung quanh, ph\u00f9 h\u1ee3p cho nh\u1eefng ai \u0111i h\u1ecdc, \u0111i l\u00e0m,&#8230;<\/span><\/p>\n<p><span style=\"font-family: arial, helvetica, sans-serif; font-size: 100%; color: #000000;\"><a class=\"preventdefault\" style=\"color: #000000;\" href=\"https:\/\/cdn.tgdd.vn\/Products\/Images\/86\/252625\/chuot-khong-day-rapoo-m216-den-141021-121748.jpg\"><img class=\" ls-is-cached lazyloaded\" title=\"Thi\u1ebft k\u1ebf 252625\" src=\"https:\/\/cdn.tgdd.vn\/Products\/Images\/86\/252625\/chuot-khong-day-rapoo-m216-den-141021-121748.jpg\" alt=\"Thi\u1ebft k\u1ebf nh\u1ecf g\u1ecdn - Chu\u1ed9t Kh\u00f4ng D\u00e2y Rapoo M216 \u0110en\" data-src=\"https:\/\/cdn.tgdd.vn\/Products\/Images\/86\/252625\/chuot-khong-day-rapoo-m216-den-141021-121748.jpg\" \/><\/a><\/span><\/p>\n<h3><span style=\"font-family: arial, helvetica, sans-serif; font-size: 100%; color: #000000;\">Thao t\u00e1c nhanh v\u1edbi \u0111\u1ed9 ph\u00e2n gi\u1ea3i quang h\u1ecdc 1000\u00a0<a style=\"color: #000000;\" title=\"DPI\" href=\"https:\/\/www.thegioididong.com\/hoi-dap\/do-phan-giai-dpi-chuot-may-tinh-la-gi-980986\" target=\"_blank\" rel=\"noopener\">DPI<\/a><\/span><\/h3>\n<p><span style=\"font-family: arial, helvetica, sans-serif; font-size: 100%; color: #000000;\">Ng\u01b0\u1eddi d\u00f9ng c\u00f3 th\u1ec3 s\u1eed d\u1ee5ng\u00a0chu\u1ed9t kh\u00f4ng d\u00e2y\u00a0tr\u00ean nhi\u1ec1u b\u1ec1 m\u1eb7t kh\u00e1c nhau.\u00a0<strong>1000 DPI<\/strong>\u00a0gi\u00fap di chuy\u1ec3n chu\u1ed9t nhanh nh\u1ea1y, x\u1eed l\u00fd c\u00e1c t\u00e0i li\u1ec7u v\u0103n ph\u00f2ng, ch\u1ec9nh s\u1eeda h\u00ecnh \u1ea3nh c\u01a1 b\u1ea3n hay tr\u1ea3i nghi\u1ec7m c\u00e1c game th\u00f4ng th\u01b0\u1eddng kh\u00e1 t\u1ed1t.<\/span><\/p>\n<p><span style=\"font-family: arial, helvetica, sans-serif; font-size: 100%; color: #000000;\"><a class=\"preventdefault\" style=\"color: #000000;\" href=\"https:\/\/cdn.tgdd.vn\/Products\/Images\/86\/252625\/chuot-khong-day-rapoo-m216-den-141021-124158.jpg\"><img class=\" ls-is-cached lazyloaded\" title=\"DPI 252625\" src=\"https:\/\/cdn.tgdd.vn\/Products\/Images\/86\/252625\/chuot-khong-day-rapoo-m216-den-141021-124158.jpg\" alt=\"DPI 1000 - Chu\u1ed9t Kh\u00f4ng D\u00e2y Rapoo M216 \u0110en\" data-src=\"https:\/\/cdn.tgdd.vn\/Products\/Images\/86\/252625\/chuot-khong-day-rapoo-m216-den-141021-124158.jpg\" \/><\/a><\/span><\/p>\n<h3><span style=\"font-family: arial, helvetica, sans-serif; font-size: 100%; color: #000000;\">Kho\u1ea3ng c\u00e1ch k\u1ebft n\u1ed1i kh\u00f4ng d\u00e2y xa \u0111\u1ebfn 10 m v\u1edbi USB Receiver (\u0111\u1ea7u thu USB)<\/span><\/h3>\n<p><span style=\"font-family: arial, helvetica, sans-serif; font-size: 100%; color: #000000;\">USB Receiver c\u1ee7a\u00a0chu\u1ed9t Rapoo\u00a0M216 cho s\u1ef1 ti\u1ec7n l\u1ee3i khi k\u1ebft n\u1ed1i do t\u01b0\u01a1ng th\u00edch t\u1eeb\u00a0laptop, PC \u0111\u1ebfn c\u00e1c thi\u1ebft b\u1ecb di \u0111\u1ed9ng, mang l\u1ea1i t\u00ednh hi\u1ec7u \u1ed5n \u0111\u1ecbnh trong v\u00f2ng\u00a0<strong>10 m<\/strong>\u00a0v\u1edbi b\u0103ng t\u1ea7n\u00a0<strong>2.4 GHz<\/strong>.<\/span><\/p>\n<p><span style=\"font-family: arial, helvetica, sans-serif; font-size: 100%; color: #000000;\"><a class=\"preventdefault\" style=\"color: #000000;\" href=\"https:\/\/cdn.tgdd.vn\/Products\/Images\/86\/252625\/chuot-khong-day-rapoo-m216-den-141021-124949.jpg\"><img class=\" lazyloaded\" title=\"K\u1ebft n\u1ed1i USB 252625\" src=\"https:\/\/cdn.tgdd.vn\/Products\/Images\/86\/252625\/chuot-khong-day-rapoo-m216-den-141021-124949.jpg\" alt=\"K\u1ebft n\u1ed1i USB m\u01b0\u1ee3t m\u00e0 - Chu\u1ed9t Kh\u00f4ng D\u00e2y Rapoo M216 \u0110en\" data-src=\"https:\/\/cdn.tgdd.vn\/Products\/Images\/86\/252625\/chuot-khong-day-rapoo-m216-den-141021-124949.jpg\" \/><\/a><\/span><\/p>\n<h3><span style=\"font-family: arial, helvetica, sans-serif; font-size: 100%; color: #000000;\">Thao t\u00e1c m\u01b0\u1ee3t m\u00e0 v\u1edbi con l\u0103n chu\u1ed9t, hai n\u00fat b\u1ea5m ph\u1ea3n h\u1ed3i t\u1ed1t<\/span><\/h3>\n<p><span style=\"font-family: arial, helvetica, sans-serif; font-size: 100%; color: #000000;\">Chu\u1ed9t tr\u00e1i &#8211; ph\u1ea3i c\u1ee7a Rapoo M216 ph\u1ea3n h\u1ed3i t\u1ed1t khi s\u1eed d\u1ee5ng, kh\u00f4ng b\u1ecb k\u1eb9t. Con l\u0103n cu\u1ed9n m\u01b0\u1ee3t m\u00e0 qua c\u00e1c trang t\u00e0i li\u1ec7u, l\u01b0\u1edbt web nhanh ch\u00f3ng. B\u00ean d\u01b0\u1edbi th\u00e2n chu\u1ed9t Rapoo c\u00f2n c\u00f3 1 n\u00fat nh\u1ea5n l\u00e0 n\u00fat ngu\u1ed3n b\u1eadt\/t\u1eaft.<\/span><\/p>\n<p><span style=\"font-family: arial, helvetica, sans-serif; font-size: 100%; color: #000000;\"><a class=\"preventdefault\" style=\"color: #000000;\" href=\"https:\/\/cdn.tgdd.vn\/Products\/Images\/86\/252625\/chuot-khong-day-rapoo-m216-den-141021-011110.jpg\"><img class=\" lazyloaded\" title=\"N\u00fat b\u1ea5m nh\u1ea1y 252625\" src=\"https:\/\/cdn.tgdd.vn\/Products\/Images\/86\/252625\/chuot-khong-day-rapoo-m216-den-141021-011110.jpg\" alt=\"Con l\u0103n, n\u00fat b\u1ea5m m\u01b0\u1ee3t m\u00e0, nh\u1ea1y - Chu\u1ed9t Kh\u00f4ng D\u00e2y Rapoo M216 \u0110en\" data-src=\"https:\/\/cdn.tgdd.vn\/Products\/Images\/86\/252625\/chuot-khong-day-rapoo-m216-den-141021-011110.jpg\" \/><\/a><\/span><\/p>\n<h3><span style=\"font-family: arial, helvetica, sans-serif; font-size: 100%; color: #000000;\">Ho\u1ea1t \u0111\u1ed9ng d\u1ec5 d\u00e0ng nh\u1edd pin AA ph\u1ed5 bi\u1ebfn<\/span><\/h3>\n<p><span style=\"font-family: arial, helvetica, sans-serif; font-size: 100%; color: #000000;\">H\u1ed7 tr\u1ee3 c\u00f4ng ngh\u1ec7 ti\u1ebft ki\u1ec7m pin k\u1ebft h\u1ee3p v\u1edbi ch\u1ebf \u0111\u1ed9 ng\u1ee7 t\u1ef1 \u0111\u1ed9ng gi\u00fap cho pin c\u1ee7a Rapoo M216 \u0111\u01b0\u1ee3c t\u1ed1i \u01b0u h\u01a1n, ch\u1ec9 v\u1edbi 1 vi\u00ean pin AA cho th\u1eddi gian d\u00f9ng k\u00e9o d\u00e0i \u0111\u1ebfn\u00a0<strong>9 &#8211; 12 th\u00e1ng<\/strong>\u00a0tu\u1ef3 v\u00e0o t\u1ea7n su\u1ea5t s\u1eed d\u1ee5ng c\u1ee7a b\u1ea1n.<\/span><\/p>\n<p><span style=\"font-family: arial, helvetica, sans-serif; font-size: 100%; color: #000000;\">Nh\u1ea5n t\u1eaft chu\u1ed9t qua n\u00fat ngu\u1ed3n b\u00ean d\u01b0\u1edbi th\u00e2n chu\u1ed9t khi kh\u00f4ng c\u1ea7n s\u1eed d\u1ee5ng \u0111\u1ec3 tr\u00e1nh l\u00e3ng ph\u00ed pin.<\/span><\/p>\n<p><span style=\"font-family: arial, helvetica, sans-serif; font-size: 100%; color: #000000;\"><a class=\"preventdefault\" style=\"color: #000000;\" href=\"https:\/\/cdn.tgdd.vn\/Products\/Images\/86\/252625\/chuot-khong-day-rapoo-m216-den-141021-012041.jpg\"><img class=\" lazyloaded\" title=\"Pin 252625\" src=\"https:\/\/cdn.tgdd.vn\/Products\/Images\/86\/252625\/chuot-khong-day-rapoo-m216-den-141021-012041.jpg\" alt=\"Pin AA cho th\u1eddi gian s\u1eed d\u1ee5ng l\u00e2u - Chu\u1ed9t Kh\u00f4ng D\u00e2y Rapoo M216 \u0110en\" data-src=\"https:\/\/cdn.tgdd.vn\/Products\/Images\/86\/252625\/chuot-khong-day-rapoo-m216-den-141021-012041.jpg\" \/><\/a><\/span><\/p>\n<h3><span style=\"font-family: arial, helvetica, sans-serif; font-size: 100%; color: #000000;\">H\u1ed7 tr\u1ee3 h\u1ec7 \u0111i\u1ec1u h\u00e0nh MacOS (MacBook, iMac), Windows<\/span><\/h3>\n<p><span style=\"font-family: arial, helvetica, sans-serif; font-size: 100%; color: #000000;\"><a class=\"preventdefault\" style=\"color: #000000;\" href=\"https:\/\/cdn.tgdd.vn\/Products\/Images\/86\/252625\/chuot-khong-day-rapoo-m216-den-141021-012701.jpg\"><img class=\" lazyloaded\" title=\"H\u1ec7 \u0111i\u1ec1u h\u00e0nh 252625\" src=\"https:\/\/cdn.tgdd.vn\/Products\/Images\/86\/252625\/chuot-khong-day-rapoo-m216-den-141021-012701.jpg\" alt=\"H\u1ed7 tr\u1ee3 Windows v\u00e0 MacOS - Chu\u1ed9t Kh\u00f4ng D\u00e2y Rapoo M216 \u0110en\" data-src=\"https:\/\/cdn.tgdd.vn\/Products\/Images\/86\/252625\/chuot-khong-day-rapoo-m216-den-141021-012701.jpg\" \/><\/a><\/span><\/p>\n<p><span style=\"font-family: arial, helvetica, sans-serif; font-size: 100%; color: #000000;\">V\u1edbi nh\u1eefng \u01b0u \u0111i\u1ec3m thi\u1ebft k\u1ebf c\u00e2n \u0111\u1ed1i, nh\u1ecf g\u1ecdn, \u0111\u1ed9 ph\u00e2n gi\u1ea3i quang h\u1ecdc 1000 DPI, t\u01b0\u01a1ng th\u00edch nhi\u1ec1u thi\u1ebft b\u1ecb v\u1edbi USB Receiver, nh\u1ea5p chu\u1ed9t nh\u1ea1y v\u00e0 ti\u1ebft ki\u1ec7m n\u0103ng l\u01b0\u1ee3ng,\u00a0Chu\u1ed9t Kh\u00f4ng D\u00e2y Rapoo M216 \u0110en r\u1ea5t th\u00edch h\u1ee3p cho nh\u1eefng ng\u01b0\u1eddi c\u00f2n \u0111ang \u0111i h\u1ecdc hay \u0111ang l\u00e0m c\u00e1c c\u00f4ng vi\u1ec7c v\u0103n ph\u00f2ng.<\/span><\/p>\n","protected":false},"excerpt":{"rendered":"<p><span class=\"rowone\">M\u00e3 s\u1ea3n ph\u1ea9m: <\/span><span class=\"rowtwo\">M216<\/span><br \/>\n<span class=\"rowone\">H\u00e3ng s\u1ea3n xu\u1ea5t: Rapoo<\/span><br \/>\n<span class=\"rowone\">Gi\u00e1 b\u00e1n: Li\u00ean h\u1ec7<\/span><br \/>\n<span class=\"rowone\">T\u00ecnh tr\u1ea1ng: <\/span><span class=\"rowtwo\">C\u00f2n h\u00e0ng<\/span><br \/>\n<span class=\"rowone\">S\u1ed1 l\u01b0\u1ee3t xem: 2.365<\/span><\/p>\n","protected":false},"featured_media":1656,"comment_status":"closed","ping_status":"closed","template":"","meta":[],"product_cat":[137,73,89],"product_tag":[],"yoast_head":"<!-- This site is optimized with the Yoast SEO plugin v19.5.1 - https:\/\/yoast.com\/wordpress\/plugins\/seo\/ -->\n<title>M216 - Nam Th\u00e0nh<\/title>\n<meta name=\"robots\" content=\"index, follow, max-snippet:-1, max-image-preview:large, max-video-preview:-1\" \/>\n<link rel=\"canonical\" href=\"https:\/\/namthanh.com.vn\/en\/chuot-rapoo-m216\/\" \/>\n<meta property=\"og:locale\" content=\"en_US\" \/>\n<meta property=\"og:type\" content=\"article\" \/>\n<meta property=\"og:title\" content=\"M216 - Nam Th\u00e0nh\" \/>\n<meta property=\"og:description\" content=\"M\u00e3 s\u1ea3n ph\u1ea9m: M216 H\u00e3ng s\u1ea3n xu\u1ea5t: Rapoo Gi\u00e1 b\u00e1n: Li\u00ean h\u1ec7 T\u00ecnh tr\u1ea1ng: C\u00f2n h\u00e0ng S\u1ed1 l\u01b0\u1ee3t xem: 2.365\" \/>\n<meta property=\"og:url\" content=\"https:\/\/namthanh.com.vn\/en\/chuot-rapoo-m216\/\" \/>\n<meta property=\"og:site_name\" content=\"Nam Th\u00e0nh\" \/>\n<meta property=\"article:modified_time\" content=\"2022-06-23T08:49:59+00:00\" \/>\n<meta property=\"og:image\" content=\"https:\/\/namthanh.com.vn\/en\/wp-content\/uploads\/2022\/06\/M216.jpg\" \/>\n\t<meta property=\"og:image:width\" content=\"1020\" \/>\n\t<meta property=\"og:image:height\" content=\"680\" \/>\n\t<meta property=\"og:image:type\" content=\"image\/jpeg\" \/>\n<meta name=\"twitter:card\" content=\"summary_large_image\" \/>\n<meta name=\"twitter:label1\" content=\"Est. reading time\" \/>\n\t<meta name=\"twitter:data1\" content=\"4 minutes\" \/>\n<script type=\"application\/ld+json\" class=\"yoast-schema-graph\">{\"@context\":\"https:\/\/schema.org\",\"@graph\":[{\"@type\":\"WebPage\",\"@id\":\"https:\/\/namthanh.com.vn\/en\/chuot-rapoo-m216\/\",\"url\":\"https:\/\/namthanh.com.vn\/en\/chuot-rapoo-m216\/\",\"name\":\"M216 - Nam Th\u00e0nh\",\"isPartOf\":{\"@id\":\"https:\/\/namthanh.com.vn\/en\/#website\"},\"datePublished\":\"2022-06-09T07:46:53+00:00\",\"dateModified\":\"2022-06-23T08:49:59+00:00\",\"breadcrumb\":{\"@id\":\"https:\/\/namthanh.com.vn\/en\/chuot-rapoo-m216\/#breadcrumb\"},\"inLanguage\":\"en-US\",\"potentialAction\":[{\"@type\":\"ReadAction\",\"target\":[\"https:\/\/namthanh.com.vn\/en\/chuot-rapoo-m216\/\"]}]},{\"@type\":\"BreadcrumbList\",\"@id\":\"https:\/\/namthanh.com.vn\/en\/chuot-rapoo-m216\/#breadcrumb\",\"itemListElement\":[{\"@type\":\"ListItem\",\"position\":1,\"name\":\"Home\",\"item\":\"https:\/\/namthanh.com.vn\/en\/\"},{\"@type\":\"ListItem\",\"position\":2,\"name\":\"Shop\",\"item\":\"https:\/\/namthanh.com.vn\/en\/shop\/\"},{\"@type\":\"ListItem\",\"position\":3,\"name\":\"Product\",\"item\":\"https:\/\/namthanh.com.vn\/en\/product\/\"},{\"@type\":\"ListItem\",\"position\":4,\"name\":\"RAPOO\",\"item\":\"https:\/\/namthanh.com.vn\/en\/rapoo\/\"},{\"@type\":\"ListItem\",\"position\":5,\"name\":\"M216\"}]},{\"@type\":\"WebSite\",\"@id\":\"https:\/\/namthanh.com.vn\/en\/#website\",\"url\":\"https:\/\/namthanh.com.vn\/en\/\",\"name\":\"Nam Th\u00e0nh\",\"description\":\"HTH\",\"potentialAction\":[{\"@type\":\"SearchAction\",\"target\":{\"@type\":\"EntryPoint\",\"urlTemplate\":\"https:\/\/namthanh.com.vn\/en\/?s={search_term_string}\"},\"query-input\":\"required name=search_term_string\"}],\"inLanguage\":\"en-US\"}]}<\/script>\n<!-- \/ Yoast SEO plugin. -->","yoast_head_json":{"title":"M216 - Nam Th\u00e0nh","robots":{"index":"index","follow":"follow","max-snippet":"max-snippet:-1","max-image-preview":"max-image-preview:large","max-video-preview":"max-video-preview:-1"},"canonical":"https:\/\/namthanh.com.vn\/en\/chuot-rapoo-m216\/","og_locale":"en_US","og_type":"article","og_title":"M216 - Nam Th\u00e0nh","og_description":"M\u00e3 s\u1ea3n ph\u1ea9m: M216 H\u00e3ng s\u1ea3n xu\u1ea5t: Rapoo Gi\u00e1 b\u00e1n: Li\u00ean h\u1ec7 T\u00ecnh tr\u1ea1ng: C\u00f2n h\u00e0ng S\u1ed1 l\u01b0\u1ee3t xem: 2.365","og_url":"https:\/\/namthanh.com.vn\/en\/chuot-rapoo-m216\/","og_site_name":"Nam Th\u00e0nh","article_modified_time":"2022-06-23T08:49:59+00:00","og_image":[{"width":1020,"height":680,"url":"https:\/\/namthanh.com.vn\/en\/wp-content\/uploads\/2022\/06\/M216.jpg","type":"image\/jpeg"}],"twitter_card":"summary_large_image","twitter_misc":{"Est. reading time":"4 minutes"},"schema":{"@context":"https:\/\/schema.org","@graph":[{"@type":"WebPage","@id":"https:\/\/namthanh.com.vn\/en\/chuot-rapoo-m216\/","url":"https:\/\/namthanh.com.vn\/en\/chuot-rapoo-m216\/","name":"M216 - Nam Th\u00e0nh","isPartOf":{"@id":"https:\/\/namthanh.com.vn\/en\/#website"},"datePublished":"2022-06-09T07:46:53+00:00","dateModified":"2022-06-23T08:49:59+00:00","breadcrumb":{"@id":"https:\/\/namthanh.com.vn\/en\/chuot-rapoo-m216\/#breadcrumb"},"inLanguage":"en-US","potentialAction":[{"@type":"ReadAction","target":["https:\/\/namthanh.com.vn\/en\/chuot-rapoo-m216\/"]}]},{"@type":"BreadcrumbList","@id":"https:\/\/namthanh.com.vn\/en\/chuot-rapoo-m216\/#breadcrumb","itemListElement":[{"@type":"ListItem","position":1,"name":"Home","item":"https:\/\/namthanh.com.vn\/en\/"},{"@type":"ListItem","position":2,"name":"Shop","item":"https:\/\/namthanh.com.vn\/en\/shop\/"},{"@type":"ListItem","position":3,"name":"Product","item":"https:\/\/namthanh.com.vn\/en\/product\/"},{"@type":"ListItem","position":4,"name":"RAPOO","item":"https:\/\/namthanh.com.vn\/en\/rapoo\/"},{"@type":"ListItem","position":5,"name":"M216"}]},{"@type":"WebSite","@id":"https:\/\/namthanh.com.vn\/en\/#website","url":"https:\/\/namthanh.com.vn\/en\/","name":"Nam Th\u00e0nh","description":"HTH","potentialAction":[{"@type":"SearchAction","target":{"@type":"EntryPoint","urlTemplate":"https:\/\/namthanh.com.vn\/en\/?s={search_term_string}"},"query-input":"required name=search_term_string"}],"inLanguage":"en-US"}]}},"_links":{"self":[{"href":"https:\/\/namthanh.com.vn\/en\/wp-json\/wp\/v2\/product\/1655"}],"collection":[{"href":"https:\/\/namthanh.com.vn\/en\/wp-json\/wp\/v2\/product"}],"about":[{"href":"https:\/\/namthanh.com.vn\/en\/wp-json\/wp\/v2\/types\/product"}],"replies":[{"embeddable":true,"href":"https:\/\/namthanh.com.vn\/en\/wp-json\/wp\/v2\/comments?post=1655"}],"wp:featuredmedia":[{"embeddable":true,"href":"https:\/\/namthanh.com.vn\/en\/wp-json\/wp\/v2\/media\/1656"}],"wp:attachment":[{"href":"https:\/\/namthanh.com.vn\/en\/wp-json\/wp\/v2\/media?parent=1655"}],"wp:term":[{"taxonomy":"product_cat","embeddable":true,"href":"https:\/\/namthanh.com.vn\/en\/wp-json\/wp\/v2\/product_cat?post=1655"},{"taxonomy":"product_tag","embeddable":true,"href":"https:\/\/namthanh.com.vn\/en\/wp-json\/wp\/v2\/product_tag?post=1655"}],"curies":[{"name":"wp","href":"https:\/\/api.w.org\/{rel}","templated":true}]}}