{"id":1742,"date":"2022-06-10T13:55:45","date_gmt":"2022-06-10T06:55:45","guid":{"rendered":"https:\/\/microlab.vn\/?post_type=product&#038;p=1742"},"modified":"2022-06-23T15:49:25","modified_gmt":"2022-06-23T08:49:25","slug":"tay-cam-choi-game-khong-day-rapoo-v600s","status":"publish","type":"product","link":"https:\/\/namthanh.com.vn\/en\/tay-cam-choi-game-khong-day-rapoo-v600s\/","title":{"rendered":"V600S"},"content":{"rendered":"<p><span style=\"font-size: 100%; font-family: arial, helvetica, sans-serif; color: #000000;\">Tay c\u1ea7m ch\u01a1i Game c\u00f4ng ngh\u1ec7 th\u00f4ng minh v\u00e0 kh\u00f4ng d\u00e2y, pin polymer t\u00edch h\u1ee3p v\u00e0 b\u1ed9 thu n\u00e2ng cao.<\/span><\/p>\n<p><span style=\"font-size: 100%; font-family: arial, helvetica, sans-serif; color: #000000;\">C\u1ea3m \u1ee9ng k\u00e9p design thi\u1ebft k\u1ebf c\u00f4ng th\u00e1i h\u1ecdc v\u00e0 b\u1ed1 tr\u00ed n\u00fat c\u1ed5 \u0111i\u1ec3n<\/span><\/p>\n<p><span style=\"font-size: 100%; font-family: arial, helvetica, sans-serif; color: #000000;\">Kh\u1ea3 n\u0103ng t\u01b0\u01a1ng th\u00edch cao v\u1edbi c\u00e1c n\u1ec1n t\u1ea3ng ph\u1ed5 bi\u1ebfn<\/span><\/p>\n<p><span style=\"font-size: 100%; font-family: arial, helvetica, sans-serif; color: #000000;\">C\u00e1c n\u00fat th\u00e2n thi\u1ec7n v\u1edbi ng\u01b0\u1eddi ch\u01a1i \u0111\u1ec3 d\u1ec5 d\u00e0ng gi\u00e0nh chi\u1ebfn th\u1eafng<\/span><\/p>\n<p><span style=\"font-size: 100%; font-family: arial, helvetica, sans-serif; color: #000000;\">\u0110\u1ed9ng c\u01a1 rung k\u00e9p cho tr\u1ea3i nghi\u1ec7m ch\u01a1i game \u0111\u1ec9nh cao<\/span><\/p>\n<p><span style=\"font-size: 100%; font-family: arial, helvetica, sans-serif; color: #000000;\">Gamepad lo\u1ea1i eSports n\u00e0y v\u1edbi chip th\u00f4ng minh c\u00f3 b\u1ed9 nh\u1edb kh\u00f4ng bay h\u01a1i cho c\u00e1c ch\u1ebf \u0111\u1ed9 gamepad.<\/span><\/p>\n<p><span style=\"font-size: 100%; font-family: arial, helvetica, sans-serif; color: #000000;\">V600S c\u00f3 logo k\u1ebft c\u1ea5u kim lo\u1ea1i, c\u00e1c n\u00fat r\u00f5 n\u00e9t v\u00e0 \u0111\u00e8n LED m\u00e0u xanh. M\u00e0u s\u1eafc: \u0110en \/ Tr\u1eafng \/ Xanh D\u01b0\u01a1ng \/ \u0110\u1ecf.<\/span><\/p>\n","protected":false},"excerpt":{"rendered":"<p>Tay c\u1ea7m ch\u01a1i Game c\u00f4ng ngh\u1ec7 th\u00f4ng minh v\u00e0 kh\u00f4ng d\u00e2y, pin polymer t\u00edch h\u1ee3p v\u00e0 b\u1ed9 thu n\u00e2ng cao. C\u1ea3m \u1ee9ng k\u00e9p design thi\u1ebft k\u1ebf c\u00f4ng th\u00e1i h\u1ecdc v\u00e0 b\u1ed1 tr\u00ed n\u00fat c\u1ed5 \u0111i\u1ec3n Kh\u1ea3 n\u0103ng t\u01b0\u01a1ng th\u00edch cao v\u1edbi c\u00e1c n\u1ec1n t\u1ea3ng ph\u1ed5 bi\u1ebfn C\u00e1c n\u00fat th\u00e2n thi\u1ec7n v\u1edbi ng\u01b0\u1eddi ch\u01a1i \u0111\u1ec3 d\u1ec5&#8230;<\/p>\n","protected":false},"featured_media":1746,"comment_status":"open","ping_status":"closed","template":"","meta":[],"product_cat":[137,73,93],"product_tag":[],"yoast_head":"<!-- This site is optimized with the Yoast SEO plugin v19.5.1 - https:\/\/yoast.com\/wordpress\/plugins\/seo\/ -->\n<title>V600S - Nam Th\u00e0nh<\/title>\n<meta name=\"robots\" content=\"index, follow, max-snippet:-1, max-image-preview:large, max-video-preview:-1\" \/>\n<link rel=\"canonical\" href=\"https:\/\/namthanh.com.vn\/en\/tay-cam-choi-game-khong-day-rapoo-v600s\/\" \/>\n<meta property=\"og:locale\" content=\"en_US\" \/>\n<meta property=\"og:type\" content=\"article\" \/>\n<meta property=\"og:title\" content=\"V600S - Nam Th\u00e0nh\" \/>\n<meta property=\"og:description\" content=\"Tay c\u1ea7m ch\u01a1i Game c\u00f4ng ngh\u1ec7 th\u00f4ng minh v\u00e0 kh\u00f4ng d\u00e2y, pin polymer t\u00edch h\u1ee3p v\u00e0 b\u1ed9 thu n\u00e2ng cao. C\u1ea3m \u1ee9ng k\u00e9p design thi\u1ebft k\u1ebf c\u00f4ng th\u00e1i h\u1ecdc v\u00e0 b\u1ed1 tr\u00ed n\u00fat c\u1ed5 \u0111i\u1ec3n Kh\u1ea3 n\u0103ng t\u01b0\u01a1ng th\u00edch cao v\u1edbi c\u00e1c n\u1ec1n t\u1ea3ng ph\u1ed5 bi\u1ebfn C\u00e1c n\u00fat th\u00e2n thi\u1ec7n v\u1edbi ng\u01b0\u1eddi ch\u01a1i \u0111\u1ec3 d\u1ec5...\" \/>\n<meta property=\"og:url\" content=\"https:\/\/namthanh.com.vn\/en\/tay-cam-choi-game-khong-day-rapoo-v600s\/\" \/>\n<meta property=\"og:site_name\" content=\"Nam Th\u00e0nh\" \/>\n<meta property=\"article:modified_time\" content=\"2022-06-23T08:49:25+00:00\" \/>\n<meta property=\"og:image\" content=\"https:\/\/namthanh.com.vn\/en\/wp-content\/uploads\/2022\/06\/V600s.jpg\" \/>\n\t<meta property=\"og:image:width\" content=\"850\" \/>\n\t<meta property=\"og:image:height\" content=\"850\" \/>\n\t<meta property=\"og:image:type\" content=\"image\/jpeg\" \/>\n<meta name=\"twitter:card\" content=\"summary_large_image\" \/>\n<meta name=\"twitter:label1\" content=\"Est. reading time\" \/>\n\t<meta name=\"twitter:data1\" content=\"1 minute\" \/>\n<script type=\"application\/ld+json\" class=\"yoast-schema-graph\">{\"@context\":\"https:\/\/schema.org\",\"@graph\":[{\"@type\":\"WebPage\",\"@id\":\"https:\/\/namthanh.com.vn\/en\/tay-cam-choi-game-khong-day-rapoo-v600s\/\",\"url\":\"https:\/\/namthanh.com.vn\/en\/tay-cam-choi-game-khong-day-rapoo-v600s\/\",\"name\":\"V600S - Nam Th\u00e0nh\",\"isPartOf\":{\"@id\":\"https:\/\/namthanh.com.vn\/en\/#website\"},\"datePublished\":\"2022-06-10T06:55:45+00:00\",\"dateModified\":\"2022-06-23T08:49:25+00:00\",\"breadcrumb\":{\"@id\":\"https:\/\/namthanh.com.vn\/en\/tay-cam-choi-game-khong-day-rapoo-v600s\/#breadcrumb\"},\"inLanguage\":\"en-US\",\"potentialAction\":[{\"@type\":\"ReadAction\",\"target\":[\"https:\/\/namthanh.com.vn\/en\/tay-cam-choi-game-khong-day-rapoo-v600s\/\"]}]},{\"@type\":\"BreadcrumbList\",\"@id\":\"https:\/\/namthanh.com.vn\/en\/tay-cam-choi-game-khong-day-rapoo-v600s\/#breadcrumb\",\"itemListElement\":[{\"@type\":\"ListItem\",\"position\":1,\"name\":\"Home\",\"item\":\"https:\/\/namthanh.com.vn\/en\/\"},{\"@type\":\"ListItem\",\"position\":2,\"name\":\"Shop\",\"item\":\"https:\/\/namthanh.com.vn\/en\/shop\/\"},{\"@type\":\"ListItem\",\"position\":3,\"name\":\"Product\",\"item\":\"https:\/\/namthanh.com.vn\/en\/product\/\"},{\"@type\":\"ListItem\",\"position\":4,\"name\":\"V600S\"}]},{\"@type\":\"WebSite\",\"@id\":\"https:\/\/namthanh.com.vn\/en\/#website\",\"url\":\"https:\/\/namthanh.com.vn\/en\/\",\"name\":\"Nam Th\u00e0nh\",\"description\":\"HTH\",\"potentialAction\":[{\"@type\":\"SearchAction\",\"target\":{\"@type\":\"EntryPoint\",\"urlTemplate\":\"https:\/\/namthanh.com.vn\/en\/?s={search_term_string}\"},\"query-input\":\"required name=search_term_string\"}],\"inLanguage\":\"en-US\"}]}<\/script>\n<!-- \/ Yoast SEO plugin. -->","yoast_head_json":{"title":"V600S - Nam Th\u00e0nh","robots":{"index":"index","follow":"follow","max-snippet":"max-snippet:-1","max-image-preview":"max-image-preview:large","max-video-preview":"max-video-preview:-1"},"canonical":"https:\/\/namthanh.com.vn\/en\/tay-cam-choi-game-khong-day-rapoo-v600s\/","og_locale":"en_US","og_type":"article","og_title":"V600S - Nam Th\u00e0nh","og_description":"Tay c\u1ea7m ch\u01a1i Game c\u00f4ng ngh\u1ec7 th\u00f4ng minh v\u00e0 kh\u00f4ng d\u00e2y, pin polymer t\u00edch h\u1ee3p v\u00e0 b\u1ed9 thu n\u00e2ng cao. C\u1ea3m \u1ee9ng k\u00e9p design thi\u1ebft k\u1ebf c\u00f4ng th\u00e1i h\u1ecdc v\u00e0 b\u1ed1 tr\u00ed n\u00fat c\u1ed5 \u0111i\u1ec3n Kh\u1ea3 n\u0103ng t\u01b0\u01a1ng th\u00edch cao v\u1edbi c\u00e1c n\u1ec1n t\u1ea3ng ph\u1ed5 bi\u1ebfn C\u00e1c n\u00fat th\u00e2n thi\u1ec7n v\u1edbi ng\u01b0\u1eddi ch\u01a1i \u0111\u1ec3 d\u1ec5...","og_url":"https:\/\/namthanh.com.vn\/en\/tay-cam-choi-game-khong-day-rapoo-v600s\/","og_site_name":"Nam Th\u00e0nh","article_modified_time":"2022-06-23T08:49:25+00:00","og_image":[{"width":850,"height":850,"url":"https:\/\/namthanh.com.vn\/en\/wp-content\/uploads\/2022\/06\/V600s.jpg","type":"image\/jpeg"}],"twitter_card":"summary_large_image","twitter_misc":{"Est. reading time":"1 minute"},"schema":{"@context":"https:\/\/schema.org","@graph":[{"@type":"WebPage","@id":"https:\/\/namthanh.com.vn\/en\/tay-cam-choi-game-khong-day-rapoo-v600s\/","url":"https:\/\/namthanh.com.vn\/en\/tay-cam-choi-game-khong-day-rapoo-v600s\/","name":"V600S - Nam Th\u00e0nh","isPartOf":{"@id":"https:\/\/namthanh.com.vn\/en\/#website"},"datePublished":"2022-06-10T06:55:45+00:00","dateModified":"2022-06-23T08:49:25+00:00","breadcrumb":{"@id":"https:\/\/namthanh.com.vn\/en\/tay-cam-choi-game-khong-day-rapoo-v600s\/#breadcrumb"},"inLanguage":"en-US","potentialAction":[{"@type":"ReadAction","target":["https:\/\/namthanh.com.vn\/en\/tay-cam-choi-game-khong-day-rapoo-v600s\/"]}]},{"@type":"BreadcrumbList","@id":"https:\/\/namthanh.com.vn\/en\/tay-cam-choi-game-khong-day-rapoo-v600s\/#breadcrumb","itemListElement":[{"@type":"ListItem","position":1,"name":"Home","item":"https:\/\/namthanh.com.vn\/en\/"},{"@type":"ListItem","position":2,"name":"Shop","item":"https:\/\/namthanh.com.vn\/en\/shop\/"},{"@type":"ListItem","position":3,"name":"Product","item":"https:\/\/namthanh.com.vn\/en\/product\/"},{"@type":"ListItem","position":4,"name":"V600S"}]},{"@type":"WebSite","@id":"https:\/\/namthanh.com.vn\/en\/#website","url":"https:\/\/namthanh.com.vn\/en\/","name":"Nam Th\u00e0nh","description":"HTH","potentialAction":[{"@type":"SearchAction","target":{"@type":"EntryPoint","urlTemplate":"https:\/\/namthanh.com.vn\/en\/?s={search_term_string}"},"query-input":"required name=search_term_string"}],"inLanguage":"en-US"}]}},"_links":{"self":[{"href":"https:\/\/namthanh.com.vn\/en\/wp-json\/wp\/v2\/product\/1742"}],"collection":[{"href":"https:\/\/namthanh.com.vn\/en\/wp-json\/wp\/v2\/product"}],"about":[{"href":"https:\/\/namthanh.com.vn\/en\/wp-json\/wp\/v2\/types\/product"}],"replies":[{"embeddable":true,"href":"https:\/\/namthanh.com.vn\/en\/wp-json\/wp\/v2\/comments?post=1742"}],"wp:featuredmedia":[{"embeddable":true,"href":"https:\/\/namthanh.com.vn\/en\/wp-json\/wp\/v2\/media\/1746"}],"wp:attachment":[{"href":"https:\/\/namthanh.com.vn\/en\/wp-json\/wp\/v2\/media?parent=1742"}],"wp:term":[{"taxonomy":"product_cat","embeddable":true,"href":"https:\/\/namthanh.com.vn\/en\/wp-json\/wp\/v2\/product_cat?post=1742"},{"taxonomy":"product_tag","embeddable":true,"href":"https:\/\/namthanh.com.vn\/en\/wp-json\/wp\/v2\/product_tag?post=1742"}],"curies":[{"name":"wp","href":"https:\/\/api.w.org\/{rel}","templated":true}]}}