{"id":1833,"date":"2022-06-17T08:41:19","date_gmt":"2022-06-17T01:41:19","guid":{"rendered":"https:\/\/microlab.vn\/?post_type=product&#038;p=1833"},"modified":"2022-10-20T11:21:56","modified_gmt":"2022-10-20T04:21:56","slug":"tx401","status":"publish","type":"product","link":"https:\/\/namthanh.com.vn\/en\/tx401\/","title":{"rendered":"TX401"},"content":{"rendered":"<div class=\"box title\">\n<h1>10 Gigabit PCI Express Network Adapter<\/h1>\n<\/div>\n<div class=\"box highlights\">\n<ul>\n<li>10 Gbps Networking &#8211;\u00a0Combined with the latest 10GBase-T Technology, TX401 delivers extreme speeds of up to 10 Gbps, which is 10\u00d7 faster than typical Gigabit adapters, guaranteeing smooth data transmissions for both internet access and local data transmissions.<sup>\u2020<\/sup><\/li>\n<li>Versatile Compatibility &#8211;\u00a0With extreme speed and ultra-low latency, 10GBase-T is backwards compatible with Fast Ethernet and Gigabit Ethernet, automatically negotiating between higher and lower speed connections.<\/li>\n<li>CAT6A Ethernet Cable &#8211;\u00a0To maximize TX401&#8217;s performance, a 1.5 m CAT6A Ethernet Cable is included\u2014rated for up to 10 Gbps while a regular cable is only rated for 1 Gbps.<\/li>\n<li>Low-Profile and Full-Height Brackets &#8211;\u00a0In addition to the standard bracket, a\u00a0low-profile\u00a0bracket is provided for mini tower computer cases. Customized options give you the flexibility to find a bracket that perfectly fits your board design.<\/li>\n<li>Comprehensive System Support &#8211;\u00a0Fully compatible with Windows 11\/10\/8.1\/8\/7, Windows Servers 2019\/2016\/2012 R2, and Linux to meet your diverse operating system needs.<\/li>\n<\/ul>\n<\/div>\n","protected":false},"excerpt":{"rendered":"<p><span class=\"rowone\">M\u00e3 s\u1ea3n ph\u1ea9m :<\/span><span class=\"rowtwo\">TX401<\/span><br \/>\n<span class=\"rowone\">H\u00e3ng s\u1ea3n xu\u1ea5t :<\/span><span class=\"rowtwo\">TP-Link<\/span><br \/>\n<span class=\"rowone\">Gi\u00e1 b\u00e1n :<\/span><span class=\"rowtwo\">Li\u00ean h\u1ec7<\/span><br \/>\n<span class=\"rowone\">T\u00ecnh tr\u1ea1ng :<\/span><span class=\"rowtwo\">C\u00f2n h\u00e0ng<\/span><br \/>\n<span class=\"rowone\">S\u1ed1 l\u01b0\u1ee3t xem :<\/span><span class=\"rowtwo\">409<\/span><\/p>\n","protected":false},"featured_media":1837,"comment_status":"closed","ping_status":"closed","template":"","meta":[],"product_cat":[113],"product_tag":[],"yoast_head":"<!-- This site is optimized with the Yoast SEO plugin v19.5.1 - https:\/\/yoast.com\/wordpress\/plugins\/seo\/ -->\n<title>TX401 - Nam Th\u00e0nh<\/title>\n<meta name=\"robots\" content=\"index, follow, max-snippet:-1, max-image-preview:large, max-video-preview:-1\" \/>\n<link rel=\"canonical\" href=\"https:\/\/namthanh.com.vn\/en\/tx401\/\" \/>\n<meta property=\"og:locale\" content=\"en_US\" \/>\n<meta property=\"og:type\" content=\"article\" \/>\n<meta property=\"og:title\" content=\"TX401 - Nam Th\u00e0nh\" \/>\n<meta property=\"og:description\" content=\"M\u00e3 s\u1ea3n ph\u1ea9m :TX401 H\u00e3ng s\u1ea3n xu\u1ea5t :TP-Link Gi\u00e1 b\u00e1n :Li\u00ean h\u1ec7 T\u00ecnh tr\u1ea1ng :C\u00f2n h\u00e0ng S\u1ed1 l\u01b0\u1ee3t xem :409\" \/>\n<meta property=\"og:url\" content=\"https:\/\/namthanh.com.vn\/en\/tx401\/\" \/>\n<meta property=\"og:site_name\" content=\"Nam Th\u00e0nh\" \/>\n<meta property=\"article:modified_time\" content=\"2022-10-20T04:21:56+00:00\" \/>\n<meta property=\"og:image\" content=\"https:\/\/namthanh.com.vn\/en\/wp-content\/uploads\/2022\/06\/TX401.jpg\" \/>\n\t<meta property=\"og:image:width\" content=\"590\" \/>\n\t<meta property=\"og:image:height\" content=\"590\" \/>\n\t<meta property=\"og:image:type\" content=\"image\/jpeg\" \/>\n<meta name=\"twitter:card\" content=\"summary_large_image\" \/>\n<meta name=\"twitter:label1\" content=\"Est. reading time\" \/>\n\t<meta name=\"twitter:data1\" content=\"1 minute\" \/>\n<script type=\"application\/ld+json\" class=\"yoast-schema-graph\">{\"@context\":\"https:\/\/schema.org\",\"@graph\":[{\"@type\":\"WebPage\",\"@id\":\"https:\/\/namthanh.com.vn\/en\/tx401\/\",\"url\":\"https:\/\/namthanh.com.vn\/en\/tx401\/\",\"name\":\"TX401 - Nam Th\u00e0nh\",\"isPartOf\":{\"@id\":\"https:\/\/namthanh.com.vn\/en\/#website\"},\"datePublished\":\"2022-06-17T01:41:19+00:00\",\"dateModified\":\"2022-10-20T04:21:56+00:00\",\"breadcrumb\":{\"@id\":\"https:\/\/namthanh.com.vn\/en\/tx401\/#breadcrumb\"},\"inLanguage\":\"en-US\",\"potentialAction\":[{\"@type\":\"ReadAction\",\"target\":[\"https:\/\/namthanh.com.vn\/en\/tx401\/\"]}]},{\"@type\":\"BreadcrumbList\",\"@id\":\"https:\/\/namthanh.com.vn\/en\/tx401\/#breadcrumb\",\"itemListElement\":[{\"@type\":\"ListItem\",\"position\":1,\"name\":\"Home\",\"item\":\"https:\/\/namthanh.com.vn\/en\/\"},{\"@type\":\"ListItem\",\"position\":2,\"name\":\"Shop\",\"item\":\"https:\/\/namthanh.com.vn\/en\/shop\/\"},{\"@type\":\"ListItem\",\"position\":3,\"name\":\"Product\",\"item\":\"https:\/\/namthanh.com.vn\/en\/product\/\"},{\"@type\":\"ListItem\",\"position\":4,\"name\":\"TP-LINK\",\"item\":\"https:\/\/namthanh.com.vn\/en\/tp-link\/\"},{\"@type\":\"ListItem\",\"position\":5,\"name\":\"Network Adapter\",\"item\":\"https:\/\/namthanh.com.vn\/en\/network-adapter\/\"},{\"@type\":\"ListItem\",\"position\":6,\"name\":\"TX401\"}]},{\"@type\":\"WebSite\",\"@id\":\"https:\/\/namthanh.com.vn\/en\/#website\",\"url\":\"https:\/\/namthanh.com.vn\/en\/\",\"name\":\"Nam Th\u00e0nh\",\"description\":\"HTH\",\"potentialAction\":[{\"@type\":\"SearchAction\",\"target\":{\"@type\":\"EntryPoint\",\"urlTemplate\":\"https:\/\/namthanh.com.vn\/en\/?s={search_term_string}\"},\"query-input\":\"required name=search_term_string\"}],\"inLanguage\":\"en-US\"}]}<\/script>\n<!-- \/ Yoast SEO plugin. -->","yoast_head_json":{"title":"TX401 - Nam Th\u00e0nh","robots":{"index":"index","follow":"follow","max-snippet":"max-snippet:-1","max-image-preview":"max-image-preview:large","max-video-preview":"max-video-preview:-1"},"canonical":"https:\/\/namthanh.com.vn\/en\/tx401\/","og_locale":"en_US","og_type":"article","og_title":"TX401 - Nam Th\u00e0nh","og_description":"M\u00e3 s\u1ea3n ph\u1ea9m :TX401 H\u00e3ng s\u1ea3n xu\u1ea5t :TP-Link Gi\u00e1 b\u00e1n :Li\u00ean h\u1ec7 T\u00ecnh tr\u1ea1ng :C\u00f2n h\u00e0ng S\u1ed1 l\u01b0\u1ee3t xem :409","og_url":"https:\/\/namthanh.com.vn\/en\/tx401\/","og_site_name":"Nam Th\u00e0nh","article_modified_time":"2022-10-20T04:21:56+00:00","og_image":[{"width":590,"height":590,"url":"https:\/\/namthanh.com.vn\/en\/wp-content\/uploads\/2022\/06\/TX401.jpg","type":"image\/jpeg"}],"twitter_card":"summary_large_image","twitter_misc":{"Est. reading time":"1 minute"},"schema":{"@context":"https:\/\/schema.org","@graph":[{"@type":"WebPage","@id":"https:\/\/namthanh.com.vn\/en\/tx401\/","url":"https:\/\/namthanh.com.vn\/en\/tx401\/","name":"TX401 - Nam Th\u00e0nh","isPartOf":{"@id":"https:\/\/namthanh.com.vn\/en\/#website"},"datePublished":"2022-06-17T01:41:19+00:00","dateModified":"2022-10-20T04:21:56+00:00","breadcrumb":{"@id":"https:\/\/namthanh.com.vn\/en\/tx401\/#breadcrumb"},"inLanguage":"en-US","potentialAction":[{"@type":"ReadAction","target":["https:\/\/namthanh.com.vn\/en\/tx401\/"]}]},{"@type":"BreadcrumbList","@id":"https:\/\/namthanh.com.vn\/en\/tx401\/#breadcrumb","itemListElement":[{"@type":"ListItem","position":1,"name":"Home","item":"https:\/\/namthanh.com.vn\/en\/"},{"@type":"ListItem","position":2,"name":"Shop","item":"https:\/\/namthanh.com.vn\/en\/shop\/"},{"@type":"ListItem","position":3,"name":"Product","item":"https:\/\/namthanh.com.vn\/en\/product\/"},{"@type":"ListItem","position":4,"name":"TP-LINK","item":"https:\/\/namthanh.com.vn\/en\/tp-link\/"},{"@type":"ListItem","position":5,"name":"Network Adapter","item":"https:\/\/namthanh.com.vn\/en\/network-adapter\/"},{"@type":"ListItem","position":6,"name":"TX401"}]},{"@type":"WebSite","@id":"https:\/\/namthanh.com.vn\/en\/#website","url":"https:\/\/namthanh.com.vn\/en\/","name":"Nam Th\u00e0nh","description":"HTH","potentialAction":[{"@type":"SearchAction","target":{"@type":"EntryPoint","urlTemplate":"https:\/\/namthanh.com.vn\/en\/?s={search_term_string}"},"query-input":"required name=search_term_string"}],"inLanguage":"en-US"}]}},"_links":{"self":[{"href":"https:\/\/namthanh.com.vn\/en\/wp-json\/wp\/v2\/product\/1833"}],"collection":[{"href":"https:\/\/namthanh.com.vn\/en\/wp-json\/wp\/v2\/product"}],"about":[{"href":"https:\/\/namthanh.com.vn\/en\/wp-json\/wp\/v2\/types\/product"}],"replies":[{"embeddable":true,"href":"https:\/\/namthanh.com.vn\/en\/wp-json\/wp\/v2\/comments?post=1833"}],"wp:featuredmedia":[{"embeddable":true,"href":"https:\/\/namthanh.com.vn\/en\/wp-json\/wp\/v2\/media\/1837"}],"wp:attachment":[{"href":"https:\/\/namthanh.com.vn\/en\/wp-json\/wp\/v2\/media?parent=1833"}],"wp:term":[{"taxonomy":"product_cat","embeddable":true,"href":"https:\/\/namthanh.com.vn\/en\/wp-json\/wp\/v2\/product_cat?post=1833"},{"taxonomy":"product_tag","embeddable":true,"href":"https:\/\/namthanh.com.vn\/en\/wp-json\/wp\/v2\/product_tag?post=1833"}],"curies":[{"name":"wp","href":"https:\/\/api.w.org\/{rel}","templated":true}]}}