{"id":2056,"date":"2022-06-22T10:55:16","date_gmt":"2022-06-22T03:55:16","guid":{"rendered":"https:\/\/microlab.vn\/?post_type=product&#038;p=2056"},"modified":"2022-10-20T11:08:39","modified_gmt":"2022-10-20T04:08:39","slug":"archer-ax6000","status":"publish","type":"product","link":"https:\/\/namthanh.com.vn\/en\/archer-ax6000\/","title":{"rendered":"Archer AX6000"},"content":{"rendered":"<div class=\"box title\">\n<div class=\"box title\">\n<h1>AX6000 Dual-Band Gigabit Wi-Fi 6 Router<\/h1>\n<\/div>\n<div class=\"box highlights\">\n<ul>\n<li><strong>Blazing Speed<\/strong>\u00a0&#8211; AX6000 Dual-Band Wi-Fi speed boosted by 1024QAM deliver astonishing wireless speed up to 5952 Mbps: 4804 Mbps (5 GHz) and 1148 Mbps (2.4 GHz)<\/li>\n<li><strong>Ultra Connective<\/strong>\u00a0&#8211; 1 \u00d7 2.5 Gbps WAN port, 8 \u00d7 Gigabit LAN ports, and 2 \u00d7 USB 3.0 in Type A and Type C<\/li>\n<li><strong>Highly Efficient<\/strong>\u00a0&#8211; OFDMA increases average throughput by 4\u00d7 in high-density scenarios, compared with an 802.11ac standard router.\u00a0Downlink and uplink MU-MIMO are both supported.<\/li>\n<li><strong>Powerful Processing<\/strong>\u00a0&#8211; 1.8 GHz Quad-Core CPU and 2 coprocessors eradicate latency and deliver stable performance<\/li>\n<li><strong>Intelligent Connection<\/strong>\u00a0&#8211; Band Steering directs clients to the less congested band and Airtime Fairness optimizes the time usage<\/li>\n<li><strong>Security System Built-In<\/strong>\u00a0&#8211; TP-Link HomeCare<sup>TM<\/sup>\u00a0provides the whole network with advanced antimalware service powered by Trend Micro<sup>TM<\/sup>, delivering Antivirus, Parental Controls and QoS<\/li>\n<li><strong>Easy Setup<\/strong>\u00a0&#8211; Link to your router via Bluetooth and set it up in minutes with the powerful Tether app<\/li>\n<\/ul>\n<\/div>\n<\/div>\n","protected":false},"excerpt":{"rendered":"<p>AX6000 Dual-Band Gigabit Wi-Fi 6 Router Blazing Speed\u00a0&#8211; AX6000 Dual-Band Wi-Fi speed boosted by 1024QAM deliver astonishing wireless speed up to 5952 Mbps: 4804 Mbps (5 GHz) and 1148 Mbps (2.4 GHz) Ultra Connective\u00a0&#8211; 1 \u00d7 2.5 Gbps WAN port, 8 \u00d7 Gigabit LAN ports, and 2 \u00d7 USB 3.0 in Type A and Type&#8230;<\/p>\n","protected":false},"featured_media":2057,"comment_status":"closed","ping_status":"closed","template":"","meta":[],"product_cat":[142],"product_tag":[],"yoast_head":"<!-- This site is optimized with the Yoast SEO plugin v19.5.1 - https:\/\/yoast.com\/wordpress\/plugins\/seo\/ -->\n<title>Archer AX6000 - Nam Th\u00e0nh<\/title>\n<meta name=\"robots\" content=\"index, follow, max-snippet:-1, max-image-preview:large, max-video-preview:-1\" \/>\n<link rel=\"canonical\" href=\"https:\/\/namthanh.com.vn\/en\/archer-ax6000\/\" \/>\n<meta property=\"og:locale\" content=\"en_US\" \/>\n<meta property=\"og:type\" content=\"article\" \/>\n<meta property=\"og:title\" content=\"Archer AX6000 - Nam Th\u00e0nh\" \/>\n<meta property=\"og:description\" content=\"AX6000 Dual-Band Gigabit Wi-Fi 6 Router Blazing Speed\u00a0&#8211; AX6000 Dual-Band Wi-Fi speed boosted by 1024QAM deliver astonishing wireless speed up to 5952 Mbps: 4804 Mbps (5 GHz) and 1148 Mbps (2.4 GHz) Ultra Connective\u00a0&#8211; 1 \u00d7 2.5 Gbps WAN port, 8 \u00d7 Gigabit LAN ports, and 2 \u00d7 USB 3.0 in Type A and Type...\" \/>\n<meta property=\"og:url\" content=\"https:\/\/namthanh.com.vn\/en\/archer-ax6000\/\" \/>\n<meta property=\"og:site_name\" content=\"Nam Th\u00e0nh\" \/>\n<meta property=\"article:modified_time\" content=\"2022-10-20T04:08:39+00:00\" \/>\n<meta property=\"og:image\" content=\"https:\/\/namthanh.com.vn\/en\/wp-content\/uploads\/2022\/06\/ax6000.jpg\" \/>\n\t<meta property=\"og:image:width\" content=\"589\" \/>\n\t<meta property=\"og:image:height\" content=\"590\" \/>\n\t<meta property=\"og:image:type\" content=\"image\/jpeg\" \/>\n<meta name=\"twitter:card\" content=\"summary_large_image\" \/>\n<meta name=\"twitter:label1\" content=\"Est. reading time\" \/>\n\t<meta name=\"twitter:data1\" content=\"1 minute\" \/>\n<script type=\"application\/ld+json\" class=\"yoast-schema-graph\">{\"@context\":\"https:\/\/schema.org\",\"@graph\":[{\"@type\":\"WebPage\",\"@id\":\"https:\/\/namthanh.com.vn\/en\/archer-ax6000\/\",\"url\":\"https:\/\/namthanh.com.vn\/en\/archer-ax6000\/\",\"name\":\"Archer AX6000 - Nam Th\u00e0nh\",\"isPartOf\":{\"@id\":\"https:\/\/namthanh.com.vn\/en\/#website\"},\"datePublished\":\"2022-06-22T03:55:16+00:00\",\"dateModified\":\"2022-10-20T04:08:39+00:00\",\"breadcrumb\":{\"@id\":\"https:\/\/namthanh.com.vn\/en\/archer-ax6000\/#breadcrumb\"},\"inLanguage\":\"en-US\",\"potentialAction\":[{\"@type\":\"ReadAction\",\"target\":[\"https:\/\/namthanh.com.vn\/en\/archer-ax6000\/\"]}]},{\"@type\":\"BreadcrumbList\",\"@id\":\"https:\/\/namthanh.com.vn\/en\/archer-ax6000\/#breadcrumb\",\"itemListElement\":[{\"@type\":\"ListItem\",\"position\":1,\"name\":\"Home\",\"item\":\"https:\/\/namthanh.com.vn\/en\/\"},{\"@type\":\"ListItem\",\"position\":2,\"name\":\"Shop\",\"item\":\"https:\/\/namthanh.com.vn\/en\/shop\/\"},{\"@type\":\"ListItem\",\"position\":3,\"name\":\"Product\",\"item\":\"https:\/\/namthanh.com.vn\/en\/product\/\"},{\"@type\":\"ListItem\",\"position\":4,\"name\":\"TP-LINK\",\"item\":\"https:\/\/namthanh.com.vn\/en\/tp-link\/\"},{\"@type\":\"ListItem\",\"position\":5,\"name\":\"802.11AX WiFi 6 Router\",\"item\":\"https:\/\/namthanh.com.vn\/en\/802-11ax-wifi-6-router\/\"},{\"@type\":\"ListItem\",\"position\":6,\"name\":\"Archer AX6000\"}]},{\"@type\":\"WebSite\",\"@id\":\"https:\/\/namthanh.com.vn\/en\/#website\",\"url\":\"https:\/\/namthanh.com.vn\/en\/\",\"name\":\"Nam Th\u00e0nh\",\"description\":\"HTH\",\"potentialAction\":[{\"@type\":\"SearchAction\",\"target\":{\"@type\":\"EntryPoint\",\"urlTemplate\":\"https:\/\/namthanh.com.vn\/en\/?s={search_term_string}\"},\"query-input\":\"required name=search_term_string\"}],\"inLanguage\":\"en-US\"}]}<\/script>\n<!-- \/ Yoast SEO plugin. -->","yoast_head_json":{"title":"Archer AX6000 - Nam Th\u00e0nh","robots":{"index":"index","follow":"follow","max-snippet":"max-snippet:-1","max-image-preview":"max-image-preview:large","max-video-preview":"max-video-preview:-1"},"canonical":"https:\/\/namthanh.com.vn\/en\/archer-ax6000\/","og_locale":"en_US","og_type":"article","og_title":"Archer AX6000 - Nam Th\u00e0nh","og_description":"AX6000 Dual-Band Gigabit Wi-Fi 6 Router Blazing Speed\u00a0&#8211; AX6000 Dual-Band Wi-Fi speed boosted by 1024QAM deliver astonishing wireless speed up to 5952 Mbps: 4804 Mbps (5 GHz) and 1148 Mbps (2.4 GHz) Ultra Connective\u00a0&#8211; 1 \u00d7 2.5 Gbps WAN port, 8 \u00d7 Gigabit LAN ports, and 2 \u00d7 USB 3.0 in Type A and Type...","og_url":"https:\/\/namthanh.com.vn\/en\/archer-ax6000\/","og_site_name":"Nam Th\u00e0nh","article_modified_time":"2022-10-20T04:08:39+00:00","og_image":[{"width":589,"height":590,"url":"https:\/\/namthanh.com.vn\/en\/wp-content\/uploads\/2022\/06\/ax6000.jpg","type":"image\/jpeg"}],"twitter_card":"summary_large_image","twitter_misc":{"Est. reading time":"1 minute"},"schema":{"@context":"https:\/\/schema.org","@graph":[{"@type":"WebPage","@id":"https:\/\/namthanh.com.vn\/en\/archer-ax6000\/","url":"https:\/\/namthanh.com.vn\/en\/archer-ax6000\/","name":"Archer AX6000 - Nam Th\u00e0nh","isPartOf":{"@id":"https:\/\/namthanh.com.vn\/en\/#website"},"datePublished":"2022-06-22T03:55:16+00:00","dateModified":"2022-10-20T04:08:39+00:00","breadcrumb":{"@id":"https:\/\/namthanh.com.vn\/en\/archer-ax6000\/#breadcrumb"},"inLanguage":"en-US","potentialAction":[{"@type":"ReadAction","target":["https:\/\/namthanh.com.vn\/en\/archer-ax6000\/"]}]},{"@type":"BreadcrumbList","@id":"https:\/\/namthanh.com.vn\/en\/archer-ax6000\/#breadcrumb","itemListElement":[{"@type":"ListItem","position":1,"name":"Home","item":"https:\/\/namthanh.com.vn\/en\/"},{"@type":"ListItem","position":2,"name":"Shop","item":"https:\/\/namthanh.com.vn\/en\/shop\/"},{"@type":"ListItem","position":3,"name":"Product","item":"https:\/\/namthanh.com.vn\/en\/product\/"},{"@type":"ListItem","position":4,"name":"TP-LINK","item":"https:\/\/namthanh.com.vn\/en\/tp-link\/"},{"@type":"ListItem","position":5,"name":"802.11AX WiFi 6 Router","item":"https:\/\/namthanh.com.vn\/en\/802-11ax-wifi-6-router\/"},{"@type":"ListItem","position":6,"name":"Archer AX6000"}]},{"@type":"WebSite","@id":"https:\/\/namthanh.com.vn\/en\/#website","url":"https:\/\/namthanh.com.vn\/en\/","name":"Nam Th\u00e0nh","description":"HTH","potentialAction":[{"@type":"SearchAction","target":{"@type":"EntryPoint","urlTemplate":"https:\/\/namthanh.com.vn\/en\/?s={search_term_string}"},"query-input":"required name=search_term_string"}],"inLanguage":"en-US"}]}},"_links":{"self":[{"href":"https:\/\/namthanh.com.vn\/en\/wp-json\/wp\/v2\/product\/2056"}],"collection":[{"href":"https:\/\/namthanh.com.vn\/en\/wp-json\/wp\/v2\/product"}],"about":[{"href":"https:\/\/namthanh.com.vn\/en\/wp-json\/wp\/v2\/types\/product"}],"replies":[{"embeddable":true,"href":"https:\/\/namthanh.com.vn\/en\/wp-json\/wp\/v2\/comments?post=2056"}],"wp:featuredmedia":[{"embeddable":true,"href":"https:\/\/namthanh.com.vn\/en\/wp-json\/wp\/v2\/media\/2057"}],"wp:attachment":[{"href":"https:\/\/namthanh.com.vn\/en\/wp-json\/wp\/v2\/media?parent=2056"}],"wp:term":[{"taxonomy":"product_cat","embeddable":true,"href":"https:\/\/namthanh.com.vn\/en\/wp-json\/wp\/v2\/product_cat?post=2056"},{"taxonomy":"product_tag","embeddable":true,"href":"https:\/\/namthanh.com.vn\/en\/wp-json\/wp\/v2\/product_tag?post=2056"}],"curies":[{"name":"wp","href":"https:\/\/api.w.org\/{rel}","templated":true}]}}