{"id":2464,"date":"2022-06-23T14:53:14","date_gmt":"2022-06-23T07:53:14","guid":{"rendered":"https:\/\/microlab.vn\/?post_type=product&#038;p=2464"},"modified":"2022-06-23T14:53:15","modified_gmt":"2022-06-23T07:53:15","slug":"tl-ant2424md","status":"publish","type":"product","link":"https:\/\/namthanh.com.vn\/en\/tl-ant2424md\/","title":{"rendered":"TL-ANT2424MD"},"content":{"rendered":"<div class=\"box title\">\n<p>\u0102ng-ten D\u0129a MIMO 2 x 2 24dBi 2.4GHz<\/p>\n<\/div>\n<div class=\"box highlights\">\n<ul>\n<li>\u0102ng ten \u0111\u1ecbnh h\u01b0\u1edbng c\u00f3 \u0111\u1ed9 khu\u1ebfch \u0111\u1ea1i cao cung c\u1ea5p c\u1ea7u n\u1ed1i t\u1eeb \u0110i\u1ec3m t\u1edbi \u0110i\u1ec3m v\u00e0 \u0111\u01b0\u1eddng truy\u1ec1n m\u1ea1ng ch\u00ednh\u00a0v\u1edbi kho\u1ea3ng c\u00e1ch xa<\/li>\n<li>D\u1ec5 d\u00e0ng c\u00e0i \u0111\u1eb7t v\u00e0 t\u00edch h\u1ee3p li\u1ec1n m\u1ea1ch v\u1edbi Tr\u1ea1m G\u1ed1c\u00a0Pharos WBS210<\/li>\n<li>C\u00f4ng ngh\u1ec7 MIMO \u0111\u1ea3m b\u1ea3o t\u0103ng th\u00f4ng l\u01b0\u1ee3ng<\/li>\n<li>Thi\u1ebft k\u1ebf ch\u1ed1ng ch\u1ecdi l\u1ea1i v\u1edbi th\u1eddi ti\u1ebft gi\u00fap b\u1ea3o v\u1ec7 thi\u1ebft b\u1ecb trong m\u00f4i tr\u01b0\u1eddng kh\u1eafc nghi\u1ec7t<\/li>\n<\/ul>\n<\/div>\n","protected":false},"excerpt":{"rendered":"<p>\u0102ng-ten D\u0129a MIMO 2 x 2 24dBi 2.4GHz \u0102ng ten \u0111\u1ecbnh h\u01b0\u1edbng c\u00f3 \u0111\u1ed9 khu\u1ebfch \u0111\u1ea1i cao cung c\u1ea5p c\u1ea7u n\u1ed1i t\u1eeb \u0110i\u1ec3m t\u1edbi \u0110i\u1ec3m v\u00e0 \u0111\u01b0\u1eddng truy\u1ec1n m\u1ea1ng ch\u00ednh\u00a0v\u1edbi kho\u1ea3ng c\u00e1ch xa D\u1ec5 d\u00e0ng c\u00e0i \u0111\u1eb7t v\u00e0 t\u00edch h\u1ee3p li\u1ec1n m\u1ea1ch v\u1edbi Tr\u1ea1m G\u1ed1c\u00a0Pharos WBS210 C\u00f4ng ngh\u1ec7 MIMO \u0111\u1ea3m b\u1ea3o t\u0103ng th\u00f4ng l\u01b0\u1ee3ng Thi\u1ebft&#8230;<\/p>\n","protected":false},"featured_media":2465,"comment_status":"closed","ping_status":"closed","template":"","meta":[],"product_cat":[124],"product_tag":[],"yoast_head":"<!-- This site is optimized with the Yoast SEO plugin v19.5.1 - https:\/\/yoast.com\/wordpress\/plugins\/seo\/ -->\n<title>TL-ANT2424MD - Nam Th\u00e0nh<\/title>\n<meta name=\"robots\" content=\"index, follow, max-snippet:-1, max-image-preview:large, max-video-preview:-1\" \/>\n<link rel=\"canonical\" href=\"https:\/\/namthanh.com.vn\/en\/tl-ant2424md\/\" \/>\n<meta property=\"og:locale\" content=\"en_US\" \/>\n<meta property=\"og:type\" content=\"article\" \/>\n<meta property=\"og:title\" content=\"TL-ANT2424MD - Nam Th\u00e0nh\" \/>\n<meta property=\"og:description\" content=\"\u0102ng-ten D\u0129a MIMO 2 x 2 24dBi 2.4GHz \u0102ng ten \u0111\u1ecbnh h\u01b0\u1edbng c\u00f3 \u0111\u1ed9 khu\u1ebfch \u0111\u1ea1i cao cung c\u1ea5p c\u1ea7u n\u1ed1i t\u1eeb \u0110i\u1ec3m t\u1edbi \u0110i\u1ec3m v\u00e0 \u0111\u01b0\u1eddng truy\u1ec1n m\u1ea1ng ch\u00ednh\u00a0v\u1edbi kho\u1ea3ng c\u00e1ch xa D\u1ec5 d\u00e0ng c\u00e0i \u0111\u1eb7t v\u00e0 t\u00edch h\u1ee3p li\u1ec1n m\u1ea1ch v\u1edbi Tr\u1ea1m G\u1ed1c\u00a0Pharos WBS210 C\u00f4ng ngh\u1ec7 MIMO \u0111\u1ea3m b\u1ea3o t\u0103ng th\u00f4ng l\u01b0\u1ee3ng Thi\u1ebft...\" \/>\n<meta property=\"og:url\" content=\"https:\/\/namthanh.com.vn\/en\/tl-ant2424md\/\" \/>\n<meta property=\"og:site_name\" content=\"Nam Th\u00e0nh\" \/>\n<meta property=\"article:modified_time\" content=\"2022-06-23T07:53:15+00:00\" \/>\n<meta property=\"og:image\" content=\"https:\/\/namthanh.com.vn\/en\/wp-content\/uploads\/2022\/06\/2424.png\" \/>\n\t<meta property=\"og:image:width\" content=\"590\" \/>\n\t<meta property=\"og:image:height\" content=\"443\" \/>\n\t<meta property=\"og:image:type\" content=\"image\/png\" \/>\n<meta name=\"twitter:card\" content=\"summary_large_image\" \/>\n<meta name=\"twitter:label1\" content=\"Est. reading time\" \/>\n\t<meta name=\"twitter:data1\" content=\"1 minute\" \/>\n<script type=\"application\/ld+json\" class=\"yoast-schema-graph\">{\"@context\":\"https:\/\/schema.org\",\"@graph\":[{\"@type\":\"WebPage\",\"@id\":\"https:\/\/namthanh.com.vn\/en\/tl-ant2424md\/\",\"url\":\"https:\/\/namthanh.com.vn\/en\/tl-ant2424md\/\",\"name\":\"TL-ANT2424MD - Nam Th\u00e0nh\",\"isPartOf\":{\"@id\":\"https:\/\/namthanh.com.vn\/en\/#website\"},\"datePublished\":\"2022-06-23T07:53:14+00:00\",\"dateModified\":\"2022-06-23T07:53:15+00:00\",\"breadcrumb\":{\"@id\":\"https:\/\/namthanh.com.vn\/en\/tl-ant2424md\/#breadcrumb\"},\"inLanguage\":\"en-US\",\"potentialAction\":[{\"@type\":\"ReadAction\",\"target\":[\"https:\/\/namthanh.com.vn\/en\/tl-ant2424md\/\"]}]},{\"@type\":\"BreadcrumbList\",\"@id\":\"https:\/\/namthanh.com.vn\/en\/tl-ant2424md\/#breadcrumb\",\"itemListElement\":[{\"@type\":\"ListItem\",\"position\":1,\"name\":\"Home\",\"item\":\"https:\/\/namthanh.com.vn\/en\/\"},{\"@type\":\"ListItem\",\"position\":2,\"name\":\"Shop\",\"item\":\"https:\/\/namthanh.com.vn\/en\/shop\/\"},{\"@type\":\"ListItem\",\"position\":3,\"name\":\"Product\",\"item\":\"https:\/\/namthanh.com.vn\/en\/product\/\"},{\"@type\":\"ListItem\",\"position\":4,\"name\":\"TP-LINK\",\"item\":\"https:\/\/namthanh.com.vn\/en\/tp-link\/\"},{\"@type\":\"ListItem\",\"position\":5,\"name\":\"Wireless Antenna &amp; Accessories\",\"item\":\"https:\/\/namthanh.com.vn\/en\/wireless-antenna-accessories\/\"},{\"@type\":\"ListItem\",\"position\":6,\"name\":\"TL-ANT2424MD\"}]},{\"@type\":\"WebSite\",\"@id\":\"https:\/\/namthanh.com.vn\/en\/#website\",\"url\":\"https:\/\/namthanh.com.vn\/en\/\",\"name\":\"Nam Th\u00e0nh\",\"description\":\"HTH\",\"potentialAction\":[{\"@type\":\"SearchAction\",\"target\":{\"@type\":\"EntryPoint\",\"urlTemplate\":\"https:\/\/namthanh.com.vn\/en\/?s={search_term_string}\"},\"query-input\":\"required name=search_term_string\"}],\"inLanguage\":\"en-US\"}]}<\/script>\n<!-- \/ Yoast SEO plugin. -->","yoast_head_json":{"title":"TL-ANT2424MD - Nam Th\u00e0nh","robots":{"index":"index","follow":"follow","max-snippet":"max-snippet:-1","max-image-preview":"max-image-preview:large","max-video-preview":"max-video-preview:-1"},"canonical":"https:\/\/namthanh.com.vn\/en\/tl-ant2424md\/","og_locale":"en_US","og_type":"article","og_title":"TL-ANT2424MD - Nam Th\u00e0nh","og_description":"\u0102ng-ten D\u0129a MIMO 2 x 2 24dBi 2.4GHz \u0102ng ten \u0111\u1ecbnh h\u01b0\u1edbng c\u00f3 \u0111\u1ed9 khu\u1ebfch \u0111\u1ea1i cao cung c\u1ea5p c\u1ea7u n\u1ed1i t\u1eeb \u0110i\u1ec3m t\u1edbi \u0110i\u1ec3m v\u00e0 \u0111\u01b0\u1eddng truy\u1ec1n m\u1ea1ng ch\u00ednh\u00a0v\u1edbi kho\u1ea3ng c\u00e1ch xa D\u1ec5 d\u00e0ng c\u00e0i \u0111\u1eb7t v\u00e0 t\u00edch h\u1ee3p li\u1ec1n m\u1ea1ch v\u1edbi Tr\u1ea1m G\u1ed1c\u00a0Pharos WBS210 C\u00f4ng ngh\u1ec7 MIMO \u0111\u1ea3m b\u1ea3o t\u0103ng th\u00f4ng l\u01b0\u1ee3ng Thi\u1ebft...","og_url":"https:\/\/namthanh.com.vn\/en\/tl-ant2424md\/","og_site_name":"Nam Th\u00e0nh","article_modified_time":"2022-06-23T07:53:15+00:00","og_image":[{"width":590,"height":443,"url":"https:\/\/namthanh.com.vn\/en\/wp-content\/uploads\/2022\/06\/2424.png","type":"image\/png"}],"twitter_card":"summary_large_image","twitter_misc":{"Est. reading time":"1 minute"},"schema":{"@context":"https:\/\/schema.org","@graph":[{"@type":"WebPage","@id":"https:\/\/namthanh.com.vn\/en\/tl-ant2424md\/","url":"https:\/\/namthanh.com.vn\/en\/tl-ant2424md\/","name":"TL-ANT2424MD - Nam Th\u00e0nh","isPartOf":{"@id":"https:\/\/namthanh.com.vn\/en\/#website"},"datePublished":"2022-06-23T07:53:14+00:00","dateModified":"2022-06-23T07:53:15+00:00","breadcrumb":{"@id":"https:\/\/namthanh.com.vn\/en\/tl-ant2424md\/#breadcrumb"},"inLanguage":"en-US","potentialAction":[{"@type":"ReadAction","target":["https:\/\/namthanh.com.vn\/en\/tl-ant2424md\/"]}]},{"@type":"BreadcrumbList","@id":"https:\/\/namthanh.com.vn\/en\/tl-ant2424md\/#breadcrumb","itemListElement":[{"@type":"ListItem","position":1,"name":"Home","item":"https:\/\/namthanh.com.vn\/en\/"},{"@type":"ListItem","position":2,"name":"Shop","item":"https:\/\/namthanh.com.vn\/en\/shop\/"},{"@type":"ListItem","position":3,"name":"Product","item":"https:\/\/namthanh.com.vn\/en\/product\/"},{"@type":"ListItem","position":4,"name":"TP-LINK","item":"https:\/\/namthanh.com.vn\/en\/tp-link\/"},{"@type":"ListItem","position":5,"name":"Wireless Antenna &amp; Accessories","item":"https:\/\/namthanh.com.vn\/en\/wireless-antenna-accessories\/"},{"@type":"ListItem","position":6,"name":"TL-ANT2424MD"}]},{"@type":"WebSite","@id":"https:\/\/namthanh.com.vn\/en\/#website","url":"https:\/\/namthanh.com.vn\/en\/","name":"Nam Th\u00e0nh","description":"HTH","potentialAction":[{"@type":"SearchAction","target":{"@type":"EntryPoint","urlTemplate":"https:\/\/namthanh.com.vn\/en\/?s={search_term_string}"},"query-input":"required name=search_term_string"}],"inLanguage":"en-US"}]}},"_links":{"self":[{"href":"https:\/\/namthanh.com.vn\/en\/wp-json\/wp\/v2\/product\/2464"}],"collection":[{"href":"https:\/\/namthanh.com.vn\/en\/wp-json\/wp\/v2\/product"}],"about":[{"href":"https:\/\/namthanh.com.vn\/en\/wp-json\/wp\/v2\/types\/product"}],"replies":[{"embeddable":true,"href":"https:\/\/namthanh.com.vn\/en\/wp-json\/wp\/v2\/comments?post=2464"}],"wp:featuredmedia":[{"embeddable":true,"href":"https:\/\/namthanh.com.vn\/en\/wp-json\/wp\/v2\/media\/2465"}],"wp:attachment":[{"href":"https:\/\/namthanh.com.vn\/en\/wp-json\/wp\/v2\/media?parent=2464"}],"wp:term":[{"taxonomy":"product_cat","embeddable":true,"href":"https:\/\/namthanh.com.vn\/en\/wp-json\/wp\/v2\/product_cat?post=2464"},{"taxonomy":"product_tag","embeddable":true,"href":"https:\/\/namthanh.com.vn\/en\/wp-json\/wp\/v2\/product_tag?post=2464"}],"curies":[{"name":"wp","href":"https:\/\/api.w.org\/{rel}","templated":true}]}}