{"id":2468,"date":"2022-06-23T14:58:26","date_gmt":"2022-06-23T07:58:26","guid":{"rendered":"https:\/\/microlab.vn\/?post_type=product&#038;p=2468"},"modified":"2022-06-23T14:58:26","modified_gmt":"2022-06-23T07:58:26","slug":"tl-ant24ec5s","status":"publish","type":"product","link":"https:\/\/namthanh.com.vn\/en\/tl-ant24ec5s\/","title":{"rendered":"TL-ANT24EC5S"},"content":{"rendered":"<div class=\"page-content-wrapper\">\n<div class=\"product-info-basic\">\n<div class=\"tp-container\">\n<div class=\"tp-row tp-row-2\">\n<div class=\"tp-col brief\">\n<div class=\"box title\">\n<div class=\"box title\">\n<p>C\u00e1p m\u1edf r\u1ed9ng \u0102ng-ten 5 m\u00e9t<\/p>\n<\/div>\n<div class=\"box highlights\">\n<ul>\n<li>Tri\u1ec3n khai d\u1ec5 d\u00e0ng v\u00e0 nhanh ch\u00f3ng v\u00e0o m\u00f4i tr\u01b0\u1eddng WLAN th\u00edch h\u1ee3p<\/li>\n<li>V\u1edbi chi\u1ec1u d\u00e0i 5 m\u00e9t cho ph\u00e9p b\u1ea1n di chuy\u1ec3n \u0103ng-ten \u0111\u1ebfn v\u1ecb tr\u00ed t\u1ed1i \u01b0u \u0111\u1ec3 \u0111\u1ea1t hi\u1ec7u su\u1ea5t Wi-Fi t\u1ed1i \u01b0u h\u00f3a<\/li>\n<li>C\u00e1p CFD-200 \u0111\u1ed9 suy hao th\u1ea5p mang l\u1ea1i\u00a0t\u00ednh n\u0103ng hi\u1ec7u su\u1ea5t cao h\u01a1n\u00a0v\u1edbi\u00a0t\u00ednh linh ho\u1ea1t tuy\u1ec7t v\u1eddi<\/li>\n<li>\u0110\u1ea7u n\u1ed1i \u00e2m d\u01b0\u01a1ng RP-SMA, th\u00edch h\u1ee3p\u00a0v\u1edbi c\u00e1c lo\u1ea1i \u0103ng-ten RP-SMA<\/li>\n<\/ul>\n<\/div>\n<\/div>\n<\/div>\n<\/div>\n<\/div>\n<\/div>\n<\/div>\n","protected":false},"excerpt":{"rendered":"<p>C\u00e1p m\u1edf r\u1ed9ng \u0102ng-ten 5 m\u00e9t Tri\u1ec3n khai d\u1ec5 d\u00e0ng v\u00e0 nhanh ch\u00f3ng v\u00e0o m\u00f4i tr\u01b0\u1eddng WLAN th\u00edch h\u1ee3p V\u1edbi chi\u1ec1u d\u00e0i 5 m\u00e9t cho ph\u00e9p b\u1ea1n di chuy\u1ec3n \u0103ng-ten \u0111\u1ebfn v\u1ecb tr\u00ed t\u1ed1i \u01b0u \u0111\u1ec3 \u0111\u1ea1t hi\u1ec7u su\u1ea5t Wi-Fi t\u1ed1i \u01b0u h\u00f3a C\u00e1p CFD-200 \u0111\u1ed9 suy hao th\u1ea5p mang l\u1ea1i\u00a0t\u00ednh n\u0103ng hi\u1ec7u su\u1ea5t cao&#8230;<\/p>\n","protected":false},"featured_media":2469,"comment_status":"closed","ping_status":"closed","template":"","meta":[],"product_cat":[124],"product_tag":[],"yoast_head":"<!-- This site is optimized with the Yoast SEO plugin v19.5.1 - https:\/\/yoast.com\/wordpress\/plugins\/seo\/ -->\n<title>TL-ANT24EC5S - Nam Th\u00e0nh<\/title>\n<meta name=\"robots\" content=\"index, follow, max-snippet:-1, max-image-preview:large, max-video-preview:-1\" \/>\n<link rel=\"canonical\" href=\"https:\/\/namthanh.com.vn\/en\/tl-ant24ec5s\/\" \/>\n<meta property=\"og:locale\" content=\"en_US\" \/>\n<meta property=\"og:type\" content=\"article\" \/>\n<meta property=\"og:title\" content=\"TL-ANT24EC5S - Nam Th\u00e0nh\" \/>\n<meta property=\"og:description\" content=\"C\u00e1p m\u1edf r\u1ed9ng \u0102ng-ten 5 m\u00e9t Tri\u1ec3n khai d\u1ec5 d\u00e0ng v\u00e0 nhanh ch\u00f3ng v\u00e0o m\u00f4i tr\u01b0\u1eddng WLAN th\u00edch h\u1ee3p V\u1edbi chi\u1ec1u d\u00e0i 5 m\u00e9t cho ph\u00e9p b\u1ea1n di chuy\u1ec3n \u0103ng-ten \u0111\u1ebfn v\u1ecb tr\u00ed t\u1ed1i \u01b0u \u0111\u1ec3 \u0111\u1ea1t hi\u1ec7u su\u1ea5t Wi-Fi t\u1ed1i \u01b0u h\u00f3a C\u00e1p CFD-200 \u0111\u1ed9 suy hao th\u1ea5p mang l\u1ea1i\u00a0t\u00ednh n\u0103ng hi\u1ec7u su\u1ea5t cao...\" \/>\n<meta property=\"og:url\" content=\"https:\/\/namthanh.com.vn\/en\/tl-ant24ec5s\/\" \/>\n<meta property=\"og:site_name\" content=\"Nam Th\u00e0nh\" \/>\n<meta property=\"og:image\" content=\"https:\/\/namthanh.com.vn\/en\/wp-content\/uploads\/2022\/06\/245.jpg\" \/>\n\t<meta property=\"og:image:width\" content=\"590\" \/>\n\t<meta property=\"og:image:height\" content=\"443\" \/>\n\t<meta property=\"og:image:type\" content=\"image\/jpeg\" \/>\n<meta name=\"twitter:card\" content=\"summary_large_image\" \/>\n<meta name=\"twitter:label1\" content=\"Est. reading time\" \/>\n\t<meta name=\"twitter:data1\" content=\"1 minute\" \/>\n<script type=\"application\/ld+json\" class=\"yoast-schema-graph\">{\"@context\":\"https:\/\/schema.org\",\"@graph\":[{\"@type\":\"WebPage\",\"@id\":\"https:\/\/namthanh.com.vn\/en\/tl-ant24ec5s\/\",\"url\":\"https:\/\/namthanh.com.vn\/en\/tl-ant24ec5s\/\",\"name\":\"TL-ANT24EC5S - Nam Th\u00e0nh\",\"isPartOf\":{\"@id\":\"https:\/\/namthanh.com.vn\/en\/#website\"},\"datePublished\":\"2022-06-23T07:58:26+00:00\",\"dateModified\":\"2022-06-23T07:58:26+00:00\",\"breadcrumb\":{\"@id\":\"https:\/\/namthanh.com.vn\/en\/tl-ant24ec5s\/#breadcrumb\"},\"inLanguage\":\"en-US\",\"potentialAction\":[{\"@type\":\"ReadAction\",\"target\":[\"https:\/\/namthanh.com.vn\/en\/tl-ant24ec5s\/\"]}]},{\"@type\":\"BreadcrumbList\",\"@id\":\"https:\/\/namthanh.com.vn\/en\/tl-ant24ec5s\/#breadcrumb\",\"itemListElement\":[{\"@type\":\"ListItem\",\"position\":1,\"name\":\"Home\",\"item\":\"https:\/\/namthanh.com.vn\/en\/\"},{\"@type\":\"ListItem\",\"position\":2,\"name\":\"Shop\",\"item\":\"https:\/\/namthanh.com.vn\/en\/shop\/\"},{\"@type\":\"ListItem\",\"position\":3,\"name\":\"Product\",\"item\":\"https:\/\/namthanh.com.vn\/en\/product\/\"},{\"@type\":\"ListItem\",\"position\":4,\"name\":\"TP-LINK\",\"item\":\"https:\/\/namthanh.com.vn\/en\/tp-link\/\"},{\"@type\":\"ListItem\",\"position\":5,\"name\":\"Wireless Antenna &amp; Accessories\",\"item\":\"https:\/\/namthanh.com.vn\/en\/wireless-antenna-accessories\/\"},{\"@type\":\"ListItem\",\"position\":6,\"name\":\"TL-ANT24EC5S\"}]},{\"@type\":\"WebSite\",\"@id\":\"https:\/\/namthanh.com.vn\/en\/#website\",\"url\":\"https:\/\/namthanh.com.vn\/en\/\",\"name\":\"Nam Th\u00e0nh\",\"description\":\"HTH\",\"potentialAction\":[{\"@type\":\"SearchAction\",\"target\":{\"@type\":\"EntryPoint\",\"urlTemplate\":\"https:\/\/namthanh.com.vn\/en\/?s={search_term_string}\"},\"query-input\":\"required name=search_term_string\"}],\"inLanguage\":\"en-US\"}]}<\/script>\n<!-- \/ Yoast SEO plugin. -->","yoast_head_json":{"title":"TL-ANT24EC5S - Nam Th\u00e0nh","robots":{"index":"index","follow":"follow","max-snippet":"max-snippet:-1","max-image-preview":"max-image-preview:large","max-video-preview":"max-video-preview:-1"},"canonical":"https:\/\/namthanh.com.vn\/en\/tl-ant24ec5s\/","og_locale":"en_US","og_type":"article","og_title":"TL-ANT24EC5S - Nam Th\u00e0nh","og_description":"C\u00e1p m\u1edf r\u1ed9ng \u0102ng-ten 5 m\u00e9t Tri\u1ec3n khai d\u1ec5 d\u00e0ng v\u00e0 nhanh ch\u00f3ng v\u00e0o m\u00f4i tr\u01b0\u1eddng WLAN th\u00edch h\u1ee3p V\u1edbi chi\u1ec1u d\u00e0i 5 m\u00e9t cho ph\u00e9p b\u1ea1n di chuy\u1ec3n \u0103ng-ten \u0111\u1ebfn v\u1ecb tr\u00ed t\u1ed1i \u01b0u \u0111\u1ec3 \u0111\u1ea1t hi\u1ec7u su\u1ea5t Wi-Fi t\u1ed1i \u01b0u h\u00f3a C\u00e1p CFD-200 \u0111\u1ed9 suy hao th\u1ea5p mang l\u1ea1i\u00a0t\u00ednh n\u0103ng hi\u1ec7u su\u1ea5t cao...","og_url":"https:\/\/namthanh.com.vn\/en\/tl-ant24ec5s\/","og_site_name":"Nam Th\u00e0nh","og_image":[{"width":590,"height":443,"url":"https:\/\/namthanh.com.vn\/en\/wp-content\/uploads\/2022\/06\/245.jpg","type":"image\/jpeg"}],"twitter_card":"summary_large_image","twitter_misc":{"Est. reading time":"1 minute"},"schema":{"@context":"https:\/\/schema.org","@graph":[{"@type":"WebPage","@id":"https:\/\/namthanh.com.vn\/en\/tl-ant24ec5s\/","url":"https:\/\/namthanh.com.vn\/en\/tl-ant24ec5s\/","name":"TL-ANT24EC5S - Nam Th\u00e0nh","isPartOf":{"@id":"https:\/\/namthanh.com.vn\/en\/#website"},"datePublished":"2022-06-23T07:58:26+00:00","dateModified":"2022-06-23T07:58:26+00:00","breadcrumb":{"@id":"https:\/\/namthanh.com.vn\/en\/tl-ant24ec5s\/#breadcrumb"},"inLanguage":"en-US","potentialAction":[{"@type":"ReadAction","target":["https:\/\/namthanh.com.vn\/en\/tl-ant24ec5s\/"]}]},{"@type":"BreadcrumbList","@id":"https:\/\/namthanh.com.vn\/en\/tl-ant24ec5s\/#breadcrumb","itemListElement":[{"@type":"ListItem","position":1,"name":"Home","item":"https:\/\/namthanh.com.vn\/en\/"},{"@type":"ListItem","position":2,"name":"Shop","item":"https:\/\/namthanh.com.vn\/en\/shop\/"},{"@type":"ListItem","position":3,"name":"Product","item":"https:\/\/namthanh.com.vn\/en\/product\/"},{"@type":"ListItem","position":4,"name":"TP-LINK","item":"https:\/\/namthanh.com.vn\/en\/tp-link\/"},{"@type":"ListItem","position":5,"name":"Wireless Antenna &amp; Accessories","item":"https:\/\/namthanh.com.vn\/en\/wireless-antenna-accessories\/"},{"@type":"ListItem","position":6,"name":"TL-ANT24EC5S"}]},{"@type":"WebSite","@id":"https:\/\/namthanh.com.vn\/en\/#website","url":"https:\/\/namthanh.com.vn\/en\/","name":"Nam Th\u00e0nh","description":"HTH","potentialAction":[{"@type":"SearchAction","target":{"@type":"EntryPoint","urlTemplate":"https:\/\/namthanh.com.vn\/en\/?s={search_term_string}"},"query-input":"required name=search_term_string"}],"inLanguage":"en-US"}]}},"_links":{"self":[{"href":"https:\/\/namthanh.com.vn\/en\/wp-json\/wp\/v2\/product\/2468"}],"collection":[{"href":"https:\/\/namthanh.com.vn\/en\/wp-json\/wp\/v2\/product"}],"about":[{"href":"https:\/\/namthanh.com.vn\/en\/wp-json\/wp\/v2\/types\/product"}],"replies":[{"embeddable":true,"href":"https:\/\/namthanh.com.vn\/en\/wp-json\/wp\/v2\/comments?post=2468"}],"wp:featuredmedia":[{"embeddable":true,"href":"https:\/\/namthanh.com.vn\/en\/wp-json\/wp\/v2\/media\/2469"}],"wp:attachment":[{"href":"https:\/\/namthanh.com.vn\/en\/wp-json\/wp\/v2\/media?parent=2468"}],"wp:term":[{"taxonomy":"product_cat","embeddable":true,"href":"https:\/\/namthanh.com.vn\/en\/wp-json\/wp\/v2\/product_cat?post=2468"},{"taxonomy":"product_tag","embeddable":true,"href":"https:\/\/namthanh.com.vn\/en\/wp-json\/wp\/v2\/product_tag?post=2468"}],"curies":[{"name":"wp","href":"https:\/\/api.w.org\/{rel}","templated":true}]}}