{"id":2485,"date":"2022-06-23T15:26:55","date_gmt":"2022-06-23T08:26:55","guid":{"rendered":"https:\/\/microlab.vn\/?post_type=product&#038;p=2485"},"modified":"2022-10-18T13:30:07","modified_gmt":"2022-10-18T06:30:07","slug":"tl-er605","status":"publish","type":"product","link":"https:\/\/namthanh.com.vn\/en\/tl-er605\/","title":{"rendered":"TL-ER605"},"content":{"rendered":"<div class=\"box title\">\n<div class=\"box title\">\n<h1>Omada Gigabit VPN Router<\/h1>\n<\/div>\n<div class=\"box highlights\">\n<ul>\n<li><strong>Integrated into Omada SDN<\/strong>: Zero-Touch Provisioning***, Centralized Cloud Management, and Intelligent Monitoring.<\/li>\n<li><strong>Centralized Management<\/strong>: Cloud access and Omada app for convenience and easy management.<\/li>\n<li><strong>Five Gigabit Ports<\/strong>: High-speed wired connectivity.<\/li>\n<li><strong>Up to 3\u00a0WAN Ethernet Ports<\/strong>: 1 gigabit WAN port and 2\u00a0gigabit WAN\/LAN ports with load balance raise the utilization rate of multi-line broadband.<\/li>\n<li><strong>One USB WAN Port for Mobile Broadband<\/strong>: Mobile broadband via 4G\/3G modem is supported for WAN backup by connecting to the USB port.<sup>\u2021<\/sup><\/li>\n<li><strong>Highly Secure VPN<\/strong>: Supports\u00a0up to 20\u00d7 LAN-to-LAN IPsec, 16\u00d7 OpenVPN*, 16\u00d7 L2TP, and 16\u00d7 PPTP VPN connections.<\/li>\n<li><strong>Abundant Security Features<\/strong>: Advanced firewall policies, DoS defense, IP\/MAC\/URL filtering, and more security functions protect your\u00a0network and data.<\/li>\n<\/ul>\n<\/div>\n<\/div>\n","protected":false},"excerpt":{"rendered":"<p>Omada Gigabit VPN Router Integrated into Omada SDN: Zero-Touch Provisioning***, Centralized Cloud Management, and Intelligent Monitoring. Centralized Management: Cloud access and Omada app for convenience and easy management. Five Gigabit Ports: High-speed wired connectivity. Up to 3\u00a0WAN Ethernet Ports: 1 gigabit WAN port and 2\u00a0gigabit WAN\/LAN ports with load balance raise the utilization rate of&#8230;<\/p>\n","protected":false},"featured_media":2486,"comment_status":"closed","ping_status":"closed","template":"","meta":[],"product_cat":[125],"product_tag":[],"yoast_head":"<!-- This site is optimized with the Yoast SEO plugin v19.5.1 - https:\/\/yoast.com\/wordpress\/plugins\/seo\/ -->\n<title>TL-ER605 - Nam Th\u00e0nh<\/title>\n<meta name=\"robots\" content=\"index, follow, max-snippet:-1, max-image-preview:large, max-video-preview:-1\" \/>\n<link rel=\"canonical\" href=\"https:\/\/namthanh.com.vn\/en\/tl-er605\/\" \/>\n<meta property=\"og:locale\" content=\"en_US\" \/>\n<meta property=\"og:type\" content=\"article\" \/>\n<meta property=\"og:title\" content=\"TL-ER605 - Nam Th\u00e0nh\" \/>\n<meta property=\"og:description\" content=\"Omada Gigabit VPN Router Integrated into Omada SDN: Zero-Touch Provisioning***, Centralized Cloud Management, and Intelligent Monitoring. Centralized Management: Cloud access and Omada app for convenience and easy management. Five Gigabit Ports: High-speed wired connectivity. Up to 3\u00a0WAN Ethernet Ports: 1 gigabit WAN port and 2\u00a0gigabit WAN\/LAN ports with load balance raise the utilization rate of...\" \/>\n<meta property=\"og:url\" content=\"https:\/\/namthanh.com.vn\/en\/tl-er605\/\" \/>\n<meta property=\"og:site_name\" content=\"Nam Th\u00e0nh\" \/>\n<meta property=\"article:modified_time\" content=\"2022-10-18T06:30:07+00:00\" \/>\n<meta property=\"og:image\" content=\"https:\/\/namthanh.com.vn\/en\/wp-content\/uploads\/2022\/06\/605.jpg\" \/>\n\t<meta property=\"og:image:width\" content=\"590\" \/>\n\t<meta property=\"og:image:height\" content=\"590\" \/>\n\t<meta property=\"og:image:type\" content=\"image\/jpeg\" \/>\n<meta name=\"twitter:card\" content=\"summary_large_image\" \/>\n<meta name=\"twitter:label1\" content=\"Est. reading time\" \/>\n\t<meta name=\"twitter:data1\" content=\"1 minute\" \/>\n<script type=\"application\/ld+json\" class=\"yoast-schema-graph\">{\"@context\":\"https:\/\/schema.org\",\"@graph\":[{\"@type\":\"WebPage\",\"@id\":\"https:\/\/namthanh.com.vn\/en\/tl-er605\/\",\"url\":\"https:\/\/namthanh.com.vn\/en\/tl-er605\/\",\"name\":\"TL-ER605 - Nam Th\u00e0nh\",\"isPartOf\":{\"@id\":\"https:\/\/namthanh.com.vn\/en\/#website\"},\"datePublished\":\"2022-06-23T08:26:55+00:00\",\"dateModified\":\"2022-10-18T06:30:07+00:00\",\"breadcrumb\":{\"@id\":\"https:\/\/namthanh.com.vn\/en\/tl-er605\/#breadcrumb\"},\"inLanguage\":\"en-US\",\"potentialAction\":[{\"@type\":\"ReadAction\",\"target\":[\"https:\/\/namthanh.com.vn\/en\/tl-er605\/\"]}]},{\"@type\":\"BreadcrumbList\",\"@id\":\"https:\/\/namthanh.com.vn\/en\/tl-er605\/#breadcrumb\",\"itemListElement\":[{\"@type\":\"ListItem\",\"position\":1,\"name\":\"Home\",\"item\":\"https:\/\/namthanh.com.vn\/en\/\"},{\"@type\":\"ListItem\",\"position\":2,\"name\":\"Shop\",\"item\":\"https:\/\/namthanh.com.vn\/en\/shop\/\"},{\"@type\":\"ListItem\",\"position\":3,\"name\":\"Product\",\"item\":\"https:\/\/namthanh.com.vn\/en\/product\/\"},{\"@type\":\"ListItem\",\"position\":4,\"name\":\"TP-LINK\",\"item\":\"https:\/\/namthanh.com.vn\/en\/tp-link\/\"},{\"@type\":\"ListItem\",\"position\":5,\"name\":\"Router\",\"item\":\"https:\/\/namthanh.com.vn\/en\/router\/\"},{\"@type\":\"ListItem\",\"position\":6,\"name\":\"TL-ER605\"}]},{\"@type\":\"WebSite\",\"@id\":\"https:\/\/namthanh.com.vn\/en\/#website\",\"url\":\"https:\/\/namthanh.com.vn\/en\/\",\"name\":\"Nam Th\u00e0nh\",\"description\":\"HTH\",\"potentialAction\":[{\"@type\":\"SearchAction\",\"target\":{\"@type\":\"EntryPoint\",\"urlTemplate\":\"https:\/\/namthanh.com.vn\/en\/?s={search_term_string}\"},\"query-input\":\"required name=search_term_string\"}],\"inLanguage\":\"en-US\"}]}<\/script>\n<!-- \/ Yoast SEO plugin. -->","yoast_head_json":{"title":"TL-ER605 - Nam Th\u00e0nh","robots":{"index":"index","follow":"follow","max-snippet":"max-snippet:-1","max-image-preview":"max-image-preview:large","max-video-preview":"max-video-preview:-1"},"canonical":"https:\/\/namthanh.com.vn\/en\/tl-er605\/","og_locale":"en_US","og_type":"article","og_title":"TL-ER605 - Nam Th\u00e0nh","og_description":"Omada Gigabit VPN Router Integrated into Omada SDN: Zero-Touch Provisioning***, Centralized Cloud Management, and Intelligent Monitoring. Centralized Management: Cloud access and Omada app for convenience and easy management. Five Gigabit Ports: High-speed wired connectivity. Up to 3\u00a0WAN Ethernet Ports: 1 gigabit WAN port and 2\u00a0gigabit WAN\/LAN ports with load balance raise the utilization rate of...","og_url":"https:\/\/namthanh.com.vn\/en\/tl-er605\/","og_site_name":"Nam Th\u00e0nh","article_modified_time":"2022-10-18T06:30:07+00:00","og_image":[{"width":590,"height":590,"url":"https:\/\/namthanh.com.vn\/en\/wp-content\/uploads\/2022\/06\/605.jpg","type":"image\/jpeg"}],"twitter_card":"summary_large_image","twitter_misc":{"Est. reading time":"1 minute"},"schema":{"@context":"https:\/\/schema.org","@graph":[{"@type":"WebPage","@id":"https:\/\/namthanh.com.vn\/en\/tl-er605\/","url":"https:\/\/namthanh.com.vn\/en\/tl-er605\/","name":"TL-ER605 - Nam Th\u00e0nh","isPartOf":{"@id":"https:\/\/namthanh.com.vn\/en\/#website"},"datePublished":"2022-06-23T08:26:55+00:00","dateModified":"2022-10-18T06:30:07+00:00","breadcrumb":{"@id":"https:\/\/namthanh.com.vn\/en\/tl-er605\/#breadcrumb"},"inLanguage":"en-US","potentialAction":[{"@type":"ReadAction","target":["https:\/\/namthanh.com.vn\/en\/tl-er605\/"]}]},{"@type":"BreadcrumbList","@id":"https:\/\/namthanh.com.vn\/en\/tl-er605\/#breadcrumb","itemListElement":[{"@type":"ListItem","position":1,"name":"Home","item":"https:\/\/namthanh.com.vn\/en\/"},{"@type":"ListItem","position":2,"name":"Shop","item":"https:\/\/namthanh.com.vn\/en\/shop\/"},{"@type":"ListItem","position":3,"name":"Product","item":"https:\/\/namthanh.com.vn\/en\/product\/"},{"@type":"ListItem","position":4,"name":"TP-LINK","item":"https:\/\/namthanh.com.vn\/en\/tp-link\/"},{"@type":"ListItem","position":5,"name":"Router","item":"https:\/\/namthanh.com.vn\/en\/router\/"},{"@type":"ListItem","position":6,"name":"TL-ER605"}]},{"@type":"WebSite","@id":"https:\/\/namthanh.com.vn\/en\/#website","url":"https:\/\/namthanh.com.vn\/en\/","name":"Nam Th\u00e0nh","description":"HTH","potentialAction":[{"@type":"SearchAction","target":{"@type":"EntryPoint","urlTemplate":"https:\/\/namthanh.com.vn\/en\/?s={search_term_string}"},"query-input":"required name=search_term_string"}],"inLanguage":"en-US"}]}},"_links":{"self":[{"href":"https:\/\/namthanh.com.vn\/en\/wp-json\/wp\/v2\/product\/2485"}],"collection":[{"href":"https:\/\/namthanh.com.vn\/en\/wp-json\/wp\/v2\/product"}],"about":[{"href":"https:\/\/namthanh.com.vn\/en\/wp-json\/wp\/v2\/types\/product"}],"replies":[{"embeddable":true,"href":"https:\/\/namthanh.com.vn\/en\/wp-json\/wp\/v2\/comments?post=2485"}],"wp:featuredmedia":[{"embeddable":true,"href":"https:\/\/namthanh.com.vn\/en\/wp-json\/wp\/v2\/media\/2486"}],"wp:attachment":[{"href":"https:\/\/namthanh.com.vn\/en\/wp-json\/wp\/v2\/media?parent=2485"}],"wp:term":[{"taxonomy":"product_cat","embeddable":true,"href":"https:\/\/namthanh.com.vn\/en\/wp-json\/wp\/v2\/product_cat?post=2485"},{"taxonomy":"product_tag","embeddable":true,"href":"https:\/\/namthanh.com.vn\/en\/wp-json\/wp\/v2\/product_tag?post=2485"}],"curies":[{"name":"wp","href":"https:\/\/api.w.org\/{rel}","templated":true}]}}