{"id":2679,"date":"2022-06-23T16:26:56","date_gmt":"2022-06-23T09:26:56","guid":{"rendered":"https:\/\/microlab.vn\/?post_type=product&#038;p=2679"},"modified":"2022-12-23T13:46:45","modified_gmt":"2022-12-23T06:46:45","slug":"m600-silent","status":"publish","type":"product","link":"https:\/\/namthanh.com.vn\/en\/m600-silent\/","title":{"rendered":"M600 Silent"},"content":{"rendered":"<div class=\"nd title_box_scroll_content_2019\">\n<p id=\"tw-target-text\" class=\"tw-data-text tw-text-large tw-ta\" dir=\"ltr\" data-placeholder=\"B\u1ea3n d\u1ecbch\"><strong><span class=\"Y2IQFc\" lang=\"en\">Convenient wireless connection standard<\/span><\/strong><\/p>\n<p id=\"tw-target-text\" class=\"tw-data-text tw-text-large tw-ta\" dir=\"ltr\" data-placeholder=\"B\u1ea3n d\u1ecbch\"><span class=\"Y2IQFc\" lang=\"en\">Rapoo M600 Silent is a pure wireless mouse, so it is equipped with full connectivity from Wireless 2.4Ghz and Bluetooth 3.0\/4.0, ensuring the connection of many devices and providing an operating distance of up to 10m.<\/span><\/p>\n<p style=\"text-align: justify;\"><span style=\"font-size: 100%; color: #282828;\"><img loading=\"lazy\" class=\"loading\" src=\"https:\/\/hanoicomputercdn.com\/media\/lib\/12-05-2021\/ket-noi-cua-chuot-khong-day-rapoo-m600-silent-mau-den-usb-bluetooth.png\" alt=\"Chu\u1ed9t kh\u00f4ng d\u00e2y Rapoo M600 Silent m\u00e0u \u0111en (USB\/Bluetooth) s\u1eed d\u1ee5ng k\u1ebft n\u1ed1i kh\u00f4ng d\u00e2y ti\u00eau chu\u1ea9n\" width=\"1126\" height=\"456\" data-was-processed=\"true\" \/><\/span><\/p>\n<p id=\"tw-target-text\" class=\"tw-data-text tw-text-large tw-ta\" dir=\"ltr\" data-placeholder=\"B\u1ea3n d\u1ecbch\"><strong><span class=\"Y2IQFc\" lang=\"en\">Multi-device connection<\/span><\/strong><\/p>\n<p id=\"tw-target-text\" class=\"tw-data-text tw-text-large tw-ta\" dir=\"ltr\" data-placeholder=\"B\u1ea3n d\u1ecbch\"><span class=\"Y2IQFc\" lang=\"en\">Connect to all your devices with the M600 Silent. It automatically pairs work devices, connects to multiple devices, and easily switches between them at the touch of a button. Multi-tasking across devices has never been easier<\/span><\/p>\n<p style=\"text-align: justify;\"><span style=\"font-size: 100%; color: #282828;\"><img loading=\"lazy\" class=\"loading\" src=\"https:\/\/hanoicomputercdn.com\/media\/lib\/12-05-2021\/thiet-bi-ket-noi-cua-chuot-khong-day-rapoo-m600-silent-mau-den-usb-bluetooth.png\" alt=\"Chu\u1ed9t kh\u00f4ng d\u00e2y Rapoo M600 Silent m\u00e0u \u0111en (USB\/Bluetooth) c\u00f3 th\u1ec3 k\u1ebft n\u1ed1i v\u1edbi nhi\u1ec1u thi\u1ebft b\u1ecb\" width=\"1185\" height=\"529\" data-was-processed=\"true\" \/><\/span><\/p>\n<p id=\"tw-target-text\" class=\"tw-data-text tw-text-large tw-ta\" dir=\"ltr\" data-placeholder=\"B\u1ea3n d\u1ecbch\"><strong><span class=\"Y2IQFc\" lang=\"en\">Advanced sensor eye<\/span><\/strong><\/p>\n<p id=\"tw-target-text\" class=\"tw-data-text tw-text-large tw-ta\" dir=\"ltr\" data-placeholder=\"B\u1ea3n d\u1ecbch\"><span class=\"Y2IQFc\" lang=\"en\">With a resolution of 1300 DPI, Rapoo M600 Silent brings high sensitivity and precision to the job. In addition, Rapoo M600 Silent can also be used smoothly on many different surfaces<\/span><\/p>\n<p style=\"text-align: justify;\"><span style=\"font-size: 100%; color: #282828;\"><img loading=\"lazy\" class=\"loading\" src=\"https:\/\/hanoicomputercdn.com\/media\/lib\/12-05-2021\/mat-cam-bien-cua-chuot-khong-day-rapoo-m600-silent-mau-den-usb-bluetooth.png\" alt=\"Chu\u1ed9t kh\u00f4ng d\u00e2y Rapoo M600 Silent m\u00e0u \u0111en (USB\/Bluetooth) c\u00f3 th\u1ec3 s\u1eed d\u1ee5ng tr\u00ean nhi\u1ec1u b\u1ec1 m\u1eb7t\" width=\"1168\" height=\"639\" data-was-processed=\"true\" \/><\/span><\/p>\n<div id=\"tw-target-text-container\" class=\"tw-ta-container F0azHf tw-nfl\" tabindex=\"0\">\n<p id=\"tw-target-text\" class=\"tw-data-text tw-text-large tw-ta\" dir=\"ltr\" data-placeholder=\"B\u1ea3n d\u1ecbch\"><strong><span class=\"Y2IQFc\" lang=\"en\">Premium and durable design<\/span><\/strong><\/p>\n<\/div>\n<p id=\"tw-target-text\" class=\"tw-data-text tw-text-large tw-ta\" dir=\"ltr\" data-placeholder=\"B\u1ea3n d\u1ecbch\"><span class=\"Y2IQFc\" lang=\"en\">Aluminum alloy feels premium in hand. It also ensures durability while keeping the mouse comfortable and light, perfect for both home\/office use as well as while traveling.<\/span><\/p>\n<p style=\"text-align: justify;\"><span style=\"font-size: 100%; color: #282828;\"><img loading=\"lazy\" class=\"loading\" src=\"https:\/\/hanoicomputercdn.com\/media\/lib\/12-05-2021\/thiet-ke-cua-chuot-khong-day-rapoo-m600-silent-mau-den-usb-bluetooth.png\" alt=\"Chu\u1ed9t kh\u00f4ng d\u00e2y Rapoo M600 Silent m\u00e0u \u0111en (USB\/Bluetooth) c\u00f3 thi\u1ebft k\u1ebf b\u1ec1n b\u1ec9\" width=\"1090\" height=\"455\" data-was-processed=\"true\" \/><\/span><\/p>\n<p id=\"tw-target-text\" class=\"tw-data-text tw-text-large tw-ta\" dir=\"ltr\" data-placeholder=\"B\u1ea3n d\u1ecbch\"><strong><span class=\"Y2IQFc\" lang=\"en\">Sound minimalist<\/span><\/strong><\/p>\n<p id=\"tw-target-text\" class=\"tw-data-text tw-text-large tw-ta\" dir=\"ltr\" data-placeholder=\"B\u1ea3n d\u1ecbch\"><span class=\"Y2IQFc\" lang=\"en\">Using the Silent button, you can use it comfortably without disturbing others, perfect for working at night, using in public, crowded places<\/span><\/p>\n<p style=\"text-align: justify;\"><span style=\"font-size: 100%; color: #282828;\"><img loading=\"lazy\" class=\"loading\" src=\"https:\/\/hanoicomputercdn.com\/media\/lib\/12-05-2021\/nut-bam-cua-chuot-khong-day-rapoo-m600-silent-mau-den-usb-bluetooth.png\" alt=\"Chu\u1ed9t kh\u00f4ng d\u00e2y Rapoo M600 Silent m\u00e0u \u0111en (USB\/Bluetooth) trang b\u1ecb n\u00fat b\u1ea5m silent gi\u1ea3m thi\u1ec3u ti\u1ebfng \u1ed3n\" width=\"1069\" height=\"508\" data-was-processed=\"true\" \/><\/span><\/p>\n<p id=\"tw-target-text\" class=\"tw-data-text tw-text-large tw-ta\" dir=\"ltr\" data-placeholder=\"B\u1ea3n d\u1ecbch\"><strong><span class=\"Y2IQFc\" lang=\"en\">High battery life<\/span><\/strong><\/p>\n<p id=\"tw-target-text\" class=\"tw-data-text tw-text-large tw-ta\" dir=\"ltr\" data-placeholder=\"B\u1ea3n d\u1ecbch\"><span class=\"Y2IQFc\" lang=\"en\">With Rapoo&#8217;s energy-saving technology and a power switch, you can use the M600 Silent mouse without changing batteries for up to 12 months.<\/span><\/p>\n<p style=\"text-align: justify;\"><span style=\"font-size: 100%; color: #282828;\"><img loading=\"lazy\" class=\"loading\" src=\"https:\/\/hanoicomputercdn.com\/media\/lib\/12-05-2021\/pin-cua-chuot-khong-day-rapoo-m600-silent-mau-den-usb-bluetooth.png\" alt=\"Chu\u1ed9t kh\u00f4ng d\u00e2y Rapoo M600 Silent m\u00e0u \u0111en (USB\/Bluetooth) cho th\u1eddi l\u01b0\u1ee3ng pin cao\" width=\"1085\" height=\"506\" data-was-processed=\"true\" \/><\/span><\/p>\n<\/div>\n","protected":false},"excerpt":{"rendered":"<p>Convenient wireless connection standard Rapoo M600 Silent is a pure wireless mouse, so it is equipped with full connectivity from Wireless 2.4Ghz and Bluetooth 3.0\/4.0, ensuring the connection of many devices and providing an operating distance of up to 10m. Multi-device connection Connect to all your devices with the M600 Silent. It automatically pairs work&#8230;<\/p>\n","protected":false},"featured_media":2683,"comment_status":"closed","ping_status":"closed","template":"","meta":[],"product_cat":[89],"product_tag":[],"yoast_head":"<!-- This site is optimized with the Yoast SEO plugin v19.5.1 - https:\/\/yoast.com\/wordpress\/plugins\/seo\/ -->\n<title>M600 Silent - Nam Th\u00e0nh<\/title>\n<meta name=\"robots\" content=\"index, follow, max-snippet:-1, max-image-preview:large, max-video-preview:-1\" \/>\n<link rel=\"canonical\" href=\"https:\/\/namthanh.com.vn\/en\/m600-silent\/\" \/>\n<meta property=\"og:locale\" content=\"en_US\" \/>\n<meta property=\"og:type\" content=\"article\" \/>\n<meta property=\"og:title\" content=\"M600 Silent - Nam Th\u00e0nh\" \/>\n<meta property=\"og:description\" content=\"Convenient wireless connection standard Rapoo M600 Silent is a pure wireless mouse, so it is equipped with full connectivity from Wireless 2.4Ghz and Bluetooth 3.0\/4.0, ensuring the connection of many devices and providing an operating distance of up to 10m. Multi-device connection Connect to all your devices with the M600 Silent. It automatically pairs work...\" \/>\n<meta property=\"og:url\" content=\"https:\/\/namthanh.com.vn\/en\/m600-silent\/\" \/>\n<meta property=\"og:site_name\" content=\"Nam Th\u00e0nh\" \/>\n<meta property=\"article:modified_time\" content=\"2022-12-23T06:46:45+00:00\" \/>\n<meta property=\"og:image\" content=\"https:\/\/namthanh.com.vn\/en\/wp-content\/uploads\/2022\/06\/MG_7958-scaled.jpg\" \/>\n\t<meta property=\"og:image:width\" content=\"2560\" \/>\n\t<meta property=\"og:image:height\" content=\"1707\" \/>\n\t<meta property=\"og:image:type\" content=\"image\/jpeg\" \/>\n<meta name=\"twitter:card\" content=\"summary_large_image\" \/>\n<meta name=\"twitter:label1\" content=\"Est. reading time\" \/>\n\t<meta name=\"twitter:data1\" content=\"3 minutes\" \/>\n<script type=\"application\/ld+json\" class=\"yoast-schema-graph\">{\"@context\":\"https:\/\/schema.org\",\"@graph\":[{\"@type\":\"WebPage\",\"@id\":\"https:\/\/namthanh.com.vn\/en\/m600-silent\/\",\"url\":\"https:\/\/namthanh.com.vn\/en\/m600-silent\/\",\"name\":\"M600 Silent - Nam Th\u00e0nh\",\"isPartOf\":{\"@id\":\"https:\/\/namthanh.com.vn\/en\/#website\"},\"datePublished\":\"2022-06-23T09:26:56+00:00\",\"dateModified\":\"2022-12-23T06:46:45+00:00\",\"breadcrumb\":{\"@id\":\"https:\/\/namthanh.com.vn\/en\/m600-silent\/#breadcrumb\"},\"inLanguage\":\"en-US\",\"potentialAction\":[{\"@type\":\"ReadAction\",\"target\":[\"https:\/\/namthanh.com.vn\/en\/m600-silent\/\"]}]},{\"@type\":\"BreadcrumbList\",\"@id\":\"https:\/\/namthanh.com.vn\/en\/m600-silent\/#breadcrumb\",\"itemListElement\":[{\"@type\":\"ListItem\",\"position\":1,\"name\":\"Home\",\"item\":\"https:\/\/namthanh.com.vn\/en\/\"},{\"@type\":\"ListItem\",\"position\":2,\"name\":\"Shop\",\"item\":\"https:\/\/namthanh.com.vn\/en\/shop\/\"},{\"@type\":\"ListItem\",\"position\":3,\"name\":\"Product\",\"item\":\"https:\/\/namthanh.com.vn\/en\/product\/\"},{\"@type\":\"ListItem\",\"position\":4,\"name\":\"RAPOO\",\"item\":\"https:\/\/namthanh.com.vn\/en\/rapoo\/\"},{\"@type\":\"ListItem\",\"position\":5,\"name\":\"Wireless mouse\",\"item\":\"https:\/\/namthanh.com.vn\/en\/chuot\/\"},{\"@type\":\"ListItem\",\"position\":6,\"name\":\"M600 Silent\"}]},{\"@type\":\"WebSite\",\"@id\":\"https:\/\/namthanh.com.vn\/en\/#website\",\"url\":\"https:\/\/namthanh.com.vn\/en\/\",\"name\":\"Nam Th\u00e0nh\",\"description\":\"HTH\",\"potentialAction\":[{\"@type\":\"SearchAction\",\"target\":{\"@type\":\"EntryPoint\",\"urlTemplate\":\"https:\/\/namthanh.com.vn\/en\/?s={search_term_string}\"},\"query-input\":\"required name=search_term_string\"}],\"inLanguage\":\"en-US\"}]}<\/script>\n<!-- \/ Yoast SEO plugin. -->","yoast_head_json":{"title":"M600 Silent - Nam Th\u00e0nh","robots":{"index":"index","follow":"follow","max-snippet":"max-snippet:-1","max-image-preview":"max-image-preview:large","max-video-preview":"max-video-preview:-1"},"canonical":"https:\/\/namthanh.com.vn\/en\/m600-silent\/","og_locale":"en_US","og_type":"article","og_title":"M600 Silent - Nam Th\u00e0nh","og_description":"Convenient wireless connection standard Rapoo M600 Silent is a pure wireless mouse, so it is equipped with full connectivity from Wireless 2.4Ghz and Bluetooth 3.0\/4.0, ensuring the connection of many devices and providing an operating distance of up to 10m. Multi-device connection Connect to all your devices with the M600 Silent. It automatically pairs work...","og_url":"https:\/\/namthanh.com.vn\/en\/m600-silent\/","og_site_name":"Nam Th\u00e0nh","article_modified_time":"2022-12-23T06:46:45+00:00","og_image":[{"width":2560,"height":1707,"url":"https:\/\/namthanh.com.vn\/en\/wp-content\/uploads\/2022\/06\/MG_7958-scaled.jpg","type":"image\/jpeg"}],"twitter_card":"summary_large_image","twitter_misc":{"Est. reading time":"3 minutes"},"schema":{"@context":"https:\/\/schema.org","@graph":[{"@type":"WebPage","@id":"https:\/\/namthanh.com.vn\/en\/m600-silent\/","url":"https:\/\/namthanh.com.vn\/en\/m600-silent\/","name":"M600 Silent - Nam Th\u00e0nh","isPartOf":{"@id":"https:\/\/namthanh.com.vn\/en\/#website"},"datePublished":"2022-06-23T09:26:56+00:00","dateModified":"2022-12-23T06:46:45+00:00","breadcrumb":{"@id":"https:\/\/namthanh.com.vn\/en\/m600-silent\/#breadcrumb"},"inLanguage":"en-US","potentialAction":[{"@type":"ReadAction","target":["https:\/\/namthanh.com.vn\/en\/m600-silent\/"]}]},{"@type":"BreadcrumbList","@id":"https:\/\/namthanh.com.vn\/en\/m600-silent\/#breadcrumb","itemListElement":[{"@type":"ListItem","position":1,"name":"Home","item":"https:\/\/namthanh.com.vn\/en\/"},{"@type":"ListItem","position":2,"name":"Shop","item":"https:\/\/namthanh.com.vn\/en\/shop\/"},{"@type":"ListItem","position":3,"name":"Product","item":"https:\/\/namthanh.com.vn\/en\/product\/"},{"@type":"ListItem","position":4,"name":"RAPOO","item":"https:\/\/namthanh.com.vn\/en\/rapoo\/"},{"@type":"ListItem","position":5,"name":"Wireless mouse","item":"https:\/\/namthanh.com.vn\/en\/chuot\/"},{"@type":"ListItem","position":6,"name":"M600 Silent"}]},{"@type":"WebSite","@id":"https:\/\/namthanh.com.vn\/en\/#website","url":"https:\/\/namthanh.com.vn\/en\/","name":"Nam Th\u00e0nh","description":"HTH","potentialAction":[{"@type":"SearchAction","target":{"@type":"EntryPoint","urlTemplate":"https:\/\/namthanh.com.vn\/en\/?s={search_term_string}"},"query-input":"required name=search_term_string"}],"inLanguage":"en-US"}]}},"_links":{"self":[{"href":"https:\/\/namthanh.com.vn\/en\/wp-json\/wp\/v2\/product\/2679"}],"collection":[{"href":"https:\/\/namthanh.com.vn\/en\/wp-json\/wp\/v2\/product"}],"about":[{"href":"https:\/\/namthanh.com.vn\/en\/wp-json\/wp\/v2\/types\/product"}],"replies":[{"embeddable":true,"href":"https:\/\/namthanh.com.vn\/en\/wp-json\/wp\/v2\/comments?post=2679"}],"wp:featuredmedia":[{"embeddable":true,"href":"https:\/\/namthanh.com.vn\/en\/wp-json\/wp\/v2\/media\/2683"}],"wp:attachment":[{"href":"https:\/\/namthanh.com.vn\/en\/wp-json\/wp\/v2\/media?parent=2679"}],"wp:term":[{"taxonomy":"product_cat","embeddable":true,"href":"https:\/\/namthanh.com.vn\/en\/wp-json\/wp\/v2\/product_cat?post=2679"},{"taxonomy":"product_tag","embeddable":true,"href":"https:\/\/namthanh.com.vn\/en\/wp-json\/wp\/v2\/product_tag?post=2679"}],"curies":[{"name":"wp","href":"https:\/\/api.w.org\/{rel}","templated":true}]}}