{"id":2685,"date":"2022-06-23T16:34:15","date_gmt":"2022-06-23T09:34:15","guid":{"rendered":"https:\/\/microlab.vn\/?post_type=product&#038;p=2685"},"modified":"2022-12-23T10:15:43","modified_gmt":"2022-12-23T03:15:43","slug":"x1800s","status":"publish","type":"product","link":"https:\/\/namthanh.com.vn\/en\/x1800s\/","title":{"rendered":"X1800S"},"content":{"rendered":"<div class=\"nd title_box_scroll_content_2019\">\n<p id=\"tw-target-text\" class=\"tw-data-text tw-text-large tw-ta\" dir=\"ltr\" data-placeholder=\"B\u1ea3n d\u1ecbch\"><strong><span class=\"Y2IQFc\" lang=\"en\">Rapoo X1800S Wireless Keyboard and Mouse Set Black:<\/span><\/strong><\/p>\n<p><img loading=\"lazy\" class=\"loading\" src=\"https:\/\/hanoicomputercdn.com\/media\/lib\/16-11-2021\/bo-ban-phim-chuot-khong-day-rapoo-x1800s-den-usb-1.png\" alt=\"B\u1ed9 B\u00e0n ph\u00edm Chu\u1ed9t Kh\u00f4ng d\u00e2y Rapoo X1800S \u0111en (USB) 1\" width=\"941\" height=\"422\" data-was-processed=\"true\" \/><\/p>\n<p id=\"tw-target-text\" class=\"tw-data-text tw-text-large tw-ta\" dir=\"ltr\" data-placeholder=\"B\u1ea3n d\u1ecbch\"><strong><span class=\"Y2IQFc\" lang=\"en\">Convenient Media Features<\/span><\/strong><\/p>\n<p id=\"tw-target-text\" class=\"tw-data-text tw-text-large tw-ta\" dir=\"ltr\" data-placeholder=\"B\u1ea3n d\u1ecbch\"><span class=\"Y2IQFc\" lang=\"en\">Rapoo X1800S&#8217;s keyboard is fully integrated with convenient Media keys and is operated by the FN . key<\/span><\/p>\n<p><img loading=\"lazy\" class=\"loading\" src=\"https:\/\/hanoicomputercdn.com\/media\/lib\/16-11-2021\/bo-ban-phim-chuot-khong-day-rapoo-x1800s-den-usb-2.png\" alt=\"B\u1ed9 B\u00e0n ph\u00edm Chu\u1ed9t Kh\u00f4ng d\u00e2y Rapoo X1800S \u0111en (USB) 2\" width=\"919\" height=\"400\" data-was-processed=\"true\" \/><\/p>\n<p id=\"tw-target-text\" class=\"tw-data-text tw-text-large tw-ta\" dir=\"ltr\" data-placeholder=\"B\u1ea3n d\u1ecbch\"><strong><span class=\"Y2IQFc\" lang=\"en\">Good performance mouse<\/span><\/strong><\/p>\n<p id=\"tw-target-text\" class=\"tw-data-text tw-text-large tw-ta\" dir=\"ltr\" data-placeholder=\"B\u1ea3n d\u1ecbch\"><span class=\"Y2IQFc\" lang=\"en\">With a resolution of 1000 DPI, the mouse of the Rapoo X1800S combo can easily respond to quick operations.<\/span><\/p>\n<p><img loading=\"lazy\" class=\"loading\" src=\"https:\/\/hanoicomputercdn.com\/media\/lib\/16-11-2021\/bo-ban-phim-chuot-khong-day-rapoo-x1800s-den-usb-4.png\" alt=\"B\u1ed9 B\u00e0n ph\u00edm Chu\u1ed9t Kh\u00f4ng d\u00e2y Rapoo X1800S \u0111en (USB) 3\" width=\"905\" height=\"459\" data-was-processed=\"true\" \/><\/p>\n<p id=\"tw-target-text\" class=\"tw-data-text tw-text-large tw-ta\" dir=\"ltr\" data-placeholder=\"B\u1ea3n d\u1ecbch\"><strong><span class=\"Y2IQFc\" lang=\"en\">Good battery life<\/span><\/strong><\/p>\n<p id=\"tw-target-text\" class=\"tw-data-text tw-text-large tw-ta\" dir=\"ltr\" data-placeholder=\"B\u1ea3n d\u1ecbch\"><span class=\"Y2IQFc\" lang=\"en\">Rapoo X1800S wireless keyboard and mouse set for quite a long time of use, up to 12 months<\/span><\/p>\n<p><img loading=\"lazy\" class=\"loading\" src=\"https:\/\/hanoicomputercdn.com\/media\/lib\/16-11-2021\/bo-ban-phim-chuot-khong-day-rapoo-x1800s-den-usb-3.png\" alt=\"B\u1ed9 B\u00e0n ph\u00edm Chu\u1ed9t Kh\u00f4ng d\u00e2y Rapoo X1800S \u0111en (USB) 4\" width=\"910\" height=\"464\" data-was-processed=\"true\" \/><\/p>\n<\/div>\n","protected":false},"excerpt":{"rendered":"<p>Rapoo X1800S Wireless Keyboard and Mouse Set Black: Convenient Media Features Rapoo X1800S&#8217;s keyboard is fully integrated with convenient Media keys and is operated by the FN . key Good performance mouse With a resolution of 1000 DPI, the mouse of the Rapoo X1800S combo can easily respond to quick operations. Good battery life Rapoo&#8230;<\/p>\n","protected":false},"featured_media":2689,"comment_status":"closed","ping_status":"closed","template":"","meta":[],"product_cat":[150],"product_tag":[],"yoast_head":"<!-- This site is optimized with the Yoast SEO plugin v19.5.1 - https:\/\/yoast.com\/wordpress\/plugins\/seo\/ -->\n<title>X1800S - Nam Th\u00e0nh<\/title>\n<meta name=\"robots\" content=\"index, follow, max-snippet:-1, max-image-preview:large, max-video-preview:-1\" \/>\n<link rel=\"canonical\" href=\"https:\/\/namthanh.com.vn\/en\/x1800s\/\" \/>\n<meta property=\"og:locale\" content=\"en_US\" \/>\n<meta property=\"og:type\" content=\"article\" \/>\n<meta property=\"og:title\" content=\"X1800S - Nam Th\u00e0nh\" \/>\n<meta property=\"og:description\" content=\"Rapoo X1800S Wireless Keyboard and Mouse Set Black: Convenient Media Features Rapoo X1800S&#8217;s keyboard is fully integrated with convenient Media keys and is operated by the FN . key Good performance mouse With a resolution of 1000 DPI, the mouse of the Rapoo X1800S combo can easily respond to quick operations. Good battery life Rapoo...\" \/>\n<meta property=\"og:url\" content=\"https:\/\/namthanh.com.vn\/en\/x1800s\/\" \/>\n<meta property=\"og:site_name\" content=\"Nam Th\u00e0nh\" \/>\n<meta property=\"article:modified_time\" content=\"2022-12-23T03:15:43+00:00\" \/>\n<meta property=\"og:image\" content=\"https:\/\/namthanh.com.vn\/en\/wp-content\/uploads\/2022\/06\/X18004.jpg\" \/>\n\t<meta property=\"og:image:width\" content=\"850\" \/>\n\t<meta property=\"og:image:height\" content=\"850\" \/>\n\t<meta property=\"og:image:type\" content=\"image\/jpeg\" \/>\n<meta name=\"twitter:card\" content=\"summary_large_image\" \/>\n<meta name=\"twitter:label1\" content=\"Est. reading time\" \/>\n\t<meta name=\"twitter:data1\" content=\"2 minutes\" \/>\n<script type=\"application\/ld+json\" class=\"yoast-schema-graph\">{\"@context\":\"https:\/\/schema.org\",\"@graph\":[{\"@type\":\"WebPage\",\"@id\":\"https:\/\/namthanh.com.vn\/en\/x1800s\/\",\"url\":\"https:\/\/namthanh.com.vn\/en\/x1800s\/\",\"name\":\"X1800S - Nam Th\u00e0nh\",\"isPartOf\":{\"@id\":\"https:\/\/namthanh.com.vn\/en\/#website\"},\"datePublished\":\"2022-06-23T09:34:15+00:00\",\"dateModified\":\"2022-12-23T03:15:43+00:00\",\"breadcrumb\":{\"@id\":\"https:\/\/namthanh.com.vn\/en\/x1800s\/#breadcrumb\"},\"inLanguage\":\"en-US\",\"potentialAction\":[{\"@type\":\"ReadAction\",\"target\":[\"https:\/\/namthanh.com.vn\/en\/x1800s\/\"]}]},{\"@type\":\"BreadcrumbList\",\"@id\":\"https:\/\/namthanh.com.vn\/en\/x1800s\/#breadcrumb\",\"itemListElement\":[{\"@type\":\"ListItem\",\"position\":1,\"name\":\"Home\",\"item\":\"https:\/\/namthanh.com.vn\/en\/\"},{\"@type\":\"ListItem\",\"position\":2,\"name\":\"Shop\",\"item\":\"https:\/\/namthanh.com.vn\/en\/shop\/\"},{\"@type\":\"ListItem\",\"position\":3,\"name\":\"Product\",\"item\":\"https:\/\/namthanh.com.vn\/en\/product\/\"},{\"@type\":\"ListItem\",\"position\":4,\"name\":\"RAPOO\",\"item\":\"https:\/\/namthanh.com.vn\/en\/rapoo\/\"},{\"@type\":\"ListItem\",\"position\":5,\"name\":\"Wireless keyboard and mouse\",\"item\":\"https:\/\/namthanh.com.vn\/en\/bo-ban-phim-chuot-khong-day\/\"},{\"@type\":\"ListItem\",\"position\":6,\"name\":\"X1800S\"}]},{\"@type\":\"WebSite\",\"@id\":\"https:\/\/namthanh.com.vn\/en\/#website\",\"url\":\"https:\/\/namthanh.com.vn\/en\/\",\"name\":\"Nam Th\u00e0nh\",\"description\":\"HTH\",\"potentialAction\":[{\"@type\":\"SearchAction\",\"target\":{\"@type\":\"EntryPoint\",\"urlTemplate\":\"https:\/\/namthanh.com.vn\/en\/?s={search_term_string}\"},\"query-input\":\"required name=search_term_string\"}],\"inLanguage\":\"en-US\"}]}<\/script>\n<!-- \/ Yoast SEO plugin. -->","yoast_head_json":{"title":"X1800S - Nam Th\u00e0nh","robots":{"index":"index","follow":"follow","max-snippet":"max-snippet:-1","max-image-preview":"max-image-preview:large","max-video-preview":"max-video-preview:-1"},"canonical":"https:\/\/namthanh.com.vn\/en\/x1800s\/","og_locale":"en_US","og_type":"article","og_title":"X1800S - Nam Th\u00e0nh","og_description":"Rapoo X1800S Wireless Keyboard and Mouse Set Black: Convenient Media Features Rapoo X1800S&#8217;s keyboard is fully integrated with convenient Media keys and is operated by the FN . key Good performance mouse With a resolution of 1000 DPI, the mouse of the Rapoo X1800S combo can easily respond to quick operations. Good battery life Rapoo...","og_url":"https:\/\/namthanh.com.vn\/en\/x1800s\/","og_site_name":"Nam Th\u00e0nh","article_modified_time":"2022-12-23T03:15:43+00:00","og_image":[{"width":850,"height":850,"url":"https:\/\/namthanh.com.vn\/en\/wp-content\/uploads\/2022\/06\/X18004.jpg","type":"image\/jpeg"}],"twitter_card":"summary_large_image","twitter_misc":{"Est. reading time":"2 minutes"},"schema":{"@context":"https:\/\/schema.org","@graph":[{"@type":"WebPage","@id":"https:\/\/namthanh.com.vn\/en\/x1800s\/","url":"https:\/\/namthanh.com.vn\/en\/x1800s\/","name":"X1800S - Nam Th\u00e0nh","isPartOf":{"@id":"https:\/\/namthanh.com.vn\/en\/#website"},"datePublished":"2022-06-23T09:34:15+00:00","dateModified":"2022-12-23T03:15:43+00:00","breadcrumb":{"@id":"https:\/\/namthanh.com.vn\/en\/x1800s\/#breadcrumb"},"inLanguage":"en-US","potentialAction":[{"@type":"ReadAction","target":["https:\/\/namthanh.com.vn\/en\/x1800s\/"]}]},{"@type":"BreadcrumbList","@id":"https:\/\/namthanh.com.vn\/en\/x1800s\/#breadcrumb","itemListElement":[{"@type":"ListItem","position":1,"name":"Home","item":"https:\/\/namthanh.com.vn\/en\/"},{"@type":"ListItem","position":2,"name":"Shop","item":"https:\/\/namthanh.com.vn\/en\/shop\/"},{"@type":"ListItem","position":3,"name":"Product","item":"https:\/\/namthanh.com.vn\/en\/product\/"},{"@type":"ListItem","position":4,"name":"RAPOO","item":"https:\/\/namthanh.com.vn\/en\/rapoo\/"},{"@type":"ListItem","position":5,"name":"Wireless keyboard and mouse","item":"https:\/\/namthanh.com.vn\/en\/bo-ban-phim-chuot-khong-day\/"},{"@type":"ListItem","position":6,"name":"X1800S"}]},{"@type":"WebSite","@id":"https:\/\/namthanh.com.vn\/en\/#website","url":"https:\/\/namthanh.com.vn\/en\/","name":"Nam Th\u00e0nh","description":"HTH","potentialAction":[{"@type":"SearchAction","target":{"@type":"EntryPoint","urlTemplate":"https:\/\/namthanh.com.vn\/en\/?s={search_term_string}"},"query-input":"required name=search_term_string"}],"inLanguage":"en-US"}]}},"_links":{"self":[{"href":"https:\/\/namthanh.com.vn\/en\/wp-json\/wp\/v2\/product\/2685"}],"collection":[{"href":"https:\/\/namthanh.com.vn\/en\/wp-json\/wp\/v2\/product"}],"about":[{"href":"https:\/\/namthanh.com.vn\/en\/wp-json\/wp\/v2\/types\/product"}],"replies":[{"embeddable":true,"href":"https:\/\/namthanh.com.vn\/en\/wp-json\/wp\/v2\/comments?post=2685"}],"wp:featuredmedia":[{"embeddable":true,"href":"https:\/\/namthanh.com.vn\/en\/wp-json\/wp\/v2\/media\/2689"}],"wp:attachment":[{"href":"https:\/\/namthanh.com.vn\/en\/wp-json\/wp\/v2\/media?parent=2685"}],"wp:term":[{"taxonomy":"product_cat","embeddable":true,"href":"https:\/\/namthanh.com.vn\/en\/wp-json\/wp\/v2\/product_cat?post=2685"},{"taxonomy":"product_tag","embeddable":true,"href":"https:\/\/namthanh.com.vn\/en\/wp-json\/wp\/v2\/product_tag?post=2685"}],"curies":[{"name":"wp","href":"https:\/\/api.w.org\/{rel}","templated":true}]}}