{"id":2705,"date":"2022-06-23T16:57:12","date_gmt":"2022-06-23T09:57:12","guid":{"rendered":"https:\/\/microlab.vn\/?post_type=product&#038;p=2705"},"modified":"2022-12-23T10:31:20","modified_gmt":"2022-12-23T03:31:20","slug":"e1050","status":"publish","type":"product","link":"https:\/\/namthanh.com.vn\/en\/e1050\/","title":{"rendered":"E1050"},"content":{"rendered":"<div class=\"nd title_box_scroll_content_2019\">\n<p><span style=\"color: #282828; font-size: 100%;\"><img loading=\"lazy\" class=\"loading\" src=\"https:\/\/hanoicomputercdn.com\/media\/lib\/16-11-2021\/ban-phim-khong-day-rapoo-e1050-den-usb-1.png\" alt=\"B\u00e0n ph\u00edm Kh\u00f4ng d\u00e2y Rapoo E1050 \u0111en (USB) 1\" width=\"936\" height=\"891\" data-was-processed=\"true\" \/><\/span><\/p>\n<p id=\"tw-target-text\" class=\"tw-data-text tw-text-large tw-ta\" dir=\"ltr\" data-placeholder=\"B\u1ea3n d\u1ecbch\"><strong><span class=\"Y2IQFc\" lang=\"en\">Wireless Connectivity<\/span><\/strong><\/p>\n<p id=\"tw-target-text\" class=\"tw-data-text tw-text-large tw-ta\" dir=\"ltr\" data-placeholder=\"B\u1ea3n d\u1ecbch\"><span class=\"Y2IQFc\" lang=\"en\">Rapoo E1050 uses an extremely convenient 2.4Ghz Wireless connection, suitable for users who need to move a lot.<\/span><\/p>\n<p><span style=\"color: #282828; font-size: 100%;\"><img loading=\"lazy\" class=\"loading\" src=\"https:\/\/hanoicomputercdn.com\/media\/lib\/16-11-2021\/ban-phim-khong-day-rapoo-e1050-den-usb-2.png\" alt=\"B\u00e0n ph\u00edm Kh\u00f4ng d\u00e2y Rapoo E1050 \u0111en (USB) 2\" width=\"940\" height=\"888\" data-was-processed=\"true\" \/><\/span><\/p>\n<p id=\"tw-target-text\" class=\"tw-data-text tw-text-large tw-ta\" dir=\"ltr\" data-placeholder=\"B\u1ea3n d\u1ecbch\"><strong><span class=\"Y2IQFc\" lang=\"en\">High battery life<\/span><\/strong><\/p>\n<p id=\"tw-target-text\" class=\"tw-data-text tw-text-large tw-ta\" dir=\"ltr\" data-placeholder=\"B\u1ea3n d\u1ecbch\"><span class=\"Y2IQFc\" lang=\"en\">With wireless connectivity, Rapoo E1050 lasts up to 12 months on a single AAA battery<\/span><\/p>\n<p><span style=\"color: #282828; font-size: 100%;\"><img loading=\"lazy\" class=\"loading\" src=\"https:\/\/hanoicomputercdn.com\/media\/lib\/16-11-2021\/ban-phim-khong-day-rapoo-e1050-den-usb-3.png\" alt=\"B\u00e0n ph\u00edm Kh\u00f4ng d\u00e2y Rapoo E1050 \u0111en (USB) 3\" width=\"942\" height=\"882\" data-was-processed=\"true\" \/><\/span><\/p>\n<p id=\"tw-target-text\" class=\"tw-data-text tw-text-large tw-ta\" dir=\"ltr\" data-placeholder=\"B\u1ea3n d\u1ecbch\"><strong><span class=\"Y2IQFc\" lang=\"en\">Waterproof design<\/span><\/strong><\/p>\n<p id=\"tw-target-text\" class=\"tw-data-text tw-text-large tw-ta\" dir=\"ltr\" data-placeholder=\"B\u1ea3n d\u1ecbch\"><span class=\"Y2IQFc\" lang=\"en\">Rapoo E1050 is also designed with good water and dust resistance, so the keyboard is extremely durable<\/span><\/p>\n<p><span style=\"color: #282828; font-size: 100%;\"><img loading=\"lazy\" class=\"loading\" src=\"https:\/\/hanoicomputercdn.com\/media\/lib\/16-11-2021\/ban-phim-khong-day-rapoo-e1050-den-usb-5.png\" alt=\"B\u00e0n ph\u00edm Kh\u00f4ng d\u00e2y Rapoo E1050 \u0111en (USB) 4\" width=\"941\" height=\"854\" data-was-processed=\"true\" \/><\/span><\/p>\n<p style=\"text-align: justify;\">Handy keyboard shortcuts<\/p>\n<p id=\"tw-target-text\" class=\"tw-data-text tw-text-large tw-ta\" dir=\"ltr\" data-placeholder=\"B\u1ea3n d\u1ecbch\"><span class=\"Y2IQFc\" lang=\"en\">Rapoo E1050 is also designed with convenient Multimedia keys, so you can access the necessary functions or switch music on and off easily.<\/span><\/p>\n<p><span style=\"color: #282828; font-size: 100%;\"><img loading=\"lazy\" class=\"loading\" src=\"https:\/\/hanoicomputercdn.com\/media\/lib\/16-11-2021\/ban-phim-khong-day-rapoo-e1050-den-usb-4.png\" alt=\"B\u00e0n ph\u00edm Kh\u00f4ng d\u00e2y Rapoo E1050 \u0111en (USB) 5\" width=\"930\" height=\"900\" data-was-processed=\"true\" \/><\/span><\/p>\n<\/div>\n","protected":false},"excerpt":{"rendered":"<p>Wireless Connectivity Rapoo E1050 uses an extremely convenient 2.4Ghz Wireless connection, suitable for users who need to move a lot. High battery life With wireless connectivity, Rapoo E1050 lasts up to 12 months on a single AAA battery Waterproof design Rapoo E1050 is also designed with good water and dust resistance, so the keyboard is&#8230;<\/p>\n","protected":false},"featured_media":2706,"comment_status":"closed","ping_status":"closed","template":"","meta":[],"product_cat":[90],"product_tag":[],"yoast_head":"<!-- This site is optimized with the Yoast SEO plugin v19.5.1 - https:\/\/yoast.com\/wordpress\/plugins\/seo\/ -->\n<title>E1050 - Nam Th\u00e0nh<\/title>\n<meta name=\"robots\" content=\"index, follow, max-snippet:-1, max-image-preview:large, max-video-preview:-1\" \/>\n<link rel=\"canonical\" href=\"https:\/\/namthanh.com.vn\/en\/e1050\/\" \/>\n<meta property=\"og:locale\" content=\"en_US\" \/>\n<meta property=\"og:type\" content=\"article\" \/>\n<meta property=\"og:title\" content=\"E1050 - Nam Th\u00e0nh\" \/>\n<meta property=\"og:description\" content=\"Wireless Connectivity Rapoo E1050 uses an extremely convenient 2.4Ghz Wireless connection, suitable for users who need to move a lot. High battery life With wireless connectivity, Rapoo E1050 lasts up to 12 months on a single AAA battery Waterproof design Rapoo E1050 is also designed with good water and dust resistance, so the keyboard is...\" \/>\n<meta property=\"og:url\" content=\"https:\/\/namthanh.com.vn\/en\/e1050\/\" \/>\n<meta property=\"og:site_name\" content=\"Nam Th\u00e0nh\" \/>\n<meta property=\"article:modified_time\" content=\"2022-12-23T03:31:20+00:00\" \/>\n<meta property=\"og:image\" content=\"https:\/\/namthanh.com.vn\/en\/wp-content\/uploads\/2022\/06\/E1050.jpg\" \/>\n\t<meta property=\"og:image:width\" content=\"850\" \/>\n\t<meta property=\"og:image:height\" content=\"850\" \/>\n\t<meta property=\"og:image:type\" content=\"image\/jpeg\" \/>\n<meta name=\"twitter:card\" content=\"summary_large_image\" \/>\n<meta name=\"twitter:label1\" content=\"Est. reading time\" \/>\n\t<meta name=\"twitter:data1\" content=\"2 minutes\" \/>\n<script type=\"application\/ld+json\" class=\"yoast-schema-graph\">{\"@context\":\"https:\/\/schema.org\",\"@graph\":[{\"@type\":\"WebPage\",\"@id\":\"https:\/\/namthanh.com.vn\/en\/e1050\/\",\"url\":\"https:\/\/namthanh.com.vn\/en\/e1050\/\",\"name\":\"E1050 - Nam Th\u00e0nh\",\"isPartOf\":{\"@id\":\"https:\/\/namthanh.com.vn\/en\/#website\"},\"datePublished\":\"2022-06-23T09:57:12+00:00\",\"dateModified\":\"2022-12-23T03:31:20+00:00\",\"breadcrumb\":{\"@id\":\"https:\/\/namthanh.com.vn\/en\/e1050\/#breadcrumb\"},\"inLanguage\":\"en-US\",\"potentialAction\":[{\"@type\":\"ReadAction\",\"target\":[\"https:\/\/namthanh.com.vn\/en\/e1050\/\"]}]},{\"@type\":\"BreadcrumbList\",\"@id\":\"https:\/\/namthanh.com.vn\/en\/e1050\/#breadcrumb\",\"itemListElement\":[{\"@type\":\"ListItem\",\"position\":1,\"name\":\"Home\",\"item\":\"https:\/\/namthanh.com.vn\/en\/\"},{\"@type\":\"ListItem\",\"position\":2,\"name\":\"Shop\",\"item\":\"https:\/\/namthanh.com.vn\/en\/shop\/\"},{\"@type\":\"ListItem\",\"position\":3,\"name\":\"Product\",\"item\":\"https:\/\/namthanh.com.vn\/en\/product\/\"},{\"@type\":\"ListItem\",\"position\":4,\"name\":\"RAPOO\",\"item\":\"https:\/\/namthanh.com.vn\/en\/rapoo\/\"},{\"@type\":\"ListItem\",\"position\":5,\"name\":\"Wireless keyboard\",\"item\":\"https:\/\/namthanh.com.vn\/en\/ban-phim\/\"},{\"@type\":\"ListItem\",\"position\":6,\"name\":\"E1050\"}]},{\"@type\":\"WebSite\",\"@id\":\"https:\/\/namthanh.com.vn\/en\/#website\",\"url\":\"https:\/\/namthanh.com.vn\/en\/\",\"name\":\"Nam Th\u00e0nh\",\"description\":\"HTH\",\"potentialAction\":[{\"@type\":\"SearchAction\",\"target\":{\"@type\":\"EntryPoint\",\"urlTemplate\":\"https:\/\/namthanh.com.vn\/en\/?s={search_term_string}\"},\"query-input\":\"required name=search_term_string\"}],\"inLanguage\":\"en-US\"}]}<\/script>\n<!-- \/ Yoast SEO plugin. -->","yoast_head_json":{"title":"E1050 - Nam Th\u00e0nh","robots":{"index":"index","follow":"follow","max-snippet":"max-snippet:-1","max-image-preview":"max-image-preview:large","max-video-preview":"max-video-preview:-1"},"canonical":"https:\/\/namthanh.com.vn\/en\/e1050\/","og_locale":"en_US","og_type":"article","og_title":"E1050 - Nam Th\u00e0nh","og_description":"Wireless Connectivity Rapoo E1050 uses an extremely convenient 2.4Ghz Wireless connection, suitable for users who need to move a lot. High battery life With wireless connectivity, Rapoo E1050 lasts up to 12 months on a single AAA battery Waterproof design Rapoo E1050 is also designed with good water and dust resistance, so the keyboard is...","og_url":"https:\/\/namthanh.com.vn\/en\/e1050\/","og_site_name":"Nam Th\u00e0nh","article_modified_time":"2022-12-23T03:31:20+00:00","og_image":[{"width":850,"height":850,"url":"https:\/\/namthanh.com.vn\/en\/wp-content\/uploads\/2022\/06\/E1050.jpg","type":"image\/jpeg"}],"twitter_card":"summary_large_image","twitter_misc":{"Est. reading time":"2 minutes"},"schema":{"@context":"https:\/\/schema.org","@graph":[{"@type":"WebPage","@id":"https:\/\/namthanh.com.vn\/en\/e1050\/","url":"https:\/\/namthanh.com.vn\/en\/e1050\/","name":"E1050 - Nam Th\u00e0nh","isPartOf":{"@id":"https:\/\/namthanh.com.vn\/en\/#website"},"datePublished":"2022-06-23T09:57:12+00:00","dateModified":"2022-12-23T03:31:20+00:00","breadcrumb":{"@id":"https:\/\/namthanh.com.vn\/en\/e1050\/#breadcrumb"},"inLanguage":"en-US","potentialAction":[{"@type":"ReadAction","target":["https:\/\/namthanh.com.vn\/en\/e1050\/"]}]},{"@type":"BreadcrumbList","@id":"https:\/\/namthanh.com.vn\/en\/e1050\/#breadcrumb","itemListElement":[{"@type":"ListItem","position":1,"name":"Home","item":"https:\/\/namthanh.com.vn\/en\/"},{"@type":"ListItem","position":2,"name":"Shop","item":"https:\/\/namthanh.com.vn\/en\/shop\/"},{"@type":"ListItem","position":3,"name":"Product","item":"https:\/\/namthanh.com.vn\/en\/product\/"},{"@type":"ListItem","position":4,"name":"RAPOO","item":"https:\/\/namthanh.com.vn\/en\/rapoo\/"},{"@type":"ListItem","position":5,"name":"Wireless keyboard","item":"https:\/\/namthanh.com.vn\/en\/ban-phim\/"},{"@type":"ListItem","position":6,"name":"E1050"}]},{"@type":"WebSite","@id":"https:\/\/namthanh.com.vn\/en\/#website","url":"https:\/\/namthanh.com.vn\/en\/","name":"Nam Th\u00e0nh","description":"HTH","potentialAction":[{"@type":"SearchAction","target":{"@type":"EntryPoint","urlTemplate":"https:\/\/namthanh.com.vn\/en\/?s={search_term_string}"},"query-input":"required name=search_term_string"}],"inLanguage":"en-US"}]}},"_links":{"self":[{"href":"https:\/\/namthanh.com.vn\/en\/wp-json\/wp\/v2\/product\/2705"}],"collection":[{"href":"https:\/\/namthanh.com.vn\/en\/wp-json\/wp\/v2\/product"}],"about":[{"href":"https:\/\/namthanh.com.vn\/en\/wp-json\/wp\/v2\/types\/product"}],"replies":[{"embeddable":true,"href":"https:\/\/namthanh.com.vn\/en\/wp-json\/wp\/v2\/comments?post=2705"}],"wp:featuredmedia":[{"embeddable":true,"href":"https:\/\/namthanh.com.vn\/en\/wp-json\/wp\/v2\/media\/2706"}],"wp:attachment":[{"href":"https:\/\/namthanh.com.vn\/en\/wp-json\/wp\/v2\/media?parent=2705"}],"wp:term":[{"taxonomy":"product_cat","embeddable":true,"href":"https:\/\/namthanh.com.vn\/en\/wp-json\/wp\/v2\/product_cat?post=2705"},{"taxonomy":"product_tag","embeddable":true,"href":"https:\/\/namthanh.com.vn\/en\/wp-json\/wp\/v2\/product_tag?post=2705"}],"curies":[{"name":"wp","href":"https:\/\/api.w.org\/{rel}","templated":true}]}}