{"id":2709,"date":"2022-06-23T17:04:28","date_gmt":"2022-06-23T10:04:28","guid":{"rendered":"https:\/\/microlab.vn\/?post_type=product&#038;p=2709"},"modified":"2022-12-23T10:18:52","modified_gmt":"2022-12-23T03:18:52","slug":"k2800","status":"publish","type":"product","link":"https:\/\/namthanh.com.vn\/en\/k2800\/","title":{"rendered":"K2800"},"content":{"rendered":"<p id=\"tw-target-text\" class=\"tw-data-text tw-text-large tw-ta\" dir=\"ltr\" data-placeholder=\"B\u1ea3n d\u1ecbch\"><span class=\"Y2IQFc\" lang=\"en\">Compact wireless design, luxurious black surface<\/span><\/p>\n<p id=\"tw-target-text\" class=\"tw-data-text tw-text-large tw-ta\" dir=\"ltr\" data-placeholder=\"B\u1ea3n d\u1ecbch\"><span class=\"Y2IQFc\" lang=\"en\">Eliminate entangled cables, lightweight durable plastic material makes moving the\u00a0keyboard\u00a0easy while minimizing desk space. <\/span><\/p>\n<p class=\"tw-data-text tw-text-large tw-ta\" dir=\"ltr\" data-placeholder=\"B\u1ea3n d\u1ecbch\"><span class=\"Y2IQFc\" lang=\"en\">Equipped with \u00a02 feeton the back to easily change the horizontal position to the inclined position, more suitable for the use situation and comfortable for your hands and wrists when typing.<\/span><\/p>\n<p style=\"text-align: justify;\"><span style=\"color: #282828;\"><a class=\"preventdefault\" style=\"color: #282828;\" href=\"https:\/\/cdn.tgdd.vn\/Products\/Images\/4547\/242727\/khong-day-touchpad-rapoo-k2800-1-1.jpg\"><img class=\" ls-is-cached lazyloaded\" title=\"B\u00e0n Ph\u00edm Kh\u00f4ng D\u00e2y Touchpad Rapoo K2800 - Thi\u1ebft k\u1ebf kh\u00f4ng d\u00e2y g\u1ecdn \u0111\u1eb9p, b\u1ec1 m\u1eb7t ph\u1ee7 s\u1eafc \u0111en sang tr\u1ecdng\" src=\"https:\/\/cdn.tgdd.vn\/Products\/Images\/4547\/242727\/khong-day-touchpad-rapoo-k2800-1-1.jpg\" alt=\"B\u00e0n Ph\u00edm Kh\u00f4ng D\u00e2y Touchpad Rapoo K2800 - Thi\u1ebft k\u1ebf kh\u00f4ng d\u00e2y g\u1ecdn \u0111\u1eb9p, b\u1ec1 m\u1eb7t ph\u1ee7 s\u1eafc \u0111en sang tr\u1ecdng\" data-src=\"https:\/\/cdn.tgdd.vn\/Products\/Images\/4547\/242727\/khong-day-touchpad-rapoo-k2800-1-1.jpg\" \/><\/a><\/span><\/p>\n<p id=\"tw-target-text\" class=\"tw-data-text tw-text-large tw-ta\" dir=\"ltr\" data-placeholder=\"B\u1ea3n d\u1ecbch\"><span class=\"Y2IQFc\" lang=\"en\">Meet the needs of daily experience <\/span><\/p>\n<p class=\"tw-data-text tw-text-large tw-ta\" dir=\"ltr\" data-placeholder=\"B\u1ea3n d\u1ecbch\"><span class=\"Y2IQFc\" lang=\"en\">Rapoo keyboard\u00a0has 78 keys and also has an \u00a0ON\/OFF button,\u00a03 left and right click buttons and a scroll wheel\u00a0use it as\u00a0on a computer mouse\u00a0familiar for you to perform office tasks, surf the web, view documents conveniently Benefit with bouncing buttons, good response speed. <\/span><\/p>\n<p class=\"tw-data-text tw-text-large tw-ta\" dir=\"ltr\" data-placeholder=\"B\u1ea3n d\u1ecbch\"><span class=\"Y2IQFc\" lang=\"en\">The circuit board is covered with an anti-oxidation sealed film to prevent oxidation, increasing the life of the entire keyboard.<\/span><\/p>\n<p style=\"text-align: justify;\"><span style=\"color: #282828;\"><a class=\"preventdefault\" style=\"color: #282828;\" href=\"https:\/\/cdn.tgdd.vn\/Products\/Images\/4547\/242727\/khong-day-touchpad-rapoo-k2800-4-1.jpg\"><img class=\" ls-is-cached lazyloaded\" title=\"B\u00e0n Ph\u00edm Kh\u00f4ng D\u00e2y Touchpad Rapoo K2800 - \u0110\u00e1p \u1ee9ng nhu c\u1ea7u tr\u1ea3i nghi\u1ec7m th\u01b0\u1eddng nh\u1eadt \" src=\"https:\/\/cdn.tgdd.vn\/Products\/Images\/4547\/242727\/khong-day-touchpad-rapoo-k2800-4-1.jpg\" alt=\"B\u00e0n Ph\u00edm Kh\u00f4ng D\u00e2y Touchpad Rapoo K2800 - \u0110\u00e1p \u1ee9ng nhu c\u1ea7u tr\u1ea3i nghi\u1ec7m th\u01b0\u1eddng nh\u1eadt \" data-src=\"https:\/\/cdn.tgdd.vn\/Products\/Images\/4547\/242727\/khong-day-touchpad-rapoo-k2800-4-1.jpg\" \/><\/a><\/span><\/p>\n<p id=\"tw-target-text\" class=\"tw-data-text tw-text-large tw-ta\" dir=\"ltr\" data-placeholder=\"B\u1ea3n d\u1ecbch\"><span class=\"Y2IQFc\" lang=\"en\">The touchpad is designed in large size, with a wide range of mouse movements<\/span><\/p>\n<p style=\"text-align: justify;\"><span style=\"color: #282828;\"><a class=\"preventdefault\" style=\"color: #282828;\" href=\"https:\/\/cdn.tgdd.vn\/Products\/Images\/4547\/242727\/khong-day-touchpad-rapoo-k2800-3-1.jpg\"><img class=\" lazyloaded\" title=\"B\u00e0n Ph\u00edm Kh\u00f4ng D\u00e2y Touchpad Rapoo K2800 - Touchpad \u0111\u01b0\u1ee3c thi\u1ebft k\u1ebf k\u00edch c\u1ee1 l\u1edbn, ph\u1ea1m vi di chu\u1ed9t r\u1ed9ng\" src=\"https:\/\/cdn.tgdd.vn\/Products\/Images\/4547\/242727\/khong-day-touchpad-rapoo-k2800-3-1.jpg\" alt=\"B\u00e0n Ph\u00edm Kh\u00f4ng D\u00e2y Touchpad Rapoo K2800 - Touchpad \u0111\u01b0\u1ee3c thi\u1ebft k\u1ebf k\u00edch c\u1ee1 l\u1edbn, ph\u1ea1m vi di chu\u1ed9t r\u1ed9ng\" data-src=\"https:\/\/cdn.tgdd.vn\/Products\/Images\/4547\/242727\/khong-day-touchpad-rapoo-k2800-3-1.jpg\" \/><\/a><\/span><\/p>\n<p id=\"tw-target-text\" class=\"tw-data-text tw-text-large tw-ta\" dir=\"ltr\" data-placeholder=\"B\u1ea3n d\u1ecbch\"><span class=\"Y2IQFc\" lang=\"en\">Support connection via\u00a0smooth 2.4GHz USB receiver<\/span><\/p>\n<p id=\"tw-target-text\" class=\"tw-data-text tw-text-large tw-ta\" dir=\"ltr\" data-placeholder=\"B\u1ea3n d\u1ecbch\"><span class=\"Y2IQFc\" lang=\"en\">Provides wireless connectivity with 360\u00b0 coverage, high compatibility with a wide range of devices, long distances and good signal allowing you to use the keyboard in any corner of the room, freely working with the posture you like.<\/span><\/p>\n<p style=\"text-align: justify;\"><span style=\"color: #282828;\"><a class=\"preventdefault\" style=\"color: #282828;\" href=\"https:\/\/cdn.tgdd.vn\/Products\/Images\/4547\/242727\/khong-day-touchpad-rapoo-k2800-171121-032646.jpg\"><img class=\" lazyloaded\" title=\"\u0110\u1ea7u thu USB\" src=\"https:\/\/cdn.tgdd.vn\/Products\/Images\/4547\/242727\/khong-day-touchpad-rapoo-k2800-171121-032646.jpg\" alt=\"\u0110\u1ea7u thu USB\" data-src=\"https:\/\/cdn.tgdd.vn\/Products\/Images\/4547\/242727\/khong-day-touchpad-rapoo-k2800-171121-032646.jpg\" \/><\/a><\/span><\/p>\n<p id=\"tw-target-text\" class=\"tw-data-text tw-text-large tw-ta\" dir=\"ltr\" data-placeholder=\"B\u1ea3n d\u1ecbch\"><span class=\"Y2IQFc\" lang=\"en\">Use 1 AA battery that is easy to find and replace<\/span><\/p>\n<p id=\"tw-target-text\" class=\"tw-data-text tw-text-large tw-ta\" dir=\"ltr\" data-placeholder=\"B\u1ea3n d\u1ecbch\"><span class=\"Y2IQFc\" lang=\"en\">Usage time depends on your frequency and usage. The device is also integrated with Rapoo&#8217;s\u00a0energy saving technology\u00a0and\u00a0Power Switch\u00a0to reduce energy consumption, prolonging maximum usage time.<\/span><\/p>\n<p style=\"text-align: justify;\"><span style=\"color: #282828;\"><a class=\"preventdefault\" style=\"color: #282828;\" href=\"https:\/\/cdn.tgdd.vn\/Products\/Images\/4547\/242727\/khong-day-touchpad-rapoo-k2800-5-1.jpg\"><img class=\" lazyloaded\" title=\"B\u00e0n Ph\u00edm Kh\u00f4ng D\u00e2y Touchpad Rapoo K2800 - D\u00f9ng 1 vi\u00ean pin AA d\u1ec5 t\u00ecm mua v\u00e0 thay th\u1ebf\" src=\"https:\/\/cdn.tgdd.vn\/Products\/Images\/4547\/242727\/khong-day-touchpad-rapoo-k2800-5-1.jpg\" alt=\"B\u00e0n Ph\u00edm Kh\u00f4ng D\u00e2y Touchpad Rapoo K2800 - D\u00f9ng 1 vi\u00ean pin AA d\u1ec5 t\u00ecm mua v\u00e0 thay th\u1ebf\" data-src=\"https:\/\/cdn.tgdd.vn\/Products\/Images\/4547\/242727\/khong-day-touchpad-rapoo-k2800-5-1.jpg\" \/><\/a><\/span><\/p>\n<p id=\"tw-target-text\" class=\"tw-data-text tw-text-large tw-ta\" dir=\"ltr\" data-placeholder=\"B\u1ea3n d\u1ecbch\"><span class=\"Y2IQFc\" lang=\"en\">Works with popular operating systems <\/span><\/p>\n<p class=\"tw-data-text tw-text-large tw-ta\" dir=\"ltr\" data-placeholder=\"B\u1ea3n d\u1ecbch\"><span class=\"Y2IQFc\" lang=\"en\">Includes platforms\u00a0Windows, MacOS, Chrome OS, Android, iOS, providing optimal usage and connection performance.<\/span><\/p>\n<p style=\"text-align: justify;\"><span style=\"color: #282828;\"><a class=\"preventdefault\" style=\"color: #282828;\" href=\"https:\/\/cdn.tgdd.vn\/Products\/Images\/4547\/242727\/khong-day-touchpad-rapoo-k2800-6-1.jpg\"><img class=\" lazyloaded\" title=\"B\u00e0n Ph\u00edm Kh\u00f4ng D\u00e2y Touchpad Rapoo K2800 - L\u00e0m vi\u1ec7c \u0111\u01b0\u1ee3c v\u1edbi c\u00e1c h\u1ec7 \u0111i\u1ec1u h\u00e0nh ph\u1ed5 bi\u1ebfn\" src=\"https:\/\/cdn.tgdd.vn\/Products\/Images\/4547\/242727\/khong-day-touchpad-rapoo-k2800-6-1.jpg\" alt=\"B\u00e0n Ph\u00edm Kh\u00f4ng D\u00e2y Touchpad Rapoo K2800 - L\u00e0m vi\u1ec7c \u0111\u01b0\u1ee3c v\u1edbi c\u00e1c h\u1ec7 \u0111i\u1ec1u h\u00e0nh ph\u1ed5 bi\u1ebfn\" data-src=\"https:\/\/cdn.tgdd.vn\/Products\/Images\/4547\/242727\/khong-day-touchpad-rapoo-k2800-6-1.jpg\" \/><\/a><\/span><\/p>\n<p id=\"tw-target-text\" class=\"tw-data-text tw-text-large tw-ta\" dir=\"ltr\" data-placeholder=\"B\u1ea3n d\u1ecbch\"><span class=\"Y2IQFc\" lang=\"en\">It can be seen that with a smooth wireless connection, long-life keys, large Touchpad, battery-saving, affordable price, \u00a0Rapoo K2800 Touchpad wireless keyboard\u00a0very suitable for home and office environments.<\/span><\/p>\n","protected":false},"excerpt":{"rendered":"<p>Compact wireless design, luxurious black surface Eliminate entangled cables, lightweight durable plastic material makes moving the\u00a0keyboard\u00a0easy while minimizing desk space. Equipped with \u00a02 feeton the back to easily change the horizontal position to the inclined position, more suitable for the use situation and comfortable for your hands and wrists when typing. Meet the needs of&#8230;<\/p>\n","protected":false},"featured_media":2710,"comment_status":"closed","ping_status":"closed","template":"","meta":[],"product_cat":[90],"product_tag":[],"yoast_head":"<!-- This site is optimized with the Yoast SEO plugin v19.5.1 - https:\/\/yoast.com\/wordpress\/plugins\/seo\/ -->\n<title>K2800 - Nam Th\u00e0nh<\/title>\n<meta name=\"robots\" content=\"index, follow, max-snippet:-1, max-image-preview:large, max-video-preview:-1\" \/>\n<link rel=\"canonical\" href=\"https:\/\/namthanh.com.vn\/en\/k2800\/\" \/>\n<meta property=\"og:locale\" content=\"en_US\" \/>\n<meta property=\"og:type\" content=\"article\" \/>\n<meta property=\"og:title\" content=\"K2800 - Nam Th\u00e0nh\" \/>\n<meta property=\"og:description\" content=\"Compact wireless design, luxurious black surface Eliminate entangled cables, lightweight durable plastic material makes moving the\u00a0keyboard\u00a0easy while minimizing desk space. Equipped with \u00a02 feeton the back to easily change the horizontal position to the inclined position, more suitable for the use situation and comfortable for your hands and wrists when typing. Meet the needs of...\" \/>\n<meta property=\"og:url\" content=\"https:\/\/namthanh.com.vn\/en\/k2800\/\" \/>\n<meta property=\"og:site_name\" content=\"Nam Th\u00e0nh\" \/>\n<meta property=\"article:modified_time\" content=\"2022-12-23T03:18:52+00:00\" \/>\n<meta property=\"og:image\" content=\"https:\/\/namthanh.com.vn\/en\/wp-content\/uploads\/2022\/06\/K28001.jpg\" \/>\n\t<meta property=\"og:image:width\" content=\"677\" \/>\n\t<meta property=\"og:image:height\" content=\"406\" \/>\n\t<meta property=\"og:image:type\" content=\"image\/jpeg\" \/>\n<meta name=\"twitter:card\" content=\"summary_large_image\" \/>\n<meta name=\"twitter:label1\" content=\"Est. reading time\" \/>\n\t<meta name=\"twitter:data1\" content=\"3 minutes\" \/>\n<script type=\"application\/ld+json\" class=\"yoast-schema-graph\">{\"@context\":\"https:\/\/schema.org\",\"@graph\":[{\"@type\":\"WebPage\",\"@id\":\"https:\/\/namthanh.com.vn\/en\/k2800\/\",\"url\":\"https:\/\/namthanh.com.vn\/en\/k2800\/\",\"name\":\"K2800 - Nam Th\u00e0nh\",\"isPartOf\":{\"@id\":\"https:\/\/namthanh.com.vn\/en\/#website\"},\"datePublished\":\"2022-06-23T10:04:28+00:00\",\"dateModified\":\"2022-12-23T03:18:52+00:00\",\"breadcrumb\":{\"@id\":\"https:\/\/namthanh.com.vn\/en\/k2800\/#breadcrumb\"},\"inLanguage\":\"en-US\",\"potentialAction\":[{\"@type\":\"ReadAction\",\"target\":[\"https:\/\/namthanh.com.vn\/en\/k2800\/\"]}]},{\"@type\":\"BreadcrumbList\",\"@id\":\"https:\/\/namthanh.com.vn\/en\/k2800\/#breadcrumb\",\"itemListElement\":[{\"@type\":\"ListItem\",\"position\":1,\"name\":\"Home\",\"item\":\"https:\/\/namthanh.com.vn\/en\/\"},{\"@type\":\"ListItem\",\"position\":2,\"name\":\"Shop\",\"item\":\"https:\/\/namthanh.com.vn\/en\/shop\/\"},{\"@type\":\"ListItem\",\"position\":3,\"name\":\"Product\",\"item\":\"https:\/\/namthanh.com.vn\/en\/product\/\"},{\"@type\":\"ListItem\",\"position\":4,\"name\":\"RAPOO\",\"item\":\"https:\/\/namthanh.com.vn\/en\/rapoo\/\"},{\"@type\":\"ListItem\",\"position\":5,\"name\":\"Wireless keyboard\",\"item\":\"https:\/\/namthanh.com.vn\/en\/ban-phim\/\"},{\"@type\":\"ListItem\",\"position\":6,\"name\":\"K2800\"}]},{\"@type\":\"WebSite\",\"@id\":\"https:\/\/namthanh.com.vn\/en\/#website\",\"url\":\"https:\/\/namthanh.com.vn\/en\/\",\"name\":\"Nam Th\u00e0nh\",\"description\":\"HTH\",\"potentialAction\":[{\"@type\":\"SearchAction\",\"target\":{\"@type\":\"EntryPoint\",\"urlTemplate\":\"https:\/\/namthanh.com.vn\/en\/?s={search_term_string}\"},\"query-input\":\"required name=search_term_string\"}],\"inLanguage\":\"en-US\"}]}<\/script>\n<!-- \/ Yoast SEO plugin. -->","yoast_head_json":{"title":"K2800 - Nam Th\u00e0nh","robots":{"index":"index","follow":"follow","max-snippet":"max-snippet:-1","max-image-preview":"max-image-preview:large","max-video-preview":"max-video-preview:-1"},"canonical":"https:\/\/namthanh.com.vn\/en\/k2800\/","og_locale":"en_US","og_type":"article","og_title":"K2800 - Nam Th\u00e0nh","og_description":"Compact wireless design, luxurious black surface Eliminate entangled cables, lightweight durable plastic material makes moving the\u00a0keyboard\u00a0easy while minimizing desk space. Equipped with \u00a02 feeton the back to easily change the horizontal position to the inclined position, more suitable for the use situation and comfortable for your hands and wrists when typing. Meet the needs of...","og_url":"https:\/\/namthanh.com.vn\/en\/k2800\/","og_site_name":"Nam Th\u00e0nh","article_modified_time":"2022-12-23T03:18:52+00:00","og_image":[{"width":677,"height":406,"url":"https:\/\/namthanh.com.vn\/en\/wp-content\/uploads\/2022\/06\/K28001.jpg","type":"image\/jpeg"}],"twitter_card":"summary_large_image","twitter_misc":{"Est. reading time":"3 minutes"},"schema":{"@context":"https:\/\/schema.org","@graph":[{"@type":"WebPage","@id":"https:\/\/namthanh.com.vn\/en\/k2800\/","url":"https:\/\/namthanh.com.vn\/en\/k2800\/","name":"K2800 - Nam Th\u00e0nh","isPartOf":{"@id":"https:\/\/namthanh.com.vn\/en\/#website"},"datePublished":"2022-06-23T10:04:28+00:00","dateModified":"2022-12-23T03:18:52+00:00","breadcrumb":{"@id":"https:\/\/namthanh.com.vn\/en\/k2800\/#breadcrumb"},"inLanguage":"en-US","potentialAction":[{"@type":"ReadAction","target":["https:\/\/namthanh.com.vn\/en\/k2800\/"]}]},{"@type":"BreadcrumbList","@id":"https:\/\/namthanh.com.vn\/en\/k2800\/#breadcrumb","itemListElement":[{"@type":"ListItem","position":1,"name":"Home","item":"https:\/\/namthanh.com.vn\/en\/"},{"@type":"ListItem","position":2,"name":"Shop","item":"https:\/\/namthanh.com.vn\/en\/shop\/"},{"@type":"ListItem","position":3,"name":"Product","item":"https:\/\/namthanh.com.vn\/en\/product\/"},{"@type":"ListItem","position":4,"name":"RAPOO","item":"https:\/\/namthanh.com.vn\/en\/rapoo\/"},{"@type":"ListItem","position":5,"name":"Wireless keyboard","item":"https:\/\/namthanh.com.vn\/en\/ban-phim\/"},{"@type":"ListItem","position":6,"name":"K2800"}]},{"@type":"WebSite","@id":"https:\/\/namthanh.com.vn\/en\/#website","url":"https:\/\/namthanh.com.vn\/en\/","name":"Nam Th\u00e0nh","description":"HTH","potentialAction":[{"@type":"SearchAction","target":{"@type":"EntryPoint","urlTemplate":"https:\/\/namthanh.com.vn\/en\/?s={search_term_string}"},"query-input":"required name=search_term_string"}],"inLanguage":"en-US"}]}},"_links":{"self":[{"href":"https:\/\/namthanh.com.vn\/en\/wp-json\/wp\/v2\/product\/2709"}],"collection":[{"href":"https:\/\/namthanh.com.vn\/en\/wp-json\/wp\/v2\/product"}],"about":[{"href":"https:\/\/namthanh.com.vn\/en\/wp-json\/wp\/v2\/types\/product"}],"replies":[{"embeddable":true,"href":"https:\/\/namthanh.com.vn\/en\/wp-json\/wp\/v2\/comments?post=2709"}],"wp:featuredmedia":[{"embeddable":true,"href":"https:\/\/namthanh.com.vn\/en\/wp-json\/wp\/v2\/media\/2710"}],"wp:attachment":[{"href":"https:\/\/namthanh.com.vn\/en\/wp-json\/wp\/v2\/media?parent=2709"}],"wp:term":[{"taxonomy":"product_cat","embeddable":true,"href":"https:\/\/namthanh.com.vn\/en\/wp-json\/wp\/v2\/product_cat?post=2709"},{"taxonomy":"product_tag","embeddable":true,"href":"https:\/\/namthanh.com.vn\/en\/wp-json\/wp\/v2\/product_tag?post=2709"}],"curies":[{"name":"wp","href":"https:\/\/api.w.org\/{rel}","templated":true}]}}