{"id":2731,"date":"2022-06-24T09:41:11","date_gmt":"2022-06-24T02:41:11","guid":{"rendered":"https:\/\/microlab.vn\/?post_type=product&#038;p=2731"},"modified":"2022-12-23T10:26:09","modified_gmt":"2022-12-23T03:26:09","slug":"xk100","status":"publish","type":"product","link":"https:\/\/namthanh.com.vn\/en\/xk100\/","title":{"rendered":"XK100"},"content":{"rendered":"<p id=\"tw-target-text\" class=\"tw-data-text tw-text-large tw-ta\" dir=\"ltr\" data-placeholder=\"B\u1ea3n d\u1ecbch\"><span class=\"Y2IQFc\" lang=\"en\">XK100 WIRELESS CONNECTION KEYBOARD<\/span><\/p>\n<p><span style=\"color: #282828; font-size: 100%;\">&#8211; <\/span><span class=\"Y2IQFc\" lang=\"en\">At the beginning of 2021, Rapoo has launched a multi-device bluetooth\u00a0Wireless XK100\u00a0bluetooth keyboard, a portable wireless, silent, rechargeable keyboard that connects to 3 devices for tablets, mobile phones, PC Smart TV, compatible with Windows 7\/8\/10\/XP Vista Linux Mac.<\/span><\/p>\n<p class=\"tw-data-text tw-text-large tw-ta\" dir=\"ltr\" data-placeholder=\"B\u1ea3n d\u1ecbch\"><span style=\"color: #282828; font-size: 100%;\">&#8211;<\/span><span class=\"Y2IQFc\" lang=\"en\">The workspace is minimalist with an ultra-slim keyboard design, perfect for typing, smartphones, tablets, and multi-tasking with a variety of devices.<\/span><\/p>\n<p><span style=\"color: #282828; font-size: 100%;\"><img src=\"https:\/\/bizweb.dktcdn.net\/100\/372\/934\/files\/laptopnew-keyboard-wireless-xk100-gioi-thieu-min.jpg?v=1633590749004\" alt=\"Gi\u1edbi thi\u1ec7u b\u00e0n ph\u00edm nh\u1ecf g\u1ecdn si\u00eau mini kh\u00f4ng d\u00e2y \u0111\u1ea7y ti\u1ec7n l\u1ee3i\" data-thumb=\"original\" \/><\/span><\/p>\n<p id=\"tw-target-text\" class=\"tw-data-text tw-text-large tw-ta\" dir=\"ltr\" data-placeholder=\"B\u1ea3n d\u1ecbch\"><span class=\"Y2IQFc\" lang=\"en\">FLEXIBLE COMPACT DESIGN<\/span><\/p>\n<p><span style=\"color: #282828; font-size: 100%;\">&#8211;<\/span><span class=\"Y2IQFc\" lang=\"en\">Minimalist design, ultra-thin and light, with smart phone connection slot design, light weight equipped with bluetooth to help users conveniently carry, work, and connect flexibly.<\/span><\/p>\n<p><span style=\"color: #282828; font-size: 100%;\">&#8211;<\/span><span class=\"Y2IQFc\" lang=\"en\">With an ultra-compact shape design, which helps to increase space for mouse use, the keys are designed slightly concave to hug the shape of the finger, making the typing experience of the user even more comfortable and smooth. familiar hand as used on a laptop.<\/span><\/p>\n<p><span style=\"color: #282828; font-size: 100%;\"><img src=\"https:\/\/bizweb.dktcdn.net\/100\/372\/934\/files\/laptopnew-keyboard-wireless-xk100-thiet-ke-min.jpg?v=1633590775553\" alt=\"Thi\u1ebft k\u1ebf nh\u1ecf g\u1ecdn linh ho\u1ea1t d\u1ec5 s\u1eed d\u1ee5ng\" data-thumb=\"original\" \/><\/span><\/p>\n<p id=\"tw-target-text\" class=\"tw-data-text tw-text-large tw-ta\" dir=\"ltr\" data-placeholder=\"B\u1ea3n d\u1ecbch\"><span class=\"Y2IQFc\" lang=\"en\">SUPER CONFIDENTIAL KEYS ONLY 72 CODE KEYS<\/span><\/p>\n<p id=\"tw-target-text\" class=\"tw-data-text tw-text-large tw-ta\" dir=\"ltr\" data-placeholder=\"B\u1ea3n d\u1ecbch\"><span class=\"Y2IQFc\" lang=\"en\">The keyboard\u00a0has an ultra-compact design, only 72\u00a0keys, but still performs well in office tasks easily, the distance between the far and the deep key stroke helps you type text comfortably. comfortable and easy,\u00a0work continuously for many hours without fear of hand fatigue.<\/span><\/p>\n<p><span style=\"color: #282828; font-size: 100%;\"><img src=\"https:\/\/bizweb.dktcdn.net\/100\/372\/934\/files\/laptopnew-keyboard-wireless-xk100-so-phim.jpg?v=1633590793261\" alt=\"B\u00e0n ph\u00edm tinh g\u1ecdn v\u1edbi 72\u00a0n\u00fat ph\u00edm c\u01a1 b\u1ea3n ph\u1ee5c v\u1ee5 c\u00f4ng vi\u1ec7c\" data-thumb=\"original\" \/><\/span><\/p>\n<p id=\"tw-target-text\" class=\"tw-data-text tw-text-large tw-ta\" dir=\"ltr\" data-placeholder=\"B\u1ea3n d\u1ecbch\"><span class=\"Y2IQFc\" lang=\"en\">KEYBOARD WITHOUT LED<\/span><\/p>\n<p id=\"tw-target-text\" class=\"tw-data-text tw-text-large tw-ta\" dir=\"ltr\" data-placeholder=\"B\u1ea3n d\u1ecbch\"><span class=\"Y2IQFc\" lang=\"en\">The keyboard is not equipped with leds, but has a black tone design with clear white symbols, easy for users to use even if it is not equipped with leds, prominently marked on important keys to help you identify. exact position of the keys together.<\/span><\/p>\n<p>&nbsp;<\/p>\n<p><span style=\"color: #282828; font-size: 100%;\"><img src=\"https:\/\/bizweb.dktcdn.net\/100\/372\/934\/files\/laptopnew-keyboard-wireless-xk100-den-led.jpg?v=1633590803555\" alt=\"B\u00e0n ph\u00edm kh\u00f4ng c\u00f3 \u0111\u00e8n Led nh\u01b0ng v\u1eabn v\u00f4 c\u00f9ng r\u00f5 v\u00e0 d\u1ec5 d\u00e0ng s\u1eed d\u1ee5ng\" data-thumb=\"original\" \/><\/span><\/p>\n<p id=\"tw-target-text\" class=\"tw-data-text tw-text-large tw-ta\" dir=\"ltr\" data-placeholder=\"B\u1ea3n d\u1ecbch\"><span class=\"Y2IQFc\" lang=\"en\">6. CONVENIENT WIRELESS BLUETOOTH CONNECTION<\/span><\/p>\n<p id=\"tw-target-text\" class=\"tw-data-text tw-text-large tw-ta\" dir=\"ltr\" data-placeholder=\"B\u1ea3n d\u1ecbch\"><span class=\"Y2IQFc\" lang=\"en\">The most outstanding thing is the XK100&#8217;s impressive connectivity that can connect to many devices and switch between devices quickly and conveniently for both iOS and Android. Easily connect a variety of devices to the computer. board, mobile phone, Pc\u00a0Smart Tv, compatible with Windows 7\/8\/10 \/ XP Vista Linux Mac. Conveniently connect and use in a variety of devices to easily master your work.<\/span><\/p>\n<p>&nbsp;<\/p>\n<p><span style=\"color: #282828; font-size: 100%;\"><img src=\"https:\/\/bizweb.dktcdn.net\/100\/372\/934\/files\/laptopnew-keyboard-wireless-xk100-ket-noi-min.jpg?v=1633590815185\" alt=\"K\u1ebft n\u1ed1i bluetooth kh\u00f4ng d\u00e2y v\u00f4 c\u00f9ng ti\u1ec7n l\u1ee3i\" data-thumb=\"original\" \/><\/span><\/p>\n<p id=\"tw-target-text\" class=\"tw-data-text tw-text-large tw-ta\" dir=\"ltr\" data-placeholder=\"B\u1ea3n d\u1ecbch\"><span class=\"Y2IQFc\" lang=\"en\">SMALL SIZE AND SUPER WEIGHT<\/span><\/p>\n<p id=\"tw-target-text\" class=\"tw-data-text tw-text-large tw-ta\" dir=\"ltr\" data-placeholder=\"B\u1ea3n d\u1ecbch\"><span class=\"Y2IQFc\" lang=\"en\">XK100\u00a0 has an ultra-compact size with a weight of about 472g, compact design size\u00a0292 x 155 x20mm, easy to carry in a backpack and move everywhere\u00a0convenient and compact you can carry it with other devices without Worry too much or affect your movement.<\/span><\/p>\n<p>&nbsp;<\/p>\n<p><span style=\"color: #282828; font-size: 100%;\"><img src=\"https:\/\/bizweb.dktcdn.net\/100\/372\/934\/files\/laptopnew-keyboard-wireless-xk100-trong-luong.jpg?v=1633590826450\" alt=\"K\u00edch th\u01b0\u1edbc nh\u1ecf v\u00e0 c\u00e2n n\u1eb7ng si\u00eau nh\u1eb9 d\u1ec5 d\u00e0ng mang theo di chuy\u1ec3n\" data-thumb=\"original\" \/><\/span><\/p>\n","protected":false},"excerpt":{"rendered":"<p>XK100 WIRELESS CONNECTION KEYBOARD &#8211; At the beginning of 2021, Rapoo has launched a multi-device bluetooth\u00a0Wireless XK100\u00a0bluetooth keyboard, a portable wireless, silent, rechargeable keyboard that connects to 3 devices for tablets, mobile phones, PC Smart TV, compatible with Windows 7\/8\/10\/XP Vista Linux Mac. &#8211;The workspace is minimalist with an ultra-slim keyboard design, perfect for typing,&#8230;<\/p>\n","protected":false},"featured_media":2733,"comment_status":"closed","ping_status":"closed","template":"","meta":[],"product_cat":[90],"product_tag":[],"yoast_head":"<!-- This site is optimized with the Yoast SEO plugin v19.5.1 - https:\/\/yoast.com\/wordpress\/plugins\/seo\/ -->\n<title>XK100 - Nam Th\u00e0nh<\/title>\n<meta name=\"robots\" content=\"index, follow, max-snippet:-1, max-image-preview:large, max-video-preview:-1\" \/>\n<link rel=\"canonical\" href=\"https:\/\/namthanh.com.vn\/en\/xk100\/\" \/>\n<meta property=\"og:locale\" content=\"en_US\" \/>\n<meta property=\"og:type\" content=\"article\" \/>\n<meta property=\"og:title\" content=\"XK100 - Nam Th\u00e0nh\" \/>\n<meta property=\"og:description\" content=\"XK100 WIRELESS CONNECTION KEYBOARD &#8211; At the beginning of 2021, Rapoo has launched a multi-device bluetooth\u00a0Wireless XK100\u00a0bluetooth keyboard, a portable wireless, silent, rechargeable keyboard that connects to 3 devices for tablets, mobile phones, PC Smart TV, compatible with Windows 7\/8\/10\/XP Vista Linux Mac. &#8211;The workspace is minimalist with an ultra-slim keyboard design, perfect for typing,...\" \/>\n<meta property=\"og:url\" content=\"https:\/\/namthanh.com.vn\/en\/xk100\/\" \/>\n<meta property=\"og:site_name\" content=\"Nam Th\u00e0nh\" \/>\n<meta property=\"article:modified_time\" content=\"2022-12-23T03:26:09+00:00\" \/>\n<meta property=\"og:image\" content=\"https:\/\/namthanh.com.vn\/en\/wp-content\/uploads\/2022\/06\/Xk101.jpg\" \/>\n\t<meta property=\"og:image:width\" content=\"600\" \/>\n\t<meta property=\"og:image:height\" content=\"600\" \/>\n\t<meta property=\"og:image:type\" content=\"image\/jpeg\" \/>\n<meta name=\"twitter:card\" content=\"summary_large_image\" \/>\n<meta name=\"twitter:label1\" content=\"Est. reading time\" \/>\n\t<meta name=\"twitter:data1\" content=\"3 minutes\" \/>\n<script type=\"application\/ld+json\" class=\"yoast-schema-graph\">{\"@context\":\"https:\/\/schema.org\",\"@graph\":[{\"@type\":\"WebPage\",\"@id\":\"https:\/\/namthanh.com.vn\/en\/xk100\/\",\"url\":\"https:\/\/namthanh.com.vn\/en\/xk100\/\",\"name\":\"XK100 - Nam Th\u00e0nh\",\"isPartOf\":{\"@id\":\"https:\/\/namthanh.com.vn\/en\/#website\"},\"datePublished\":\"2022-06-24T02:41:11+00:00\",\"dateModified\":\"2022-12-23T03:26:09+00:00\",\"breadcrumb\":{\"@id\":\"https:\/\/namthanh.com.vn\/en\/xk100\/#breadcrumb\"},\"inLanguage\":\"en-US\",\"potentialAction\":[{\"@type\":\"ReadAction\",\"target\":[\"https:\/\/namthanh.com.vn\/en\/xk100\/\"]}]},{\"@type\":\"BreadcrumbList\",\"@id\":\"https:\/\/namthanh.com.vn\/en\/xk100\/#breadcrumb\",\"itemListElement\":[{\"@type\":\"ListItem\",\"position\":1,\"name\":\"Home\",\"item\":\"https:\/\/namthanh.com.vn\/en\/\"},{\"@type\":\"ListItem\",\"position\":2,\"name\":\"Shop\",\"item\":\"https:\/\/namthanh.com.vn\/en\/shop\/\"},{\"@type\":\"ListItem\",\"position\":3,\"name\":\"Product\",\"item\":\"https:\/\/namthanh.com.vn\/en\/product\/\"},{\"@type\":\"ListItem\",\"position\":4,\"name\":\"RAPOO\",\"item\":\"https:\/\/namthanh.com.vn\/en\/rapoo\/\"},{\"@type\":\"ListItem\",\"position\":5,\"name\":\"Wireless keyboard\",\"item\":\"https:\/\/namthanh.com.vn\/en\/ban-phim\/\"},{\"@type\":\"ListItem\",\"position\":6,\"name\":\"XK100\"}]},{\"@type\":\"WebSite\",\"@id\":\"https:\/\/namthanh.com.vn\/en\/#website\",\"url\":\"https:\/\/namthanh.com.vn\/en\/\",\"name\":\"Nam Th\u00e0nh\",\"description\":\"HTH\",\"potentialAction\":[{\"@type\":\"SearchAction\",\"target\":{\"@type\":\"EntryPoint\",\"urlTemplate\":\"https:\/\/namthanh.com.vn\/en\/?s={search_term_string}\"},\"query-input\":\"required name=search_term_string\"}],\"inLanguage\":\"en-US\"}]}<\/script>\n<!-- \/ Yoast SEO plugin. -->","yoast_head_json":{"title":"XK100 - Nam Th\u00e0nh","robots":{"index":"index","follow":"follow","max-snippet":"max-snippet:-1","max-image-preview":"max-image-preview:large","max-video-preview":"max-video-preview:-1"},"canonical":"https:\/\/namthanh.com.vn\/en\/xk100\/","og_locale":"en_US","og_type":"article","og_title":"XK100 - Nam Th\u00e0nh","og_description":"XK100 WIRELESS CONNECTION KEYBOARD &#8211; At the beginning of 2021, Rapoo has launched a multi-device bluetooth\u00a0Wireless XK100\u00a0bluetooth keyboard, a portable wireless, silent, rechargeable keyboard that connects to 3 devices for tablets, mobile phones, PC Smart TV, compatible with Windows 7\/8\/10\/XP Vista Linux Mac. &#8211;The workspace is minimalist with an ultra-slim keyboard design, perfect for typing,...","og_url":"https:\/\/namthanh.com.vn\/en\/xk100\/","og_site_name":"Nam Th\u00e0nh","article_modified_time":"2022-12-23T03:26:09+00:00","og_image":[{"width":600,"height":600,"url":"https:\/\/namthanh.com.vn\/en\/wp-content\/uploads\/2022\/06\/Xk101.jpg","type":"image\/jpeg"}],"twitter_card":"summary_large_image","twitter_misc":{"Est. reading time":"3 minutes"},"schema":{"@context":"https:\/\/schema.org","@graph":[{"@type":"WebPage","@id":"https:\/\/namthanh.com.vn\/en\/xk100\/","url":"https:\/\/namthanh.com.vn\/en\/xk100\/","name":"XK100 - Nam Th\u00e0nh","isPartOf":{"@id":"https:\/\/namthanh.com.vn\/en\/#website"},"datePublished":"2022-06-24T02:41:11+00:00","dateModified":"2022-12-23T03:26:09+00:00","breadcrumb":{"@id":"https:\/\/namthanh.com.vn\/en\/xk100\/#breadcrumb"},"inLanguage":"en-US","potentialAction":[{"@type":"ReadAction","target":["https:\/\/namthanh.com.vn\/en\/xk100\/"]}]},{"@type":"BreadcrumbList","@id":"https:\/\/namthanh.com.vn\/en\/xk100\/#breadcrumb","itemListElement":[{"@type":"ListItem","position":1,"name":"Home","item":"https:\/\/namthanh.com.vn\/en\/"},{"@type":"ListItem","position":2,"name":"Shop","item":"https:\/\/namthanh.com.vn\/en\/shop\/"},{"@type":"ListItem","position":3,"name":"Product","item":"https:\/\/namthanh.com.vn\/en\/product\/"},{"@type":"ListItem","position":4,"name":"RAPOO","item":"https:\/\/namthanh.com.vn\/en\/rapoo\/"},{"@type":"ListItem","position":5,"name":"Wireless keyboard","item":"https:\/\/namthanh.com.vn\/en\/ban-phim\/"},{"@type":"ListItem","position":6,"name":"XK100"}]},{"@type":"WebSite","@id":"https:\/\/namthanh.com.vn\/en\/#website","url":"https:\/\/namthanh.com.vn\/en\/","name":"Nam Th\u00e0nh","description":"HTH","potentialAction":[{"@type":"SearchAction","target":{"@type":"EntryPoint","urlTemplate":"https:\/\/namthanh.com.vn\/en\/?s={search_term_string}"},"query-input":"required name=search_term_string"}],"inLanguage":"en-US"}]}},"_links":{"self":[{"href":"https:\/\/namthanh.com.vn\/en\/wp-json\/wp\/v2\/product\/2731"}],"collection":[{"href":"https:\/\/namthanh.com.vn\/en\/wp-json\/wp\/v2\/product"}],"about":[{"href":"https:\/\/namthanh.com.vn\/en\/wp-json\/wp\/v2\/types\/product"}],"replies":[{"embeddable":true,"href":"https:\/\/namthanh.com.vn\/en\/wp-json\/wp\/v2\/comments?post=2731"}],"wp:featuredmedia":[{"embeddable":true,"href":"https:\/\/namthanh.com.vn\/en\/wp-json\/wp\/v2\/media\/2733"}],"wp:attachment":[{"href":"https:\/\/namthanh.com.vn\/en\/wp-json\/wp\/v2\/media?parent=2731"}],"wp:term":[{"taxonomy":"product_cat","embeddable":true,"href":"https:\/\/namthanh.com.vn\/en\/wp-json\/wp\/v2\/product_cat?post=2731"},{"taxonomy":"product_tag","embeddable":true,"href":"https:\/\/namthanh.com.vn\/en\/wp-json\/wp\/v2\/product_tag?post=2731"}],"curies":[{"name":"wp","href":"https:\/\/api.w.org\/{rel}","templated":true}]}}