{"id":2774,"date":"2022-06-24T14:10:09","date_gmt":"2022-06-24T07:10:09","guid":{"rendered":"https:\/\/microlab.vn\/?post_type=product&#038;p=2774"},"modified":"2022-12-23T11:00:31","modified_gmt":"2022-12-23T04:00:31","slug":"k10","status":"publish","type":"product","link":"https:\/\/namthanh.com.vn\/en\/k10\/","title":{"rendered":"K10"},"content":{"rendered":"<p class=\"ddnb-title spct-title\" style=\"text-align: justify;\"><span style=\"color: #282828; font-size: 100%;\">B\u00e0n ph\u00edm s\u1ed1 Rapoo K10 &#8211; Tr\u1ee3 th\u1ee7 \u0111\u1eafc l\u1ef1c c\u1ee7a b\u1ea1n<\/span><\/p>\n<p style=\"text-align: justify;\"><span style=\"color: #282828; font-size: 100%;\"><img loading=\"lazy\" class=\"loading\" src=\"https:\/\/hanoicomputercdn.com\/media\/lib\/16-11-2021\/ban-phim-so-rapoo-k10-den-usb-1.png\" alt=\"B\u00e0n ph\u00edm s\u1ed1 Rapoo K10 \u0111en (USB) 1\" width=\"894\" height=\"913\" data-was-processed=\"true\" \/><\/span><\/p>\n<p id=\"tw-target-text\" class=\"tw-data-text tw-text-large tw-ta\" dir=\"ltr\" data-placeholder=\"B\u1ea3n d\u1ecbch\"><strong><span class=\"Y2IQFc\" lang=\"en\">Comfortable<\/span><\/strong><\/p>\n<p id=\"tw-target-text\" class=\"tw-data-text tw-text-large tw-ta\" dir=\"ltr\" data-placeholder=\"B\u1ea3n d\u1ecbch\"><span class=\"Y2IQFc\" lang=\"en\">Rapoo K10 is designed to support numeric keypad input, for those who use laptops without numeric keypads, or keyboards with Tenkeyless layout.<\/span><\/p>\n<p style=\"text-align: justify;\"><span style=\"color: #282828; font-size: 100%;\"><img loading=\"lazy\" class=\"loading\" src=\"https:\/\/hanoicomputercdn.com\/media\/lib\/16-11-2021\/ban-phim-so-rapoo-k10-den-usb-2.png\" alt=\"B\u00e0n ph\u00edm s\u1ed1 Rapoo K10 \u0111en (USB) 2\" width=\"890\" height=\"928\" data-was-processed=\"true\" \/><\/span><\/p>\n<p id=\"tw-target-text\" class=\"tw-data-text tw-text-large tw-ta\" dir=\"ltr\" data-placeholder=\"B\u1ea3n d\u1ecbch\"><strong><span class=\"Y2IQFc\" lang=\"en\">Button quality is good<\/span><\/strong><\/p>\n<p id=\"tw-target-text\" class=\"tw-data-text tw-text-large tw-ta\" dir=\"ltr\" data-placeholder=\"B\u1ea3n d\u1ecbch\"><span class=\"Y2IQFc\" lang=\"en\">Rapoo K10 is designed with abs plastic material, the buttons are laser engraved to prevent fading when used for a long time.<\/span><\/p>\n<p style=\"text-align: justify;\"><span style=\"color: #282828; font-size: 100%;\"><img loading=\"lazy\" class=\"loading\" src=\"https:\/\/hanoicomputercdn.com\/media\/lib\/16-11-2021\/ban-phim-so-rapoo-k10-den-usb-3.png\" alt=\"B\u00e0n ph\u00edm s\u1ed1 Rapoo K10 \u0111en (USB) 3\" width=\"888\" height=\"802\" data-was-processed=\"true\" \/><\/span><\/p>\n<p id=\"tw-target-text\" class=\"tw-data-text tw-text-large tw-ta\" dir=\"ltr\" data-placeholder=\"B\u1ea3n d\u1ecbch\"><strong><span class=\"Y2IQFc\" lang=\"en\">Convenient keyboard shortcuts<\/span><\/strong><\/p>\n<p id=\"tw-target-text\" class=\"tw-data-text tw-text-large tw-ta\" dir=\"ltr\" data-placeholder=\"B\u1ea3n d\u1ecbch\"><span class=\"Y2IQFc\" lang=\"en\">In addition to supporting input, Rapoo K10 also has convenient multimedia keys, which can easily access tasks such as opening the web, going to mail..<\/span><\/p>\n<p style=\"text-align: justify;\"><span style=\"color: #282828; font-size: 100%;\"><img loading=\"lazy\" class=\"loading\" src=\"https:\/\/hanoicomputercdn.com\/media\/lib\/16-11-2021\/ban-phim-so-rapoo-k10-den-usb-4.png\" alt=\"B\u00e0n ph\u00edm s\u1ed1 Rapoo K10 \u0111en (USB) 4\" width=\"890\" height=\"903\" data-was-processed=\"true\" \/><\/span><\/p>\n","protected":false},"excerpt":{"rendered":"<p>B\u00e0n ph\u00edm s\u1ed1 Rapoo K10 &#8211; Tr\u1ee3 th\u1ee7 \u0111\u1eafc l\u1ef1c c\u1ee7a b\u1ea1n Comfortable Rapoo K10 is designed to support numeric keypad input, for those who use laptops without numeric keypads, or keyboards with Tenkeyless layout. Button quality is good Rapoo K10 is designed with abs plastic material, the buttons are laser engraved to prevent fading&#8230;<\/p>\n","protected":false},"featured_media":2775,"comment_status":"closed","ping_status":"closed","template":"","meta":[],"product_cat":[137,73,91],"product_tag":[],"yoast_head":"<!-- This site is optimized with the Yoast SEO plugin v19.5.1 - https:\/\/yoast.com\/wordpress\/plugins\/seo\/ -->\n<title>K10 - Nam Th\u00e0nh<\/title>\n<meta name=\"robots\" content=\"index, follow, max-snippet:-1, max-image-preview:large, max-video-preview:-1\" \/>\n<link rel=\"canonical\" href=\"https:\/\/namthanh.com.vn\/en\/k10\/\" \/>\n<meta property=\"og:locale\" content=\"en_US\" \/>\n<meta property=\"og:type\" content=\"article\" \/>\n<meta property=\"og:title\" content=\"K10 - Nam Th\u00e0nh\" \/>\n<meta property=\"og:description\" content=\"B\u00e0n ph\u00edm s\u1ed1 Rapoo K10 &#8211; Tr\u1ee3 th\u1ee7 \u0111\u1eafc l\u1ef1c c\u1ee7a b\u1ea1n Comfortable Rapoo K10 is designed to support numeric keypad input, for those who use laptops without numeric keypads, or keyboards with Tenkeyless layout. Button quality is good Rapoo K10 is designed with abs plastic material, the buttons are laser engraved to prevent fading...\" \/>\n<meta property=\"og:url\" content=\"https:\/\/namthanh.com.vn\/en\/k10\/\" \/>\n<meta property=\"og:site_name\" content=\"Nam Th\u00e0nh\" \/>\n<meta property=\"article:modified_time\" content=\"2022-12-23T04:00:31+00:00\" \/>\n<meta property=\"og:image\" content=\"https:\/\/namthanh.com.vn\/en\/wp-content\/uploads\/2022\/06\/K10.jpg\" \/>\n\t<meta property=\"og:image:width\" content=\"850\" \/>\n\t<meta property=\"og:image:height\" content=\"850\" \/>\n\t<meta property=\"og:image:type\" content=\"image\/jpeg\" \/>\n<meta name=\"twitter:card\" content=\"summary_large_image\" \/>\n<meta name=\"twitter:label1\" content=\"Est. reading time\" \/>\n\t<meta name=\"twitter:data1\" content=\"2 minutes\" \/>\n<script type=\"application\/ld+json\" class=\"yoast-schema-graph\">{\"@context\":\"https:\/\/schema.org\",\"@graph\":[{\"@type\":\"WebPage\",\"@id\":\"https:\/\/namthanh.com.vn\/en\/k10\/\",\"url\":\"https:\/\/namthanh.com.vn\/en\/k10\/\",\"name\":\"K10 - Nam Th\u00e0nh\",\"isPartOf\":{\"@id\":\"https:\/\/namthanh.com.vn\/en\/#website\"},\"datePublished\":\"2022-06-24T07:10:09+00:00\",\"dateModified\":\"2022-12-23T04:00:31+00:00\",\"breadcrumb\":{\"@id\":\"https:\/\/namthanh.com.vn\/en\/k10\/#breadcrumb\"},\"inLanguage\":\"en-US\",\"potentialAction\":[{\"@type\":\"ReadAction\",\"target\":[\"https:\/\/namthanh.com.vn\/en\/k10\/\"]}]},{\"@type\":\"BreadcrumbList\",\"@id\":\"https:\/\/namthanh.com.vn\/en\/k10\/#breadcrumb\",\"itemListElement\":[{\"@type\":\"ListItem\",\"position\":1,\"name\":\"Home\",\"item\":\"https:\/\/namthanh.com.vn\/en\/\"},{\"@type\":\"ListItem\",\"position\":2,\"name\":\"Shop\",\"item\":\"https:\/\/namthanh.com.vn\/en\/shop\/\"},{\"@type\":\"ListItem\",\"position\":3,\"name\":\"Product\",\"item\":\"https:\/\/namthanh.com.vn\/en\/product\/\"},{\"@type\":\"ListItem\",\"position\":4,\"name\":\"K10\"}]},{\"@type\":\"WebSite\",\"@id\":\"https:\/\/namthanh.com.vn\/en\/#website\",\"url\":\"https:\/\/namthanh.com.vn\/en\/\",\"name\":\"Nam Th\u00e0nh\",\"description\":\"HTH\",\"potentialAction\":[{\"@type\":\"SearchAction\",\"target\":{\"@type\":\"EntryPoint\",\"urlTemplate\":\"https:\/\/namthanh.com.vn\/en\/?s={search_term_string}\"},\"query-input\":\"required name=search_term_string\"}],\"inLanguage\":\"en-US\"}]}<\/script>\n<!-- \/ Yoast SEO plugin. -->","yoast_head_json":{"title":"K10 - Nam Th\u00e0nh","robots":{"index":"index","follow":"follow","max-snippet":"max-snippet:-1","max-image-preview":"max-image-preview:large","max-video-preview":"max-video-preview:-1"},"canonical":"https:\/\/namthanh.com.vn\/en\/k10\/","og_locale":"en_US","og_type":"article","og_title":"K10 - Nam Th\u00e0nh","og_description":"B\u00e0n ph\u00edm s\u1ed1 Rapoo K10 &#8211; Tr\u1ee3 th\u1ee7 \u0111\u1eafc l\u1ef1c c\u1ee7a b\u1ea1n Comfortable Rapoo K10 is designed to support numeric keypad input, for those who use laptops without numeric keypads, or keyboards with Tenkeyless layout. Button quality is good Rapoo K10 is designed with abs plastic material, the buttons are laser engraved to prevent fading...","og_url":"https:\/\/namthanh.com.vn\/en\/k10\/","og_site_name":"Nam Th\u00e0nh","article_modified_time":"2022-12-23T04:00:31+00:00","og_image":[{"width":850,"height":850,"url":"https:\/\/namthanh.com.vn\/en\/wp-content\/uploads\/2022\/06\/K10.jpg","type":"image\/jpeg"}],"twitter_card":"summary_large_image","twitter_misc":{"Est. reading time":"2 minutes"},"schema":{"@context":"https:\/\/schema.org","@graph":[{"@type":"WebPage","@id":"https:\/\/namthanh.com.vn\/en\/k10\/","url":"https:\/\/namthanh.com.vn\/en\/k10\/","name":"K10 - Nam Th\u00e0nh","isPartOf":{"@id":"https:\/\/namthanh.com.vn\/en\/#website"},"datePublished":"2022-06-24T07:10:09+00:00","dateModified":"2022-12-23T04:00:31+00:00","breadcrumb":{"@id":"https:\/\/namthanh.com.vn\/en\/k10\/#breadcrumb"},"inLanguage":"en-US","potentialAction":[{"@type":"ReadAction","target":["https:\/\/namthanh.com.vn\/en\/k10\/"]}]},{"@type":"BreadcrumbList","@id":"https:\/\/namthanh.com.vn\/en\/k10\/#breadcrumb","itemListElement":[{"@type":"ListItem","position":1,"name":"Home","item":"https:\/\/namthanh.com.vn\/en\/"},{"@type":"ListItem","position":2,"name":"Shop","item":"https:\/\/namthanh.com.vn\/en\/shop\/"},{"@type":"ListItem","position":3,"name":"Product","item":"https:\/\/namthanh.com.vn\/en\/product\/"},{"@type":"ListItem","position":4,"name":"K10"}]},{"@type":"WebSite","@id":"https:\/\/namthanh.com.vn\/en\/#website","url":"https:\/\/namthanh.com.vn\/en\/","name":"Nam Th\u00e0nh","description":"HTH","potentialAction":[{"@type":"SearchAction","target":{"@type":"EntryPoint","urlTemplate":"https:\/\/namthanh.com.vn\/en\/?s={search_term_string}"},"query-input":"required name=search_term_string"}],"inLanguage":"en-US"}]}},"_links":{"self":[{"href":"https:\/\/namthanh.com.vn\/en\/wp-json\/wp\/v2\/product\/2774"}],"collection":[{"href":"https:\/\/namthanh.com.vn\/en\/wp-json\/wp\/v2\/product"}],"about":[{"href":"https:\/\/namthanh.com.vn\/en\/wp-json\/wp\/v2\/types\/product"}],"replies":[{"embeddable":true,"href":"https:\/\/namthanh.com.vn\/en\/wp-json\/wp\/v2\/comments?post=2774"}],"wp:featuredmedia":[{"embeddable":true,"href":"https:\/\/namthanh.com.vn\/en\/wp-json\/wp\/v2\/media\/2775"}],"wp:attachment":[{"href":"https:\/\/namthanh.com.vn\/en\/wp-json\/wp\/v2\/media?parent=2774"}],"wp:term":[{"taxonomy":"product_cat","embeddable":true,"href":"https:\/\/namthanh.com.vn\/en\/wp-json\/wp\/v2\/product_cat?post=2774"},{"taxonomy":"product_tag","embeddable":true,"href":"https:\/\/namthanh.com.vn\/en\/wp-json\/wp\/v2\/product_tag?post=2774"}],"curies":[{"name":"wp","href":"https:\/\/api.w.org\/{rel}","templated":true}]}}