{"id":2778,"date":"2022-06-24T14:20:57","date_gmt":"2022-06-24T07:20:57","guid":{"rendered":"https:\/\/microlab.vn\/?post_type=product&#038;p=2778"},"modified":"2022-06-24T14:20:57","modified_gmt":"2022-06-24T07:20:57","slug":"h100","status":"publish","type":"product","link":"https:\/\/namthanh.com.vn\/en\/h100\/","title":{"rendered":"H100"},"content":{"rendered":"<p style=\"text-align: justify;\"><span style=\"color: #282828; font-size: 100%;\"><strong>Tai nghe ch\u1ee5p tai Rapoo H100\u00a0<\/strong><\/span><\/p>\n<p style=\"text-align: justify;\"><span style=\"color: #282828; font-size: 100%;\"><strong>Thi\u1ebft k\u1ebf g\u1ecdn nh\u1eb9, c\u00e1 t\u00ednh v\u1edbi \u0111\u1ed9 co gi\u00e3n t\u1ed1t cho c\u1ea3m gi\u00e1c \u0111eo tho\u1ea3i m\u00e1i<\/strong><\/span><\/p>\n<p style=\"text-align: justify;\"><span style=\"color: #282828; font-size: 100%;\"><strong>Tai nghe\u00a0ch\u1ee5p tai Rapoo H100<\/strong>\u00a0\u0111\u01b0\u1ee3c thi\u1ebft k\u1ebf theo h\u01b0\u1edbng gaming nh\u01b0ng l\u1ea1i mang \u0111\u1ebfn k\u00edch th\u01b0\u1edbc g\u1ecdn nh\u1eb9 t\u1ed1i \u01b0u cho c\u1ea3m gi\u00e1c \u00eam tai v\u00e0 ph\u00f9 h\u1ee3p v\u1edbi m\u1ecdi \u0111\u1ed1i t\u01b0\u1ee3ng. <img loading=\"lazy\" class=\"alignnone size-medium wp-image-2779 aligncenter\" src=\"https:\/\/namthanh.com.vn\/en\/wp-content\/uploads\/2022\/06\/H100-600x400.jpg\" alt=\"\" width=\"600\" height=\"400\" srcset=\"https:\/\/namthanh.com.vn\/en\/wp-content\/uploads\/2022\/06\/H100-600x400.jpg 600w, https:\/\/namthanh.com.vn\/en\/wp-content\/uploads\/2022\/06\/H100-768x512.jpg 768w, https:\/\/namthanh.com.vn\/en\/wp-content\/uploads\/2022\/06\/H100-300x200.jpg 300w, https:\/\/namthanh.com.vn\/en\/wp-content\/uploads\/2022\/06\/H100.jpg 1020w\" sizes=\"(max-width: 600px) 100vw, 600px\" \/><\/span><\/p>\n<p style=\"text-align: justify;\">\n<p style=\"text-align: justify;\">\n<p style=\"text-align: justify;\"><span style=\"color: #282828; font-size: 100%;\">Tai nghe c\u00f3 \u0111\u1ed9 t\u01b0\u01a1ng th\u00edch cao, khi c\u00f3 th\u1ec3 d\u00f9ng \u0111\u01b0\u1ee3c v\u1edbi PC, laptop, VOIP th\u00f4ng qua v\u1edbi 2 jack c\u1eafm 3.5mm c\u00f3 \u0111\u1ed9 d\u00e0i 2m.<\/span><\/p>\n<p style=\"text-align: justify;\"><span style=\"color: #282828; font-size: 100%;\">V\u1edbi s\u1ea3n ph\u1ea9m n\u00e0y, b\u1ea1n s\u1ebd kh\u00f4ng lo b\u1ecb \u0111au nh\u1ee9c tai khi \u0111eo trong th\u1eddi gian d\u00e0i, b\u1edfi v\u00ec, ph\u1ea7n khung \u0111eo \u0111\u01b0\u1ee3c thi\u1ebft k\u1ebf thanh m\u1ea3nh, c\u00f3 \u0111\u1ed9 co gi\u00e3n t\u1ed1t. \u0110\u1ed3ng th\u1eddi, \u0111\u1ec7m tai d\u00e0y \u0111\u01b0\u1ee3c l\u00e0m t\u1eeb v\u1eadt li\u1ec7u m\u1ec1m, \u00eam \u00e1i, kh\u00f4ng g\u00e2y kh\u00f3 ch\u1ecbu m\u00e0 c\u00f2n mang \u0111\u1ebfn \u00e2m thanh ch\u1ea5t l\u01b0\u1ee3ng.<\/span><\/p>\n<p style=\"text-align: justify;\"><span style=\"color: #282828; font-size: 100%;\"><img loading=\"lazy\" class=\"size-medium wp-image-2783 aligncenter\" src=\"https:\/\/namthanh.com.vn\/en\/wp-content\/uploads\/2022\/06\/H104-600x400.jpg\" alt=\"\" width=\"600\" height=\"400\" srcset=\"https:\/\/namthanh.com.vn\/en\/wp-content\/uploads\/2022\/06\/H104-600x400.jpg 600w, https:\/\/namthanh.com.vn\/en\/wp-content\/uploads\/2022\/06\/H104-768x512.jpg 768w, https:\/\/namthanh.com.vn\/en\/wp-content\/uploads\/2022\/06\/H104-300x200.jpg 300w, https:\/\/namthanh.com.vn\/en\/wp-content\/uploads\/2022\/06\/H104.jpg 1020w\" sizes=\"(max-width: 600px) 100vw, 600px\" \/><\/span><\/p>\n<p style=\"text-align: justify;\"><span style=\"color: #282828; font-size: 100%;\"><strong>Ch\u1ea5t \u00e2m trong tr\u1ebbo, t\u00edch h\u1ee3p th\u00eam mic ch\u1ed1ng \u1ed3n<\/strong><\/span><\/p>\n<p style=\"text-align: justify;\"><span style=\"color: #282828; font-size: 100%;\">Tai nghe ch\u1ee5p tai Rapoo H100 gi\u00fap b\u1ea1n tr\u1ea3i nghi\u1ec7m \u0111\u01b0\u1ee3c m\u1ecdi th\u1ec3 lo\u1ea1i nh\u1ea1c t\u1eeb nh\u1ea1c s\u00f4i \u0111\u1ed9ng \u0111\u1ebfn c\u00e1c b\u1ea3n nh\u1ea1c tr\u1eef t\u00ecnh \u0111\u1ec1u v\u00f4 c\u00f9ng trong tr\u1ebbo v\u00e0 ch\u00e2n th\u1ef1c, ngay c\u1ea3 \u00e2m thanh l\u00f4i cu\u1ed1n trong game.<\/span><\/p>\n<p style=\"text-align: justify;\"><span style=\"color: #282828; font-size: 100%;\"><img loading=\"lazy\" class=\"alignnone  wp-image-2780\" src=\"https:\/\/namthanh.com.vn\/en\/wp-content\/uploads\/2022\/06\/H101-600x400.jpg\" alt=\"\" width=\"437\" height=\"291\" srcset=\"https:\/\/namthanh.com.vn\/en\/wp-content\/uploads\/2022\/06\/H101-600x400.jpg 600w, https:\/\/namthanh.com.vn\/en\/wp-content\/uploads\/2022\/06\/H101-768x512.jpg 768w, https:\/\/namthanh.com.vn\/en\/wp-content\/uploads\/2022\/06\/H101-300x200.jpg 300w, https:\/\/namthanh.com.vn\/en\/wp-content\/uploads\/2022\/06\/H101.jpg 1020w\" sizes=\"(max-width: 437px) 100vw, 437px\" \/> <img loading=\"lazy\" class=\"alignnone  wp-image-2781\" src=\"https:\/\/namthanh.com.vn\/en\/wp-content\/uploads\/2022\/06\/H102-600x400.jpg\" alt=\"\" width=\"436\" height=\"291\" srcset=\"https:\/\/namthanh.com.vn\/en\/wp-content\/uploads\/2022\/06\/H102-600x400.jpg 600w, https:\/\/namthanh.com.vn\/en\/wp-content\/uploads\/2022\/06\/H102-768x512.jpg 768w, https:\/\/namthanh.com.vn\/en\/wp-content\/uploads\/2022\/06\/H102-300x200.jpg 300w, https:\/\/namthanh.com.vn\/en\/wp-content\/uploads\/2022\/06\/H102.jpg 1020w\" sizes=\"(max-width: 436px) 100vw, 436px\" \/><\/span><\/p>\n<p style=\"text-align: justify;\"><span style=\"color: #282828; font-size: 100%;\">B\u00ean c\u1ea1nh \u0111\u00f3, tai nghe c\u00f2n t\u00edch h\u1ee3p th\u00eam mic ch\u1ed1ng \u1ed3n cho b\u1ea1n th\u1ef1c hi\u1ec7n c\u00e1c nhu c\u1ea7u giao ti\u1ebfp c\u1ee7a m\u00ecnh nh\u01b0 g\u1ecdi \u0111i\u1ec7n, h\u1ecdc online hay livestream c\u00f9ng kh\u1ea3 n\u0103ng \u0111i\u1ec1u ch\u1ec9nh xoay d\u1ec5 d\u00e0ng.<\/span><\/p>\n<p style=\"text-align: justify;\">\n","protected":false},"excerpt":{"rendered":"<p>Tai nghe ch\u1ee5p tai Rapoo H100\u00a0 Thi\u1ebft k\u1ebf g\u1ecdn nh\u1eb9, c\u00e1 t\u00ednh v\u1edbi \u0111\u1ed9 co gi\u00e3n t\u1ed1t cho c\u1ea3m gi\u00e1c \u0111eo tho\u1ea3i m\u00e1i Tai nghe\u00a0ch\u1ee5p tai Rapoo H100\u00a0\u0111\u01b0\u1ee3c thi\u1ebft k\u1ebf theo h\u01b0\u1edbng gaming nh\u01b0ng l\u1ea1i mang \u0111\u1ebfn k\u00edch th\u01b0\u1edbc g\u1ecdn nh\u1eb9 t\u1ed1i \u01b0u cho c\u1ea3m gi\u00e1c \u00eam tai v\u00e0 ph\u00f9 h\u1ee3p v\u1edbi m\u1ecdi \u0111\u1ed1i t\u01b0\u1ee3ng&#8230;.<\/p>\n","protected":false},"featured_media":2784,"comment_status":"closed","ping_status":"closed","template":"","meta":[],"product_cat":[137,73,92],"product_tag":[],"yoast_head":"<!-- This site is optimized with the Yoast SEO plugin v19.5.1 - https:\/\/yoast.com\/wordpress\/plugins\/seo\/ -->\n<title>H100 - Nam Th\u00e0nh<\/title>\n<meta name=\"robots\" content=\"index, follow, max-snippet:-1, max-image-preview:large, max-video-preview:-1\" \/>\n<link rel=\"canonical\" href=\"https:\/\/namthanh.com.vn\/en\/h100\/\" \/>\n<meta property=\"og:locale\" content=\"en_US\" \/>\n<meta property=\"og:type\" content=\"article\" \/>\n<meta property=\"og:title\" content=\"H100 - Nam Th\u00e0nh\" \/>\n<meta property=\"og:description\" content=\"Tai nghe ch\u1ee5p tai Rapoo H100\u00a0 Thi\u1ebft k\u1ebf g\u1ecdn nh\u1eb9, c\u00e1 t\u00ednh v\u1edbi \u0111\u1ed9 co gi\u00e3n t\u1ed1t cho c\u1ea3m gi\u00e1c \u0111eo tho\u1ea3i m\u00e1i Tai nghe\u00a0ch\u1ee5p tai Rapoo H100\u00a0\u0111\u01b0\u1ee3c thi\u1ebft k\u1ebf theo h\u01b0\u1edbng gaming nh\u01b0ng l\u1ea1i mang \u0111\u1ebfn k\u00edch th\u01b0\u1edbc g\u1ecdn nh\u1eb9 t\u1ed1i \u01b0u cho c\u1ea3m gi\u00e1c \u00eam tai v\u00e0 ph\u00f9 h\u1ee3p v\u1edbi m\u1ecdi \u0111\u1ed1i t\u01b0\u1ee3ng....\" \/>\n<meta property=\"og:url\" content=\"https:\/\/namthanh.com.vn\/en\/h100\/\" \/>\n<meta property=\"og:site_name\" content=\"Nam Th\u00e0nh\" \/>\n<meta property=\"og:image\" content=\"https:\/\/namthanh.com.vn\/en\/wp-content\/uploads\/2022\/06\/H106.jpg\" \/>\n\t<meta property=\"og:image:width\" content=\"358\" \/>\n\t<meta property=\"og:image:height\" content=\"358\" \/>\n\t<meta property=\"og:image:type\" content=\"image\/jpeg\" \/>\n<meta name=\"twitter:card\" content=\"summary_large_image\" \/>\n<meta name=\"twitter:label1\" content=\"Est. reading time\" \/>\n\t<meta name=\"twitter:data1\" content=\"2 minutes\" \/>\n<script type=\"application\/ld+json\" class=\"yoast-schema-graph\">{\"@context\":\"https:\/\/schema.org\",\"@graph\":[{\"@type\":\"WebPage\",\"@id\":\"https:\/\/namthanh.com.vn\/en\/h100\/\",\"url\":\"https:\/\/namthanh.com.vn\/en\/h100\/\",\"name\":\"H100 - Nam Th\u00e0nh\",\"isPartOf\":{\"@id\":\"https:\/\/namthanh.com.vn\/en\/#website\"},\"datePublished\":\"2022-06-24T07:20:57+00:00\",\"dateModified\":\"2022-06-24T07:20:57+00:00\",\"breadcrumb\":{\"@id\":\"https:\/\/namthanh.com.vn\/en\/h100\/#breadcrumb\"},\"inLanguage\":\"en-US\",\"potentialAction\":[{\"@type\":\"ReadAction\",\"target\":[\"https:\/\/namthanh.com.vn\/en\/h100\/\"]}]},{\"@type\":\"BreadcrumbList\",\"@id\":\"https:\/\/namthanh.com.vn\/en\/h100\/#breadcrumb\",\"itemListElement\":[{\"@type\":\"ListItem\",\"position\":1,\"name\":\"Home\",\"item\":\"https:\/\/namthanh.com.vn\/en\/\"},{\"@type\":\"ListItem\",\"position\":2,\"name\":\"Shop\",\"item\":\"https:\/\/namthanh.com.vn\/en\/shop\/\"},{\"@type\":\"ListItem\",\"position\":3,\"name\":\"Product\",\"item\":\"https:\/\/namthanh.com.vn\/en\/product\/\"},{\"@type\":\"ListItem\",\"position\":4,\"name\":\"H100\"}]},{\"@type\":\"WebSite\",\"@id\":\"https:\/\/namthanh.com.vn\/en\/#website\",\"url\":\"https:\/\/namthanh.com.vn\/en\/\",\"name\":\"Nam Th\u00e0nh\",\"description\":\"HTH\",\"potentialAction\":[{\"@type\":\"SearchAction\",\"target\":{\"@type\":\"EntryPoint\",\"urlTemplate\":\"https:\/\/namthanh.com.vn\/en\/?s={search_term_string}\"},\"query-input\":\"required name=search_term_string\"}],\"inLanguage\":\"en-US\"}]}<\/script>\n<!-- \/ Yoast SEO plugin. -->","yoast_head_json":{"title":"H100 - Nam Th\u00e0nh","robots":{"index":"index","follow":"follow","max-snippet":"max-snippet:-1","max-image-preview":"max-image-preview:large","max-video-preview":"max-video-preview:-1"},"canonical":"https:\/\/namthanh.com.vn\/en\/h100\/","og_locale":"en_US","og_type":"article","og_title":"H100 - Nam Th\u00e0nh","og_description":"Tai nghe ch\u1ee5p tai Rapoo H100\u00a0 Thi\u1ebft k\u1ebf g\u1ecdn nh\u1eb9, c\u00e1 t\u00ednh v\u1edbi \u0111\u1ed9 co gi\u00e3n t\u1ed1t cho c\u1ea3m gi\u00e1c \u0111eo tho\u1ea3i m\u00e1i Tai nghe\u00a0ch\u1ee5p tai Rapoo H100\u00a0\u0111\u01b0\u1ee3c thi\u1ebft k\u1ebf theo h\u01b0\u1edbng gaming nh\u01b0ng l\u1ea1i mang \u0111\u1ebfn k\u00edch th\u01b0\u1edbc g\u1ecdn nh\u1eb9 t\u1ed1i \u01b0u cho c\u1ea3m gi\u00e1c \u00eam tai v\u00e0 ph\u00f9 h\u1ee3p v\u1edbi m\u1ecdi \u0111\u1ed1i t\u01b0\u1ee3ng....","og_url":"https:\/\/namthanh.com.vn\/en\/h100\/","og_site_name":"Nam Th\u00e0nh","og_image":[{"width":358,"height":358,"url":"https:\/\/namthanh.com.vn\/en\/wp-content\/uploads\/2022\/06\/H106.jpg","type":"image\/jpeg"}],"twitter_card":"summary_large_image","twitter_misc":{"Est. reading time":"2 minutes"},"schema":{"@context":"https:\/\/schema.org","@graph":[{"@type":"WebPage","@id":"https:\/\/namthanh.com.vn\/en\/h100\/","url":"https:\/\/namthanh.com.vn\/en\/h100\/","name":"H100 - Nam Th\u00e0nh","isPartOf":{"@id":"https:\/\/namthanh.com.vn\/en\/#website"},"datePublished":"2022-06-24T07:20:57+00:00","dateModified":"2022-06-24T07:20:57+00:00","breadcrumb":{"@id":"https:\/\/namthanh.com.vn\/en\/h100\/#breadcrumb"},"inLanguage":"en-US","potentialAction":[{"@type":"ReadAction","target":["https:\/\/namthanh.com.vn\/en\/h100\/"]}]},{"@type":"BreadcrumbList","@id":"https:\/\/namthanh.com.vn\/en\/h100\/#breadcrumb","itemListElement":[{"@type":"ListItem","position":1,"name":"Home","item":"https:\/\/namthanh.com.vn\/en\/"},{"@type":"ListItem","position":2,"name":"Shop","item":"https:\/\/namthanh.com.vn\/en\/shop\/"},{"@type":"ListItem","position":3,"name":"Product","item":"https:\/\/namthanh.com.vn\/en\/product\/"},{"@type":"ListItem","position":4,"name":"H100"}]},{"@type":"WebSite","@id":"https:\/\/namthanh.com.vn\/en\/#website","url":"https:\/\/namthanh.com.vn\/en\/","name":"Nam Th\u00e0nh","description":"HTH","potentialAction":[{"@type":"SearchAction","target":{"@type":"EntryPoint","urlTemplate":"https:\/\/namthanh.com.vn\/en\/?s={search_term_string}"},"query-input":"required name=search_term_string"}],"inLanguage":"en-US"}]}},"_links":{"self":[{"href":"https:\/\/namthanh.com.vn\/en\/wp-json\/wp\/v2\/product\/2778"}],"collection":[{"href":"https:\/\/namthanh.com.vn\/en\/wp-json\/wp\/v2\/product"}],"about":[{"href":"https:\/\/namthanh.com.vn\/en\/wp-json\/wp\/v2\/types\/product"}],"replies":[{"embeddable":true,"href":"https:\/\/namthanh.com.vn\/en\/wp-json\/wp\/v2\/comments?post=2778"}],"wp:featuredmedia":[{"embeddable":true,"href":"https:\/\/namthanh.com.vn\/en\/wp-json\/wp\/v2\/media\/2784"}],"wp:attachment":[{"href":"https:\/\/namthanh.com.vn\/en\/wp-json\/wp\/v2\/media?parent=2778"}],"wp:term":[{"taxonomy":"product_cat","embeddable":true,"href":"https:\/\/namthanh.com.vn\/en\/wp-json\/wp\/v2\/product_cat?post=2778"},{"taxonomy":"product_tag","embeddable":true,"href":"https:\/\/namthanh.com.vn\/en\/wp-json\/wp\/v2\/product_tag?post=2778"}],"curies":[{"name":"wp","href":"https:\/\/api.w.org\/{rel}","templated":true}]}}