{"id":2786,"date":"2022-06-24T14:31:36","date_gmt":"2022-06-24T07:31:36","guid":{"rendered":"https:\/\/microlab.vn\/?post_type=product&#038;p=2786"},"modified":"2022-06-24T14:31:37","modified_gmt":"2022-06-24T07:31:37","slug":"h120","status":"publish","type":"product","link":"https:\/\/namthanh.com.vn\/en\/h120\/","title":{"rendered":"H120"},"content":{"rendered":"<div class=\"ty-product-block__wrapper clearfix\">\n<div class=\"ty-product-block__img-wrapper\">\n<div id=\"product_images_22323_update\" class=\"ty-product-block__img cm-reload-22323\" data-ca-previewer=\"true\"><\/div>\n<\/div>\n<div class=\"ty-product-block__left\">\n<form class=\"cm-disable-empty-files cm-ajax cm-ajax-full-render cm-ajax-status-middle cm-processed-form\" action=\"https:\/\/chiemtaimobile.vn\/\" enctype=\"multipart\/form-data\" method=\"post\" name=\"product_form_22323\">\n<div class=\"intro-description v-1\"><i class=\"fa fa-check-circle\"><\/i><span style=\"color: #282828; font-size: 100%;\"><strong>Tai nghe ch\u1ee5p tai Rapoo H120<\/strong>\u00a0m\u1ed9t l\u1ef1a ch\u1ecdn h\u1ee3p l\u00fd cho ng\u01b0\u1eddi d\u00f9ng c\u00f3 nhu c\u1ea7u nghe nh\u1ea1c, \u0111\u00e0m tho\u1ea1i \u0111\u01a1n gi\u1ea3n v\u1edbi \u00e2m thanh r\u00f5 r\u00e0ng, trung th\u1ef1c v\u00e0 trong tr\u1ebbo nh\u1ea5t.<\/span><br \/>\n<span style=\"color: #282828; font-size: 100%;\"><img loading=\"lazy\" class=\"alignnone size-medium wp-image-2787 aligncenter\" src=\"https:\/\/namthanh.com.vn\/en\/wp-content\/uploads\/2022\/06\/H120-400x400.jpg\" alt=\"\" width=\"400\" height=\"400\" srcset=\"https:\/\/namthanh.com.vn\/en\/wp-content\/uploads\/2022\/06\/H120-400x400.jpg 400w, https:\/\/namthanh.com.vn\/en\/wp-content\/uploads\/2022\/06\/H120-800x800.jpg 800w, https:\/\/namthanh.com.vn\/en\/wp-content\/uploads\/2022\/06\/H120-280x280.jpg 280w, https:\/\/namthanh.com.vn\/en\/wp-content\/uploads\/2022\/06\/H120-768x768.jpg 768w, https:\/\/namthanh.com.vn\/en\/wp-content\/uploads\/2022\/06\/H120-300x300.jpg 300w, https:\/\/namthanh.com.vn\/en\/wp-content\/uploads\/2022\/06\/H120-600x600.jpg 600w, https:\/\/namthanh.com.vn\/en\/wp-content\/uploads\/2022\/06\/H120-100x100.jpg 100w, https:\/\/namthanh.com.vn\/en\/wp-content\/uploads\/2022\/06\/H120.jpg 850w\" sizes=\"(max-width: 400px) 100vw, 400px\" \/><\/span><\/div>\n<\/form>\n<\/div>\n<\/div>\n<div class=\"row-fluid\">\n<div class=\"ja-pro-left span10\">\n<div id=\"tabs_content\" class=\"cm-tabs-content ty-tabs__content clearfix\">\n<div id=\"content_description\" class=\"ty-wysiwyg-content content-description\">\n<h1><span style=\"color: #282828; font-size: 100%;\">\u01afu \u00a0\u0111i\u1ec3m tai nghe ch\u1ee5p tai Rapoo H120<\/span><\/h1>\n<p><span style=\"font-size: 100%;\"><span style=\"color: #282828;\"><strong>Rapoo H120 <\/strong>\u00a0\u0111\u1eb7c bi\u1ec7t n\u1ed5i b\u1eadt v\u1edbi thi\u1ebft k\u1ebf hi\u1ec7n \u0111\u1ea1i, ch\u1eafc ch\u1eafn \u0111i k\u00e8m nhi\u1ec1u c\u00f4ng ngh\u1ec7 \u00e2m thanh hi\u1ec7n \u0111\u1ea1i,&#8230;Ch\u00ednh v\u00ec v\u1eady, v\u1edbi nhu c\u1ea7u nghe nh\u1ea1c, \u0111\u00e0m tho\u1ea1i th\u00f4ng th\u01b0\u1eddng th\u00ec \u0111\u00e2y ch\u1eafc ch\u1eafn l\u00e0 l\u1ef1a ch\u1ecdn h\u1ee3p l\u00fd nh\u1ea5t c\u1ee7a b\u1ea1n.<\/span><span style=\"color: #282828;\"><img loading=\"lazy\" class=\"size-medium wp-image-2788 aligncenter\" src=\"https:\/\/namthanh.com.vn\/en\/wp-content\/uploads\/2022\/06\/H121-400x400.jpg\" alt=\"\" width=\"400\" height=\"400\" srcset=\"https:\/\/namthanh.com.vn\/en\/wp-content\/uploads\/2022\/06\/H121-400x400.jpg 400w, https:\/\/namthanh.com.vn\/en\/wp-content\/uploads\/2022\/06\/H121-280x280.jpg 280w, https:\/\/namthanh.com.vn\/en\/wp-content\/uploads\/2022\/06\/H121-300x300.jpg 300w, https:\/\/namthanh.com.vn\/en\/wp-content\/uploads\/2022\/06\/H121-100x100.jpg 100w, https:\/\/namthanh.com.vn\/en\/wp-content\/uploads\/2022\/06\/H121.jpg 600w\" sizes=\"(max-width: 400px) 100vw, 400px\" \/><\/span><\/span><\/p>\n<h2><span style=\"color: #282828; font-size: 100%;\">Thi\u1ebft k\u1ebf n\u0103ng \u0111\u1ed9ng, g\u1ecdn nh\u1eb9<\/span><\/h2>\n<p><span style=\"font-size: 100%;\"><span style=\"color: #282828;\"><strong>Tai nghe Rapoo H120<\/strong>\u00a0thu\u1ed9c d\u1ea1ng\u00a0<strong>tai nghe ch\u1ee5p \u0111\u1ea7u<\/strong>\u00a0v\u1edbi k\u1ebft c\u1ea5u \u0111\u01b0\u1ee3c thi\u1ebft k\u1ebf t\u1ed1i \u01b0u mang l\u1ea1i cho ng\u01b0\u1eddi d\u00f9ng c\u1ea3m gi\u00e1c c\u1ef1c k\u00ec g\u1ecdn g\u00e0ng v\u00e0 d\u1ec5 ch\u1ecbu khi \u0111eo. Tai nghe \u0111\u01b0\u1ee3c thi\u1ebft k\u1ebf \u00f4m kh\u00edt m\u1ecdi k\u00edch c\u1ee1 \u0111\u1ea7u v\u1edbi h\u1ec7 th\u1ed1ng treo d\u1ec5 d\u00e0ng t\u00f9y ch\u1ec9nh, t\u1ea1o c\u1ea3m gi\u00e1c d\u1ec5 ch\u1ecbu v\u00e0 kh\u00f4ng g\u00e2y kh\u00f3 ch\u1ecbu khi s\u1eed d\u1ee5ng trong th\u1eddi gian d\u00e0i. C\u00fap tai \u0111\u01b0\u1ee3c b\u1ecdc \u0111\u1ec7m \u00eam \u00e1i kh\u00f4ng ch\u1ec9 cho hi\u1ec7u qu\u1ea3 c\u00e1ch \u00e2m t\u1ed1t, n\u00e2ng cao hi\u1ec7u qu\u1ea3 \u00e2m thanh m\u00e0 c\u00f2n mang \u0111\u1ebfn c\u1ea3m gi\u00e1c \u00eam tai cho ng\u01b0\u1eddi d\u00f9ng.<\/span><span style=\"color: #282828;\"><img loading=\"lazy\" class=\"alignnone size-medium wp-image-2789 aligncenter\" src=\"https:\/\/namthanh.com.vn\/en\/wp-content\/uploads\/2022\/06\/H122-400x400.jpg\" alt=\"\" width=\"400\" height=\"400\" srcset=\"https:\/\/namthanh.com.vn\/en\/wp-content\/uploads\/2022\/06\/H122-400x400.jpg 400w, https:\/\/namthanh.com.vn\/en\/wp-content\/uploads\/2022\/06\/H122-280x280.jpg 280w, https:\/\/namthanh.com.vn\/en\/wp-content\/uploads\/2022\/06\/H122-300x300.jpg 300w, https:\/\/namthanh.com.vn\/en\/wp-content\/uploads\/2022\/06\/H122-100x100.jpg 100w, https:\/\/namthanh.com.vn\/en\/wp-content\/uploads\/2022\/06\/H122.jpg 600w\" sizes=\"(max-width: 400px) 100vw, 400px\" \/><\/span><\/span><\/p>\n<h2><span style=\"color: #282828; font-size: 100%;\">\u00c2m thanh r\u00f5 r\u00e0ng, s\u1ed1ng \u0111\u1ed9ng<\/span><\/h2>\n<p><span style=\"font-size: 100%;\"><span style=\"color: #282828;\"><strong>Rapoo H120<\/strong>\u00a0s\u1eed d\u1ee5ng m\u00e0ng loa v\u1edbi k\u00edch th\u01b0\u1edbc l\u1edbn\u00a040mm\u00a0\u0111i k\u00e8m \u00e2m thanh k\u0129 thu\u1eadt s\u1ed1 ch\u1ea5t l\u01b0\u1ee3ng cao mang \u0111\u1ebfn kh\u1ea3 n\u0103ng t\u00e1i t\u1ea1o \u00e2m thanh c\u1ef1c k\u00ec hi\u1ec7u qu\u1ea3, ch\u00e2n th\u1ef1c v\u00e0 chi ti\u1ebft. T\u1eeb \u0111\u00f3 \u0111\u00e1p \u1ee9ng t\u1ed1t cho m\u1ecdi nhu c\u1ea7u s\u1eed d\u1ee5ng \u00e2m thanh t\u1eeb nghe c\u00e1c th\u1ec3 lo\u1ea1i nh\u1ea1c kh\u00e1c nhau \u0111\u1ebfn \u0111\u00e0m tho\u1ea1i hay ch\u01a1i game.<\/span><span style=\"color: #282828;\">Micro \u0111\u00e0m tho\u1ea1i \u0111\u01b0\u1ee3c t\u00edch h\u1ee3p v\u1edbi kh\u1ea3 n\u0103ng \u0111i\u1ec1u ch\u1ec9nh 360 \u0111\u1ed9 cho ph\u00e9p b\u1ea1n c\u00f3 th\u1ec3 d\u1ec5 d\u00e0ng t\u00f9y ch\u1ec9nh g\u00f3c \u0111\u1ed9 mic \u0111\u1ec3 c\u00f3 th\u1ec3 thu \u0111\u01b0\u1ee3c \u00e2m thanh r\u00f5 r\u00e0ng v\u00e0 c\u00f3 ch\u1ea5t l\u01b0\u1ee3ng cao nh\u1ea5t.<\/span><span style=\"color: #282828;\"><a style=\"color: #282828;\" href=\"https:\/\/lh3.googleusercontent.com\/pw\/AM-JKLXQnjAZdhLwwa1LdmAXqZmy113YcDMepfA_PpeGePOMfklfkMi_UMeEqS7-mSx94uxKnCBSrVlFf9reYSuz4expPr6DWulmGduVDZODOIiI3Hw_CpJqFu6xBXsJYxnTJ9Zfbab7Kx7ODAiS5upgrCRn1A=s600-no?authuser=1\" target=\"_blank\" rel=\"noopener\"><img class=\"aligncenter\" src=\"https:\/\/lh3.googleusercontent.com\/pw\/AM-JKLXQnjAZdhLwwa1LdmAXqZmy113YcDMepfA_PpeGePOMfklfkMi_UMeEqS7-mSx94uxKnCBSrVlFf9reYSuz4expPr6DWulmGduVDZODOIiI3Hw_CpJqFu6xBXsJYxnTJ9Zfbab7Kx7ODAiS5upgrCRn1A=s600-no?authuser=1\" alt=\"\" \/><\/a><\/span><span style=\"color: #282828;\"><strong>S\u1ea3n ph\u1ea9m li\u00ean quan<\/strong><\/span><\/span><\/div>\n<\/div>\n<\/div>\n<\/div>\n","protected":false},"excerpt":{"rendered":"<p>Tai nghe ch\u1ee5p tai Rapoo H120\u00a0m\u1ed9t l\u1ef1a ch\u1ecdn h\u1ee3p l\u00fd cho ng\u01b0\u1eddi d\u00f9ng c\u00f3 nhu c\u1ea7u nghe nh\u1ea1c, \u0111\u00e0m tho\u1ea1i \u0111\u01a1n gi\u1ea3n v\u1edbi \u00e2m thanh r\u00f5 r\u00e0ng, trung th\u1ef1c v\u00e0 trong tr\u1ebbo nh\u1ea5t. \u01afu \u00a0\u0111i\u1ec3m tai nghe ch\u1ee5p tai Rapoo H120 Rapoo H120 \u00a0\u0111\u1eb7c bi\u1ec7t n\u1ed5i b\u1eadt v\u1edbi thi\u1ebft k\u1ebf hi\u1ec7n \u0111\u1ea1i, ch\u1eafc ch\u1eafn \u0111i&#8230;<\/p>\n","protected":false},"featured_media":2787,"comment_status":"closed","ping_status":"closed","template":"","meta":[],"product_cat":[137,73,92],"product_tag":[],"yoast_head":"<!-- This site is optimized with the Yoast SEO plugin v19.5.1 - https:\/\/yoast.com\/wordpress\/plugins\/seo\/ -->\n<title>H120 - Nam Th\u00e0nh<\/title>\n<meta name=\"robots\" content=\"index, follow, max-snippet:-1, max-image-preview:large, max-video-preview:-1\" \/>\n<link rel=\"canonical\" href=\"https:\/\/namthanh.com.vn\/en\/h120\/\" \/>\n<meta property=\"og:locale\" content=\"en_US\" \/>\n<meta property=\"og:type\" content=\"article\" \/>\n<meta property=\"og:title\" content=\"H120 - Nam Th\u00e0nh\" \/>\n<meta property=\"og:description\" content=\"Tai nghe ch\u1ee5p tai Rapoo H120\u00a0m\u1ed9t l\u1ef1a ch\u1ecdn h\u1ee3p l\u00fd cho ng\u01b0\u1eddi d\u00f9ng c\u00f3 nhu c\u1ea7u nghe nh\u1ea1c, \u0111\u00e0m tho\u1ea1i \u0111\u01a1n gi\u1ea3n v\u1edbi \u00e2m thanh r\u00f5 r\u00e0ng, trung th\u1ef1c v\u00e0 trong tr\u1ebbo nh\u1ea5t. \u01afu \u00a0\u0111i\u1ec3m tai nghe ch\u1ee5p tai Rapoo H120 Rapoo H120 \u00a0\u0111\u1eb7c bi\u1ec7t n\u1ed5i b\u1eadt v\u1edbi thi\u1ebft k\u1ebf hi\u1ec7n \u0111\u1ea1i, ch\u1eafc ch\u1eafn \u0111i...\" \/>\n<meta property=\"og:url\" content=\"https:\/\/namthanh.com.vn\/en\/h120\/\" \/>\n<meta property=\"og:site_name\" content=\"Nam Th\u00e0nh\" \/>\n<meta property=\"article:modified_time\" content=\"2022-06-24T07:31:37+00:00\" \/>\n<meta property=\"og:image\" content=\"https:\/\/namthanh.com.vn\/en\/wp-content\/uploads\/2022\/06\/H120.jpg\" \/>\n\t<meta property=\"og:image:width\" content=\"850\" \/>\n\t<meta property=\"og:image:height\" content=\"850\" \/>\n\t<meta property=\"og:image:type\" content=\"image\/jpeg\" \/>\n<meta name=\"twitter:card\" content=\"summary_large_image\" \/>\n<meta name=\"twitter:label1\" content=\"Est. reading time\" \/>\n\t<meta name=\"twitter:data1\" content=\"3 minutes\" \/>\n<script type=\"application\/ld+json\" class=\"yoast-schema-graph\">{\"@context\":\"https:\/\/schema.org\",\"@graph\":[{\"@type\":\"WebPage\",\"@id\":\"https:\/\/namthanh.com.vn\/en\/h120\/\",\"url\":\"https:\/\/namthanh.com.vn\/en\/h120\/\",\"name\":\"H120 - Nam Th\u00e0nh\",\"isPartOf\":{\"@id\":\"https:\/\/namthanh.com.vn\/en\/#website\"},\"datePublished\":\"2022-06-24T07:31:36+00:00\",\"dateModified\":\"2022-06-24T07:31:37+00:00\",\"breadcrumb\":{\"@id\":\"https:\/\/namthanh.com.vn\/en\/h120\/#breadcrumb\"},\"inLanguage\":\"en-US\",\"potentialAction\":[{\"@type\":\"ReadAction\",\"target\":[\"https:\/\/namthanh.com.vn\/en\/h120\/\"]}]},{\"@type\":\"BreadcrumbList\",\"@id\":\"https:\/\/namthanh.com.vn\/en\/h120\/#breadcrumb\",\"itemListElement\":[{\"@type\":\"ListItem\",\"position\":1,\"name\":\"Home\",\"item\":\"https:\/\/namthanh.com.vn\/en\/\"},{\"@type\":\"ListItem\",\"position\":2,\"name\":\"Shop\",\"item\":\"https:\/\/namthanh.com.vn\/en\/shop\/\"},{\"@type\":\"ListItem\",\"position\":3,\"name\":\"Product\",\"item\":\"https:\/\/namthanh.com.vn\/en\/product\/\"},{\"@type\":\"ListItem\",\"position\":4,\"name\":\"H120\"}]},{\"@type\":\"WebSite\",\"@id\":\"https:\/\/namthanh.com.vn\/en\/#website\",\"url\":\"https:\/\/namthanh.com.vn\/en\/\",\"name\":\"Nam Th\u00e0nh\",\"description\":\"HTH\",\"potentialAction\":[{\"@type\":\"SearchAction\",\"target\":{\"@type\":\"EntryPoint\",\"urlTemplate\":\"https:\/\/namthanh.com.vn\/en\/?s={search_term_string}\"},\"query-input\":\"required name=search_term_string\"}],\"inLanguage\":\"en-US\"}]}<\/script>\n<!-- \/ Yoast SEO plugin. -->","yoast_head_json":{"title":"H120 - Nam Th\u00e0nh","robots":{"index":"index","follow":"follow","max-snippet":"max-snippet:-1","max-image-preview":"max-image-preview:large","max-video-preview":"max-video-preview:-1"},"canonical":"https:\/\/namthanh.com.vn\/en\/h120\/","og_locale":"en_US","og_type":"article","og_title":"H120 - Nam Th\u00e0nh","og_description":"Tai nghe ch\u1ee5p tai Rapoo H120\u00a0m\u1ed9t l\u1ef1a ch\u1ecdn h\u1ee3p l\u00fd cho ng\u01b0\u1eddi d\u00f9ng c\u00f3 nhu c\u1ea7u nghe nh\u1ea1c, \u0111\u00e0m tho\u1ea1i \u0111\u01a1n gi\u1ea3n v\u1edbi \u00e2m thanh r\u00f5 r\u00e0ng, trung th\u1ef1c v\u00e0 trong tr\u1ebbo nh\u1ea5t. \u01afu \u00a0\u0111i\u1ec3m tai nghe ch\u1ee5p tai Rapoo H120 Rapoo H120 \u00a0\u0111\u1eb7c bi\u1ec7t n\u1ed5i b\u1eadt v\u1edbi thi\u1ebft k\u1ebf hi\u1ec7n \u0111\u1ea1i, ch\u1eafc ch\u1eafn \u0111i...","og_url":"https:\/\/namthanh.com.vn\/en\/h120\/","og_site_name":"Nam Th\u00e0nh","article_modified_time":"2022-06-24T07:31:37+00:00","og_image":[{"width":850,"height":850,"url":"https:\/\/namthanh.com.vn\/en\/wp-content\/uploads\/2022\/06\/H120.jpg","type":"image\/jpeg"}],"twitter_card":"summary_large_image","twitter_misc":{"Est. reading time":"3 minutes"},"schema":{"@context":"https:\/\/schema.org","@graph":[{"@type":"WebPage","@id":"https:\/\/namthanh.com.vn\/en\/h120\/","url":"https:\/\/namthanh.com.vn\/en\/h120\/","name":"H120 - Nam Th\u00e0nh","isPartOf":{"@id":"https:\/\/namthanh.com.vn\/en\/#website"},"datePublished":"2022-06-24T07:31:36+00:00","dateModified":"2022-06-24T07:31:37+00:00","breadcrumb":{"@id":"https:\/\/namthanh.com.vn\/en\/h120\/#breadcrumb"},"inLanguage":"en-US","potentialAction":[{"@type":"ReadAction","target":["https:\/\/namthanh.com.vn\/en\/h120\/"]}]},{"@type":"BreadcrumbList","@id":"https:\/\/namthanh.com.vn\/en\/h120\/#breadcrumb","itemListElement":[{"@type":"ListItem","position":1,"name":"Home","item":"https:\/\/namthanh.com.vn\/en\/"},{"@type":"ListItem","position":2,"name":"Shop","item":"https:\/\/namthanh.com.vn\/en\/shop\/"},{"@type":"ListItem","position":3,"name":"Product","item":"https:\/\/namthanh.com.vn\/en\/product\/"},{"@type":"ListItem","position":4,"name":"H120"}]},{"@type":"WebSite","@id":"https:\/\/namthanh.com.vn\/en\/#website","url":"https:\/\/namthanh.com.vn\/en\/","name":"Nam Th\u00e0nh","description":"HTH","potentialAction":[{"@type":"SearchAction","target":{"@type":"EntryPoint","urlTemplate":"https:\/\/namthanh.com.vn\/en\/?s={search_term_string}"},"query-input":"required name=search_term_string"}],"inLanguage":"en-US"}]}},"_links":{"self":[{"href":"https:\/\/namthanh.com.vn\/en\/wp-json\/wp\/v2\/product\/2786"}],"collection":[{"href":"https:\/\/namthanh.com.vn\/en\/wp-json\/wp\/v2\/product"}],"about":[{"href":"https:\/\/namthanh.com.vn\/en\/wp-json\/wp\/v2\/types\/product"}],"replies":[{"embeddable":true,"href":"https:\/\/namthanh.com.vn\/en\/wp-json\/wp\/v2\/comments?post=2786"}],"wp:featuredmedia":[{"embeddable":true,"href":"https:\/\/namthanh.com.vn\/en\/wp-json\/wp\/v2\/media\/2787"}],"wp:attachment":[{"href":"https:\/\/namthanh.com.vn\/en\/wp-json\/wp\/v2\/media?parent=2786"}],"wp:term":[{"taxonomy":"product_cat","embeddable":true,"href":"https:\/\/namthanh.com.vn\/en\/wp-json\/wp\/v2\/product_cat?post=2786"},{"taxonomy":"product_tag","embeddable":true,"href":"https:\/\/namthanh.com.vn\/en\/wp-json\/wp\/v2\/product_tag?post=2786"}],"curies":[{"name":"wp","href":"https:\/\/api.w.org\/{rel}","templated":true}]}}