{"id":2792,"date":"2022-06-24T14:43:00","date_gmt":"2022-06-24T07:43:00","guid":{"rendered":"https:\/\/microlab.vn\/?post_type=product&#038;p=2792"},"modified":"2022-06-24T14:43:00","modified_gmt":"2022-06-24T07:43:00","slug":"ep28","status":"publish","type":"product","link":"https:\/\/namthanh.com.vn\/en\/ep28\/","title":{"rendered":"EP28"},"content":{"rendered":"<p style=\"text-align: justify;\"><span style=\"font-size: 100%; color: #282828;\">Ki\u1ec3u\u00a0tai nghe nh\u00e9t tai\u00a0th\u1eddi th\u01b0\u1ee3ng, g\u1ecdn nh\u1eb9<\/span><\/p>\n<p style=\"text-align: justify;\"><span style=\"font-size: 100%; color: #282828;\">V\u1edbi\u00a0<strong>tr\u1ecdng l\u01b0\u1ee3ng 38 g<\/strong>,\u00a0<strong>ch\u1ea5t li\u1ec7u d\u00e2y d\u00f9 d\u1ebbo dai<\/strong>, ch\u1ecbu l\u1ef1c u\u1ed1n cong t\u1ed1t, b\u1ea1n c\u00f3 th\u1ec3 qu\u1ea5n\u00a0tai nghe<strong>\u00a0d\u00e0i 120 cm<\/strong>\u00a0l\u1ea1i v\u00e0 mang theo b\u00ean m\u00ecnh khi \u0111i l\u00e0m, \u0111i h\u1ecdc, du l\u1ecbch,&#8230; \u0111\u01a1n gi\u1ea3n. M\u00e0u \u0111en &#8211; \u0111\u1ecf b\u1eaft m\u1eaft, ph\u1ed1i \u0111\u1ed3 \u0111a d\u1ea1ng. C\u1ee7 tai c\u00f3 d\u1ea1ng n\u00fat gi\u00fap\u00a0<strong>c\u00e1ch \u00e2m hi\u1ec7u qu\u1ea3<\/strong>, t\u0103ng c\u01b0\u1eddng kh\u1ea3 n\u0103ng nghe g\u1ecdi.<\/span><\/p>\n<p style=\"text-align: justify;\"><span style=\"font-size: 100%; color: #282828;\"><a class=\"preventdefault\" style=\"color: #282828;\" href=\"https:\/\/cdn.tgdd.vn\/Products\/Images\/54\/235589\/tai-nghe-ep-rapoo-ep28-den-1.jpg\"><img loading=\"lazy\" class=\" ls-is-cached lazyloaded\" title=\"Tai nghe EP Rapoo EP28 \u0110en - Ki\u1ec3u tai nghe nh\u00e9t tai th\u1eddi th\u01b0\u1ee3ng, g\u1ecdn nh\u1eb9\" src=\"https:\/\/cdn.tgdd.vn\/Products\/Images\/54\/235589\/tai-nghe-ep-rapoo-ep28-den-1.jpg\" alt=\"Tai nghe EP Rapoo EP28 \u0110en - Ki\u1ec3u tai nghe nh\u00e9t tai th\u1eddi th\u01b0\u1ee3ng, g\u1ecdn nh\u1eb9\" width=\"894\" height=\"559\" data-src=\"https:\/\/cdn.tgdd.vn\/Products\/Images\/54\/235589\/tai-nghe-ep-rapoo-ep28-den-1.jpg\" \/><\/a><\/span><\/p>\n<p style=\"text-align: justify;\"><span style=\"font-size: 100%; color: #282828;\"><a class=\"preventdefault\" style=\"color: #282828;\" href=\"https:\/\/cdn.tgdd.vn\/Products\/Images\/54\/235589\/tai-nghe-ep-rapoo-ep28-den-2.jpg\"><img loading=\"lazy\" class=\" ls-is-cached lazyloaded\" title=\"Tai nghe EP Rapoo EP28 \u0110en - C\u1ee7 tai c\u00f3 d\u1ea1ng n\u00fat gi\u00fap c\u00e1ch \u00e2m hi\u1ec7u qu\u1ea3\" src=\"https:\/\/cdn.tgdd.vn\/Products\/Images\/54\/235589\/tai-nghe-ep-rapoo-ep28-den-2.jpg\" alt=\"Tai nghe EP Rapoo EP28 \u0110en - C\u1ee7 tai c\u00f3 d\u1ea1ng n\u00fat gi\u00fap c\u00e1ch \u00e2m hi\u1ec7u qu\u1ea3\" width=\"890\" height=\"556\" data-src=\"https:\/\/cdn.tgdd.vn\/Products\/Images\/54\/235589\/tai-nghe-ep-rapoo-ep28-den-2.jpg\" \/><\/a><\/span><\/p>\n<p style=\"text-align: justify;\"><span style=\"font-size: 100%; color: #282828;\">\u0110\u1ec7m tai tr\u00f2n, ch\u1ea5t li\u1ec7u silicone m\u1ec1m m\u1ea1i, d\u1ec5 \u0111eo v\u00e0o tai<\/span><\/p>\n<p style=\"text-align: justify;\"><span style=\"font-size: 100%; color: #282828;\">Tai nghe c\u00f3 d\u00e2y\u00a0ti\u1ebfp x\u00fac tai d\u1ec5 ch\u1ecbu, kh\u00f4ng c\u1ed9m hay g\u00e2y \u0111au tai khi \u0111eo l\u00e2u. C\u00f3\u00a0<strong>t\u1ed5ng c\u1ed9ng 3 b\u1ed9 \u0111\u1ec7m tai kh\u00e1c k\u00edch c\u1ee1<\/strong>\u00a0cho b\u1ea1n t\u00f9y ch\u1ecdn ph\u00f9 h\u1ee3p v\u1edbi tai m\u00ecnh nh\u1ea5t.<\/span><\/p>\n<p style=\"text-align: justify;\"><span style=\"font-size: 100%; color: #282828;\"><a class=\"preventdefault\" style=\"color: #282828;\" href=\"https:\/\/cdn.tgdd.vn\/Products\/Images\/54\/235589\/tai-nghe-ep-rapoo-ep28-den-3.jpg\"><img loading=\"lazy\" class=\" lazyloaded\" title=\"Tai nghe EP Rapoo EP28 \u0110en - \u0110\u1ec7m tai tr\u00f2n, ch\u1ea5t li\u1ec7u silicone m\u1ec1m m\u1ea1i, d\u1ec5 \u0111eo v\u00e0o tai\" src=\"https:\/\/cdn.tgdd.vn\/Products\/Images\/54\/235589\/tai-nghe-ep-rapoo-ep28-den-3.jpg\" alt=\"Tai nghe EP Rapoo EP28 \u0110en - \u0110\u1ec7m tai tr\u00f2n, ch\u1ea5t li\u1ec7u silicone m\u1ec1m m\u1ea1i, d\u1ec5 \u0111eo v\u00e0o tai\" width=\"890\" height=\"556\" data-src=\"https:\/\/cdn.tgdd.vn\/Products\/Images\/54\/235589\/tai-nghe-ep-rapoo-ep28-den-3.jpg\" \/><\/a><\/span><\/p>\n<p style=\"text-align: justify;\"><span style=\"font-size: 100%; color: #282828;\">Tr\u1ea3i nghi\u1ec7m ch\u1ea5t \u00e2m s\u1ed1ng \u0111\u1ed9ng, cu\u1ed1n h\u00fat<\/span><\/p>\n<p style=\"text-align: justify;\"><span style=\"font-size: 100%; color: #282828;\"><strong>C\u00e1c d\u1ea3i \u00e2m t\u01b0\u01a1ng \u0111\u1ed1i t\u00e1ch b\u1ea1ch<\/strong>, \u00e2m bass t\u00e1i hi\u1ec7n \u1ed5n, \u00e2m thanh ch\u01a1i game c\u00f3 \u0111\u1ed9 tr\u1ec5 th\u1ea5p.\u00a0<\/span><\/p>\n<p style=\"text-align: justify;\"><span style=\"font-size: 100%; color: #282828;\"><a class=\"preventdefault\" style=\"color: #282828;\" href=\"https:\/\/cdn.tgdd.vn\/Products\/Images\/54\/235589\/tai-nghe-ep-rapoo-ep28-den--6.jpg\"><img loading=\"lazy\" class=\" lazyloaded\" title=\"Tai nghe EP Rapoo EP28 \u0110en - Tr\u1ea3i nghi\u1ec7m ch\u1ea5t \u00e2m s\u1ed1ng \u0111\u1ed9ng, cu\u1ed1n h\u00fat\" src=\"https:\/\/cdn.tgdd.vn\/Products\/Images\/54\/235589\/tai-nghe-ep-rapoo-ep28-den--6.jpg\" alt=\"Tai nghe EP Rapoo EP28 \u0110en - Tr\u1ea3i nghi\u1ec7m ch\u1ea5t \u00e2m s\u1ed1ng \u0111\u1ed9ng, cu\u1ed1n h\u00fat\" width=\"886\" height=\"554\" data-src=\"https:\/\/cdn.tgdd.vn\/Products\/Images\/54\/235589\/tai-nghe-ep-rapoo-ep28-den--6.jpg\" \/><\/a><\/span><\/p>\n<p style=\"text-align: justify;\"><span style=\"font-size: 100%; color: #282828;\">Gi\u1ecdng tho\u1ea1i trong tr\u1ebbo nh\u1edd t\u00edch h\u1ee3p mic tho\u1ea1i<\/span><\/p>\n<p style=\"text-align: justify;\"><span style=\"font-size: 100%; color: #282828;\">V\u1ecb tr\u00ed mic tho\u1ea1i c\u1ee7a\u00a0tai nghe Rapoo\u00a0\u0111\u01b0\u1ee3c k\u00fd hi\u1ec7u v\u1edbi bi\u1ec3u t\u01b0\u1ee3ng r\u00f5 n\u00e9t, cho b\u1ea1n nh\u00ecn r\u00f5 v\u00e0 \u0111\u1eb7t g\u1ea7n mi\u1ec7ng \u0111\u1ec3 \u0111\u1ea3m b\u1ea3o cu\u1ed9c tr\u00f2 chuy\u1ec7n li\u1ec1n m\u1ea1ch, trao \u0111\u1ed5i th\u00f4ng tin gi\u1eefa 2 b\u00ean d\u1ec5 d\u00e0ng h\u01a1n.\u00a0<\/span><\/p>\n<p style=\"text-align: justify;\"><span style=\"font-size: 100%; color: #282828;\">Ngo\u00e0i ra, tai nghe\u00a0<strong>ch\u1ec9 c\u00f3 1 n\u00fat \u0111i\u1ec1u khi\u1ec3n<\/strong>\u00a0s\u1eed d\u1ee5ng \u0111\u1ec3 tr\u1ea3 l\u1eddi v\u00e0 t\u1eeb ch\u1ed1i cu\u1ed9c g\u1ecdi ti\u1ec7n l\u1ee3i.<\/span><\/p>\n<p style=\"text-align: justify;\"><span style=\"font-size: 100%; color: #282828;\"><a class=\"preventdefault\" style=\"color: #282828;\" href=\"https:\/\/cdn.tgdd.vn\/Products\/Images\/54\/235589\/tai-nghe-ep-rapoo-ep28-den-5.jpg\"><img loading=\"lazy\" class=\" lazyloaded\" title=\"Tai nghe EP Rapoo EP28 \u0110en - Gi\u1ecdng tho\u1ea1i trong tr\u1ebbo nh\u1edd t\u00edch h\u1ee3p mic tho\u1ea1i\" src=\"https:\/\/cdn.tgdd.vn\/Products\/Images\/54\/235589\/tai-nghe-ep-rapoo-ep28-den-5.jpg\" alt=\"Tai nghe EP Rapoo EP28 \u0110en - Gi\u1ecdng tho\u1ea1i trong tr\u1ebbo nh\u1edd t\u00edch h\u1ee3p mic tho\u1ea1i\" width=\"882\" height=\"551\" data-src=\"https:\/\/cdn.tgdd.vn\/Products\/Images\/54\/235589\/tai-nghe-ep-rapoo-ep28-den-5.jpg\" \/><\/a><\/span><\/p>\n<p style=\"text-align: justify;\"><span style=\"font-size: 100%; color: #282828;\">Jack\u00a03.5 mm k\u1ebft n\u1ed1i \u0111\u01b0\u1ee3c v\u1edbi nhi\u1ec1u thi\u1ebft b\u1ecb<\/span><\/p>\n<p style=\"text-align: justify;\"><span style=\"font-size: 100%; color: #282828;\">Tai nghe t\u01b0\u01a1ng th\u00edch v\u1edbi nh\u1eefng\u00a0\u0111i\u1ec7n tho\u1ea1i,\u00a0m\u00e1y t\u00ednh b\u1ea3ng\u00a0v\u00e0 c\u00e1c thi\u1ebft b\u1ecb\u00a0<strong>c\u00f3 c\u1ed5ng k\u1ebft n\u1ed1i 3.5 mm<\/strong>.\u00a0<\/span><\/p>\n<p style=\"text-align: justify;\"><span style=\"font-size: 100%; color: #282828;\"><a class=\"preventdefault\" style=\"color: #282828;\" href=\"https:\/\/cdn.tgdd.vn\/Products\/Images\/54\/235589\/tai-nghe-ep-rapoo-ep28-den-4.jpg\"><img loading=\"lazy\" class=\" lazyloaded\" title=\"Tai nghe EP Rapoo EP28 \u0110en - Jack 3.5 mm k\u1ebft n\u1ed1i \u0111\u01b0\u1ee3c v\u1edbi nhi\u1ec1u thi\u1ebft b\u1ecb\" src=\"https:\/\/cdn.tgdd.vn\/Products\/Images\/54\/235589\/tai-nghe-ep-rapoo-ep28-den-4.jpg\" alt=\"Tai nghe EP Rapoo EP28 \u0110en - Jack 3.5 mm k\u1ebft n\u1ed1i \u0111\u01b0\u1ee3c v\u1edbi nhi\u1ec1u thi\u1ebft b\u1ecb\" width=\"882\" height=\"551\" data-src=\"https:\/\/cdn.tgdd.vn\/Products\/Images\/54\/235589\/tai-nghe-ep-rapoo-ep28-den-4.jpg\" \/><\/a><\/span><\/p>\n<p style=\"text-align: justify;\"><span style=\"font-size: 100%; color: #282828;\">Nh\u00ecn chung,\u00a0tai nghe EP Rapoo EP28\u00a0n\u0103ng \u0111\u1ed9ng, nghe g\u1ecdi ti\u1ec7n l\u1ee3i, gi\u00e1 c\u1ea3 b\u00ecnh d\u00e2n, ph\u1ee5 ki\u1ec7n tuy\u1ec7t v\u1eddi \u0111\u1ec3 \u0111\u1ed3ng h\u00e0nh c\u00f9ng b\u1ea1n tr\u00ean m\u1ecdi n\u1ebbo \u0111\u01b0\u1eddng.<\/span><\/p>\n","protected":false},"excerpt":{"rendered":"<p>Ki\u1ec3u\u00a0tai nghe nh\u00e9t tai\u00a0th\u1eddi th\u01b0\u1ee3ng, g\u1ecdn nh\u1eb9 V\u1edbi\u00a0tr\u1ecdng l\u01b0\u1ee3ng 38 g,\u00a0ch\u1ea5t li\u1ec7u d\u00e2y d\u00f9 d\u1ebbo dai, ch\u1ecbu l\u1ef1c u\u1ed1n cong t\u1ed1t, b\u1ea1n c\u00f3 th\u1ec3 qu\u1ea5n\u00a0tai nghe\u00a0d\u00e0i 120 cm\u00a0l\u1ea1i v\u00e0 mang theo b\u00ean m\u00ecnh khi \u0111i l\u00e0m, \u0111i h\u1ecdc, du l\u1ecbch,&#8230; \u0111\u01a1n gi\u1ea3n. M\u00e0u \u0111en &#8211; \u0111\u1ecf b\u1eaft m\u1eaft, ph\u1ed1i \u0111\u1ed3 \u0111a d\u1ea1ng. C\u1ee7 tai c\u00f3&#8230;<\/p>\n","protected":false},"featured_media":2795,"comment_status":"closed","ping_status":"closed","template":"","meta":[],"product_cat":[137,73,92],"product_tag":[],"yoast_head":"<!-- This site is optimized with the Yoast SEO plugin v19.5.1 - https:\/\/yoast.com\/wordpress\/plugins\/seo\/ -->\n<title>EP28 - Nam Th\u00e0nh<\/title>\n<meta name=\"robots\" content=\"index, follow, max-snippet:-1, max-image-preview:large, max-video-preview:-1\" \/>\n<link rel=\"canonical\" href=\"https:\/\/namthanh.com.vn\/en\/ep28\/\" \/>\n<meta property=\"og:locale\" content=\"en_US\" \/>\n<meta property=\"og:type\" content=\"article\" \/>\n<meta property=\"og:title\" content=\"EP28 - Nam Th\u00e0nh\" \/>\n<meta property=\"og:description\" content=\"Ki\u1ec3u\u00a0tai nghe nh\u00e9t tai\u00a0th\u1eddi th\u01b0\u1ee3ng, g\u1ecdn nh\u1eb9 V\u1edbi\u00a0tr\u1ecdng l\u01b0\u1ee3ng 38 g,\u00a0ch\u1ea5t li\u1ec7u d\u00e2y d\u00f9 d\u1ebbo dai, ch\u1ecbu l\u1ef1c u\u1ed1n cong t\u1ed1t, b\u1ea1n c\u00f3 th\u1ec3 qu\u1ea5n\u00a0tai nghe\u00a0d\u00e0i 120 cm\u00a0l\u1ea1i v\u00e0 mang theo b\u00ean m\u00ecnh khi \u0111i l\u00e0m, \u0111i h\u1ecdc, du l\u1ecbch,&#8230; \u0111\u01a1n gi\u1ea3n. M\u00e0u \u0111en &#8211; \u0111\u1ecf b\u1eaft m\u1eaft, ph\u1ed1i \u0111\u1ed3 \u0111a d\u1ea1ng. C\u1ee7 tai c\u00f3...\" \/>\n<meta property=\"og:url\" content=\"https:\/\/namthanh.com.vn\/en\/ep28\/\" \/>\n<meta property=\"og:site_name\" content=\"Nam Th\u00e0nh\" \/>\n<meta property=\"og:image\" content=\"https:\/\/namthanh.com.vn\/en\/wp-content\/uploads\/2022\/06\/EP281.jpg\" \/>\n\t<meta property=\"og:image:width\" content=\"600\" \/>\n\t<meta property=\"og:image:height\" content=\"600\" \/>\n\t<meta property=\"og:image:type\" content=\"image\/jpeg\" \/>\n<meta name=\"twitter:card\" content=\"summary_large_image\" \/>\n<meta name=\"twitter:label1\" content=\"Est. reading time\" \/>\n\t<meta name=\"twitter:data1\" content=\"3 minutes\" \/>\n<script type=\"application\/ld+json\" class=\"yoast-schema-graph\">{\"@context\":\"https:\/\/schema.org\",\"@graph\":[{\"@type\":\"WebPage\",\"@id\":\"https:\/\/namthanh.com.vn\/en\/ep28\/\",\"url\":\"https:\/\/namthanh.com.vn\/en\/ep28\/\",\"name\":\"EP28 - Nam Th\u00e0nh\",\"isPartOf\":{\"@id\":\"https:\/\/namthanh.com.vn\/en\/#website\"},\"datePublished\":\"2022-06-24T07:43:00+00:00\",\"dateModified\":\"2022-06-24T07:43:00+00:00\",\"breadcrumb\":{\"@id\":\"https:\/\/namthanh.com.vn\/en\/ep28\/#breadcrumb\"},\"inLanguage\":\"en-US\",\"potentialAction\":[{\"@type\":\"ReadAction\",\"target\":[\"https:\/\/namthanh.com.vn\/en\/ep28\/\"]}]},{\"@type\":\"BreadcrumbList\",\"@id\":\"https:\/\/namthanh.com.vn\/en\/ep28\/#breadcrumb\",\"itemListElement\":[{\"@type\":\"ListItem\",\"position\":1,\"name\":\"Home\",\"item\":\"https:\/\/namthanh.com.vn\/en\/\"},{\"@type\":\"ListItem\",\"position\":2,\"name\":\"Shop\",\"item\":\"https:\/\/namthanh.com.vn\/en\/shop\/\"},{\"@type\":\"ListItem\",\"position\":3,\"name\":\"Product\",\"item\":\"https:\/\/namthanh.com.vn\/en\/product\/\"},{\"@type\":\"ListItem\",\"position\":4,\"name\":\"EP28\"}]},{\"@type\":\"WebSite\",\"@id\":\"https:\/\/namthanh.com.vn\/en\/#website\",\"url\":\"https:\/\/namthanh.com.vn\/en\/\",\"name\":\"Nam Th\u00e0nh\",\"description\":\"HTH\",\"potentialAction\":[{\"@type\":\"SearchAction\",\"target\":{\"@type\":\"EntryPoint\",\"urlTemplate\":\"https:\/\/namthanh.com.vn\/en\/?s={search_term_string}\"},\"query-input\":\"required name=search_term_string\"}],\"inLanguage\":\"en-US\"}]}<\/script>\n<!-- \/ Yoast SEO plugin. -->","yoast_head_json":{"title":"EP28 - Nam Th\u00e0nh","robots":{"index":"index","follow":"follow","max-snippet":"max-snippet:-1","max-image-preview":"max-image-preview:large","max-video-preview":"max-video-preview:-1"},"canonical":"https:\/\/namthanh.com.vn\/en\/ep28\/","og_locale":"en_US","og_type":"article","og_title":"EP28 - Nam Th\u00e0nh","og_description":"Ki\u1ec3u\u00a0tai nghe nh\u00e9t tai\u00a0th\u1eddi th\u01b0\u1ee3ng, g\u1ecdn nh\u1eb9 V\u1edbi\u00a0tr\u1ecdng l\u01b0\u1ee3ng 38 g,\u00a0ch\u1ea5t li\u1ec7u d\u00e2y d\u00f9 d\u1ebbo dai, ch\u1ecbu l\u1ef1c u\u1ed1n cong t\u1ed1t, b\u1ea1n c\u00f3 th\u1ec3 qu\u1ea5n\u00a0tai nghe\u00a0d\u00e0i 120 cm\u00a0l\u1ea1i v\u00e0 mang theo b\u00ean m\u00ecnh khi \u0111i l\u00e0m, \u0111i h\u1ecdc, du l\u1ecbch,&#8230; \u0111\u01a1n gi\u1ea3n. M\u00e0u \u0111en &#8211; \u0111\u1ecf b\u1eaft m\u1eaft, ph\u1ed1i \u0111\u1ed3 \u0111a d\u1ea1ng. C\u1ee7 tai c\u00f3...","og_url":"https:\/\/namthanh.com.vn\/en\/ep28\/","og_site_name":"Nam Th\u00e0nh","og_image":[{"width":600,"height":600,"url":"https:\/\/namthanh.com.vn\/en\/wp-content\/uploads\/2022\/06\/EP281.jpg","type":"image\/jpeg"}],"twitter_card":"summary_large_image","twitter_misc":{"Est. reading time":"3 minutes"},"schema":{"@context":"https:\/\/schema.org","@graph":[{"@type":"WebPage","@id":"https:\/\/namthanh.com.vn\/en\/ep28\/","url":"https:\/\/namthanh.com.vn\/en\/ep28\/","name":"EP28 - Nam Th\u00e0nh","isPartOf":{"@id":"https:\/\/namthanh.com.vn\/en\/#website"},"datePublished":"2022-06-24T07:43:00+00:00","dateModified":"2022-06-24T07:43:00+00:00","breadcrumb":{"@id":"https:\/\/namthanh.com.vn\/en\/ep28\/#breadcrumb"},"inLanguage":"en-US","potentialAction":[{"@type":"ReadAction","target":["https:\/\/namthanh.com.vn\/en\/ep28\/"]}]},{"@type":"BreadcrumbList","@id":"https:\/\/namthanh.com.vn\/en\/ep28\/#breadcrumb","itemListElement":[{"@type":"ListItem","position":1,"name":"Home","item":"https:\/\/namthanh.com.vn\/en\/"},{"@type":"ListItem","position":2,"name":"Shop","item":"https:\/\/namthanh.com.vn\/en\/shop\/"},{"@type":"ListItem","position":3,"name":"Product","item":"https:\/\/namthanh.com.vn\/en\/product\/"},{"@type":"ListItem","position":4,"name":"EP28"}]},{"@type":"WebSite","@id":"https:\/\/namthanh.com.vn\/en\/#website","url":"https:\/\/namthanh.com.vn\/en\/","name":"Nam Th\u00e0nh","description":"HTH","potentialAction":[{"@type":"SearchAction","target":{"@type":"EntryPoint","urlTemplate":"https:\/\/namthanh.com.vn\/en\/?s={search_term_string}"},"query-input":"required name=search_term_string"}],"inLanguage":"en-US"}]}},"_links":{"self":[{"href":"https:\/\/namthanh.com.vn\/en\/wp-json\/wp\/v2\/product\/2792"}],"collection":[{"href":"https:\/\/namthanh.com.vn\/en\/wp-json\/wp\/v2\/product"}],"about":[{"href":"https:\/\/namthanh.com.vn\/en\/wp-json\/wp\/v2\/types\/product"}],"replies":[{"embeddable":true,"href":"https:\/\/namthanh.com.vn\/en\/wp-json\/wp\/v2\/comments?post=2792"}],"wp:featuredmedia":[{"embeddable":true,"href":"https:\/\/namthanh.com.vn\/en\/wp-json\/wp\/v2\/media\/2795"}],"wp:attachment":[{"href":"https:\/\/namthanh.com.vn\/en\/wp-json\/wp\/v2\/media?parent=2792"}],"wp:term":[{"taxonomy":"product_cat","embeddable":true,"href":"https:\/\/namthanh.com.vn\/en\/wp-json\/wp\/v2\/product_cat?post=2792"},{"taxonomy":"product_tag","embeddable":true,"href":"https:\/\/namthanh.com.vn\/en\/wp-json\/wp\/v2\/product_tag?post=2792"}],"curies":[{"name":"wp","href":"https:\/\/api.w.org\/{rel}","templated":true}]}}