{"id":2797,"date":"2022-06-24T14:54:44","date_gmt":"2022-06-24T07:54:44","guid":{"rendered":"https:\/\/microlab.vn\/?post_type=product&#038;p=2797"},"modified":"2022-06-24T14:54:44","modified_gmt":"2022-06-24T07:54:44","slug":"vm150","status":"publish","type":"product","link":"https:\/\/namthanh.com.vn\/en\/vm150\/","title":{"rendered":"VM150"},"content":{"rendered":"<p style=\"text-align: justify;\"><span style=\"color: #282828; font-size: 100%;\"><em><strong>Rapoo VM150 &#8211;<\/strong><\/em> Tai nghe Rapoo In-ear c\u00f3 mic r\u1eddi.<\/span><\/p>\n<h1 style=\"text-align: justify;\"><span style=\"color: #282828; font-size: 100%;\"><img loading=\"lazy\" class=\"\" src=\"https:\/\/media3.scdn.vn\/img4\/2021\/12_09\/JG94uvewlCucWbS3UaSI_simg_d0daf0_800x1200_max.jpg\" width=\"882\" height=\"496\" \/><\/span><\/h1>\n<p style=\"text-align: justify;\"><span style=\"color: #282828; font-size: 100%;\">Rapoo VM150 c\u00f3 thi\u1ebft k\u1ebf g\u00f3c c\u1ea1nh mang \u0111\u1eadm ch\u1ea5t phong c\u00e1ch Gaming hi\u1ec7n \u0111\u1ea1i. Thi\u1ebft k\u1ebf mic r\u1eddi \u0111i c\u00f9ng mic in-line r\u1ea5t ti\u1ec7n l\u1ee3i v\u00e0 nh\u1eb1m n\u00e2ng cao kh\u1ea3 n\u0103ng tr\u00f2 chuy\u1ec7n giao ti\u1ebfp trong l\u00e0m vi\u1ec7c t\u01b0 v\u1ea5n hay \u0111\u00e0m tho\u1ea1i online. B\u00ean c\u1ea1nh \u0111\u00f3 c\u1ee7 tai d\u1ea1ng n\u00fat v\u1edbi \u0111\u1ed9 nghi\u00eang v\u1eeba ph\u1ea3i \u0111\u1ec3 v\u1eeba kh\u00edt v\u1edbi \u1ed1ng tai khi \u0111eo, th\u00eam d\u1ec5 ch\u1ecbu v\u00e0 ch\u1eafc ch\u1eafn, \u0111\u1ed3ng th\u1eddi t\u0103ng c\u01b0\u1eddng kh\u1ea3 n\u0103ng c\u00e1ch \u00e2m khi s\u1eed d\u1ee5ng<\/span><\/p>\n<p style=\"text-align: justify;\"><span style=\"color: #282828; font-size: 100%;\"><img loading=\"lazy\" class=\"\" src=\"https:\/\/media3.scdn.vn\/img4\/2021\/12_09\/XBz7LzCgqJrJbGmX1pWm_simg_d0daf0_800x1200_max.jpg\" width=\"891\" height=\"501\" \/><\/span><\/p>\n<p style=\"text-align: justify;\"><span style=\"color: #282828; font-size: 100%;\">Tai nghe Rapoo VM150 c\u00f3 \u0111\u1ed9 cu\u1ed1n h\u00fat v\u1edbi \u00e2m bass s\u00e2u, r\u1eafn v\u00e0 \u00e2m cao trong tr\u1ebbo, so\u00e1t kh\u00e1 t\u1ed1t, c\u00f3 l\u1ef1c\u2026 Ph\u1ea7n mic c\u0169ng gi\u1ed1ng v\u1edbi t\u1ed5ng th\u1ec3 ch\u1ea5t \u00e2m, l\u1ea1nh, s\u1eafc v\u00e0 kh\u00f4ng d\u00e0y mang \u0111\u1ebfn c\u1ea3m gi\u00e1c tho\u1ea3i m\u00e1i khi s\u1eed d\u1ee5ng ( Tai nghe Rapoo \u0111\u01b0\u1ee3c trang b\u1ecb t\u1edbi 2 mic, mic r\u1eddi v\u00e0 mic trong b\u1ed9 \u0111i\u1ec1u khi\u1ec3n tr\u00ean d\u00e2y )<\/span><\/p>\n<h1 style=\"text-align: justify;\"><span style=\"color: #282828; font-size: 100%;\"><img src=\"https:\/\/media3.scdn.vn\/img4\/2021\/12_09\/6o3mkWXnd6WAwIW3OtjP_simg_d0daf0_800x1200_max.jpg\" \/><\/span><\/h1>\n<p style=\"text-align: justify;\"><span style=\"color: #282828; font-size: 100%;\">Ngo\u00e0i ra, B\u1ed9 trong tai nghe Rapoo c\u00f2n c\u00f3 th\u00eam 1 c\u1eb7p \u0111\u1ec7m tai g\u1eafn s\u1eb5n v\u00e0 2 c\u1eb7p r\u1eddi \u0111\u1ee7 k\u00edch th\u01b0\u1edbc S-M-L ph\u00f9 h\u1ee3p cho m\u1ecdi ng\u01b0\u1eddi d\u00f9ng, ch\u1ea5t li\u1ec7u silicone an to\u00e0n, b\u1ec1n b\u1ec9 v\u00e0 \u00eam \u00e1i khi \u0111eo, cho b\u1ea1n tho\u1ea3i m\u00e1i s\u1eed d\u1ee5ng tai nghe su\u1ed1t ng\u00e0y d\u00e0i m\u00e0 kh\u00f4ng g\u00e2y \u0111au, kh\u00f3 ch\u1ecbu. T\u01b0\u01a1ng th\u00edch c\u00e1c thi\u1ebft b\u1ecb \u0111i\u1ec7n t\u1eed c\u00f3 c\u1ed5ng k\u1ebft n\u1ed1i 3.5 mm ( PC, Laptop , smartphone hay Ipad.. ) Ngo\u00e0i ra, \u0111i k\u00e8m c\u00f2n c\u00f3 c\u00e1p chia 1 c\u1ed5ng 3.5 c\u00e1i ra 2 c\u1ed5ng 3.5 \u0111\u1ef1c \u0111\u1ec3 d\u1ec5 d\u00e0ng s\u1eed d\u1ee5ng v\u1edbi 2 c\u1ed5ng audio v\u00e0 mic tr\u00ean 1 s\u1ed1 m\u00e1y t\u00ednh, PC. Tai nghe Rapoo VM150<\/span><\/p>\n<p style=\"text-align: justify;\"><span style=\"color: #282828; font-size: 100%;\"><img src=\"https:\/\/media3.scdn.vn\/img4\/2021\/12_09\/MgXrhgsocQXGRiDrMxuG_simg_d0daf0_800x1200_max.jpg\" \/><\/span><\/p>\n<p style=\"text-align: justify;\"><span style=\"color: #282828; font-size: 100%;\">Tai nghe c\u00f3 d\u00e2y In-ear Rapoo VM150 \u0111\u01b0\u1ee3c thi\u1ebft k\u1ebf theo phong c\u00e1ch c\u00f3 thi\u1ebft k\u1ebf g\u00f3c c\u1ea1nh mang \u0111\u1eadm ch\u1ea5t phong c\u00e1ch gaming hi\u1ec7n \u0111\u1ea1i, th\u1eddi th\u01b0\u1ee3ng, \u0111\u1ea7y ti\u1ec7n d\u1ee5ng, l\u00e0 l\u1ef1a ch\u1ecdn ch\u1ea5t l\u01b0\u1ee3ng v\u00e0 ph\u00f9 h\u1ee3p cho m\u1ecdi \u0111\u1ed1i t\u01b0\u1ee3ng ng\u01b0\u1eddi d\u00f9ng.<\/span><\/p>\n","protected":false},"excerpt":{"rendered":"<p>Rapoo VM150 &#8211; Tai nghe Rapoo In-ear c\u00f3 mic r\u1eddi. Rapoo VM150 c\u00f3 thi\u1ebft k\u1ebf g\u00f3c c\u1ea1nh mang \u0111\u1eadm ch\u1ea5t phong c\u00e1ch Gaming hi\u1ec7n \u0111\u1ea1i. Thi\u1ebft k\u1ebf mic r\u1eddi \u0111i c\u00f9ng mic in-line r\u1ea5t ti\u1ec7n l\u1ee3i v\u00e0 nh\u1eb1m n\u00e2ng cao kh\u1ea3 n\u0103ng tr\u00f2 chuy\u1ec7n giao ti\u1ebfp trong l\u00e0m vi\u1ec7c t\u01b0 v\u1ea5n hay \u0111\u00e0m tho\u1ea1i online&#8230;.<\/p>\n","protected":false},"featured_media":2800,"comment_status":"closed","ping_status":"closed","template":"","meta":[],"product_cat":[137,73,92],"product_tag":[],"yoast_head":"<!-- This site is optimized with the Yoast SEO plugin v19.5.1 - https:\/\/yoast.com\/wordpress\/plugins\/seo\/ -->\n<title>VM150 - Nam Th\u00e0nh<\/title>\n<meta name=\"robots\" content=\"index, follow, max-snippet:-1, max-image-preview:large, max-video-preview:-1\" \/>\n<link rel=\"canonical\" href=\"https:\/\/namthanh.com.vn\/en\/vm150\/\" \/>\n<meta property=\"og:locale\" content=\"en_US\" \/>\n<meta property=\"og:type\" content=\"article\" \/>\n<meta property=\"og:title\" content=\"VM150 - Nam Th\u00e0nh\" \/>\n<meta property=\"og:description\" content=\"Rapoo VM150 &#8211; Tai nghe Rapoo In-ear c\u00f3 mic r\u1eddi. Rapoo VM150 c\u00f3 thi\u1ebft k\u1ebf g\u00f3c c\u1ea1nh mang \u0111\u1eadm ch\u1ea5t phong c\u00e1ch Gaming hi\u1ec7n \u0111\u1ea1i. Thi\u1ebft k\u1ebf mic r\u1eddi \u0111i c\u00f9ng mic in-line r\u1ea5t ti\u1ec7n l\u1ee3i v\u00e0 nh\u1eb1m n\u00e2ng cao kh\u1ea3 n\u0103ng tr\u00f2 chuy\u1ec7n giao ti\u1ebfp trong l\u00e0m vi\u1ec7c t\u01b0 v\u1ea5n hay \u0111\u00e0m tho\u1ea1i online....\" \/>\n<meta property=\"og:url\" content=\"https:\/\/namthanh.com.vn\/en\/vm150\/\" \/>\n<meta property=\"og:site_name\" content=\"Nam Th\u00e0nh\" \/>\n<meta property=\"og:image\" content=\"https:\/\/namthanh.com.vn\/en\/wp-content\/uploads\/2022\/06\/VM1503.png\" \/>\n\t<meta property=\"og:image:width\" content=\"720\" \/>\n\t<meta property=\"og:image:height\" content=\"720\" \/>\n\t<meta property=\"og:image:type\" content=\"image\/png\" \/>\n<meta name=\"twitter:card\" content=\"summary_large_image\" \/>\n<meta name=\"twitter:label1\" content=\"Est. reading time\" \/>\n\t<meta name=\"twitter:data1\" content=\"3 minutes\" \/>\n<script type=\"application\/ld+json\" class=\"yoast-schema-graph\">{\"@context\":\"https:\/\/schema.org\",\"@graph\":[{\"@type\":\"WebPage\",\"@id\":\"https:\/\/namthanh.com.vn\/en\/vm150\/\",\"url\":\"https:\/\/namthanh.com.vn\/en\/vm150\/\",\"name\":\"VM150 - Nam Th\u00e0nh\",\"isPartOf\":{\"@id\":\"https:\/\/namthanh.com.vn\/en\/#website\"},\"datePublished\":\"2022-06-24T07:54:44+00:00\",\"dateModified\":\"2022-06-24T07:54:44+00:00\",\"breadcrumb\":{\"@id\":\"https:\/\/namthanh.com.vn\/en\/vm150\/#breadcrumb\"},\"inLanguage\":\"en-US\",\"potentialAction\":[{\"@type\":\"ReadAction\",\"target\":[\"https:\/\/namthanh.com.vn\/en\/vm150\/\"]}]},{\"@type\":\"BreadcrumbList\",\"@id\":\"https:\/\/namthanh.com.vn\/en\/vm150\/#breadcrumb\",\"itemListElement\":[{\"@type\":\"ListItem\",\"position\":1,\"name\":\"Home\",\"item\":\"https:\/\/namthanh.com.vn\/en\/\"},{\"@type\":\"ListItem\",\"position\":2,\"name\":\"Shop\",\"item\":\"https:\/\/namthanh.com.vn\/en\/shop\/\"},{\"@type\":\"ListItem\",\"position\":3,\"name\":\"Product\",\"item\":\"https:\/\/namthanh.com.vn\/en\/product\/\"},{\"@type\":\"ListItem\",\"position\":4,\"name\":\"VM150\"}]},{\"@type\":\"WebSite\",\"@id\":\"https:\/\/namthanh.com.vn\/en\/#website\",\"url\":\"https:\/\/namthanh.com.vn\/en\/\",\"name\":\"Nam Th\u00e0nh\",\"description\":\"HTH\",\"potentialAction\":[{\"@type\":\"SearchAction\",\"target\":{\"@type\":\"EntryPoint\",\"urlTemplate\":\"https:\/\/namthanh.com.vn\/en\/?s={search_term_string}\"},\"query-input\":\"required name=search_term_string\"}],\"inLanguage\":\"en-US\"}]}<\/script>\n<!-- \/ Yoast SEO plugin. -->","yoast_head_json":{"title":"VM150 - Nam Th\u00e0nh","robots":{"index":"index","follow":"follow","max-snippet":"max-snippet:-1","max-image-preview":"max-image-preview:large","max-video-preview":"max-video-preview:-1"},"canonical":"https:\/\/namthanh.com.vn\/en\/vm150\/","og_locale":"en_US","og_type":"article","og_title":"VM150 - Nam Th\u00e0nh","og_description":"Rapoo VM150 &#8211; Tai nghe Rapoo In-ear c\u00f3 mic r\u1eddi. Rapoo VM150 c\u00f3 thi\u1ebft k\u1ebf g\u00f3c c\u1ea1nh mang \u0111\u1eadm ch\u1ea5t phong c\u00e1ch Gaming hi\u1ec7n \u0111\u1ea1i. Thi\u1ebft k\u1ebf mic r\u1eddi \u0111i c\u00f9ng mic in-line r\u1ea5t ti\u1ec7n l\u1ee3i v\u00e0 nh\u1eb1m n\u00e2ng cao kh\u1ea3 n\u0103ng tr\u00f2 chuy\u1ec7n giao ti\u1ebfp trong l\u00e0m vi\u1ec7c t\u01b0 v\u1ea5n hay \u0111\u00e0m tho\u1ea1i online....","og_url":"https:\/\/namthanh.com.vn\/en\/vm150\/","og_site_name":"Nam Th\u00e0nh","og_image":[{"width":720,"height":720,"url":"https:\/\/namthanh.com.vn\/en\/wp-content\/uploads\/2022\/06\/VM1503.png","type":"image\/png"}],"twitter_card":"summary_large_image","twitter_misc":{"Est. reading time":"3 minutes"},"schema":{"@context":"https:\/\/schema.org","@graph":[{"@type":"WebPage","@id":"https:\/\/namthanh.com.vn\/en\/vm150\/","url":"https:\/\/namthanh.com.vn\/en\/vm150\/","name":"VM150 - Nam Th\u00e0nh","isPartOf":{"@id":"https:\/\/namthanh.com.vn\/en\/#website"},"datePublished":"2022-06-24T07:54:44+00:00","dateModified":"2022-06-24T07:54:44+00:00","breadcrumb":{"@id":"https:\/\/namthanh.com.vn\/en\/vm150\/#breadcrumb"},"inLanguage":"en-US","potentialAction":[{"@type":"ReadAction","target":["https:\/\/namthanh.com.vn\/en\/vm150\/"]}]},{"@type":"BreadcrumbList","@id":"https:\/\/namthanh.com.vn\/en\/vm150\/#breadcrumb","itemListElement":[{"@type":"ListItem","position":1,"name":"Home","item":"https:\/\/namthanh.com.vn\/en\/"},{"@type":"ListItem","position":2,"name":"Shop","item":"https:\/\/namthanh.com.vn\/en\/shop\/"},{"@type":"ListItem","position":3,"name":"Product","item":"https:\/\/namthanh.com.vn\/en\/product\/"},{"@type":"ListItem","position":4,"name":"VM150"}]},{"@type":"WebSite","@id":"https:\/\/namthanh.com.vn\/en\/#website","url":"https:\/\/namthanh.com.vn\/en\/","name":"Nam Th\u00e0nh","description":"HTH","potentialAction":[{"@type":"SearchAction","target":{"@type":"EntryPoint","urlTemplate":"https:\/\/namthanh.com.vn\/en\/?s={search_term_string}"},"query-input":"required name=search_term_string"}],"inLanguage":"en-US"}]}},"_links":{"self":[{"href":"https:\/\/namthanh.com.vn\/en\/wp-json\/wp\/v2\/product\/2797"}],"collection":[{"href":"https:\/\/namthanh.com.vn\/en\/wp-json\/wp\/v2\/product"}],"about":[{"href":"https:\/\/namthanh.com.vn\/en\/wp-json\/wp\/v2\/types\/product"}],"replies":[{"embeddable":true,"href":"https:\/\/namthanh.com.vn\/en\/wp-json\/wp\/v2\/comments?post=2797"}],"wp:featuredmedia":[{"embeddable":true,"href":"https:\/\/namthanh.com.vn\/en\/wp-json\/wp\/v2\/media\/2800"}],"wp:attachment":[{"href":"https:\/\/namthanh.com.vn\/en\/wp-json\/wp\/v2\/media?parent=2797"}],"wp:term":[{"taxonomy":"product_cat","embeddable":true,"href":"https:\/\/namthanh.com.vn\/en\/wp-json\/wp\/v2\/product_cat?post=2797"},{"taxonomy":"product_tag","embeddable":true,"href":"https:\/\/namthanh.com.vn\/en\/wp-json\/wp\/v2\/product_tag?post=2797"}],"curies":[{"name":"wp","href":"https:\/\/api.w.org\/{rel}","templated":true}]}}