{"id":2803,"date":"2022-06-24T15:34:55","date_gmt":"2022-06-24T08:34:55","guid":{"rendered":"https:\/\/microlab.vn\/?post_type=product&#038;p=2803"},"modified":"2022-06-24T15:34:55","modified_gmt":"2022-06-24T08:34:55","slug":"s150","status":"publish","type":"product","link":"https:\/\/namthanh.com.vn\/en\/s150\/","title":{"rendered":"S150"},"content":{"rendered":"<p><span style=\"color: #282828;\"><strong>Tai nghe Bluetooth Rapoo S150<\/strong>\u00a0ki\u1ec3u \u0111eo qu\u00e0ng c\u1ed5 s\u00e0nh \u0111i\u1ec7u, m\u00e0u \u0111en th\u1eddi trang<\/span><\/p>\n<p><span style=\"color: #282828;\">Thi\u1ebft k\u1ebf g\u1ecdn g\u00e0ng, 2 c\u1ee7 tai ph\u1ee7 m\u00e0u b\u1ea1c kim lo\u1ea1i b\u00f3ng b\u1ea9y, ch\u1ea5t li\u1ec7u\u00a0<strong>d\u00e2y\u00a0TPE d\u1ebbo dai<\/strong>, ch\u1ed1ng \u0111\u1ee9t g\u00e3y, c\u00e1ch \u0111eo thu\u1eadn ti\u1ec7n, nh\u1eb9 nh\u00e0ng v\u1edbi m\u1ecdi ng\u01b0\u1eddi d\u00f9ng.<\/span><\/p>\n<p><span style=\"color: #282828;\"><a class=\"preventdefault\" style=\"color: #282828;\" href=\"https:\/\/cdn.tgdd.vn\/Products\/Images\/54\/234908\/tai-nghe-bluetooth-rapoo-s150-de-1.jpg\"><img class=\" ls-is-cached lazyloaded\" title=\"Tai nghe Bluetooth Rapoo S150 \u0110en - Tai nghe Bluetooth ki\u1ec3u \u0111eo qu\u00e0ng c\u1ed5 s\u00e0nh \u0111i\u1ec7u, m\u00e0u \u0111en th\u1eddi trang\" src=\"https:\/\/cdn.tgdd.vn\/Products\/Images\/54\/234908\/tai-nghe-bluetooth-rapoo-s150-de-1.jpg\" alt=\"Tai nghe Bluetooth Rapoo S150 \u0110en - Tai nghe Bluetooth ki\u1ec3u \u0111eo qu\u00e0ng c\u1ed5 s\u00e0nh \u0111i\u1ec7u, m\u00e0u \u0111en th\u1eddi trang\" data-src=\"https:\/\/cdn.tgdd.vn\/Products\/Images\/54\/234908\/tai-nghe-bluetooth-rapoo-s150-de-1.jpg\" \/><\/a><\/span><\/p>\n<p><span style=\"color: #282828;\">Trang b\u1ecb nam ch\u00e2m \u1edf m\u1eb7t ngo\u00e0i c\u1ee7a 2 c\u1ee7 tai, khi kh\u00f4ng nghe nh\u1ea1c, \u0111\u1eb7t c\u1ee7 tai h\u00edt ch\u1eb7t v\u00e0o nhau, h\u1ea1n ch\u1ebf r\u01a1i r\u1edbt hi\u1ec7u qu\u1ea3.<\/span><\/p>\n<p><span style=\"color: #282828;\"><a class=\"preventdefault\" style=\"color: #282828;\" href=\"https:\/\/cdn.tgdd.vn\/Products\/Images\/54\/234908\/tai-nghe-bluetooth-rapoo-s150-de-6.jpg\"><img class=\" ls-is-cached lazyloaded\" title=\"Tai nghe Bluetooth Rapoo S150 \u0110en - Trang b\u1ecb nam ch\u00e2m \u1edf m\u1eb7t ngo\u00e0i c\u1ee7a 2 c\u1ee7 tai\" src=\"https:\/\/cdn.tgdd.vn\/Products\/Images\/54\/234908\/tai-nghe-bluetooth-rapoo-s150-de-6.jpg\" alt=\"Tai nghe Bluetooth Rapoo S150 \u0110en - Trang b\u1ecb nam ch\u00e2m \u1edf m\u1eb7t ngo\u00e0i c\u1ee7a 2 c\u1ee7 tai\" data-src=\"https:\/\/cdn.tgdd.vn\/Products\/Images\/54\/234908\/tai-nghe-bluetooth-rapoo-s150-de-6.jpg\" \/><\/a><\/span><\/p>\n<p><span style=\"color: #282828;\">T\u1ed1i \u01b0u h\u00f3a v\u1ec1 v\u1eadt li\u1ec7u, c\u1ea5u tr\u00fac cho n\u00fat tai \u0111em l\u1ea1i s\u1ef1 tho\u1ea3i m\u00e1i nh\u1ea5t cho b\u1ea1n khi \u0111eo. C\u00f3 3 k\u00edch c\u1ee1 l\u00e0\u00a0<strong>S, M, L<\/strong>\u00a0cho b\u1ea1n l\u1ef1a ch\u1ecdn \u0111\u1ec3 \u0111eo v\u1eeba v\u1eb7n h\u01a1n, b\u1edbt s\u1ef1 kh\u00f3 ch\u1ecbu h\u01a1n v\u00e0 h\u00e0i l\u00f2ng h\u01a1n khi \u0111eo l\u00e2u.\u00a0<\/span><\/p>\n<p><span style=\"color: #282828;\"><a class=\"preventdefault\" style=\"color: #282828;\" href=\"https:\/\/cdn.tgdd.vn\/Products\/Images\/54\/234908\/tai-nghe-bluetooth-rapoo-s150-de-2.jpg\"><img class=\" lazyloaded\" title=\"Tai nghe Bluetooth Rapoo S150 \u0110en - N\u00fat tai \u0111em l\u1ea1i s\u1ef1 tho\u1ea3i m\u00e1i nh\u1ea5t cho b\u1ea1n khi \u0111eo\" src=\"https:\/\/cdn.tgdd.vn\/Products\/Images\/54\/234908\/tai-nghe-bluetooth-rapoo-s150-de-2.jpg\" alt=\"Tai nghe Bluetooth Rapoo S150 \u0110en - N\u00fat tai \u0111em l\u1ea1i s\u1ef1 tho\u1ea3i m\u00e1i nh\u1ea5t cho b\u1ea1n khi \u0111eo\" data-src=\"https:\/\/cdn.tgdd.vn\/Products\/Images\/54\/234908\/tai-nghe-bluetooth-rapoo-s150-de-2.jpg\" \/><\/a><\/span><\/p>\n<p><span style=\"color: #282828;\">Ph\u1ee7 s\u00f3ng trong ph\u1ea1m vi\u00a0<strong>10 m\u00a0<\/strong>qua c\u00f4ng ngh\u1ec7\u00a0<strong>Bluetooth 5.0\u00a0<\/strong><\/span><\/p>\n<p><span style=\"color: #282828;\">T\u00edn hi\u1ec7u\u00a0tai nghe\u00a0\u1ed5n \u0111\u1ecbnh, \u0111\u1ed9 tr\u1ec5 th\u1ea5p, hao ph\u00ed \u0111i\u1ec7n n\u0103ng th\u1ea5p gi\u00fap k\u1ebft n\u1ed1i v\u1edbi\u00a0\u0111i\u1ec7n tho\u1ea1i,\u00a0m\u00e1y t\u00ednh b\u1ea3ng,&#8230; t\u01b0\u01a1ng th\u00edch m\u01b0\u1ee3t m\u00e0, ti\u1ebft ki\u1ec7m pin t\u1ed1i \u0111a.<\/span><\/p>\n<p><span style=\"color: #282828;\"><a class=\"preventdefault\" style=\"color: #282828;\" href=\"https:\/\/cdn.tgdd.vn\/Products\/Images\/54\/234908\/tai-nghe-bluetooth-rapoo-s150-de-4.jpg\"><img class=\" lazyloaded\" title=\"Tai nghe Bluetooth Rapoo S150 \u0110en - Ph\u1ee7 s\u00f3ng trong ph\u1ea1m vi 10 m qua c\u00f4ng ngh\u1ec7 Bluetooth 5.0 \" src=\"https:\/\/cdn.tgdd.vn\/Products\/Images\/54\/234908\/tai-nghe-bluetooth-rapoo-s150-de-4.jpg\" alt=\"Tai nghe Bluetooth Rapoo S150 \u0110en - Ph\u1ee7 s\u00f3ng trong ph\u1ea1m vi 10 m qua c\u00f4ng ngh\u1ec7 Bluetooth 5.0 \" data-src=\"https:\/\/cdn.tgdd.vn\/Products\/Images\/54\/234908\/tai-nghe-bluetooth-rapoo-s150-de-4.jpg\" \/><\/a><\/span><\/p>\n<p><span style=\"color: #282828;\">T\u00e1i t\u1ea1o tr\u1ecdn v\u1eb9n ch\u1ea5t \u00e2m nguy\u00ean b\u1ea3n\u00a0<\/span><\/p>\n<p><span style=\"color: #282828;\">Mang \u0111\u1ebfn \u00e2m tr\u1ea7m m\u1ea1nh m\u1ebd, \u00e2m trung v\u00e0 \u00e2m cao tinh t\u1ebf,\u00a0tai nghe Rapoo\u00a0t\u00e1i hi\u1ec7n ch\u00ednh x\u00e1c t\u1eebng th\u1ec3 lo\u1ea1i \u00e2m nh\u1ea1c cho b\u1ea1n \u0111\u01b0\u1ee3c th\u01b0\u1edfng th\u1ee9c nh\u1eefng b\u1ea3n nh\u1ea1c Bolero, EDM, Jazz cu\u1ed1n h\u00fat, \u0111\u1eafm ch\u00ecm kh\u00f3 qu\u00ean.<\/span><\/p>\n<p><span style=\"color: #282828;\"><a class=\"preventdefault\" style=\"color: #282828;\" href=\"https:\/\/cdn.tgdd.vn\/Products\/Images\/54\/234908\/tai-nghe-bluetooth-rapoo-s150-de-3.jpg\"><img class=\" lazyloaded\" title=\"Tai nghe Bluetooth Rapoo S150 \u0110en - T\u00e1i t\u1ea1o tr\u1ecdn v\u1eb9n ch\u1ea5t \u00e2m nguy\u00ean b\u1ea3n \" src=\"https:\/\/cdn.tgdd.vn\/Products\/Images\/54\/234908\/tai-nghe-bluetooth-rapoo-s150-de-3.jpg\" alt=\"Tai nghe Bluetooth Rapoo S150 \u0110en - T\u00e1i t\u1ea1o tr\u1ecdn v\u1eb9n ch\u1ea5t \u00e2m nguy\u00ean b\u1ea3n \" data-src=\"https:\/\/cdn.tgdd.vn\/Products\/Images\/54\/234908\/tai-nghe-bluetooth-rapoo-s150-de-3.jpg\" \/><\/a><\/span><\/p>\n<p><span style=\"color: #282828;\">D\u1ec5 d\u00e0ng t\u00f9y ch\u1ecdn c\u00e1c ch\u1ee9c n\u0103ng qua 3 n\u00fat b\u1ea5m<\/span><\/p>\n<p><span style=\"color: #282828;\">N\u00fat n\u1eb1m gi\u1eefa l\u00e0 n\u00fat ngu\u1ed3n, n\u00fat n\u1eb1m c\u00f9ng v\u1ecb tr\u00ed v\u1edbi c\u1ed5ng s\u1ea1c l\u00e0 n\u00fat gi\u1ea3m \u00e2m l\u01b0\u1ee3ng v\u00e0 n\u00fat \u1edf ph\u00eda tr\u00ean n\u00fat ngu\u1ed3n l\u00e0 n\u00fat t\u0103ng \u00e2m l\u01b0\u1ee3ng, c\u00e1c ch\u1ee9c n\u0103ng c\u1ee5 th\u1ec3 nh\u01b0 sau:<\/span><\/p>\n<p><span style=\"color: #282828;\"><strong>N\u00fat t\u0103ng \u00e2m l\u01b0\u1ee3ng<\/strong>: Nh\u1ea5n 1 l\u1ea7n \u0111\u1ec3 ch\u1ec9nh t\u0103ng \u00e2m l\u01b0\u1ee3ng, nh\u1ea5n v\u00e0 gi\u1eef \u0111\u1ec3 chuy\u1ec3n \u0111\u1ebfn b\u00e0i ti\u1ebfp theo.<\/span><\/p>\n<p><span style=\"color: #282828;\"><strong>N\u00fat gi\u1ea3m \u00e2m l\u01b0\u1ee3ng<\/strong>: Nh\u1ea5n 1 l\u1ea7n \u0111\u1ec3 ch\u1ec9nh gi\u1ea3m \u00e2m l\u01b0\u1ee3ng, nh\u1ea5n v\u00e0 gi\u1eef \u0111\u1ec3 quay l\u1ea1i b\u00e0i tr\u01b0\u1edbc \u0111\u00f3.<\/span><\/p>\n<p><span style=\"color: #282828;\"><strong>N\u00fat ngu\u1ed3n<\/strong>: Nh\u1ea5n 1 l\u1ea7n \u0111\u1ec3 m\u1edf\/t\u1eaft ngu\u1ed3n,\u00a0ph\u00e1t\/ng\u1eebng ch\u01a1i nh\u1ea1c, tr\u1ea3 l\u1eddi cu\u1ed9c g\u1ecdi, k\u1ebft th\u00fac cu\u1ed9c g\u1ecdi, nh\u1ea5n v\u00e0 gi\u1eef \u0111\u1ec3 t\u1eeb ch\u1ed1i cu\u1ed9c g\u1ecdi.<\/span><\/p>\n<p><span style=\"color: #282828;\"><a class=\"preventdefault\" style=\"color: #282828;\" href=\"https:\/\/cdn.tgdd.vn\/Products\/Images\/54\/234908\/tai-nghe-bluetooth-rapoo-s150-de-89.jpg\"><img class=\" lazyloaded\" title=\"Tai nghe Bluetooth Rapoo S150 \u0110en - D\u1ec5 d\u00e0ng t\u00f9y ch\u1ecdn c\u00e1c ch\u1ee9c n\u0103ng qua 3 n\u00fat b\u1ea5m\" src=\"https:\/\/cdn.tgdd.vn\/Products\/Images\/54\/234908\/tai-nghe-bluetooth-rapoo-s150-de-89.jpg\" alt=\"Tai nghe Bluetooth Rapoo S150 \u0110en - D\u1ec5 d\u00e0ng t\u00f9y ch\u1ecdn c\u00e1c ch\u1ee9c n\u0103ng qua 3 n\u00fat b\u1ea5m\" data-src=\"https:\/\/cdn.tgdd.vn\/Products\/Images\/54\/234908\/tai-nghe-bluetooth-rapoo-s150-de-89.jpg\" \/><\/a><\/span><\/p>\n<p><span style=\"color: #282828;\">Th\u1eddi gian nghe g\u1ecdi k\u00e9o d\u00e0i \u0111\u1ebfn\u00a0<strong>7 gi\u1edd<\/strong>, s\u1ea1c trong\u00a0<strong>2 gi\u1edd<\/strong>\u00a0qua\u00a0<strong>c\u1ed5ng Micro USB<\/strong>\u00a0quen thu\u1ed9c<\/span><\/p>\n<p><span style=\"color: #282828;\"><a class=\"preventdefault\" style=\"color: #282828;\" href=\"https:\/\/cdn.tgdd.vn\/Products\/Images\/54\/234908\/tai-nghe-bluetooth-rapoo-s150-de-5.jpg\"><img class=\" lazyloaded\" title=\"Tai nghe Bluetooth Rapoo S150 \u0110en - Th\u1eddi gian nghe g\u1ecdi k\u00e9o d\u00e0i \u0111\u1ebfn 7 gi\u1edd\" src=\"https:\/\/cdn.tgdd.vn\/Products\/Images\/54\/234908\/tai-nghe-bluetooth-rapoo-s150-de-5.jpg\" alt=\"Tai nghe Bluetooth Rapoo S150 \u0110en - Th\u1eddi gian nghe g\u1ecdi k\u00e9o d\u00e0i \u0111\u1ebfn 7 gi\u1edd\" data-src=\"https:\/\/cdn.tgdd.vn\/Products\/Images\/54\/234908\/tai-nghe-bluetooth-rapoo-s150-de-5.jpg\" \/><\/a><\/span><\/p>\n","protected":false},"excerpt":{"rendered":"<p>Tai nghe Bluetooth Rapoo S150\u00a0ki\u1ec3u \u0111eo qu\u00e0ng c\u1ed5 s\u00e0nh \u0111i\u1ec7u, m\u00e0u \u0111en th\u1eddi trang Thi\u1ebft k\u1ebf g\u1ecdn g\u00e0ng, 2 c\u1ee7 tai ph\u1ee7 m\u00e0u b\u1ea1c kim lo\u1ea1i b\u00f3ng b\u1ea9y, ch\u1ea5t li\u1ec7u\u00a0d\u00e2y\u00a0TPE d\u1ebbo dai, ch\u1ed1ng \u0111\u1ee9t g\u00e3y, c\u00e1ch \u0111eo thu\u1eadn ti\u1ec7n, nh\u1eb9 nh\u00e0ng v\u1edbi m\u1ecdi ng\u01b0\u1eddi d\u00f9ng. Trang b\u1ecb nam ch\u00e2m \u1edf m\u1eb7t ngo\u00e0i c\u1ee7a 2 c\u1ee7&#8230;<\/p>\n","protected":false},"featured_media":2805,"comment_status":"closed","ping_status":"closed","template":"","meta":[],"product_cat":[137,73,92],"product_tag":[],"yoast_head":"<!-- This site is optimized with the Yoast SEO plugin v19.5.1 - https:\/\/yoast.com\/wordpress\/plugins\/seo\/ -->\n<title>S150 - Nam Th\u00e0nh<\/title>\n<meta name=\"robots\" content=\"index, follow, max-snippet:-1, max-image-preview:large, max-video-preview:-1\" \/>\n<link rel=\"canonical\" href=\"https:\/\/namthanh.com.vn\/en\/s150\/\" \/>\n<meta property=\"og:locale\" content=\"en_US\" \/>\n<meta property=\"og:type\" content=\"article\" \/>\n<meta property=\"og:title\" content=\"S150 - Nam Th\u00e0nh\" \/>\n<meta property=\"og:description\" content=\"Tai nghe Bluetooth Rapoo S150\u00a0ki\u1ec3u \u0111eo qu\u00e0ng c\u1ed5 s\u00e0nh \u0111i\u1ec7u, m\u00e0u \u0111en th\u1eddi trang Thi\u1ebft k\u1ebf g\u1ecdn g\u00e0ng, 2 c\u1ee7 tai ph\u1ee7 m\u00e0u b\u1ea1c kim lo\u1ea1i b\u00f3ng b\u1ea9y, ch\u1ea5t li\u1ec7u\u00a0d\u00e2y\u00a0TPE d\u1ebbo dai, ch\u1ed1ng \u0111\u1ee9t g\u00e3y, c\u00e1ch \u0111eo thu\u1eadn ti\u1ec7n, nh\u1eb9 nh\u00e0ng v\u1edbi m\u1ecdi ng\u01b0\u1eddi d\u00f9ng. Trang b\u1ecb nam ch\u00e2m \u1edf m\u1eb7t ngo\u00e0i c\u1ee7a 2 c\u1ee7...\" \/>\n<meta property=\"og:url\" content=\"https:\/\/namthanh.com.vn\/en\/s150\/\" \/>\n<meta property=\"og:site_name\" content=\"Nam Th\u00e0nh\" \/>\n<meta property=\"og:image\" content=\"https:\/\/namthanh.com.vn\/en\/wp-content\/uploads\/2022\/06\/S1501.png\" \/>\n\t<meta property=\"og:image:width\" content=\"600\" \/>\n\t<meta property=\"og:image:height\" content=\"600\" \/>\n\t<meta property=\"og:image:type\" content=\"image\/png\" \/>\n<meta name=\"twitter:card\" content=\"summary_large_image\" \/>\n<meta name=\"twitter:label1\" content=\"Est. reading time\" \/>\n\t<meta name=\"twitter:data1\" content=\"4 minutes\" \/>\n<script type=\"application\/ld+json\" class=\"yoast-schema-graph\">{\"@context\":\"https:\/\/schema.org\",\"@graph\":[{\"@type\":\"WebPage\",\"@id\":\"https:\/\/namthanh.com.vn\/en\/s150\/\",\"url\":\"https:\/\/namthanh.com.vn\/en\/s150\/\",\"name\":\"S150 - Nam Th\u00e0nh\",\"isPartOf\":{\"@id\":\"https:\/\/namthanh.com.vn\/en\/#website\"},\"datePublished\":\"2022-06-24T08:34:55+00:00\",\"dateModified\":\"2022-06-24T08:34:55+00:00\",\"breadcrumb\":{\"@id\":\"https:\/\/namthanh.com.vn\/en\/s150\/#breadcrumb\"},\"inLanguage\":\"en-US\",\"potentialAction\":[{\"@type\":\"ReadAction\",\"target\":[\"https:\/\/namthanh.com.vn\/en\/s150\/\"]}]},{\"@type\":\"BreadcrumbList\",\"@id\":\"https:\/\/namthanh.com.vn\/en\/s150\/#breadcrumb\",\"itemListElement\":[{\"@type\":\"ListItem\",\"position\":1,\"name\":\"Home\",\"item\":\"https:\/\/namthanh.com.vn\/en\/\"},{\"@type\":\"ListItem\",\"position\":2,\"name\":\"Shop\",\"item\":\"https:\/\/namthanh.com.vn\/en\/shop\/\"},{\"@type\":\"ListItem\",\"position\":3,\"name\":\"Product\",\"item\":\"https:\/\/namthanh.com.vn\/en\/product\/\"},{\"@type\":\"ListItem\",\"position\":4,\"name\":\"S150\"}]},{\"@type\":\"WebSite\",\"@id\":\"https:\/\/namthanh.com.vn\/en\/#website\",\"url\":\"https:\/\/namthanh.com.vn\/en\/\",\"name\":\"Nam Th\u00e0nh\",\"description\":\"HTH\",\"potentialAction\":[{\"@type\":\"SearchAction\",\"target\":{\"@type\":\"EntryPoint\",\"urlTemplate\":\"https:\/\/namthanh.com.vn\/en\/?s={search_term_string}\"},\"query-input\":\"required name=search_term_string\"}],\"inLanguage\":\"en-US\"}]}<\/script>\n<!-- \/ Yoast SEO plugin. -->","yoast_head_json":{"title":"S150 - Nam Th\u00e0nh","robots":{"index":"index","follow":"follow","max-snippet":"max-snippet:-1","max-image-preview":"max-image-preview:large","max-video-preview":"max-video-preview:-1"},"canonical":"https:\/\/namthanh.com.vn\/en\/s150\/","og_locale":"en_US","og_type":"article","og_title":"S150 - Nam Th\u00e0nh","og_description":"Tai nghe Bluetooth Rapoo S150\u00a0ki\u1ec3u \u0111eo qu\u00e0ng c\u1ed5 s\u00e0nh \u0111i\u1ec7u, m\u00e0u \u0111en th\u1eddi trang Thi\u1ebft k\u1ebf g\u1ecdn g\u00e0ng, 2 c\u1ee7 tai ph\u1ee7 m\u00e0u b\u1ea1c kim lo\u1ea1i b\u00f3ng b\u1ea9y, ch\u1ea5t li\u1ec7u\u00a0d\u00e2y\u00a0TPE d\u1ebbo dai, ch\u1ed1ng \u0111\u1ee9t g\u00e3y, c\u00e1ch \u0111eo thu\u1eadn ti\u1ec7n, nh\u1eb9 nh\u00e0ng v\u1edbi m\u1ecdi ng\u01b0\u1eddi d\u00f9ng. Trang b\u1ecb nam ch\u00e2m \u1edf m\u1eb7t ngo\u00e0i c\u1ee7a 2 c\u1ee7...","og_url":"https:\/\/namthanh.com.vn\/en\/s150\/","og_site_name":"Nam Th\u00e0nh","og_image":[{"width":600,"height":600,"url":"https:\/\/namthanh.com.vn\/en\/wp-content\/uploads\/2022\/06\/S1501.png","type":"image\/png"}],"twitter_card":"summary_large_image","twitter_misc":{"Est. reading time":"4 minutes"},"schema":{"@context":"https:\/\/schema.org","@graph":[{"@type":"WebPage","@id":"https:\/\/namthanh.com.vn\/en\/s150\/","url":"https:\/\/namthanh.com.vn\/en\/s150\/","name":"S150 - Nam Th\u00e0nh","isPartOf":{"@id":"https:\/\/namthanh.com.vn\/en\/#website"},"datePublished":"2022-06-24T08:34:55+00:00","dateModified":"2022-06-24T08:34:55+00:00","breadcrumb":{"@id":"https:\/\/namthanh.com.vn\/en\/s150\/#breadcrumb"},"inLanguage":"en-US","potentialAction":[{"@type":"ReadAction","target":["https:\/\/namthanh.com.vn\/en\/s150\/"]}]},{"@type":"BreadcrumbList","@id":"https:\/\/namthanh.com.vn\/en\/s150\/#breadcrumb","itemListElement":[{"@type":"ListItem","position":1,"name":"Home","item":"https:\/\/namthanh.com.vn\/en\/"},{"@type":"ListItem","position":2,"name":"Shop","item":"https:\/\/namthanh.com.vn\/en\/shop\/"},{"@type":"ListItem","position":3,"name":"Product","item":"https:\/\/namthanh.com.vn\/en\/product\/"},{"@type":"ListItem","position":4,"name":"S150"}]},{"@type":"WebSite","@id":"https:\/\/namthanh.com.vn\/en\/#website","url":"https:\/\/namthanh.com.vn\/en\/","name":"Nam Th\u00e0nh","description":"HTH","potentialAction":[{"@type":"SearchAction","target":{"@type":"EntryPoint","urlTemplate":"https:\/\/namthanh.com.vn\/en\/?s={search_term_string}"},"query-input":"required name=search_term_string"}],"inLanguage":"en-US"}]}},"_links":{"self":[{"href":"https:\/\/namthanh.com.vn\/en\/wp-json\/wp\/v2\/product\/2803"}],"collection":[{"href":"https:\/\/namthanh.com.vn\/en\/wp-json\/wp\/v2\/product"}],"about":[{"href":"https:\/\/namthanh.com.vn\/en\/wp-json\/wp\/v2\/types\/product"}],"replies":[{"embeddable":true,"href":"https:\/\/namthanh.com.vn\/en\/wp-json\/wp\/v2\/comments?post=2803"}],"wp:featuredmedia":[{"embeddable":true,"href":"https:\/\/namthanh.com.vn\/en\/wp-json\/wp\/v2\/media\/2805"}],"wp:attachment":[{"href":"https:\/\/namthanh.com.vn\/en\/wp-json\/wp\/v2\/media?parent=2803"}],"wp:term":[{"taxonomy":"product_cat","embeddable":true,"href":"https:\/\/namthanh.com.vn\/en\/wp-json\/wp\/v2\/product_cat?post=2803"},{"taxonomy":"product_tag","embeddable":true,"href":"https:\/\/namthanh.com.vn\/en\/wp-json\/wp\/v2\/product_tag?post=2803"}],"curies":[{"name":"wp","href":"https:\/\/api.w.org\/{rel}","templated":true}]}}