{"id":2809,"date":"2022-06-24T15:41:36","date_gmt":"2022-06-24T08:41:36","guid":{"rendered":"https:\/\/microlab.vn\/?post_type=product&#038;p=2809"},"modified":"2022-10-20T16:40:43","modified_gmt":"2022-10-20T09:40:43","slug":"i100","status":"publish","type":"product","link":"https:\/\/namthanh.com.vn\/en\/i100\/","title":{"rendered":"I100"},"content":{"rendered":"<p>Rapoo Headphones I100 Unique boomerang shape for Rapoo headphones\u00a0more dynamic<\/p>\n<p>Outside, the headset, charging box are covered with good plastic material, luxurious black color, high durability, optimal weight for you to wear and carry with you comfortably, without ear pain when worn for a long time.<\/p>\n<p style=\"text-align: justify;\"><span style=\"font-size: 100%; color: #282828;\"><a class=\"preventdefault\" style=\"color: #282828;\" href=\"https:\/\/cdn.tgdd.vn\/Products\/Images\/54\/233262\/bluetooth-true-wireless-rapoo-i100-den-071221-111209.jpg\"><img loading=\"lazy\" class=\" ls-is-cached lazyloaded\" title=\"Tai nghe Bluetooth True Wireless Rapoo I100 \u0110en - Ki\u1ec3u d\u00e1ng h\u00ecnh boomerang \u0111\u1ed9c \u0111\u00e1o \" src=\"https:\/\/cdn.tgdd.vn\/Products\/Images\/54\/233262\/bluetooth-true-wireless-rapoo-i100-den-071221-111209.jpg\" alt=\"Tai nghe Bluetooth True Wireless Rapoo I100 \u0110en - Ki\u1ec3u d\u00e1ng h\u00ecnh boomerang \u0111\u1ed9c \u0111\u00e1o \" width=\"901\" height=\"563\" data-src=\"https:\/\/cdn.tgdd.vn\/Products\/Images\/54\/233262\/bluetooth-true-wireless-rapoo-i100-den-071221-111209.jpg\" \/><\/a><\/span><\/p>\n<p>The charging box is specifically designed for \u00a0Black True Wireless Rapoo I100 Bluetooth headset\u00a0so put the 2 housings in the box to fit perfectly, the hinge turns on and closes gently, not heavy when manipulating.<\/p>\n<p>There are 3 sets of earplugs included with the product, you can choose according to your ear size to wear it snugly, snugly, and better at noise cancellation.<\/p>\n<p style=\"text-align: justify;\"><span style=\"font-size: 100%; color: #282828;\"><a class=\"preventdefault\" style=\"color: #282828;\" href=\"https:\/\/cdn.tgdd.vn\/Products\/Images\/54\/233262\/bluetooth-true-wireless-rapoo-i100-den-071221-111215.jpg\"><img loading=\"lazy\" class=\" ls-is-cached lazyloaded\" title=\"Tai nghe Bluetooth True Wireless Rapoo I100 \u0110en - B\u00ean ngo\u00e0i tai nghe, h\u1ed9p s\u1ea1c \u0111\u01b0\u1ee3c ph\u1ee7 ch\u1ea5t li\u1ec7u nh\u1ef1a t\u1ed1t\" src=\"https:\/\/cdn.tgdd.vn\/Products\/Images\/54\/233262\/bluetooth-true-wireless-rapoo-i100-den-071221-111215.jpg\" alt=\"Tai nghe Bluetooth True Wireless Rapoo I100 \u0110en - B\u00ean ngo\u00e0i tai nghe, h\u1ed9p s\u1ea1c \u0111\u01b0\u1ee3c ph\u1ee7 ch\u1ea5t li\u1ec7u nh\u1ef1a t\u1ed1t\" width=\"886\" height=\"554\" data-src=\"https:\/\/cdn.tgdd.vn\/Products\/Images\/54\/233262\/bluetooth-true-wireless-rapoo-i100-den-071221-111215.jpg\" \/><\/a><\/span><\/p>\n<p>Rapoo sound is clear, honest<\/p>\n<p>The sound bands are quite separate, bass and voice are reproduced accurately, clearly, listening to music, calling or playing games are all great.<\/p>\n<p style=\"text-align: justify;\"><span style=\"font-size: 100%; color: #282828;\"><a class=\"preventdefault\" style=\"color: #282828;\" href=\"https:\/\/cdn.tgdd.vn\/Products\/Images\/54\/233262\/bluetooth-true-wireless-rapoo-i100-den-071221-111220.jpg\"><img loading=\"lazy\" class=\" ls-is-cached lazyloaded\" title=\"Tai nghe Bluetooth True Wireless Rapoo I100 \u0110en - \u00c2m thanh Rapoo trong tr\u1ebbo, trung th\u1ef1c\" src=\"https:\/\/cdn.tgdd.vn\/Products\/Images\/54\/233262\/bluetooth-true-wireless-rapoo-i100-den-071221-111220.jpg\" alt=\"Tai nghe Bluetooth True Wireless Rapoo I100 \u0110en - \u00c2m thanh Rapoo trong tr\u1ebbo, trung th\u1ef1c\" width=\"890\" height=\"556\" data-src=\"https:\/\/cdn.tgdd.vn\/Products\/Images\/54\/233262\/bluetooth-true-wireless-rapoo-i100-den-071221-111220.jpg\" \/><\/a><\/span><\/p>\n<p>Smooth Bluetooth 5.0 connection within 10 m<\/p>\n<p>Stable transmission between the headset and the paired \u00a0phones,\u00a0laptops, helping you to use the headset more efficiently and save battery.<\/p>\n<p style=\"text-align: justify;\"><span style=\"font-size: 100%; color: #282828;\"><a class=\"preventdefault\" style=\"color: #282828;\" href=\"https:\/\/cdn.tgdd.vn\/Products\/Images\/54\/233262\/bluetooth-true-wireless-rapoo-i100-den-071221-111225.jpg\"><img class=\" lazyloaded\" title=\"Tai nghe Bluetooth True Wireless Rapoo I100 \u0110en - K\u1ebft n\u1ed1i Bluetooth 5.0 m\u01b0\u1ee3t m\u00e0 trong ph\u1ea1m vi 10 m\" src=\"https:\/\/cdn.tgdd.vn\/Products\/Images\/54\/233262\/bluetooth-true-wireless-rapoo-i100-den-071221-111225.jpg\" alt=\"Tai nghe Bluetooth True Wireless Rapoo I100 \u0110en - K\u1ebft n\u1ed1i Bluetooth 5.0 m\u01b0\u1ee3t m\u00e0 trong ph\u1ea1m vi 10 m\" data-src=\"https:\/\/cdn.tgdd.vn\/Products\/Images\/54\/233262\/bluetooth-true-wireless-rapoo-i100-den-071221-111225.jpg\" \/><\/a><\/span><\/p>\n<p>Maintain seamless voice calls with 3.5 hours of continuous use<\/p>\n<p>When it needs to be recharged, it only takes 1 and a half hours to recharge the battery\u00a0Bluetooth headset\u00a0through the Type-C connector.<\/p>\n<p style=\"text-align: justify;\"><span style=\"font-size: 100%; color: #282828;\"><a class=\"preventdefault\" style=\"color: #282828;\" href=\"https:\/\/cdn.tgdd.vn\/Products\/Images\/54\/233262\/bluetooth-true-wireless-rapoo-i100-den-071221-111231.jpg\"><img class=\" lazyloaded\" title=\"Tai nghe Bluetooth True Wireless Rapoo I100 \u0110en - Duy tr\u00ec cu\u1ed9c g\u1ecdi tho\u1ea1i li\u1ec1n m\u1ea1ch v\u1edbi 3.5 ti\u1ebfng s\u1eed d\u1ee5ng li\u00ean t\u1ee5c\" src=\"https:\/\/cdn.tgdd.vn\/Products\/Images\/54\/233262\/bluetooth-true-wireless-rapoo-i100-den-071221-111231.jpg\" alt=\"Tai nghe Bluetooth True Wireless Rapoo I100 \u0110en - Duy tr\u00ec cu\u1ed9c g\u1ecdi tho\u1ea1i li\u1ec1n m\u1ea1ch v\u1edbi 3.5 ti\u1ebfng s\u1eed d\u1ee5ng li\u00ean t\u1ee5c\" data-src=\"https:\/\/cdn.tgdd.vn\/Products\/Images\/54\/233262\/bluetooth-true-wireless-rapoo-i100-den-071221-111231.jpg\" \/><\/a><\/span><\/p>\n<p>Integrated touch control, touch to adjust the function<\/p>\n<p>&#8211; Receive calls.<\/p>\n<p>&#8211; Rejected calls.<\/p>\n<p>&#8211; Play\/stop music.<\/p>\n<p>&#8211; Switch songs.<\/p>\n<p>In general, Rapoo I100 is a headset\u00a0beautiful, strange, lightweight material, advanced Bluetooth connection, quality sound, enough battery life to use during the day, it is ideal for office workers, students, students. pellets.<\/p>\n","protected":false},"excerpt":{"rendered":"<p>Rapoo Headphones I100 Unique boomerang shape for Rapoo headphones\u00a0more dynamic Outside, the headset, charging box are covered with good plastic material, luxurious black color, high durability, optimal weight for you to wear and carry with you comfortably, without ear pain when worn for a long time. The charging box is specifically designed for \u00a0Black True&#8230;<\/p>\n","protected":false},"featured_media":2810,"comment_status":"closed","ping_status":"closed","template":"","meta":[],"product_cat":[137,73,92],"product_tag":[],"yoast_head":"<!-- This site is optimized with the Yoast SEO plugin v19.5.1 - https:\/\/yoast.com\/wordpress\/plugins\/seo\/ -->\n<title>I100 - Nam Th\u00e0nh<\/title>\n<meta name=\"robots\" content=\"index, follow, max-snippet:-1, max-image-preview:large, max-video-preview:-1\" \/>\n<link rel=\"canonical\" href=\"https:\/\/namthanh.com.vn\/en\/i100\/\" \/>\n<meta property=\"og:locale\" content=\"en_US\" \/>\n<meta property=\"og:type\" content=\"article\" \/>\n<meta property=\"og:title\" content=\"I100 - Nam Th\u00e0nh\" \/>\n<meta property=\"og:description\" content=\"Rapoo Headphones I100 Unique boomerang shape for Rapoo headphones\u00a0more dynamic Outside, the headset, charging box are covered with good plastic material, luxurious black color, high durability, optimal weight for you to wear and carry with you comfortably, without ear pain when worn for a long time. The charging box is specifically designed for \u00a0Black True...\" \/>\n<meta property=\"og:url\" content=\"https:\/\/namthanh.com.vn\/en\/i100\/\" \/>\n<meta property=\"og:site_name\" content=\"Nam Th\u00e0nh\" \/>\n<meta property=\"article:modified_time\" content=\"2022-10-20T09:40:43+00:00\" \/>\n<meta property=\"og:image\" content=\"https:\/\/namthanh.com.vn\/en\/wp-content\/uploads\/2022\/06\/I100.jpg\" \/>\n\t<meta property=\"og:image:width\" content=\"225\" \/>\n\t<meta property=\"og:image:height\" content=\"225\" \/>\n\t<meta property=\"og:image:type\" content=\"image\/jpeg\" \/>\n<meta name=\"twitter:card\" content=\"summary_large_image\" \/>\n<meta name=\"twitter:label1\" content=\"Est. reading time\" \/>\n\t<meta name=\"twitter:data1\" content=\"3 minutes\" \/>\n<script type=\"application\/ld+json\" class=\"yoast-schema-graph\">{\"@context\":\"https:\/\/schema.org\",\"@graph\":[{\"@type\":\"WebPage\",\"@id\":\"https:\/\/namthanh.com.vn\/en\/i100\/\",\"url\":\"https:\/\/namthanh.com.vn\/en\/i100\/\",\"name\":\"I100 - Nam Th\u00e0nh\",\"isPartOf\":{\"@id\":\"https:\/\/namthanh.com.vn\/en\/#website\"},\"datePublished\":\"2022-06-24T08:41:36+00:00\",\"dateModified\":\"2022-10-20T09:40:43+00:00\",\"breadcrumb\":{\"@id\":\"https:\/\/namthanh.com.vn\/en\/i100\/#breadcrumb\"},\"inLanguage\":\"en-US\",\"potentialAction\":[{\"@type\":\"ReadAction\",\"target\":[\"https:\/\/namthanh.com.vn\/en\/i100\/\"]}]},{\"@type\":\"BreadcrumbList\",\"@id\":\"https:\/\/namthanh.com.vn\/en\/i100\/#breadcrumb\",\"itemListElement\":[{\"@type\":\"ListItem\",\"position\":1,\"name\":\"Home\",\"item\":\"https:\/\/namthanh.com.vn\/en\/\"},{\"@type\":\"ListItem\",\"position\":2,\"name\":\"Shop\",\"item\":\"https:\/\/namthanh.com.vn\/en\/shop\/\"},{\"@type\":\"ListItem\",\"position\":3,\"name\":\"Product\",\"item\":\"https:\/\/namthanh.com.vn\/en\/product\/\"},{\"@type\":\"ListItem\",\"position\":4,\"name\":\"I100\"}]},{\"@type\":\"WebSite\",\"@id\":\"https:\/\/namthanh.com.vn\/en\/#website\",\"url\":\"https:\/\/namthanh.com.vn\/en\/\",\"name\":\"Nam Th\u00e0nh\",\"description\":\"HTH\",\"potentialAction\":[{\"@type\":\"SearchAction\",\"target\":{\"@type\":\"EntryPoint\",\"urlTemplate\":\"https:\/\/namthanh.com.vn\/en\/?s={search_term_string}\"},\"query-input\":\"required name=search_term_string\"}],\"inLanguage\":\"en-US\"}]}<\/script>\n<!-- \/ Yoast SEO plugin. -->","yoast_head_json":{"title":"I100 - Nam Th\u00e0nh","robots":{"index":"index","follow":"follow","max-snippet":"max-snippet:-1","max-image-preview":"max-image-preview:large","max-video-preview":"max-video-preview:-1"},"canonical":"https:\/\/namthanh.com.vn\/en\/i100\/","og_locale":"en_US","og_type":"article","og_title":"I100 - Nam Th\u00e0nh","og_description":"Rapoo Headphones I100 Unique boomerang shape for Rapoo headphones\u00a0more dynamic Outside, the headset, charging box are covered with good plastic material, luxurious black color, high durability, optimal weight for you to wear and carry with you comfortably, without ear pain when worn for a long time. The charging box is specifically designed for \u00a0Black True...","og_url":"https:\/\/namthanh.com.vn\/en\/i100\/","og_site_name":"Nam Th\u00e0nh","article_modified_time":"2022-10-20T09:40:43+00:00","og_image":[{"width":225,"height":225,"url":"https:\/\/namthanh.com.vn\/en\/wp-content\/uploads\/2022\/06\/I100.jpg","type":"image\/jpeg"}],"twitter_card":"summary_large_image","twitter_misc":{"Est. reading time":"3 minutes"},"schema":{"@context":"https:\/\/schema.org","@graph":[{"@type":"WebPage","@id":"https:\/\/namthanh.com.vn\/en\/i100\/","url":"https:\/\/namthanh.com.vn\/en\/i100\/","name":"I100 - Nam Th\u00e0nh","isPartOf":{"@id":"https:\/\/namthanh.com.vn\/en\/#website"},"datePublished":"2022-06-24T08:41:36+00:00","dateModified":"2022-10-20T09:40:43+00:00","breadcrumb":{"@id":"https:\/\/namthanh.com.vn\/en\/i100\/#breadcrumb"},"inLanguage":"en-US","potentialAction":[{"@type":"ReadAction","target":["https:\/\/namthanh.com.vn\/en\/i100\/"]}]},{"@type":"BreadcrumbList","@id":"https:\/\/namthanh.com.vn\/en\/i100\/#breadcrumb","itemListElement":[{"@type":"ListItem","position":1,"name":"Home","item":"https:\/\/namthanh.com.vn\/en\/"},{"@type":"ListItem","position":2,"name":"Shop","item":"https:\/\/namthanh.com.vn\/en\/shop\/"},{"@type":"ListItem","position":3,"name":"Product","item":"https:\/\/namthanh.com.vn\/en\/product\/"},{"@type":"ListItem","position":4,"name":"I100"}]},{"@type":"WebSite","@id":"https:\/\/namthanh.com.vn\/en\/#website","url":"https:\/\/namthanh.com.vn\/en\/","name":"Nam Th\u00e0nh","description":"HTH","potentialAction":[{"@type":"SearchAction","target":{"@type":"EntryPoint","urlTemplate":"https:\/\/namthanh.com.vn\/en\/?s={search_term_string}"},"query-input":"required name=search_term_string"}],"inLanguage":"en-US"}]}},"_links":{"self":[{"href":"https:\/\/namthanh.com.vn\/en\/wp-json\/wp\/v2\/product\/2809"}],"collection":[{"href":"https:\/\/namthanh.com.vn\/en\/wp-json\/wp\/v2\/product"}],"about":[{"href":"https:\/\/namthanh.com.vn\/en\/wp-json\/wp\/v2\/types\/product"}],"replies":[{"embeddable":true,"href":"https:\/\/namthanh.com.vn\/en\/wp-json\/wp\/v2\/comments?post=2809"}],"wp:featuredmedia":[{"embeddable":true,"href":"https:\/\/namthanh.com.vn\/en\/wp-json\/wp\/v2\/media\/2810"}],"wp:attachment":[{"href":"https:\/\/namthanh.com.vn\/en\/wp-json\/wp\/v2\/media?parent=2809"}],"wp:term":[{"taxonomy":"product_cat","embeddable":true,"href":"https:\/\/namthanh.com.vn\/en\/wp-json\/wp\/v2\/product_cat?post=2809"},{"taxonomy":"product_tag","embeddable":true,"href":"https:\/\/namthanh.com.vn\/en\/wp-json\/wp\/v2\/product_tag?post=2809"}],"curies":[{"name":"wp","href":"https:\/\/api.w.org\/{rel}","templated":true}]}}