{"id":2816,"date":"2022-06-24T15:51:55","date_gmt":"2022-06-24T08:51:55","guid":{"rendered":"https:\/\/microlab.vn\/?post_type=product&#038;p=2816"},"modified":"2022-10-20T16:37:35","modified_gmt":"2022-10-20T09:37:35","slug":"c200","status":"publish","type":"product","link":"https:\/\/namthanh.com.vn\/en\/c200\/","title":{"rendered":"C200"},"content":{"rendered":"<h3>Rapoo C200 Webcam Simple and compact design<\/h3>\n<p>Rapoo C200 720p Webcam\u00a0 has a neat structure, \u00a0elegant black color, weight\u00a097.5 g, easy to arrange and use.<\/p>\n<p><a class=\"preventdefault\" href=\"https:\/\/cdn.tgdd.vn\/Products\/Images\/4728\/242327\/webcam-720p-rapoo-c200-1-1.jpg\"><img class=\" ls-is-cached lazyloaded\" title=\"Webcam 720p Rapoo C200 - Ki\u1ec3u d\u00e1ng \u0111\u01a1n gi\u1ea3n, nh\u1ecf g\u1ecdn\" src=\"https:\/\/cdn.tgdd.vn\/Products\/Images\/4728\/242327\/webcam-720p-rapoo-c200-1-1.jpg\" alt=\"Webcam 720p Rapoo C200 - Ki\u1ec3u d\u00e1ng \u0111\u01a1n gi\u1ea3n, nh\u1ecf g\u1ecdn\" data-src=\"https:\/\/cdn.tgdd.vn\/Products\/Images\/4728\/242327\/webcam-720p-rapoo-c200-1-1.jpg\" \/><\/a><\/p>\n<p>720P HD resolution for clear, vivid video<\/p>\n<p>With high definition,\u00a0Webcam\u00a0provides realistic images even in poor lighting conditions.<\/p>\n<p><a class=\"preventdefault\" href=\"https:\/\/cdn.tgdd.vn\/Products\/Images\/4728\/242327\/webcam-720p-rapoo-c200-3-1.jpg\"><img class=\" ls-is-cached lazyloaded\" title=\"Webcam 720p Rapoo C200 - \u0110\u1ed9 ph\u00e2n gi\u1ea3i HD 720P cho video r\u00f5 n\u00e9t, sinh \u0111\u1ed9ng\" src=\"https:\/\/cdn.tgdd.vn\/Products\/Images\/4728\/242327\/webcam-720p-rapoo-c200-3-1.jpg\" alt=\"Webcam 720p Rapoo C200 - \u0110\u1ed9 ph\u00e2n gi\u1ea3i HD 720P cho video r\u00f5 n\u00e9t, sinh \u0111\u1ed9ng\" data-src=\"https:\/\/cdn.tgdd.vn\/Products\/Images\/4728\/242327\/webcam-720p-rapoo-c200-3-1.jpg\" \/><\/a><\/p>\n<p>Wide field of view thanks to 78-degree wide camera angle, 360-degree horizontal rotation<\/p>\n<p>Users can view the top, bottom, corners easily, the ability to adjust the direction of the Webcam to a specific angle to see more details clearly.<\/p>\n<p><a class=\"preventdefault\" href=\"https:\/\/cdn.tgdd.vn\/Products\/Images\/4728\/242327\/webcam-720p-rapoo-c200--2.jpg\"><img class=\" ls-is-cached lazyloaded\" title=\"Webcam 720p Rapoo C200 - T\u1ea7m quan s\u00e1t tr\u1ea3i r\u1ed9ng nh\u1edd g\u00f3c camera r\u1ed9ng 78 \u0111\u1ed9, xoay ngang 360 \u0111\u1ed9\" src=\"https:\/\/cdn.tgdd.vn\/Products\/Images\/4728\/242327\/webcam-720p-rapoo-c200--2.jpg\" alt=\"Webcam 720p Rapoo C200 - T\u1ea7m quan s\u00e1t tr\u1ea3i r\u1ed9ng nh\u1edd g\u00f3c camera r\u1ed9ng 78 \u0111\u1ed9, xoay ngang 360 \u0111\u1ed9\" data-src=\"https:\/\/cdn.tgdd.vn\/Products\/Images\/4728\/242327\/webcam-720p-rapoo-c200--2.jpg\" \/><\/a><\/p>\n<p>Stay on top of everything while talking with noise-cancelling dual microphones<\/p>\n<p>Surrounding noises are eliminated, \u00a0Webcam Rapoo\u00a0 maintains a clear voice, allowing you to freely chat with partners and friends whenever you want.<\/p>\n<p><a class=\"preventdefault\" href=\"https:\/\/cdn.tgdd.vn\/Products\/Images\/4728\/242327\/webcam-720p-rapoo-c200-4.jpg\"><img class=\" lazyloaded\" title=\"Webcam 720p Rapoo C200 - Lu\u00f4n n\u1eafm b\u1eaft m\u1ecdi n\u1ed9i dung khi \u0111\u00e0m tho\u1ea1i v\u1edbi micro k\u00e9p kh\u1eed ti\u1ebfng \u1ed3n\" src=\"https:\/\/cdn.tgdd.vn\/Products\/Images\/4728\/242327\/webcam-720p-rapoo-c200-4.jpg\" alt=\"Webcam 720p Rapoo C200 - Lu\u00f4n n\u1eafm b\u1eaft m\u1ecdi n\u1ed9i dung khi \u0111\u00e0m tho\u1ea1i v\u1edbi micro k\u00e9p kh\u1eed ti\u1ebfng \u1ed3n\" data-src=\"https:\/\/cdn.tgdd.vn\/Products\/Images\/4728\/242327\/webcam-720p-rapoo-c200-4.jpg\" \/><\/a><\/p>\n<h3>Compatible with devices running Windows 7+, Mac OS X 10.6+, Android v5.0+<\/h3>\n<p><a class=\"preventdefault\" href=\"https:\/\/cdn.tgdd.vn\/Products\/Images\/4728\/242327\/webcam-720p-rapoo-c200-90.jpg\"><img class=\" lazyloaded\" title=\"Webcam 720p Rapoo C200 - T\u01b0\u01a1ng th\u00edch v\u1edbi thi\u1ebft b\u1ecb ch\u1ea1y h\u1ec7 \u0111i\u1ec1u h\u00e0nh th\u00f4ng d\u1ee5ng\" src=\"https:\/\/cdn.tgdd.vn\/Products\/Images\/4728\/242327\/webcam-720p-rapoo-c200-90.jpg\" alt=\"Webcam 720p Rapoo C200 - T\u01b0\u01a1ng th\u00edch v\u1edbi thi\u1ebft b\u1ecb ch\u1ea1y h\u1ec7 \u0111i\u1ec1u h\u00e0nh th\u00f4ng d\u1ee5ng\" data-src=\"https:\/\/cdn.tgdd.vn\/Products\/Images\/4728\/242327\/webcam-720p-rapoo-c200-90.jpg\" \/><\/a><\/p>\n<p>Overall, with a compact, easy-to-use design, providing 720p image resolution, wide lens angle, and noise-canceling dual microphones, Rapoo C200 promises to bring great entertainment and work experiences to everyone. every user.<\/p>\n","protected":false},"excerpt":{"rendered":"<p>Rapoo C200 Webcam Simple and compact design Rapoo C200 720p Webcam\u00a0 has a neat structure, \u00a0elegant black color, weight\u00a097.5 g, easy to arrange and use. 720P HD resolution for clear, vivid video With high definition,\u00a0Webcam\u00a0provides realistic images even in poor lighting conditions. Wide field of view thanks to 78-degree wide camera angle, 360-degree horizontal rotation&#8230;<\/p>\n","protected":false},"featured_media":2817,"comment_status":"closed","ping_status":"closed","template":"","meta":[],"product_cat":[152,137,73],"product_tag":[],"yoast_head":"<!-- This site is optimized with the Yoast SEO plugin v19.5.1 - https:\/\/yoast.com\/wordpress\/plugins\/seo\/ -->\n<title>C200 - Nam Th\u00e0nh<\/title>\n<meta name=\"robots\" content=\"index, follow, max-snippet:-1, max-image-preview:large, max-video-preview:-1\" \/>\n<link rel=\"canonical\" href=\"https:\/\/namthanh.com.vn\/en\/c200\/\" \/>\n<meta property=\"og:locale\" content=\"en_US\" \/>\n<meta property=\"og:type\" content=\"article\" \/>\n<meta property=\"og:title\" content=\"C200 - Nam Th\u00e0nh\" \/>\n<meta property=\"og:description\" content=\"Rapoo C200 Webcam Simple and compact design Rapoo C200 720p Webcam\u00a0 has a neat structure, \u00a0elegant black color, weight\u00a097.5 g, easy to arrange and use. 720P HD resolution for clear, vivid video With high definition,\u00a0Webcam\u00a0provides realistic images even in poor lighting conditions. Wide field of view thanks to 78-degree wide camera angle, 360-degree horizontal rotation...\" \/>\n<meta property=\"og:url\" content=\"https:\/\/namthanh.com.vn\/en\/c200\/\" \/>\n<meta property=\"og:site_name\" content=\"Nam Th\u00e0nh\" \/>\n<meta property=\"article:modified_time\" content=\"2022-10-20T09:37:35+00:00\" \/>\n<meta property=\"og:image\" content=\"https:\/\/namthanh.com.vn\/en\/wp-content\/uploads\/2022\/06\/C200.jpg\" \/>\n\t<meta property=\"og:image:width\" content=\"850\" \/>\n\t<meta property=\"og:image:height\" content=\"850\" \/>\n\t<meta property=\"og:image:type\" content=\"image\/jpeg\" \/>\n<meta name=\"twitter:card\" content=\"summary_large_image\" \/>\n<meta name=\"twitter:label1\" content=\"Est. reading time\" \/>\n\t<meta name=\"twitter:data1\" content=\"2 minutes\" \/>\n<script type=\"application\/ld+json\" class=\"yoast-schema-graph\">{\"@context\":\"https:\/\/schema.org\",\"@graph\":[{\"@type\":\"WebPage\",\"@id\":\"https:\/\/namthanh.com.vn\/en\/c200\/\",\"url\":\"https:\/\/namthanh.com.vn\/en\/c200\/\",\"name\":\"C200 - Nam Th\u00e0nh\",\"isPartOf\":{\"@id\":\"https:\/\/namthanh.com.vn\/en\/#website\"},\"datePublished\":\"2022-06-24T08:51:55+00:00\",\"dateModified\":\"2022-10-20T09:37:35+00:00\",\"breadcrumb\":{\"@id\":\"https:\/\/namthanh.com.vn\/en\/c200\/#breadcrumb\"},\"inLanguage\":\"en-US\",\"potentialAction\":[{\"@type\":\"ReadAction\",\"target\":[\"https:\/\/namthanh.com.vn\/en\/c200\/\"]}]},{\"@type\":\"BreadcrumbList\",\"@id\":\"https:\/\/namthanh.com.vn\/en\/c200\/#breadcrumb\",\"itemListElement\":[{\"@type\":\"ListItem\",\"position\":1,\"name\":\"Home\",\"item\":\"https:\/\/namthanh.com.vn\/en\/\"},{\"@type\":\"ListItem\",\"position\":2,\"name\":\"Shop\",\"item\":\"https:\/\/namthanh.com.vn\/en\/shop\/\"},{\"@type\":\"ListItem\",\"position\":3,\"name\":\"Product\",\"item\":\"https:\/\/namthanh.com.vn\/en\/product\/\"},{\"@type\":\"ListItem\",\"position\":4,\"name\":\"C200\"}]},{\"@type\":\"WebSite\",\"@id\":\"https:\/\/namthanh.com.vn\/en\/#website\",\"url\":\"https:\/\/namthanh.com.vn\/en\/\",\"name\":\"Nam Th\u00e0nh\",\"description\":\"HTH\",\"potentialAction\":[{\"@type\":\"SearchAction\",\"target\":{\"@type\":\"EntryPoint\",\"urlTemplate\":\"https:\/\/namthanh.com.vn\/en\/?s={search_term_string}\"},\"query-input\":\"required name=search_term_string\"}],\"inLanguage\":\"en-US\"}]}<\/script>\n<!-- \/ Yoast SEO plugin. -->","yoast_head_json":{"title":"C200 - Nam Th\u00e0nh","robots":{"index":"index","follow":"follow","max-snippet":"max-snippet:-1","max-image-preview":"max-image-preview:large","max-video-preview":"max-video-preview:-1"},"canonical":"https:\/\/namthanh.com.vn\/en\/c200\/","og_locale":"en_US","og_type":"article","og_title":"C200 - Nam Th\u00e0nh","og_description":"Rapoo C200 Webcam Simple and compact design Rapoo C200 720p Webcam\u00a0 has a neat structure, \u00a0elegant black color, weight\u00a097.5 g, easy to arrange and use. 720P HD resolution for clear, vivid video With high definition,\u00a0Webcam\u00a0provides realistic images even in poor lighting conditions. Wide field of view thanks to 78-degree wide camera angle, 360-degree horizontal rotation...","og_url":"https:\/\/namthanh.com.vn\/en\/c200\/","og_site_name":"Nam Th\u00e0nh","article_modified_time":"2022-10-20T09:37:35+00:00","og_image":[{"width":850,"height":850,"url":"https:\/\/namthanh.com.vn\/en\/wp-content\/uploads\/2022\/06\/C200.jpg","type":"image\/jpeg"}],"twitter_card":"summary_large_image","twitter_misc":{"Est. reading time":"2 minutes"},"schema":{"@context":"https:\/\/schema.org","@graph":[{"@type":"WebPage","@id":"https:\/\/namthanh.com.vn\/en\/c200\/","url":"https:\/\/namthanh.com.vn\/en\/c200\/","name":"C200 - Nam Th\u00e0nh","isPartOf":{"@id":"https:\/\/namthanh.com.vn\/en\/#website"},"datePublished":"2022-06-24T08:51:55+00:00","dateModified":"2022-10-20T09:37:35+00:00","breadcrumb":{"@id":"https:\/\/namthanh.com.vn\/en\/c200\/#breadcrumb"},"inLanguage":"en-US","potentialAction":[{"@type":"ReadAction","target":["https:\/\/namthanh.com.vn\/en\/c200\/"]}]},{"@type":"BreadcrumbList","@id":"https:\/\/namthanh.com.vn\/en\/c200\/#breadcrumb","itemListElement":[{"@type":"ListItem","position":1,"name":"Home","item":"https:\/\/namthanh.com.vn\/en\/"},{"@type":"ListItem","position":2,"name":"Shop","item":"https:\/\/namthanh.com.vn\/en\/shop\/"},{"@type":"ListItem","position":3,"name":"Product","item":"https:\/\/namthanh.com.vn\/en\/product\/"},{"@type":"ListItem","position":4,"name":"C200"}]},{"@type":"WebSite","@id":"https:\/\/namthanh.com.vn\/en\/#website","url":"https:\/\/namthanh.com.vn\/en\/","name":"Nam Th\u00e0nh","description":"HTH","potentialAction":[{"@type":"SearchAction","target":{"@type":"EntryPoint","urlTemplate":"https:\/\/namthanh.com.vn\/en\/?s={search_term_string}"},"query-input":"required name=search_term_string"}],"inLanguage":"en-US"}]}},"_links":{"self":[{"href":"https:\/\/namthanh.com.vn\/en\/wp-json\/wp\/v2\/product\/2816"}],"collection":[{"href":"https:\/\/namthanh.com.vn\/en\/wp-json\/wp\/v2\/product"}],"about":[{"href":"https:\/\/namthanh.com.vn\/en\/wp-json\/wp\/v2\/types\/product"}],"replies":[{"embeddable":true,"href":"https:\/\/namthanh.com.vn\/en\/wp-json\/wp\/v2\/comments?post=2816"}],"wp:featuredmedia":[{"embeddable":true,"href":"https:\/\/namthanh.com.vn\/en\/wp-json\/wp\/v2\/media\/2817"}],"wp:attachment":[{"href":"https:\/\/namthanh.com.vn\/en\/wp-json\/wp\/v2\/media?parent=2816"}],"wp:term":[{"taxonomy":"product_cat","embeddable":true,"href":"https:\/\/namthanh.com.vn\/en\/wp-json\/wp\/v2\/product_cat?post=2816"},{"taxonomy":"product_tag","embeddable":true,"href":"https:\/\/namthanh.com.vn\/en\/wp-json\/wp\/v2\/product_tag?post=2816"}],"curies":[{"name":"wp","href":"https:\/\/api.w.org\/{rel}","templated":true}]}}