{"id":2831,"date":"2022-06-24T16:24:47","date_gmt":"2022-06-24T09:24:47","guid":{"rendered":"https:\/\/microlab.vn\/?post_type=product&#038;p=2831"},"modified":"2022-10-20T16:31:04","modified_gmt":"2022-10-20T09:31:04","slug":"c270","status":"publish","type":"product","link":"https:\/\/namthanh.com.vn\/en\/c270\/","title":{"rendered":"C270"},"content":{"rendered":"<p style=\"text-align: left;\" align=\"center\"><span style=\"font-size: 100%; color: #282828;\"><strong>Webcamera Rapoo C270L Full HD 1080P\u00a0<\/strong><\/span><\/p>\n<p>Rapoo C270L Web Webcam is equipped with a 1080P HD high-definition lens, a 105\u00b0 wide-angle lens that can be rotated flexibly, providing extremely clear and true images. In addition, it is also equipped with an LED border with 3 levels of adjustment for sharper images in any environment.<\/p>\n<p><img loading=\"lazy\" class=\" wp-image-2832 aligncenter\" src=\"https:\/\/namthanh.com.vn\/en\/wp-content\/uploads\/2022\/06\/C270L-400x400.jpg\" alt=\"\" width=\"503\" height=\"503\" srcset=\"https:\/\/namthanh.com.vn\/en\/wp-content\/uploads\/2022\/06\/C270L-400x400.jpg 400w, https:\/\/namthanh.com.vn\/en\/wp-content\/uploads\/2022\/06\/C270L-800x800.jpg 800w, https:\/\/namthanh.com.vn\/en\/wp-content\/uploads\/2022\/06\/C270L-280x280.jpg 280w, https:\/\/namthanh.com.vn\/en\/wp-content\/uploads\/2022\/06\/C270L-768x768.jpg 768w, https:\/\/namthanh.com.vn\/en\/wp-content\/uploads\/2022\/06\/C270L-1536x1536.jpg 1536w, https:\/\/namthanh.com.vn\/en\/wp-content\/uploads\/2022\/06\/C270L-300x300.jpg 300w, https:\/\/namthanh.com.vn\/en\/wp-content\/uploads\/2022\/06\/C270L-600x600.jpg 600w, https:\/\/namthanh.com.vn\/en\/wp-content\/uploads\/2022\/06\/C270L-100x100.jpg 100w, https:\/\/namthanh.com.vn\/en\/wp-content\/uploads\/2022\/06\/C270L.jpg 1600w\" sizes=\"(max-width: 503px) 100vw, 503px\" \/><\/p>\n<p>High resolution for sharp and detailed images<\/p>\n<p>Rapoo C270L Webcam with full high-resolution lens can intelligently adjust frame rate and resolution according to ambient light, providing realistic video even in low light.<\/p>\n<p><img loading=\"lazy\" class=\"wp-image-2838 aligncenter\" src=\"https:\/\/namthanh.com.vn\/en\/wp-content\/uploads\/2022\/06\/C2706-400x400.jpg\" alt=\"\" width=\"453\" height=\"453\" srcset=\"https:\/\/namthanh.com.vn\/en\/wp-content\/uploads\/2022\/06\/C2706-400x400.jpg 400w, https:\/\/namthanh.com.vn\/en\/wp-content\/uploads\/2022\/06\/C2706-800x800.jpg 800w, https:\/\/namthanh.com.vn\/en\/wp-content\/uploads\/2022\/06\/C2706-280x280.jpg 280w, https:\/\/namthanh.com.vn\/en\/wp-content\/uploads\/2022\/06\/C2706-768x768.jpg 768w, https:\/\/namthanh.com.vn\/en\/wp-content\/uploads\/2022\/06\/C2706-300x300.jpg 300w, https:\/\/namthanh.com.vn\/en\/wp-content\/uploads\/2022\/06\/C2706-600x600.jpg 600w, https:\/\/namthanh.com.vn\/en\/wp-content\/uploads\/2022\/06\/C2706-100x100.jpg 100w, https:\/\/namthanh.com.vn\/en\/wp-content\/uploads\/2022\/06\/C2706.jpg 1500w\" sizes=\"(max-width: 453px) 100vw, 453px\" \/><\/p>\n<p>Webcam&#8217;s built-in omnidirectional microphone\u00a0Rapoo C270L<\/p>\n<p>Built-in omnidirectional microphone makes Rapoo C270L Webcam sound purer and clearer during chats and calls.<\/p>\n<p><span style=\"font-size: 100%; color: #282828;\"><img loading=\"lazy\" class=\"\" src=\"https:\/\/viethansecurity.com\/media\/lib\/19-08-2021\/micro-da-huong-c270.jpg\" alt=\"Camera m\u00e1y t\u00ednh laptop c\u00f3 \u0111\u00e8n led Webcam Rapoo C270L Full HD 1080P microphone \u0111a h\u01b0\u1edbng\" width=\"894\" height=\"894\" \/><\/span><\/p>\n<p>Webcam\u00a0RAPOO C270L\u00a0wide viewing angle\u00a0 105\u00b0 produces a wider image, supports 360\u00b0 horizontal rotation allowing top and bottom viewing angles to be adjusted freely within a specific angle.<\/p>\n<p><span style=\"font-size: 100%; color: #282828;\"><img loading=\"lazy\" class=\"\" src=\"https:\/\/viethansecurity.com\/media\/lib\/19-08-2021\/ead9b9c4ec12847685ae643e1258b9b8.jpg\" alt=\"Camera m\u00e1y t\u00ednh laptop c\u00f3 \u0111\u00e8n led Webcam Rapoo C270L Full HD 1080P microphone \u0111a h\u01b0\u1edbng\" width=\"890\" height=\"890\" \/><\/span><\/p>\n<p><span style=\"font-size: 100%; color: #282828;\"><img loading=\"lazy\" class=\"\" src=\"https:\/\/viethansecurity.com\/media\/lib\/19-08-2021\/xoay-360-webcam-pc-270.jpg\" alt=\"Camera m\u00e1y t\u00ednh laptop c\u00f3 \u0111\u00e8n led Webcam Rapoo C270L Full HD 1080P microphone \u0111a h\u01b0\u1edbng\" width=\"896\" height=\"896\" \/><\/span><\/p>\n<p>LED border with 3 levels of adjustment\u00a0by lightly touching the fingerprint icon in the lower right corner of the product. Wecam Rapoo\u00a0C270L\u00a0 comes with beauty exposure light.<\/p>\n<p><span style=\"font-size: 100%; color: #282828;\"><strong><img loading=\"lazy\" class=\"\" src=\"https:\/\/viethansecurity.com\/media\/lib\/19-08-2021\/vien-den-led-c270.jpg\" alt=\"Camera m\u00e1y t\u00ednh laptop c\u00f3 \u0111\u00e8n led Webcam Rapoo C270L Full HD 1080P microphone \u0111a h\u01b0\u1edbng\" width=\"941\" height=\"941\" \/><\/strong><\/span><\/p>\n<p>Wide range of compatibility\u00a0Laptop computer camera with led light Webcam Rapoo C270L<\/p>\n<p>Supported operating systems on this Personal Webcam include Windows7\/8\/10 or later, Mac OS X 10.6 or later, Chrome OS and Android v5.0 or later<\/p>\n<p>Webcam with microphone RAPOO C270L\u00a0with the ability to rotate 360 degrees horizontally, can freely adjust the top and bottom viewing angles to meet different frame compositions.<\/p>\n<p>Webcam\u00a0RAPOO C270L\u00a0makes us convenient in work: working online, meeting, teaching, studying in groups, talking with distant relatives,&#8230;<\/p>\n<p><span style=\"font-size: 100%; color: #282828;\"><img loading=\"lazy\" class=\"\" src=\"https:\/\/viethansecurity.com\/media\/lib\/19-08-2021\/webcam-270.jpg\" alt=\"Camera m\u00e1y t\u00ednh laptop c\u00f3 \u0111\u00e8n led Webcam Rapoo C270L Full HD 1080P microphone \u0111a h\u01b0\u1edbng\" width=\"889\" height=\"889\" \/><\/span><\/p>\n","protected":false},"excerpt":{"rendered":"<p>Webcamera Rapoo C270L Full HD 1080P\u00a0 Rapoo C270L Web Webcam is equipped with a 1080P HD high-definition lens, a 105\u00b0 wide-angle lens that can be rotated flexibly, providing extremely clear and true images. In addition, it is also equipped with an LED border with 3 levels of adjustment for sharper images in any environment. High&#8230;<\/p>\n","protected":false},"featured_media":2836,"comment_status":"closed","ping_status":"closed","template":"","meta":[],"product_cat":[152,137,73],"product_tag":[],"yoast_head":"<!-- This site is optimized with the Yoast SEO plugin v19.5.1 - https:\/\/yoast.com\/wordpress\/plugins\/seo\/ -->\n<title>C270 - Nam Th\u00e0nh<\/title>\n<meta name=\"robots\" content=\"index, follow, max-snippet:-1, max-image-preview:large, max-video-preview:-1\" \/>\n<link rel=\"canonical\" href=\"https:\/\/namthanh.com.vn\/en\/c270\/\" \/>\n<meta property=\"og:locale\" content=\"en_US\" \/>\n<meta property=\"og:type\" content=\"article\" \/>\n<meta property=\"og:title\" content=\"C270 - Nam Th\u00e0nh\" \/>\n<meta property=\"og:description\" content=\"Webcamera Rapoo C270L Full HD 1080P\u00a0 Rapoo C270L Web Webcam is equipped with a 1080P HD high-definition lens, a 105\u00b0 wide-angle lens that can be rotated flexibly, providing extremely clear and true images. In addition, it is also equipped with an LED border with 3 levels of adjustment for sharper images in any environment. High...\" \/>\n<meta property=\"og:url\" content=\"https:\/\/namthanh.com.vn\/en\/c270\/\" \/>\n<meta property=\"og:site_name\" content=\"Nam Th\u00e0nh\" \/>\n<meta property=\"article:modified_time\" content=\"2022-10-20T09:31:04+00:00\" \/>\n<meta property=\"og:image\" content=\"https:\/\/namthanh.com.vn\/en\/wp-content\/uploads\/2022\/06\/C2704.webp\" \/>\n\t<meta property=\"og:image:width\" content=\"1000\" \/>\n\t<meta property=\"og:image:height\" content=\"1000\" \/>\n\t<meta property=\"og:image:type\" content=\"image\/webp\" \/>\n<meta name=\"twitter:card\" content=\"summary_large_image\" \/>\n<meta name=\"twitter:label1\" content=\"Est. reading time\" \/>\n\t<meta name=\"twitter:data1\" content=\"3 minutes\" \/>\n<script type=\"application\/ld+json\" class=\"yoast-schema-graph\">{\"@context\":\"https:\/\/schema.org\",\"@graph\":[{\"@type\":\"WebPage\",\"@id\":\"https:\/\/namthanh.com.vn\/en\/c270\/\",\"url\":\"https:\/\/namthanh.com.vn\/en\/c270\/\",\"name\":\"C270 - Nam Th\u00e0nh\",\"isPartOf\":{\"@id\":\"https:\/\/namthanh.com.vn\/en\/#website\"},\"datePublished\":\"2022-06-24T09:24:47+00:00\",\"dateModified\":\"2022-10-20T09:31:04+00:00\",\"breadcrumb\":{\"@id\":\"https:\/\/namthanh.com.vn\/en\/c270\/#breadcrumb\"},\"inLanguage\":\"en-US\",\"potentialAction\":[{\"@type\":\"ReadAction\",\"target\":[\"https:\/\/namthanh.com.vn\/en\/c270\/\"]}]},{\"@type\":\"BreadcrumbList\",\"@id\":\"https:\/\/namthanh.com.vn\/en\/c270\/#breadcrumb\",\"itemListElement\":[{\"@type\":\"ListItem\",\"position\":1,\"name\":\"Home\",\"item\":\"https:\/\/namthanh.com.vn\/en\/\"},{\"@type\":\"ListItem\",\"position\":2,\"name\":\"Shop\",\"item\":\"https:\/\/namthanh.com.vn\/en\/shop\/\"},{\"@type\":\"ListItem\",\"position\":3,\"name\":\"Product\",\"item\":\"https:\/\/namthanh.com.vn\/en\/product\/\"},{\"@type\":\"ListItem\",\"position\":4,\"name\":\"C270\"}]},{\"@type\":\"WebSite\",\"@id\":\"https:\/\/namthanh.com.vn\/en\/#website\",\"url\":\"https:\/\/namthanh.com.vn\/en\/\",\"name\":\"Nam Th\u00e0nh\",\"description\":\"HTH\",\"potentialAction\":[{\"@type\":\"SearchAction\",\"target\":{\"@type\":\"EntryPoint\",\"urlTemplate\":\"https:\/\/namthanh.com.vn\/en\/?s={search_term_string}\"},\"query-input\":\"required name=search_term_string\"}],\"inLanguage\":\"en-US\"}]}<\/script>\n<!-- \/ Yoast SEO plugin. -->","yoast_head_json":{"title":"C270 - Nam Th\u00e0nh","robots":{"index":"index","follow":"follow","max-snippet":"max-snippet:-1","max-image-preview":"max-image-preview:large","max-video-preview":"max-video-preview:-1"},"canonical":"https:\/\/namthanh.com.vn\/en\/c270\/","og_locale":"en_US","og_type":"article","og_title":"C270 - Nam Th\u00e0nh","og_description":"Webcamera Rapoo C270L Full HD 1080P\u00a0 Rapoo C270L Web Webcam is equipped with a 1080P HD high-definition lens, a 105\u00b0 wide-angle lens that can be rotated flexibly, providing extremely clear and true images. In addition, it is also equipped with an LED border with 3 levels of adjustment for sharper images in any environment. High...","og_url":"https:\/\/namthanh.com.vn\/en\/c270\/","og_site_name":"Nam Th\u00e0nh","article_modified_time":"2022-10-20T09:31:04+00:00","og_image":[{"width":1000,"height":1000,"url":"https:\/\/namthanh.com.vn\/en\/wp-content\/uploads\/2022\/06\/C2704.webp","type":"image\/webp"}],"twitter_card":"summary_large_image","twitter_misc":{"Est. reading time":"3 minutes"},"schema":{"@context":"https:\/\/schema.org","@graph":[{"@type":"WebPage","@id":"https:\/\/namthanh.com.vn\/en\/c270\/","url":"https:\/\/namthanh.com.vn\/en\/c270\/","name":"C270 - Nam Th\u00e0nh","isPartOf":{"@id":"https:\/\/namthanh.com.vn\/en\/#website"},"datePublished":"2022-06-24T09:24:47+00:00","dateModified":"2022-10-20T09:31:04+00:00","breadcrumb":{"@id":"https:\/\/namthanh.com.vn\/en\/c270\/#breadcrumb"},"inLanguage":"en-US","potentialAction":[{"@type":"ReadAction","target":["https:\/\/namthanh.com.vn\/en\/c270\/"]}]},{"@type":"BreadcrumbList","@id":"https:\/\/namthanh.com.vn\/en\/c270\/#breadcrumb","itemListElement":[{"@type":"ListItem","position":1,"name":"Home","item":"https:\/\/namthanh.com.vn\/en\/"},{"@type":"ListItem","position":2,"name":"Shop","item":"https:\/\/namthanh.com.vn\/en\/shop\/"},{"@type":"ListItem","position":3,"name":"Product","item":"https:\/\/namthanh.com.vn\/en\/product\/"},{"@type":"ListItem","position":4,"name":"C270"}]},{"@type":"WebSite","@id":"https:\/\/namthanh.com.vn\/en\/#website","url":"https:\/\/namthanh.com.vn\/en\/","name":"Nam Th\u00e0nh","description":"HTH","potentialAction":[{"@type":"SearchAction","target":{"@type":"EntryPoint","urlTemplate":"https:\/\/namthanh.com.vn\/en\/?s={search_term_string}"},"query-input":"required name=search_term_string"}],"inLanguage":"en-US"}]}},"_links":{"self":[{"href":"https:\/\/namthanh.com.vn\/en\/wp-json\/wp\/v2\/product\/2831"}],"collection":[{"href":"https:\/\/namthanh.com.vn\/en\/wp-json\/wp\/v2\/product"}],"about":[{"href":"https:\/\/namthanh.com.vn\/en\/wp-json\/wp\/v2\/types\/product"}],"replies":[{"embeddable":true,"href":"https:\/\/namthanh.com.vn\/en\/wp-json\/wp\/v2\/comments?post=2831"}],"wp:featuredmedia":[{"embeddable":true,"href":"https:\/\/namthanh.com.vn\/en\/wp-json\/wp\/v2\/media\/2836"}],"wp:attachment":[{"href":"https:\/\/namthanh.com.vn\/en\/wp-json\/wp\/v2\/media?parent=2831"}],"wp:term":[{"taxonomy":"product_cat","embeddable":true,"href":"https:\/\/namthanh.com.vn\/en\/wp-json\/wp\/v2\/product_cat?post=2831"},{"taxonomy":"product_tag","embeddable":true,"href":"https:\/\/namthanh.com.vn\/en\/wp-json\/wp\/v2\/product_tag?post=2831"}],"curies":[{"name":"wp","href":"https:\/\/api.w.org\/{rel}","templated":true}]}}