{"id":2971,"date":"2022-06-27T09:32:44","date_gmt":"2022-06-27T02:32:44","guid":{"rendered":"https:\/\/microlab.vn\/?post_type=product&#038;p=2971"},"modified":"2022-10-20T16:13:37","modified_gmt":"2022-10-20T09:13:37","slug":"v16-rgb","status":"publish","type":"product","link":"https:\/\/namthanh.com.vn\/en\/v16-rgb\/","title":{"rendered":"V16 RGB"},"content":{"rendered":"<div>\n<h2>Ergonomic design<\/h2>\n<\/div>\n<div>Designed for ambidextrous use, this mouse prevents unnecessary strain on your hand to enable comfortable grip and pleasant use even during your longest games.<\/div>\n<p><img loading=\"lazy\" class=\"alignnone size-full wp-image-79554\" title=\"Chu\u1ed9t gaming Rapoo V16 RGB Black 9\" src=\"https:\/\/nguyenvu.store\/wp-content\/uploads\/2022\/04\/V16-1502702817-2782-scaled-e1603356685289-1024x678-1.jpg\" sizes=\"(max-width: 1024px) 100vw, 1024px\" srcset=\"https:\/\/nguyenvu.store\/wp-content\/uploads\/2022\/04\/V16-1502702817-2782-scaled-e1603356685289-1024x678-1.jpg 1024w, https:\/\/nguyenvu.store\/wp-content\/uploads\/2022\/04\/V16-1502702817-2782-scaled-e1603356685289-1024x678-1-768x509.jpg 768w, https:\/\/nguyenvu.store\/wp-content\/uploads\/2022\/04\/V16-1502702817-2782-scaled-e1603356685289-1024x678-1-510x338.jpg 510w, https:\/\/nguyenvu.store\/wp-content\/uploads\/2022\/04\/V16-1502702817-2782-scaled-e1603356685289-1024x678-1-150x99.jpg 150w\" alt=\"Chu\u1ed9t gaming Rapoo V16 Black ch\u00ednh h\u00e3ng, gi\u00e1 r\u1ebb | Nguy\u1ec5n V\u0169 Store\" width=\"1024\" height=\"678\" \/><\/p>\n<div>\n<h2>Adjustable high-definition tracking engine<\/h2>\n<\/div>\n<div>\n<p>With the latest generation of Rapoo Gaming Sensor, accuracy is no longer left to chance. Adjustable from 200 DPI to 12.800 DPI, V16RGB enables you to have perfect control over your game.<\/p>\n<\/div>\n<p><img loading=\"lazy\" class=\"alignnone wp-image-79552\" style=\"font-size: 14.4px;\" title=\"Chu\u1ed9t gaming Rapoo V16 RGB Black 10\" src=\"https:\/\/nguyenvu.store\/wp-content\/uploads\/2022\/04\/cool-breathing-back-light-v16-e1603356530577.jpg\" sizes=\"(max-width: 703px) 100vw, 703px\" srcset=\"https:\/\/nguyenvu.store\/wp-content\/uploads\/2022\/04\/cool-breathing-back-light-v16-e1603356530577.jpg 703w, https:\/\/nguyenvu.store\/wp-content\/uploads\/2022\/04\/cool-breathing-back-light-v16-e1603356530577-510x362.jpg 510w, https:\/\/nguyenvu.store\/wp-content\/uploads\/2022\/04\/cool-breathing-back-light-v16-e1603356530577-150x106.jpg 150w\" alt=\"Chu\u1ed9t gaming Rapoo V16 Black ch\u00ednh h\u00e3ng, gi\u00e1 r\u1ebb | Nguy\u1ec5n V\u0169 Store\" width=\"890\" height=\"632\" \/><\/p>\n<h2>RGB Multicolor light system<\/h2>\n<p>What does it do? It turns blue, green, or\u2026 Your V16RGB has a multicolor light system, which lets you<br \/>\ncustomize the appearance of your mouse in many ways as well as to suit your preferences. The V16RGB<br \/>\ncolorful backlight has an adjustable speed and a touch sensing function interacting with the movements<br \/>\nof your hand, creating a unique and dynamic look.<\/p>\n<p><img loading=\"lazy\" class=\"size-full wp-image-79553 aligncenter\" title=\"Chu\u1ed9t gaming Rapoo V16 RGB Black 11\" src=\"https:\/\/nguyenvu.store\/wp-content\/uploads\/2022\/04\/ergonomic-design-v16-gaming-e1603356379130.jpg\" sizes=\"(max-width: 521px) 100vw, 521px\" srcset=\"https:\/\/nguyenvu.store\/wp-content\/uploads\/2022\/04\/ergonomic-design-v16-gaming-e1603356379130.jpg 521w, https:\/\/nguyenvu.store\/wp-content\/uploads\/2022\/04\/ergonomic-design-v16-gaming-e1603356379130-510x488.jpg 510w, https:\/\/nguyenvu.store\/wp-content\/uploads\/2022\/04\/ergonomic-design-v16-gaming-e1603356379130-150x144.jpg 150w\" alt=\"Chu\u1ed9t gaming Rapoo V16 Black ch\u00ednh h\u00e3ng, gi\u00e1 r\u1ebb | Nguy\u1ec5n V\u0169 Store\" width=\"521\" height=\"499\" \/><\/p>\n<p>&nbsp;<\/p>\n<p><img loading=\"lazy\" class=\"size-full wp-image-79551 aligncenter\" title=\"Chu\u1ed9t gaming Rapoo V16 RGB Black 12\" src=\"https:\/\/nguyenvu.store\/wp-content\/uploads\/2022\/04\/Onboard-memory-save-and-play-gaming-2-e1603356546493.jpg\" sizes=\"(max-width: 661px) 100vw, 661px\" srcset=\"https:\/\/nguyenvu.store\/wp-content\/uploads\/2022\/04\/Onboard-memory-save-and-play-gaming-2-e1603356546493.jpg 661w, https:\/\/nguyenvu.store\/wp-content\/uploads\/2022\/04\/Onboard-memory-save-and-play-gaming-2-e1603356546493-510x385.jpg 510w, https:\/\/nguyenvu.store\/wp-content\/uploads\/2022\/04\/Onboard-memory-save-and-play-gaming-2-e1603356546493-150x113.jpg 150w\" alt=\"Chu\u1ed9t gaming Rapoo V16 Black ch\u00ednh h\u00e3ng, gi\u00e1 r\u1ebb | Nguy\u1ec5n V\u0169 Store\" width=\"661\" height=\"499\" \/><\/p>\n","protected":false},"excerpt":{"rendered":"<p>Ergonomic design Designed for ambidextrous use, this mouse prevents unnecessary strain on your hand to enable comfortable grip and pleasant use even during your longest games. Adjustable high-definition tracking engine With the latest generation of Rapoo Gaming Sensor, accuracy is no longer left to chance. Adjustable from 200 DPI to 12.800 DPI, V16RGB enables you&#8230;<\/p>\n","protected":false},"featured_media":2976,"comment_status":"closed","ping_status":"closed","template":"","meta":[],"product_cat":[137,73,93],"product_tag":[],"yoast_head":"<!-- This site is optimized with the Yoast SEO plugin v19.5.1 - https:\/\/yoast.com\/wordpress\/plugins\/seo\/ -->\n<title>V16 RGB - Nam Th\u00e0nh<\/title>\n<meta name=\"robots\" content=\"index, follow, max-snippet:-1, max-image-preview:large, max-video-preview:-1\" \/>\n<link rel=\"canonical\" href=\"https:\/\/namthanh.com.vn\/en\/v16-rgb\/\" \/>\n<meta property=\"og:locale\" content=\"en_US\" \/>\n<meta property=\"og:type\" content=\"article\" \/>\n<meta property=\"og:title\" content=\"V16 RGB - Nam Th\u00e0nh\" \/>\n<meta property=\"og:description\" content=\"Ergonomic design Designed for ambidextrous use, this mouse prevents unnecessary strain on your hand to enable comfortable grip and pleasant use even during your longest games. Adjustable high-definition tracking engine With the latest generation of Rapoo Gaming Sensor, accuracy is no longer left to chance. Adjustable from 200 DPI to 12.800 DPI, V16RGB enables you...\" \/>\n<meta property=\"og:url\" content=\"https:\/\/namthanh.com.vn\/en\/v16-rgb\/\" \/>\n<meta property=\"og:site_name\" content=\"Nam Th\u00e0nh\" \/>\n<meta property=\"article:modified_time\" content=\"2022-10-20T09:13:37+00:00\" \/>\n<meta property=\"og:image\" content=\"https:\/\/namthanh.com.vn\/en\/wp-content\/uploads\/2022\/06\/V16RGB.png\" \/>\n\t<meta property=\"og:image:width\" content=\"768\" \/>\n\t<meta property=\"og:image:height\" content=\"768\" \/>\n\t<meta property=\"og:image:type\" content=\"image\/png\" \/>\n<meta name=\"twitter:card\" content=\"summary_large_image\" \/>\n<meta name=\"twitter:label1\" content=\"Est. reading time\" \/>\n\t<meta name=\"twitter:data1\" content=\"2 minutes\" \/>\n<script type=\"application\/ld+json\" class=\"yoast-schema-graph\">{\"@context\":\"https:\/\/schema.org\",\"@graph\":[{\"@type\":\"WebPage\",\"@id\":\"https:\/\/namthanh.com.vn\/en\/v16-rgb\/\",\"url\":\"https:\/\/namthanh.com.vn\/en\/v16-rgb\/\",\"name\":\"V16 RGB - Nam Th\u00e0nh\",\"isPartOf\":{\"@id\":\"https:\/\/namthanh.com.vn\/en\/#website\"},\"datePublished\":\"2022-06-27T02:32:44+00:00\",\"dateModified\":\"2022-10-20T09:13:37+00:00\",\"breadcrumb\":{\"@id\":\"https:\/\/namthanh.com.vn\/en\/v16-rgb\/#breadcrumb\"},\"inLanguage\":\"en-US\",\"potentialAction\":[{\"@type\":\"ReadAction\",\"target\":[\"https:\/\/namthanh.com.vn\/en\/v16-rgb\/\"]}]},{\"@type\":\"BreadcrumbList\",\"@id\":\"https:\/\/namthanh.com.vn\/en\/v16-rgb\/#breadcrumb\",\"itemListElement\":[{\"@type\":\"ListItem\",\"position\":1,\"name\":\"Home\",\"item\":\"https:\/\/namthanh.com.vn\/en\/\"},{\"@type\":\"ListItem\",\"position\":2,\"name\":\"Shop\",\"item\":\"https:\/\/namthanh.com.vn\/en\/shop\/\"},{\"@type\":\"ListItem\",\"position\":3,\"name\":\"Product\",\"item\":\"https:\/\/namthanh.com.vn\/en\/product\/\"},{\"@type\":\"ListItem\",\"position\":4,\"name\":\"V16 RGB\"}]},{\"@type\":\"WebSite\",\"@id\":\"https:\/\/namthanh.com.vn\/en\/#website\",\"url\":\"https:\/\/namthanh.com.vn\/en\/\",\"name\":\"Nam Th\u00e0nh\",\"description\":\"HTH\",\"potentialAction\":[{\"@type\":\"SearchAction\",\"target\":{\"@type\":\"EntryPoint\",\"urlTemplate\":\"https:\/\/namthanh.com.vn\/en\/?s={search_term_string}\"},\"query-input\":\"required name=search_term_string\"}],\"inLanguage\":\"en-US\"}]}<\/script>\n<!-- \/ Yoast SEO plugin. -->","yoast_head_json":{"title":"V16 RGB - Nam Th\u00e0nh","robots":{"index":"index","follow":"follow","max-snippet":"max-snippet:-1","max-image-preview":"max-image-preview:large","max-video-preview":"max-video-preview:-1"},"canonical":"https:\/\/namthanh.com.vn\/en\/v16-rgb\/","og_locale":"en_US","og_type":"article","og_title":"V16 RGB - Nam Th\u00e0nh","og_description":"Ergonomic design Designed for ambidextrous use, this mouse prevents unnecessary strain on your hand to enable comfortable grip and pleasant use even during your longest games. Adjustable high-definition tracking engine With the latest generation of Rapoo Gaming Sensor, accuracy is no longer left to chance. Adjustable from 200 DPI to 12.800 DPI, V16RGB enables you...","og_url":"https:\/\/namthanh.com.vn\/en\/v16-rgb\/","og_site_name":"Nam Th\u00e0nh","article_modified_time":"2022-10-20T09:13:37+00:00","og_image":[{"width":768,"height":768,"url":"https:\/\/namthanh.com.vn\/en\/wp-content\/uploads\/2022\/06\/V16RGB.png","type":"image\/png"}],"twitter_card":"summary_large_image","twitter_misc":{"Est. reading time":"2 minutes"},"schema":{"@context":"https:\/\/schema.org","@graph":[{"@type":"WebPage","@id":"https:\/\/namthanh.com.vn\/en\/v16-rgb\/","url":"https:\/\/namthanh.com.vn\/en\/v16-rgb\/","name":"V16 RGB - Nam Th\u00e0nh","isPartOf":{"@id":"https:\/\/namthanh.com.vn\/en\/#website"},"datePublished":"2022-06-27T02:32:44+00:00","dateModified":"2022-10-20T09:13:37+00:00","breadcrumb":{"@id":"https:\/\/namthanh.com.vn\/en\/v16-rgb\/#breadcrumb"},"inLanguage":"en-US","potentialAction":[{"@type":"ReadAction","target":["https:\/\/namthanh.com.vn\/en\/v16-rgb\/"]}]},{"@type":"BreadcrumbList","@id":"https:\/\/namthanh.com.vn\/en\/v16-rgb\/#breadcrumb","itemListElement":[{"@type":"ListItem","position":1,"name":"Home","item":"https:\/\/namthanh.com.vn\/en\/"},{"@type":"ListItem","position":2,"name":"Shop","item":"https:\/\/namthanh.com.vn\/en\/shop\/"},{"@type":"ListItem","position":3,"name":"Product","item":"https:\/\/namthanh.com.vn\/en\/product\/"},{"@type":"ListItem","position":4,"name":"V16 RGB"}]},{"@type":"WebSite","@id":"https:\/\/namthanh.com.vn\/en\/#website","url":"https:\/\/namthanh.com.vn\/en\/","name":"Nam Th\u00e0nh","description":"HTH","potentialAction":[{"@type":"SearchAction","target":{"@type":"EntryPoint","urlTemplate":"https:\/\/namthanh.com.vn\/en\/?s={search_term_string}"},"query-input":"required name=search_term_string"}],"inLanguage":"en-US"}]}},"_links":{"self":[{"href":"https:\/\/namthanh.com.vn\/en\/wp-json\/wp\/v2\/product\/2971"}],"collection":[{"href":"https:\/\/namthanh.com.vn\/en\/wp-json\/wp\/v2\/product"}],"about":[{"href":"https:\/\/namthanh.com.vn\/en\/wp-json\/wp\/v2\/types\/product"}],"replies":[{"embeddable":true,"href":"https:\/\/namthanh.com.vn\/en\/wp-json\/wp\/v2\/comments?post=2971"}],"wp:featuredmedia":[{"embeddable":true,"href":"https:\/\/namthanh.com.vn\/en\/wp-json\/wp\/v2\/media\/2976"}],"wp:attachment":[{"href":"https:\/\/namthanh.com.vn\/en\/wp-json\/wp\/v2\/media?parent=2971"}],"wp:term":[{"taxonomy":"product_cat","embeddable":true,"href":"https:\/\/namthanh.com.vn\/en\/wp-json\/wp\/v2\/product_cat?post=2971"},{"taxonomy":"product_tag","embeddable":true,"href":"https:\/\/namthanh.com.vn\/en\/wp-json\/wp\/v2\/product_tag?post=2971"}],"curies":[{"name":"wp","href":"https:\/\/api.w.org\/{rel}","templated":true}]}}