{"id":744,"date":"2022-04-06T11:03:07","date_gmt":"2022-04-06T04:03:07","guid":{"rendered":"https:\/\/microlab.vn\/?post_type=product&#038;p=744"},"modified":"2022-04-06T11:03:07","modified_gmt":"2022-04-06T04:03:07","slug":"day-cap-mang-sftp-cat-6-chong-nhieu-made-in-taiwan","status":"publish","type":"product","link":"https:\/\/namthanh.com.vn\/en\/day-cap-mang-sftp-cat-6-chong-nhieu-made-in-taiwan\/","title":{"rendered":"D\u00e2y c\u00e1p m\u1ea1ng SFTP Cat 6 ch\u1ed1ng nhi\u1ec5u Made in Taiwan"},"content":{"rendered":"<div id=\"tabscollection\">\n<div id=\"tab1\">\n<p>V\u1ecf d\u00e2y c\u00e1p m\u1ea1ng Golden Link\u00ae \u0111\u01b0\u1ee3c l\u00e0m t\u1eeb v\u1eadt li\u1ec7u ch\u1ed1ng ch\u00e1y, th\u00e2n thi\u1ec7n m\u00f4i tr\u01b0\u1eddng, \u0111a d\u1ea1ng m\u00e0u s\u1eafc \u0111\u00e1p \u1ee9ng vi\u1ec7c thi\u1ebft k\u1ebf, x\u00e2y d\u1ef1ng theo phong th\u1ee7y, ph\u00f9 h\u1ee3p trang tr\u00ed n\u1ed5i tr\u00ean t\u01b0\u1eddng v\u1edbi c\u00e1c Ma\u0300u Cam, Xanh La\u0301, Va\u0300ng, \u0110o\u0309, Xanh D\u01b0\u01a1ng v\u00e0 Tr\u1eafng<\/p>\n<\/div>\n<\/div>\n<div id=\"otherproduct\"><\/div>\n","protected":false},"excerpt":{"rendered":"<p><span class=\"rowone\">M\u00e3 s\u1ea3n ph\u1ea9m :<\/span><span class=\"rowtwo\">D\u00e2y c\u00e1p m\u1ea1ng SFTP Cat 6 ch\u1ed1ng nhi\u1ec5u Made in Taiwan<\/span><br \/>\n<span class=\"rowone\">H\u00e3ng s\u1ea3n xu\u1ea5t :<\/span><span class=\"rowtwo\">GOLDEN LINK<\/span><br \/>\n<span class=\"rowone\">Gi\u00e1 b\u00e1n :<\/span><span class=\"rowtwo\">0 VN\u0110<\/span><br \/>\n<span class=\"rowone\">T\u00ecnh tr\u1ea1ng :<\/span><span class=\"rowtwo\">C\u00f2n h\u00e0ng<\/span><br \/>\n<span class=\"rowone\">S\u1ed1 l\u01b0\u1ee3t xem :<\/span><span class=\"rowtwo\">3.522<\/span><\/p>\n","protected":false},"featured_media":745,"comment_status":"closed","ping_status":"closed","template":"","meta":[],"product_cat":[15],"product_tag":[],"yoast_head":"<!-- This site is optimized with the Yoast SEO plugin v19.5.1 - https:\/\/yoast.com\/wordpress\/plugins\/seo\/ -->\n<title>D\u00e2y c\u00e1p m\u1ea1ng SFTP Cat 6 ch\u1ed1ng nhi\u1ec5u Made in Taiwan - Nam Th\u00e0nh<\/title>\n<meta name=\"robots\" content=\"index, follow, max-snippet:-1, max-image-preview:large, max-video-preview:-1\" \/>\n<link rel=\"canonical\" href=\"https:\/\/namthanh.com.vn\/en\/day-cap-mang-sftp-cat-6-chong-nhieu-made-in-taiwan\/\" \/>\n<meta property=\"og:locale\" content=\"en_US\" \/>\n<meta property=\"og:type\" content=\"article\" \/>\n<meta property=\"og:title\" content=\"D\u00e2y c\u00e1p m\u1ea1ng SFTP Cat 6 ch\u1ed1ng nhi\u1ec5u Made in Taiwan - Nam Th\u00e0nh\" \/>\n<meta property=\"og:description\" content=\"M\u00e3 s\u1ea3n ph\u1ea9m :D\u00e2y c\u00e1p m\u1ea1ng SFTP Cat 6 ch\u1ed1ng nhi\u1ec5u Made in Taiwan H\u00e3ng s\u1ea3n xu\u1ea5t :GOLDEN LINK Gi\u00e1 b\u00e1n :0 VN\u0110 T\u00ecnh tr\u1ea1ng :C\u00f2n h\u00e0ng S\u1ed1 l\u01b0\u1ee3t xem :3.522\" \/>\n<meta property=\"og:url\" content=\"https:\/\/namthanh.com.vn\/en\/day-cap-mang-sftp-cat-6-chong-nhieu-made-in-taiwan\/\" \/>\n<meta property=\"og:site_name\" content=\"Nam Th\u00e0nh\" \/>\n<meta property=\"og:image\" content=\"https:\/\/namthanh.com.vn\/en\/wp-content\/uploads\/2022\/04\/sftp_cat6_platinumx311x254x2.jpg\" \/>\n\t<meta property=\"og:image:width\" content=\"311\" \/>\n\t<meta property=\"og:image:height\" content=\"254\" \/>\n\t<meta property=\"og:image:type\" content=\"image\/jpeg\" \/>\n<meta name=\"twitter:card\" content=\"summary_large_image\" \/>\n<script type=\"application\/ld+json\" class=\"yoast-schema-graph\">{\"@context\":\"https:\/\/schema.org\",\"@graph\":[{\"@type\":\"WebPage\",\"@id\":\"https:\/\/namthanh.com.vn\/en\/day-cap-mang-sftp-cat-6-chong-nhieu-made-in-taiwan\/\",\"url\":\"https:\/\/namthanh.com.vn\/en\/day-cap-mang-sftp-cat-6-chong-nhieu-made-in-taiwan\/\",\"name\":\"D\u00e2y c\u00e1p m\u1ea1ng SFTP Cat 6 ch\u1ed1ng nhi\u1ec5u Made in Taiwan - Nam Th\u00e0nh\",\"isPartOf\":{\"@id\":\"https:\/\/namthanh.com.vn\/en\/#website\"},\"datePublished\":\"2022-04-06T04:03:07+00:00\",\"dateModified\":\"2022-04-06T04:03:07+00:00\",\"breadcrumb\":{\"@id\":\"https:\/\/namthanh.com.vn\/en\/day-cap-mang-sftp-cat-6-chong-nhieu-made-in-taiwan\/#breadcrumb\"},\"inLanguage\":\"en-US\",\"potentialAction\":[{\"@type\":\"ReadAction\",\"target\":[\"https:\/\/namthanh.com.vn\/en\/day-cap-mang-sftp-cat-6-chong-nhieu-made-in-taiwan\/\"]}]},{\"@type\":\"BreadcrumbList\",\"@id\":\"https:\/\/namthanh.com.vn\/en\/day-cap-mang-sftp-cat-6-chong-nhieu-made-in-taiwan\/#breadcrumb\",\"itemListElement\":[{\"@type\":\"ListItem\",\"position\":1,\"name\":\"Home\",\"item\":\"https:\/\/namthanh.com.vn\/en\/\"},{\"@type\":\"ListItem\",\"position\":2,\"name\":\"Shop\",\"item\":\"https:\/\/namthanh.com.vn\/en\/shop\/\"},{\"@type\":\"ListItem\",\"position\":3,\"name\":\"Uncategorized\",\"item\":\"https:\/\/namthanh.com.vn\/en\/uncategorized\/\"},{\"@type\":\"ListItem\",\"position\":4,\"name\":\"D\u00e2y c\u00e1p m\u1ea1ng SFTP Cat 6 ch\u1ed1ng nhi\u1ec5u Made in Taiwan\"}]},{\"@type\":\"WebSite\",\"@id\":\"https:\/\/namthanh.com.vn\/en\/#website\",\"url\":\"https:\/\/namthanh.com.vn\/en\/\",\"name\":\"Nam Th\u00e0nh\",\"description\":\"HTH\",\"potentialAction\":[{\"@type\":\"SearchAction\",\"target\":{\"@type\":\"EntryPoint\",\"urlTemplate\":\"https:\/\/namthanh.com.vn\/en\/?s={search_term_string}\"},\"query-input\":\"required name=search_term_string\"}],\"inLanguage\":\"en-US\"}]}<\/script>\n<!-- \/ Yoast SEO plugin. -->","yoast_head_json":{"title":"D\u00e2y c\u00e1p m\u1ea1ng SFTP Cat 6 ch\u1ed1ng nhi\u1ec5u Made in Taiwan - Nam Th\u00e0nh","robots":{"index":"index","follow":"follow","max-snippet":"max-snippet:-1","max-image-preview":"max-image-preview:large","max-video-preview":"max-video-preview:-1"},"canonical":"https:\/\/namthanh.com.vn\/en\/day-cap-mang-sftp-cat-6-chong-nhieu-made-in-taiwan\/","og_locale":"en_US","og_type":"article","og_title":"D\u00e2y c\u00e1p m\u1ea1ng SFTP Cat 6 ch\u1ed1ng nhi\u1ec5u Made in Taiwan - Nam Th\u00e0nh","og_description":"M\u00e3 s\u1ea3n ph\u1ea9m :D\u00e2y c\u00e1p m\u1ea1ng SFTP Cat 6 ch\u1ed1ng nhi\u1ec5u Made in Taiwan H\u00e3ng s\u1ea3n xu\u1ea5t :GOLDEN LINK Gi\u00e1 b\u00e1n :0 VN\u0110 T\u00ecnh tr\u1ea1ng :C\u00f2n h\u00e0ng S\u1ed1 l\u01b0\u1ee3t xem :3.522","og_url":"https:\/\/namthanh.com.vn\/en\/day-cap-mang-sftp-cat-6-chong-nhieu-made-in-taiwan\/","og_site_name":"Nam Th\u00e0nh","og_image":[{"width":311,"height":254,"url":"https:\/\/namthanh.com.vn\/en\/wp-content\/uploads\/2022\/04\/sftp_cat6_platinumx311x254x2.jpg","type":"image\/jpeg"}],"twitter_card":"summary_large_image","schema":{"@context":"https:\/\/schema.org","@graph":[{"@type":"WebPage","@id":"https:\/\/namthanh.com.vn\/en\/day-cap-mang-sftp-cat-6-chong-nhieu-made-in-taiwan\/","url":"https:\/\/namthanh.com.vn\/en\/day-cap-mang-sftp-cat-6-chong-nhieu-made-in-taiwan\/","name":"D\u00e2y c\u00e1p m\u1ea1ng SFTP Cat 6 ch\u1ed1ng nhi\u1ec5u Made in Taiwan - Nam Th\u00e0nh","isPartOf":{"@id":"https:\/\/namthanh.com.vn\/en\/#website"},"datePublished":"2022-04-06T04:03:07+00:00","dateModified":"2022-04-06T04:03:07+00:00","breadcrumb":{"@id":"https:\/\/namthanh.com.vn\/en\/day-cap-mang-sftp-cat-6-chong-nhieu-made-in-taiwan\/#breadcrumb"},"inLanguage":"en-US","potentialAction":[{"@type":"ReadAction","target":["https:\/\/namthanh.com.vn\/en\/day-cap-mang-sftp-cat-6-chong-nhieu-made-in-taiwan\/"]}]},{"@type":"BreadcrumbList","@id":"https:\/\/namthanh.com.vn\/en\/day-cap-mang-sftp-cat-6-chong-nhieu-made-in-taiwan\/#breadcrumb","itemListElement":[{"@type":"ListItem","position":1,"name":"Home","item":"https:\/\/namthanh.com.vn\/en\/"},{"@type":"ListItem","position":2,"name":"Shop","item":"https:\/\/namthanh.com.vn\/en\/shop\/"},{"@type":"ListItem","position":3,"name":"Uncategorized","item":"https:\/\/namthanh.com.vn\/en\/uncategorized\/"},{"@type":"ListItem","position":4,"name":"D\u00e2y c\u00e1p m\u1ea1ng SFTP Cat 6 ch\u1ed1ng nhi\u1ec5u Made in Taiwan"}]},{"@type":"WebSite","@id":"https:\/\/namthanh.com.vn\/en\/#website","url":"https:\/\/namthanh.com.vn\/en\/","name":"Nam Th\u00e0nh","description":"HTH","potentialAction":[{"@type":"SearchAction","target":{"@type":"EntryPoint","urlTemplate":"https:\/\/namthanh.com.vn\/en\/?s={search_term_string}"},"query-input":"required name=search_term_string"}],"inLanguage":"en-US"}]}},"_links":{"self":[{"href":"https:\/\/namthanh.com.vn\/en\/wp-json\/wp\/v2\/product\/744"}],"collection":[{"href":"https:\/\/namthanh.com.vn\/en\/wp-json\/wp\/v2\/product"}],"about":[{"href":"https:\/\/namthanh.com.vn\/en\/wp-json\/wp\/v2\/types\/product"}],"replies":[{"embeddable":true,"href":"https:\/\/namthanh.com.vn\/en\/wp-json\/wp\/v2\/comments?post=744"}],"wp:featuredmedia":[{"embeddable":true,"href":"https:\/\/namthanh.com.vn\/en\/wp-json\/wp\/v2\/media\/745"}],"wp:attachment":[{"href":"https:\/\/namthanh.com.vn\/en\/wp-json\/wp\/v2\/media?parent=744"}],"wp:term":[{"taxonomy":"product_cat","embeddable":true,"href":"https:\/\/namthanh.com.vn\/en\/wp-json\/wp\/v2\/product_cat?post=744"},{"taxonomy":"product_tag","embeddable":true,"href":"https:\/\/namthanh.com.vn\/en\/wp-json\/wp\/v2\/product_tag?post=744"}],"curies":[{"name":"wp","href":"https:\/\/api.w.org\/{rel}","templated":true}]}}