{"id":747,"date":"2022-04-06T11:04:13","date_gmt":"2022-04-06T04:04:13","guid":{"rendered":"https:\/\/microlab.vn\/?post_type=product&#038;p=747"},"modified":"2022-04-06T11:04:13","modified_gmt":"2022-04-06T04:04:13","slug":"dau-mang-utp-cat-5e-rj45-made-in-taiwan","status":"publish","type":"product","link":"https:\/\/namthanh.com.vn\/en\/dau-mang-utp-cat-5e-rj45-made-in-taiwan\/","title":{"rendered":"\u0110\u1ea7u m\u1ea1ng UTP CAT 5E RJ45 Made in Taiwan"},"content":{"rendered":"<div id=\"tabscollection\">\n<div id=\"tab1\">\n<p>Golden Link RJ45 Made in Taiwan l\u00e0 \u0111\u1ea7u b\u1ea5m m\u1ea1ng cao c\u1ea5p, ch\u00ednh h\u00e3ng Golden Link, \u0111\u01b0\u1ee3c s\u1ea3n xu\u1ea5t ho\u00e0n to\u00e0n t\u1ea1i \u0110\u00e0i Loan. V\u1edbi quy tr\u00ecnh c\u00f4ng ngh\u1ec7 hi\u1ec7n \u0111\u1ea1i h\u00e0ng \u0111\u1ea7u th\u1ebf gi\u1edbi, nh\u00e0 m\u00e1y Golden Link t\u1ea1i \u0110\u00e0i Loan \u0111\u1ea3m b\u1ea3o s\u1ea3n xu\u1ea5t v\u00e0 cho ra nh\u1eefng s\u1ea3n ph\u1ea9m cao c\u1ea5p v\u1edbi ch\u1ea5t l\u01b0\u1ee3ng \u0111\u1ed3ng nh\u1ea5t.<\/p>\n<\/div>\n<\/div>\n<div id=\"otherproduct\"><\/div>\n","protected":false},"excerpt":{"rendered":"<p><span class=\"rowone\">M\u00e3 s\u1ea3n ph\u1ea9m :<\/span><span class=\"rowtwo\">\u0110\u1ea7u m\u1ea1ng UTP CAT 5E RJ45 Made in Taiwan<\/span><br \/>\n<span class=\"rowone\">H\u00e3ng s\u1ea3n xu\u1ea5t :<\/span><span class=\"rowtwo\">GOLDEN LINK<\/span><br \/>\n<span class=\"rowone\">Gi\u00e1 b\u00e1n :<\/span><span class=\"rowtwo\">0 VN\u0110<\/span><br \/>\n<span class=\"rowone\">T\u00ecnh tr\u1ea1ng :<\/span><span class=\"rowtwo\">C\u00f2n h\u00e0ng<\/span><br \/>\n<span class=\"rowone\">S\u1ed1 l\u01b0\u1ee3t xem :<\/span><span class=\"rowtwo\">3.114<\/span><\/p>\n","protected":false},"featured_media":748,"comment_status":"closed","ping_status":"closed","template":"","meta":[],"product_cat":[15],"product_tag":[],"yoast_head":"<!-- This site is optimized with the Yoast SEO plugin v19.5.1 - https:\/\/yoast.com\/wordpress\/plugins\/seo\/ -->\n<title>\u0110\u1ea7u m\u1ea1ng UTP CAT 5E RJ45 Made in Taiwan - Nam Th\u00e0nh<\/title>\n<meta name=\"robots\" content=\"index, follow, max-snippet:-1, max-image-preview:large, max-video-preview:-1\" \/>\n<link rel=\"canonical\" href=\"https:\/\/namthanh.com.vn\/en\/dau-mang-utp-cat-5e-rj45-made-in-taiwan\/\" \/>\n<meta property=\"og:locale\" content=\"en_US\" \/>\n<meta property=\"og:type\" content=\"article\" \/>\n<meta property=\"og:title\" content=\"\u0110\u1ea7u m\u1ea1ng UTP CAT 5E RJ45 Made in Taiwan - Nam Th\u00e0nh\" \/>\n<meta property=\"og:description\" content=\"M\u00e3 s\u1ea3n ph\u1ea9m :\u0110\u1ea7u m\u1ea1ng UTP CAT 5E RJ45 Made in Taiwan H\u00e3ng s\u1ea3n xu\u1ea5t :GOLDEN LINK Gi\u00e1 b\u00e1n :0 VN\u0110 T\u00ecnh tr\u1ea1ng :C\u00f2n h\u00e0ng S\u1ed1 l\u01b0\u1ee3t xem :3.114\" \/>\n<meta property=\"og:url\" content=\"https:\/\/namthanh.com.vn\/en\/dau-mang-utp-cat-5e-rj45-made-in-taiwan\/\" \/>\n<meta property=\"og:site_name\" content=\"Nam Th\u00e0nh\" \/>\n<meta property=\"og:image\" content=\"https:\/\/namthanh.com.vn\/en\/wp-content\/uploads\/2022\/04\/image_daubambammangx0x125x2.jpg\" \/>\n\t<meta property=\"og:image:width\" content=\"125\" \/>\n\t<meta property=\"og:image:height\" content=\"125\" \/>\n\t<meta property=\"og:image:type\" content=\"image\/jpeg\" \/>\n<meta name=\"twitter:card\" content=\"summary_large_image\" \/>\n<meta name=\"twitter:label1\" content=\"Est. reading time\" \/>\n\t<meta name=\"twitter:data1\" content=\"1 minute\" \/>\n<script type=\"application\/ld+json\" class=\"yoast-schema-graph\">{\"@context\":\"https:\/\/schema.org\",\"@graph\":[{\"@type\":\"WebPage\",\"@id\":\"https:\/\/namthanh.com.vn\/en\/dau-mang-utp-cat-5e-rj45-made-in-taiwan\/\",\"url\":\"https:\/\/namthanh.com.vn\/en\/dau-mang-utp-cat-5e-rj45-made-in-taiwan\/\",\"name\":\"\u0110\u1ea7u m\u1ea1ng UTP CAT 5E RJ45 Made in Taiwan - Nam Th\u00e0nh\",\"isPartOf\":{\"@id\":\"https:\/\/namthanh.com.vn\/en\/#website\"},\"datePublished\":\"2022-04-06T04:04:13+00:00\",\"dateModified\":\"2022-04-06T04:04:13+00:00\",\"breadcrumb\":{\"@id\":\"https:\/\/namthanh.com.vn\/en\/dau-mang-utp-cat-5e-rj45-made-in-taiwan\/#breadcrumb\"},\"inLanguage\":\"en-US\",\"potentialAction\":[{\"@type\":\"ReadAction\",\"target\":[\"https:\/\/namthanh.com.vn\/en\/dau-mang-utp-cat-5e-rj45-made-in-taiwan\/\"]}]},{\"@type\":\"BreadcrumbList\",\"@id\":\"https:\/\/namthanh.com.vn\/en\/dau-mang-utp-cat-5e-rj45-made-in-taiwan\/#breadcrumb\",\"itemListElement\":[{\"@type\":\"ListItem\",\"position\":1,\"name\":\"Home\",\"item\":\"https:\/\/namthanh.com.vn\/en\/\"},{\"@type\":\"ListItem\",\"position\":2,\"name\":\"Shop\",\"item\":\"https:\/\/namthanh.com.vn\/en\/shop\/\"},{\"@type\":\"ListItem\",\"position\":3,\"name\":\"Uncategorized\",\"item\":\"https:\/\/namthanh.com.vn\/en\/uncategorized\/\"},{\"@type\":\"ListItem\",\"position\":4,\"name\":\"\u0110\u1ea7u m\u1ea1ng UTP CAT 5E RJ45 Made in Taiwan\"}]},{\"@type\":\"WebSite\",\"@id\":\"https:\/\/namthanh.com.vn\/en\/#website\",\"url\":\"https:\/\/namthanh.com.vn\/en\/\",\"name\":\"Nam Th\u00e0nh\",\"description\":\"HTH\",\"potentialAction\":[{\"@type\":\"SearchAction\",\"target\":{\"@type\":\"EntryPoint\",\"urlTemplate\":\"https:\/\/namthanh.com.vn\/en\/?s={search_term_string}\"},\"query-input\":\"required name=search_term_string\"}],\"inLanguage\":\"en-US\"}]}<\/script>\n<!-- \/ Yoast SEO plugin. -->","yoast_head_json":{"title":"\u0110\u1ea7u m\u1ea1ng UTP CAT 5E RJ45 Made in Taiwan - Nam Th\u00e0nh","robots":{"index":"index","follow":"follow","max-snippet":"max-snippet:-1","max-image-preview":"max-image-preview:large","max-video-preview":"max-video-preview:-1"},"canonical":"https:\/\/namthanh.com.vn\/en\/dau-mang-utp-cat-5e-rj45-made-in-taiwan\/","og_locale":"en_US","og_type":"article","og_title":"\u0110\u1ea7u m\u1ea1ng UTP CAT 5E RJ45 Made in Taiwan - Nam Th\u00e0nh","og_description":"M\u00e3 s\u1ea3n ph\u1ea9m :\u0110\u1ea7u m\u1ea1ng UTP CAT 5E RJ45 Made in Taiwan H\u00e3ng s\u1ea3n xu\u1ea5t :GOLDEN LINK Gi\u00e1 b\u00e1n :0 VN\u0110 T\u00ecnh tr\u1ea1ng :C\u00f2n h\u00e0ng S\u1ed1 l\u01b0\u1ee3t xem :3.114","og_url":"https:\/\/namthanh.com.vn\/en\/dau-mang-utp-cat-5e-rj45-made-in-taiwan\/","og_site_name":"Nam Th\u00e0nh","og_image":[{"width":125,"height":125,"url":"https:\/\/namthanh.com.vn\/en\/wp-content\/uploads\/2022\/04\/image_daubambammangx0x125x2.jpg","type":"image\/jpeg"}],"twitter_card":"summary_large_image","twitter_misc":{"Est. reading time":"1 minute"},"schema":{"@context":"https:\/\/schema.org","@graph":[{"@type":"WebPage","@id":"https:\/\/namthanh.com.vn\/en\/dau-mang-utp-cat-5e-rj45-made-in-taiwan\/","url":"https:\/\/namthanh.com.vn\/en\/dau-mang-utp-cat-5e-rj45-made-in-taiwan\/","name":"\u0110\u1ea7u m\u1ea1ng UTP CAT 5E RJ45 Made in Taiwan - Nam Th\u00e0nh","isPartOf":{"@id":"https:\/\/namthanh.com.vn\/en\/#website"},"datePublished":"2022-04-06T04:04:13+00:00","dateModified":"2022-04-06T04:04:13+00:00","breadcrumb":{"@id":"https:\/\/namthanh.com.vn\/en\/dau-mang-utp-cat-5e-rj45-made-in-taiwan\/#breadcrumb"},"inLanguage":"en-US","potentialAction":[{"@type":"ReadAction","target":["https:\/\/namthanh.com.vn\/en\/dau-mang-utp-cat-5e-rj45-made-in-taiwan\/"]}]},{"@type":"BreadcrumbList","@id":"https:\/\/namthanh.com.vn\/en\/dau-mang-utp-cat-5e-rj45-made-in-taiwan\/#breadcrumb","itemListElement":[{"@type":"ListItem","position":1,"name":"Home","item":"https:\/\/namthanh.com.vn\/en\/"},{"@type":"ListItem","position":2,"name":"Shop","item":"https:\/\/namthanh.com.vn\/en\/shop\/"},{"@type":"ListItem","position":3,"name":"Uncategorized","item":"https:\/\/namthanh.com.vn\/en\/uncategorized\/"},{"@type":"ListItem","position":4,"name":"\u0110\u1ea7u m\u1ea1ng UTP CAT 5E RJ45 Made in Taiwan"}]},{"@type":"WebSite","@id":"https:\/\/namthanh.com.vn\/en\/#website","url":"https:\/\/namthanh.com.vn\/en\/","name":"Nam Th\u00e0nh","description":"HTH","potentialAction":[{"@type":"SearchAction","target":{"@type":"EntryPoint","urlTemplate":"https:\/\/namthanh.com.vn\/en\/?s={search_term_string}"},"query-input":"required name=search_term_string"}],"inLanguage":"en-US"}]}},"_links":{"self":[{"href":"https:\/\/namthanh.com.vn\/en\/wp-json\/wp\/v2\/product\/747"}],"collection":[{"href":"https:\/\/namthanh.com.vn\/en\/wp-json\/wp\/v2\/product"}],"about":[{"href":"https:\/\/namthanh.com.vn\/en\/wp-json\/wp\/v2\/types\/product"}],"replies":[{"embeddable":true,"href":"https:\/\/namthanh.com.vn\/en\/wp-json\/wp\/v2\/comments?post=747"}],"wp:featuredmedia":[{"embeddable":true,"href":"https:\/\/namthanh.com.vn\/en\/wp-json\/wp\/v2\/media\/748"}],"wp:attachment":[{"href":"https:\/\/namthanh.com.vn\/en\/wp-json\/wp\/v2\/media?parent=747"}],"wp:term":[{"taxonomy":"product_cat","embeddable":true,"href":"https:\/\/namthanh.com.vn\/en\/wp-json\/wp\/v2\/product_cat?post=747"},{"taxonomy":"product_tag","embeddable":true,"href":"https:\/\/namthanh.com.vn\/en\/wp-json\/wp\/v2\/product_tag?post=747"}],"curies":[{"name":"wp","href":"https:\/\/api.w.org\/{rel}","templated":true}]}}