{"id":749,"date":"2022-04-06T11:05:23","date_gmt":"2022-04-06T04:05:23","guid":{"rendered":"https:\/\/microlab.vn\/?post_type=product&#038;p=749"},"modified":"2022-04-06T11:05:23","modified_gmt":"2022-04-06T04:05:23","slug":"dau-mang-ftp-cat-5e-rj45","status":"publish","type":"product","link":"https:\/\/namthanh.com.vn\/en\/dau-mang-ftp-cat-5e-rj45\/","title":{"rendered":"\u0110\u1ea7u m\u1ea1ng FTP CAT 5E RJ45"},"content":{"rendered":"<p>\u0110\u1ea7u b\u1ea5m m\u1ea1ng Golden Link \u0111\u01b0\u1ee3c s\u1ea3n xu\u1ea5t theo c\u00f4ng ngh\u1ec7 ti\u00ean ti\u1ebfn nh\u1ea5t c\u1ee7a Nh\u1eadt B\u1ea3n, b\u1eb1ng nguy\u00ean li\u1ec7u nh\u1ef1a tinh khi\u1ebft c\u00f3 \u0111\u1ed9 b\u1ec1n v\u00e0 trong su\u1ed1t nh\u01b0 th\u1ee7y tinh, l\u1edbp v\u1ecf kim lo\u1ea1i ch\u1ed1ng nhi\u1ec5u b\u1ecdc b\u00ean ngo\u00e0i.<br \/>\n\u0110\u1ea7u b\u1ea5m m\u1ea1ng Golden Link \u0111\u01b0\u1ee3c m\u1ea1 v\u00e0ng 18K c\u00e1c \u0111\u1ea7u ti\u1ebfp x\u00fac 8P8C, gi\u00fap ch\u1ed1ng \u00f4 xi h\u00f3a \u0111\u1ea3m b\u1ea3o cho vi\u1ec7c truy\u1ec1n t\u00edn hi\u1ec7u t\u1ed1c \u0111\u1ed9 cao v\u00e0 \u1ed5n \u0111\u1ecbnh.<br \/>\nPh\u00f9 h\u1ee3p v\u1edbi c\u00e1c y\u00eau c\u1ea7u cho c\u00e1c \u1ee9ng d\u1ee5ng Category 5E<br \/>\nB\u1ea3o h\u00e0nh 10 n\u0103m cho s\u1ea3n ph\u1ea9m trong qu\u00e1 tr\u00ecnh s\u1eed d\u1ee5ng.<\/p>\n","protected":false},"excerpt":{"rendered":"<p><span class=\"rowone\">M\u00e3 s\u1ea3n ph\u1ea9m :<\/span><span class=\"rowtwo\">\u0110\u1ea7u m\u1ea1ng FTP CAT 5E RJ45<\/span><br \/>\n<span class=\"rowone\">H\u00e3ng s\u1ea3n xu\u1ea5t :<\/span><span class=\"rowtwo\">GOLDEN LINK<\/span><br \/>\n<span class=\"rowone\">Gi\u00e1 b\u00e1n :<\/span><span class=\"rowtwo\">0 VN\u0110<\/span><br \/>\n<span class=\"rowone\">T\u00ecnh tr\u1ea1ng :<\/span><span class=\"rowtwo\">C\u00f2n h\u00e0ng<\/span><br \/>\n<span class=\"rowone\">S\u1ed1 l\u01b0\u1ee3t xem :<\/span><span class=\"rowtwo\">2.795<\/span><\/p>\n","protected":false},"featured_media":750,"comment_status":"closed","ping_status":"closed","template":"","meta":[],"product_cat":[15],"product_tag":[],"yoast_head":"<!-- This site is optimized with the Yoast SEO plugin v19.5.1 - https:\/\/yoast.com\/wordpress\/plugins\/seo\/ -->\n<title>\u0110\u1ea7u m\u1ea1ng FTP CAT 5E RJ45 - Nam Th\u00e0nh<\/title>\n<meta name=\"robots\" content=\"index, follow, max-snippet:-1, max-image-preview:large, max-video-preview:-1\" \/>\n<link rel=\"canonical\" href=\"https:\/\/namthanh.com.vn\/en\/dau-mang-ftp-cat-5e-rj45\/\" \/>\n<meta property=\"og:locale\" content=\"en_US\" \/>\n<meta property=\"og:type\" content=\"article\" \/>\n<meta property=\"og:title\" content=\"\u0110\u1ea7u m\u1ea1ng FTP CAT 5E RJ45 - Nam Th\u00e0nh\" \/>\n<meta property=\"og:description\" content=\"M\u00e3 s\u1ea3n ph\u1ea9m :\u0110\u1ea7u m\u1ea1ng FTP CAT 5E RJ45 H\u00e3ng s\u1ea3n xu\u1ea5t :GOLDEN LINK Gi\u00e1 b\u00e1n :0 VN\u0110 T\u00ecnh tr\u1ea1ng :C\u00f2n h\u00e0ng S\u1ed1 l\u01b0\u1ee3t xem :2.795\" \/>\n<meta property=\"og:url\" content=\"https:\/\/namthanh.com.vn\/en\/dau-mang-ftp-cat-5e-rj45\/\" \/>\n<meta property=\"og:site_name\" content=\"Nam Th\u00e0nh\" \/>\n<meta property=\"og:image\" content=\"https:\/\/namthanh.com.vn\/en\/wp-content\/uploads\/2022\/04\/RJ45_Chong_nhieux0x125x2.jpg\" \/>\n\t<meta property=\"og:image:width\" content=\"161\" \/>\n\t<meta property=\"og:image:height\" content=\"125\" \/>\n\t<meta property=\"og:image:type\" content=\"image\/jpeg\" \/>\n<meta name=\"twitter:card\" content=\"summary_large_image\" \/>\n<meta name=\"twitter:label1\" content=\"Est. reading time\" \/>\n\t<meta name=\"twitter:data1\" content=\"1 minute\" \/>\n<script type=\"application\/ld+json\" class=\"yoast-schema-graph\">{\"@context\":\"https:\/\/schema.org\",\"@graph\":[{\"@type\":\"WebPage\",\"@id\":\"https:\/\/namthanh.com.vn\/en\/dau-mang-ftp-cat-5e-rj45\/\",\"url\":\"https:\/\/namthanh.com.vn\/en\/dau-mang-ftp-cat-5e-rj45\/\",\"name\":\"\u0110\u1ea7u m\u1ea1ng FTP CAT 5E RJ45 - Nam Th\u00e0nh\",\"isPartOf\":{\"@id\":\"https:\/\/namthanh.com.vn\/en\/#website\"},\"datePublished\":\"2022-04-06T04:05:23+00:00\",\"dateModified\":\"2022-04-06T04:05:23+00:00\",\"breadcrumb\":{\"@id\":\"https:\/\/namthanh.com.vn\/en\/dau-mang-ftp-cat-5e-rj45\/#breadcrumb\"},\"inLanguage\":\"en-US\",\"potentialAction\":[{\"@type\":\"ReadAction\",\"target\":[\"https:\/\/namthanh.com.vn\/en\/dau-mang-ftp-cat-5e-rj45\/\"]}]},{\"@type\":\"BreadcrumbList\",\"@id\":\"https:\/\/namthanh.com.vn\/en\/dau-mang-ftp-cat-5e-rj45\/#breadcrumb\",\"itemListElement\":[{\"@type\":\"ListItem\",\"position\":1,\"name\":\"Home\",\"item\":\"https:\/\/namthanh.com.vn\/en\/\"},{\"@type\":\"ListItem\",\"position\":2,\"name\":\"Shop\",\"item\":\"https:\/\/namthanh.com.vn\/en\/shop\/\"},{\"@type\":\"ListItem\",\"position\":3,\"name\":\"Uncategorized\",\"item\":\"https:\/\/namthanh.com.vn\/en\/uncategorized\/\"},{\"@type\":\"ListItem\",\"position\":4,\"name\":\"\u0110\u1ea7u m\u1ea1ng FTP CAT 5E RJ45\"}]},{\"@type\":\"WebSite\",\"@id\":\"https:\/\/namthanh.com.vn\/en\/#website\",\"url\":\"https:\/\/namthanh.com.vn\/en\/\",\"name\":\"Nam Th\u00e0nh\",\"description\":\"HTH\",\"potentialAction\":[{\"@type\":\"SearchAction\",\"target\":{\"@type\":\"EntryPoint\",\"urlTemplate\":\"https:\/\/namthanh.com.vn\/en\/?s={search_term_string}\"},\"query-input\":\"required name=search_term_string\"}],\"inLanguage\":\"en-US\"}]}<\/script>\n<!-- \/ Yoast SEO plugin. -->","yoast_head_json":{"title":"\u0110\u1ea7u m\u1ea1ng FTP CAT 5E RJ45 - Nam Th\u00e0nh","robots":{"index":"index","follow":"follow","max-snippet":"max-snippet:-1","max-image-preview":"max-image-preview:large","max-video-preview":"max-video-preview:-1"},"canonical":"https:\/\/namthanh.com.vn\/en\/dau-mang-ftp-cat-5e-rj45\/","og_locale":"en_US","og_type":"article","og_title":"\u0110\u1ea7u m\u1ea1ng FTP CAT 5E RJ45 - Nam Th\u00e0nh","og_description":"M\u00e3 s\u1ea3n ph\u1ea9m :\u0110\u1ea7u m\u1ea1ng FTP CAT 5E RJ45 H\u00e3ng s\u1ea3n xu\u1ea5t :GOLDEN LINK Gi\u00e1 b\u00e1n :0 VN\u0110 T\u00ecnh tr\u1ea1ng :C\u00f2n h\u00e0ng S\u1ed1 l\u01b0\u1ee3t xem :2.795","og_url":"https:\/\/namthanh.com.vn\/en\/dau-mang-ftp-cat-5e-rj45\/","og_site_name":"Nam Th\u00e0nh","og_image":[{"width":161,"height":125,"url":"https:\/\/namthanh.com.vn\/en\/wp-content\/uploads\/2022\/04\/RJ45_Chong_nhieux0x125x2.jpg","type":"image\/jpeg"}],"twitter_card":"summary_large_image","twitter_misc":{"Est. reading time":"1 minute"},"schema":{"@context":"https:\/\/schema.org","@graph":[{"@type":"WebPage","@id":"https:\/\/namthanh.com.vn\/en\/dau-mang-ftp-cat-5e-rj45\/","url":"https:\/\/namthanh.com.vn\/en\/dau-mang-ftp-cat-5e-rj45\/","name":"\u0110\u1ea7u m\u1ea1ng FTP CAT 5E RJ45 - Nam Th\u00e0nh","isPartOf":{"@id":"https:\/\/namthanh.com.vn\/en\/#website"},"datePublished":"2022-04-06T04:05:23+00:00","dateModified":"2022-04-06T04:05:23+00:00","breadcrumb":{"@id":"https:\/\/namthanh.com.vn\/en\/dau-mang-ftp-cat-5e-rj45\/#breadcrumb"},"inLanguage":"en-US","potentialAction":[{"@type":"ReadAction","target":["https:\/\/namthanh.com.vn\/en\/dau-mang-ftp-cat-5e-rj45\/"]}]},{"@type":"BreadcrumbList","@id":"https:\/\/namthanh.com.vn\/en\/dau-mang-ftp-cat-5e-rj45\/#breadcrumb","itemListElement":[{"@type":"ListItem","position":1,"name":"Home","item":"https:\/\/namthanh.com.vn\/en\/"},{"@type":"ListItem","position":2,"name":"Shop","item":"https:\/\/namthanh.com.vn\/en\/shop\/"},{"@type":"ListItem","position":3,"name":"Uncategorized","item":"https:\/\/namthanh.com.vn\/en\/uncategorized\/"},{"@type":"ListItem","position":4,"name":"\u0110\u1ea7u m\u1ea1ng FTP CAT 5E RJ45"}]},{"@type":"WebSite","@id":"https:\/\/namthanh.com.vn\/en\/#website","url":"https:\/\/namthanh.com.vn\/en\/","name":"Nam Th\u00e0nh","description":"HTH","potentialAction":[{"@type":"SearchAction","target":{"@type":"EntryPoint","urlTemplate":"https:\/\/namthanh.com.vn\/en\/?s={search_term_string}"},"query-input":"required name=search_term_string"}],"inLanguage":"en-US"}]}},"_links":{"self":[{"href":"https:\/\/namthanh.com.vn\/en\/wp-json\/wp\/v2\/product\/749"}],"collection":[{"href":"https:\/\/namthanh.com.vn\/en\/wp-json\/wp\/v2\/product"}],"about":[{"href":"https:\/\/namthanh.com.vn\/en\/wp-json\/wp\/v2\/types\/product"}],"replies":[{"embeddable":true,"href":"https:\/\/namthanh.com.vn\/en\/wp-json\/wp\/v2\/comments?post=749"}],"wp:featuredmedia":[{"embeddable":true,"href":"https:\/\/namthanh.com.vn\/en\/wp-json\/wp\/v2\/media\/750"}],"wp:attachment":[{"href":"https:\/\/namthanh.com.vn\/en\/wp-json\/wp\/v2\/media?parent=749"}],"wp:term":[{"taxonomy":"product_cat","embeddable":true,"href":"https:\/\/namthanh.com.vn\/en\/wp-json\/wp\/v2\/product_cat?post=749"},{"taxonomy":"product_tag","embeddable":true,"href":"https:\/\/namthanh.com.vn\/en\/wp-json\/wp\/v2\/product_tag?post=749"}],"curies":[{"name":"wp","href":"https:\/\/api.w.org\/{rel}","templated":true}]}}