{"id":752,"date":"2022-04-06T11:07:21","date_gmt":"2022-04-06T04:07:21","guid":{"rendered":"https:\/\/microlab.vn\/?post_type=product&#038;p=752"},"modified":"2022-04-06T11:07:22","modified_gmt":"2022-04-06T04:07:22","slug":"golden-link-cat-5e-made-in-taiwan-mau-cam","status":"publish","type":"product","link":"https:\/\/namthanh.com.vn\/en\/golden-link-cat-5e-made-in-taiwan-mau-cam\/","title":{"rendered":"GOLDEN LINK CAT 5E MADE IN TAIWAN M\u00c0U CAM"},"content":{"rendered":"<p>D\u00e2y c\u00e1p m\u1ea1ng Golden Link PLATINUM, d\u00f9ng cho m\u00e1y vi t\u00ednh, camera gi\u00e1m s\u00e1t, LED, h\u1ec7 th\u1ed1ng \u0111i\u1ec1u khi\u1ec3n, c\u00f4ng tr\u00ecnh d\u00e2n d\u1ee5ng. L\u00c0 GI\u1ea2I PH\u00c1P CHO H\u1ec6 TH\u1ed0NG CAMERA CAO C\u1ea4P.<\/p>\n<p><em>Ch\u1ea5t l\u01b0\u1ee3ng cao, gi\u00e1 th\u00e0nh c\u1ea1nh tranh<\/em><\/p>\n<p>T\u1ef7 l\u1ec7 c\u00e1c b\u01b0\u1edbc xo\u1eafn \u1edf m\u1ed7i c\u1eb7p xo\u1eafn \u0111\u00f4i c\u00e1p PLATINUM \u0111\u1ec1u \u0111\u01b0\u1ee3c t\u00ednh to\u00e1n v\u00f4 c\u00f9ng khoa h\u1ecdc, mang l\u1ea1i t\u1ed1c \u0111\u1ed9 \u0111\u01b0\u1eddng truy\u1ec1n \u1ed5n \u0111\u1ecbnh, nh\u1eadn t\u00edn hi\u1ec7u IP 120m (SFTP) &#8211; 160m (c\u00e1p UTP), passed FLUKE test \u1edf kho\u1ea3ng c\u00e1ch l\u00ean \u0111\u1ebfn 80m (UTP), 35m (SFTP), \u1ed5n \u0111\u1ecbnh h\u01a1n so v\u1edbi c\u00e1c lo\u1ea1i c\u00e1p th\u00f4ng th\u01b0\u1eddng kh\u00e1c, l\u00e0 l\u1ef1a ch\u1ecdn t\u1ed1i \u01b0u cho c\u00e1c c\u00f4ng tr\u00ecnh.<\/p>\n","protected":false},"excerpt":{"rendered":"<p><span class=\"rowone\">M\u00e3 s\u1ea3n ph\u1ea9m :<\/span><span class=\"rowtwo\">GOLDEN LINK CAT 5E MADE IN TAIWAN M\u00c0U CAM<\/span><br \/>\n<span class=\"rowone\">H\u00e3ng s\u1ea3n xu\u1ea5t :<\/span><span class=\"rowtwo\">GOLDEN LINK<\/span><br \/>\n<span class=\"rowone\">Gi\u00e1 b\u00e1n :<\/span><span class=\"rowtwo\">0 VN\u0110<\/span><br \/>\n<span class=\"rowone\">T\u00ecnh tr\u1ea1ng :<\/span><span class=\"rowtwo\">C\u00f2n h\u00e0ng<\/span><br \/>\n<span class=\"rowone\">S\u1ed1 l\u01b0\u1ee3t xem :<\/span><span class=\"rowtwo\">986<\/span><\/p>\n","protected":false},"featured_media":753,"comment_status":"closed","ping_status":"closed","template":"","meta":[],"product_cat":[15],"product_tag":[],"yoast_head":"<!-- This site is optimized with the Yoast SEO plugin v19.5.1 - https:\/\/yoast.com\/wordpress\/plugins\/seo\/ -->\n<title>GOLDEN LINK CAT 5E MADE IN TAIWAN M\u00c0U CAM - Nam Th\u00e0nh<\/title>\n<meta name=\"robots\" content=\"index, follow, max-snippet:-1, max-image-preview:large, max-video-preview:-1\" \/>\n<link rel=\"canonical\" href=\"https:\/\/namthanh.com.vn\/en\/golden-link-cat-5e-made-in-taiwan-mau-cam\/\" \/>\n<meta property=\"og:locale\" content=\"en_US\" \/>\n<meta property=\"og:type\" content=\"article\" \/>\n<meta property=\"og:title\" content=\"GOLDEN LINK CAT 5E MADE IN TAIWAN M\u00c0U CAM - Nam Th\u00e0nh\" \/>\n<meta property=\"og:description\" content=\"M\u00e3 s\u1ea3n ph\u1ea9m :GOLDEN LINK CAT 5E MADE IN TAIWAN M\u00c0U CAM H\u00e3ng s\u1ea3n xu\u1ea5t :GOLDEN LINK Gi\u00e1 b\u00e1n :0 VN\u0110 T\u00ecnh tr\u1ea1ng :C\u00f2n h\u00e0ng S\u1ed1 l\u01b0\u1ee3t xem :986\" \/>\n<meta property=\"og:url\" content=\"https:\/\/namthanh.com.vn\/en\/golden-link-cat-5e-made-in-taiwan-mau-cam\/\" \/>\n<meta property=\"og:site_name\" content=\"Nam Th\u00e0nh\" \/>\n<meta property=\"article:modified_time\" content=\"2022-04-06T04:07:22+00:00\" \/>\n<meta property=\"og:image\" content=\"https:\/\/namthanh.com.vn\/en\/wp-content\/uploads\/2022\/04\/utp_orange_platinum__1_x311x254x2.jpg\" \/>\n\t<meta property=\"og:image:width\" content=\"311\" \/>\n\t<meta property=\"og:image:height\" content=\"254\" \/>\n\t<meta property=\"og:image:type\" content=\"image\/jpeg\" \/>\n<meta name=\"twitter:card\" content=\"summary_large_image\" \/>\n<meta name=\"twitter:label1\" content=\"Est. reading time\" \/>\n\t<meta name=\"twitter:data1\" content=\"1 minute\" \/>\n<script type=\"application\/ld+json\" class=\"yoast-schema-graph\">{\"@context\":\"https:\/\/schema.org\",\"@graph\":[{\"@type\":\"WebPage\",\"@id\":\"https:\/\/namthanh.com.vn\/en\/golden-link-cat-5e-made-in-taiwan-mau-cam\/\",\"url\":\"https:\/\/namthanh.com.vn\/en\/golden-link-cat-5e-made-in-taiwan-mau-cam\/\",\"name\":\"GOLDEN LINK CAT 5E MADE IN TAIWAN M\u00c0U CAM - Nam Th\u00e0nh\",\"isPartOf\":{\"@id\":\"https:\/\/namthanh.com.vn\/en\/#website\"},\"datePublished\":\"2022-04-06T04:07:21+00:00\",\"dateModified\":\"2022-04-06T04:07:22+00:00\",\"breadcrumb\":{\"@id\":\"https:\/\/namthanh.com.vn\/en\/golden-link-cat-5e-made-in-taiwan-mau-cam\/#breadcrumb\"},\"inLanguage\":\"en-US\",\"potentialAction\":[{\"@type\":\"ReadAction\",\"target\":[\"https:\/\/namthanh.com.vn\/en\/golden-link-cat-5e-made-in-taiwan-mau-cam\/\"]}]},{\"@type\":\"BreadcrumbList\",\"@id\":\"https:\/\/namthanh.com.vn\/en\/golden-link-cat-5e-made-in-taiwan-mau-cam\/#breadcrumb\",\"itemListElement\":[{\"@type\":\"ListItem\",\"position\":1,\"name\":\"Home\",\"item\":\"https:\/\/namthanh.com.vn\/en\/\"},{\"@type\":\"ListItem\",\"position\":2,\"name\":\"Shop\",\"item\":\"https:\/\/namthanh.com.vn\/en\/shop\/\"},{\"@type\":\"ListItem\",\"position\":3,\"name\":\"Uncategorized\",\"item\":\"https:\/\/namthanh.com.vn\/en\/uncategorized\/\"},{\"@type\":\"ListItem\",\"position\":4,\"name\":\"GOLDEN LINK CAT 5E MADE IN TAIWAN M\u00c0U CAM\"}]},{\"@type\":\"WebSite\",\"@id\":\"https:\/\/namthanh.com.vn\/en\/#website\",\"url\":\"https:\/\/namthanh.com.vn\/en\/\",\"name\":\"Nam Th\u00e0nh\",\"description\":\"HTH\",\"potentialAction\":[{\"@type\":\"SearchAction\",\"target\":{\"@type\":\"EntryPoint\",\"urlTemplate\":\"https:\/\/namthanh.com.vn\/en\/?s={search_term_string}\"},\"query-input\":\"required name=search_term_string\"}],\"inLanguage\":\"en-US\"}]}<\/script>\n<!-- \/ Yoast SEO plugin. -->","yoast_head_json":{"title":"GOLDEN LINK CAT 5E MADE IN TAIWAN M\u00c0U CAM - Nam Th\u00e0nh","robots":{"index":"index","follow":"follow","max-snippet":"max-snippet:-1","max-image-preview":"max-image-preview:large","max-video-preview":"max-video-preview:-1"},"canonical":"https:\/\/namthanh.com.vn\/en\/golden-link-cat-5e-made-in-taiwan-mau-cam\/","og_locale":"en_US","og_type":"article","og_title":"GOLDEN LINK CAT 5E MADE IN TAIWAN M\u00c0U CAM - Nam Th\u00e0nh","og_description":"M\u00e3 s\u1ea3n ph\u1ea9m :GOLDEN LINK CAT 5E MADE IN TAIWAN M\u00c0U CAM H\u00e3ng s\u1ea3n xu\u1ea5t :GOLDEN LINK Gi\u00e1 b\u00e1n :0 VN\u0110 T\u00ecnh tr\u1ea1ng :C\u00f2n h\u00e0ng S\u1ed1 l\u01b0\u1ee3t xem :986","og_url":"https:\/\/namthanh.com.vn\/en\/golden-link-cat-5e-made-in-taiwan-mau-cam\/","og_site_name":"Nam Th\u00e0nh","article_modified_time":"2022-04-06T04:07:22+00:00","og_image":[{"width":311,"height":254,"url":"https:\/\/namthanh.com.vn\/en\/wp-content\/uploads\/2022\/04\/utp_orange_platinum__1_x311x254x2.jpg","type":"image\/jpeg"}],"twitter_card":"summary_large_image","twitter_misc":{"Est. reading time":"1 minute"},"schema":{"@context":"https:\/\/schema.org","@graph":[{"@type":"WebPage","@id":"https:\/\/namthanh.com.vn\/en\/golden-link-cat-5e-made-in-taiwan-mau-cam\/","url":"https:\/\/namthanh.com.vn\/en\/golden-link-cat-5e-made-in-taiwan-mau-cam\/","name":"GOLDEN LINK CAT 5E MADE IN TAIWAN M\u00c0U CAM - Nam Th\u00e0nh","isPartOf":{"@id":"https:\/\/namthanh.com.vn\/en\/#website"},"datePublished":"2022-04-06T04:07:21+00:00","dateModified":"2022-04-06T04:07:22+00:00","breadcrumb":{"@id":"https:\/\/namthanh.com.vn\/en\/golden-link-cat-5e-made-in-taiwan-mau-cam\/#breadcrumb"},"inLanguage":"en-US","potentialAction":[{"@type":"ReadAction","target":["https:\/\/namthanh.com.vn\/en\/golden-link-cat-5e-made-in-taiwan-mau-cam\/"]}]},{"@type":"BreadcrumbList","@id":"https:\/\/namthanh.com.vn\/en\/golden-link-cat-5e-made-in-taiwan-mau-cam\/#breadcrumb","itemListElement":[{"@type":"ListItem","position":1,"name":"Home","item":"https:\/\/namthanh.com.vn\/en\/"},{"@type":"ListItem","position":2,"name":"Shop","item":"https:\/\/namthanh.com.vn\/en\/shop\/"},{"@type":"ListItem","position":3,"name":"Uncategorized","item":"https:\/\/namthanh.com.vn\/en\/uncategorized\/"},{"@type":"ListItem","position":4,"name":"GOLDEN LINK CAT 5E MADE IN TAIWAN M\u00c0U CAM"}]},{"@type":"WebSite","@id":"https:\/\/namthanh.com.vn\/en\/#website","url":"https:\/\/namthanh.com.vn\/en\/","name":"Nam Th\u00e0nh","description":"HTH","potentialAction":[{"@type":"SearchAction","target":{"@type":"EntryPoint","urlTemplate":"https:\/\/namthanh.com.vn\/en\/?s={search_term_string}"},"query-input":"required name=search_term_string"}],"inLanguage":"en-US"}]}},"_links":{"self":[{"href":"https:\/\/namthanh.com.vn\/en\/wp-json\/wp\/v2\/product\/752"}],"collection":[{"href":"https:\/\/namthanh.com.vn\/en\/wp-json\/wp\/v2\/product"}],"about":[{"href":"https:\/\/namthanh.com.vn\/en\/wp-json\/wp\/v2\/types\/product"}],"replies":[{"embeddable":true,"href":"https:\/\/namthanh.com.vn\/en\/wp-json\/wp\/v2\/comments?post=752"}],"wp:featuredmedia":[{"embeddable":true,"href":"https:\/\/namthanh.com.vn\/en\/wp-json\/wp\/v2\/media\/753"}],"wp:attachment":[{"href":"https:\/\/namthanh.com.vn\/en\/wp-json\/wp\/v2\/media?parent=752"}],"wp:term":[{"taxonomy":"product_cat","embeddable":true,"href":"https:\/\/namthanh.com.vn\/en\/wp-json\/wp\/v2\/product_cat?post=752"},{"taxonomy":"product_tag","embeddable":true,"href":"https:\/\/namthanh.com.vn\/en\/wp-json\/wp\/v2\/product_tag?post=752"}],"curies":[{"name":"wp","href":"https:\/\/api.w.org\/{rel}","templated":true}]}}