{"id":929,"date":"2022-04-08T11:42:54","date_gmt":"2022-04-08T04:42:54","guid":{"rendered":"https:\/\/microlab.vn\/?post_type=product&#038;p=929"},"modified":"2022-06-22T14:15:35","modified_gmt":"2022-06-22T07:15:35","slug":"chuot-rapoo-m100silent","status":"publish","type":"product","link":"https:\/\/namthanh.com.vn\/en\/chuot-rapoo-m100silent\/","title":{"rendered":"M100Silent"},"content":{"rendered":"<div>V\u1edbi c\u00f4ng ngh\u1ec7 ti\u1ebft ki\u1ec7m n\u0103ng l\u01b0\u1ee3ng, Rapoo M100 Silent cho ng\u01b0\u1eddi s\u1eed d\u1ee5ng th\u1ea3 ga k\u1ebft n\u1ed1i m\u00e0 kh\u00f4ng c\u1ea7n ph\u1ea3i lo l\u1eafng b\u1ea5t k\u00ec s\u1ef1 gi\u00e1n \u0111o\u1ea1n n\u00e0o v\u1edbi nh\u1eefng \u0111i\u1ec3m m\u1ea1nh nh\u01b0 sau:<\/div>\n<div>&#8211; Chuy\u1ec3n \u0111\u1ed5i m\u01b0\u1ee3t m\u00e0 gi\u1eefa Bluetooth 3.0, 4.0 and 2.4G<\/div>\n<div>-H\u1ea1n ch\u1ebf nh\u1eefng \u00e2m thanh \u1ed3n \u00e0o t\u1eeb ti\u1ebfng click chu\u1ed9t<\/div>\n<div>&#8211; Chuy\u1ec3n \u0111\u1ed5i th\u00f4ng minh l\u00ean \u0111\u1ebfn 3 thi\u1ebft b\u1ecb<\/div>\n<div>&#8211; \u0110\u1ed9 ch\u00ednh x\u00e1c ho\u00e0n h\u1ea3o v\u1edbi \u0111\u1ed9 ph\u00e2n gi\u1ea3i 1000 DPI mang \u0111\u1ebfn s\u1ef1 ch\u00ednh x\u00e1c trong t\u1eebng c\u00fa r\u00ea chu\u1ed9t<\/div>\n<div>&#8211; Th\u1eddi l\u01b0\u1ee3ng s\u1eed d\u1ee5ng pin \u0111\u1ebfn 9 th\u00e1ng.<\/div>\n<div>&#8211; M\u00e0u s<span style=\"font-size: 14.4px;\">\u1eafc:<\/span><\/div>\n<div><img src=\"http:\/\/www.namthanh.com.vn\/en\/Data\/upload\/images\/m1000.jpg\" alt=\"\" \/><img loading=\"lazy\" class=\"aligncenter wp-image-930 size-full\" style=\"font-size: 14.4px;\" src=\"https:\/\/namthanh.com.vn\/en\/wp-content\/uploads\/2022\/04\/m1000.jpg\" alt=\"\" width=\"675\" height=\"1200\" srcset=\"https:\/\/namthanh.com.vn\/en\/wp-content\/uploads\/2022\/04\/m1000.jpg 675w, https:\/\/namthanh.com.vn\/en\/wp-content\/uploads\/2022\/04\/m1000-225x400.jpg 225w, https:\/\/namthanh.com.vn\/en\/wp-content\/uploads\/2022\/04\/m1000-450x800.jpg 450w, https:\/\/namthanh.com.vn\/en\/wp-content\/uploads\/2022\/04\/m1000-300x533.jpg 300w, https:\/\/namthanh.com.vn\/en\/wp-content\/uploads\/2022\/04\/m1000-600x1067.jpg 600w\" sizes=\"(max-width: 675px) 100vw, 675px\" \/><\/div>\n<div><\/div>\n<div>XANH D\u01af\u01a0NG :<\/div>\n<div><img loading=\"lazy\" class=\"aligncenter wp-image-931 size-full\" src=\"https:\/\/namthanh.com.vn\/en\/wp-content\/uploads\/2022\/04\/m1001.jpg\" alt=\"\" width=\"1600\" height=\"1036\" srcset=\"https:\/\/namthanh.com.vn\/en\/wp-content\/uploads\/2022\/04\/m1001.jpg 1600w, https:\/\/namthanh.com.vn\/en\/wp-content\/uploads\/2022\/04\/m1001-618x400.jpg 618w, https:\/\/namthanh.com.vn\/en\/wp-content\/uploads\/2022\/04\/m1001-1236x800.jpg 1236w, https:\/\/namthanh.com.vn\/en\/wp-content\/uploads\/2022\/04\/m1001-768x497.jpg 768w, https:\/\/namthanh.com.vn\/en\/wp-content\/uploads\/2022\/04\/m1001-1536x995.jpg 1536w, https:\/\/namthanh.com.vn\/en\/wp-content\/uploads\/2022\/04\/m1001-300x194.jpg 300w, https:\/\/namthanh.com.vn\/en\/wp-content\/uploads\/2022\/04\/m1001-600x389.jpg 600w\" sizes=\"(max-width: 1600px) 100vw, 1600px\" \/><\/div>\n<div><\/div>\n<div>M\u00c0U X\u00c1M:<\/div>\n<div><\/div>\n<div><img src=\"http:\/\/www.namthanh.com.vn\/en\/Data\/upload\/images\/m1002.jpg\" alt=\"\" \/><img loading=\"lazy\" class=\"aligncenter wp-image-932 size-full\" src=\"https:\/\/namthanh.com.vn\/en\/wp-content\/uploads\/2022\/04\/m1002.jpg\" alt=\"\" width=\"800\" height=\"800\" srcset=\"https:\/\/namthanh.com.vn\/en\/wp-content\/uploads\/2022\/04\/m1002.jpg 800w, https:\/\/namthanh.com.vn\/en\/wp-content\/uploads\/2022\/04\/m1002-400x400.jpg 400w, https:\/\/namthanh.com.vn\/en\/wp-content\/uploads\/2022\/04\/m1002-280x280.jpg 280w, https:\/\/namthanh.com.vn\/en\/wp-content\/uploads\/2022\/04\/m1002-768x768.jpg 768w, https:\/\/namthanh.com.vn\/en\/wp-content\/uploads\/2022\/04\/m1002-300x300.jpg 300w, https:\/\/namthanh.com.vn\/en\/wp-content\/uploads\/2022\/04\/m1002-600x600.jpg 600w, https:\/\/namthanh.com.vn\/en\/wp-content\/uploads\/2022\/04\/m1002-100x100.jpg 100w\" sizes=\"(max-width: 800px) 100vw, 800px\" \/><\/div>\n<div>M\u00c0U TR\u1eaeNG X\u00c1M:<\/div>\n<div><\/div>\n<div><img src=\"http:\/\/www.namthanh.com.vn\/en\/Data\/upload\/images\/m1003.jpg\" alt=\"\" \/><img loading=\"lazy\" class=\"aligncenter wp-image-933 size-full\" style=\"font-size: 14.4px;\" src=\"https:\/\/namthanh.com.vn\/en\/wp-content\/uploads\/2022\/04\/m1003.jpg\" alt=\"\" width=\"800\" height=\"800\" srcset=\"https:\/\/namthanh.com.vn\/en\/wp-content\/uploads\/2022\/04\/m1003.jpg 800w, https:\/\/namthanh.com.vn\/en\/wp-content\/uploads\/2022\/04\/m1003-400x400.jpg 400w, https:\/\/namthanh.com.vn\/en\/wp-content\/uploads\/2022\/04\/m1003-280x280.jpg 280w, https:\/\/namthanh.com.vn\/en\/wp-content\/uploads\/2022\/04\/m1003-768x768.jpg 768w, https:\/\/namthanh.com.vn\/en\/wp-content\/uploads\/2022\/04\/m1003-300x300.jpg 300w, https:\/\/namthanh.com.vn\/en\/wp-content\/uploads\/2022\/04\/m1003-600x600.jpg 600w, https:\/\/namthanh.com.vn\/en\/wp-content\/uploads\/2022\/04\/m1003-100x100.jpg 100w\" sizes=\"(max-width: 800px) 100vw, 800px\" \/><\/div>\n<div>M\u00c0U \u0110\u1ece:<\/div>\n<div><\/div>\n<div><img src=\"http:\/\/www.namthanh.com.vn\/en\/Data\/upload\/images\/M1005.jpg\" alt=\"\" \/><img loading=\"lazy\" class=\"aligncenter wp-image-935 size-full\" style=\"font-size: 14.4px;\" src=\"https:\/\/namthanh.com.vn\/en\/wp-content\/uploads\/2022\/04\/M1005.jpg\" alt=\"\" width=\"800\" height=\"800\" srcset=\"https:\/\/namthanh.com.vn\/en\/wp-content\/uploads\/2022\/04\/M1005.jpg 800w, https:\/\/namthanh.com.vn\/en\/wp-content\/uploads\/2022\/04\/M1005-400x400.jpg 400w, https:\/\/namthanh.com.vn\/en\/wp-content\/uploads\/2022\/04\/M1005-280x280.jpg 280w, https:\/\/namthanh.com.vn\/en\/wp-content\/uploads\/2022\/04\/M1005-768x768.jpg 768w, https:\/\/namthanh.com.vn\/en\/wp-content\/uploads\/2022\/04\/M1005-300x300.jpg 300w, https:\/\/namthanh.com.vn\/en\/wp-content\/uploads\/2022\/04\/M1005-600x600.jpg 600w, https:\/\/namthanh.com.vn\/en\/wp-content\/uploads\/2022\/04\/M1005-100x100.jpg 100w\" sizes=\"(max-width: 800px) 100vw, 800px\" \/><\/div>\n<div>M\u00c0U H\u1ed2NG:<\/div>\n<div><img src=\"http:\/\/www.namthanh.com.vn\/en\/Data\/upload\/images\/M1004.jpg\" alt=\"\" \/><img loading=\"lazy\" class=\"aligncenter wp-image-934 size-full\" style=\"font-size: 14.4px;\" src=\"https:\/\/namthanh.com.vn\/en\/wp-content\/uploads\/2022\/04\/M1004.jpg\" alt=\"\" width=\"800\" height=\"800\" srcset=\"https:\/\/namthanh.com.vn\/en\/wp-content\/uploads\/2022\/04\/M1004.jpg 800w, https:\/\/namthanh.com.vn\/en\/wp-content\/uploads\/2022\/04\/M1004-400x400.jpg 400w, https:\/\/namthanh.com.vn\/en\/wp-content\/uploads\/2022\/04\/M1004-280x280.jpg 280w, https:\/\/namthanh.com.vn\/en\/wp-content\/uploads\/2022\/04\/M1004-768x768.jpg 768w, https:\/\/namthanh.com.vn\/en\/wp-content\/uploads\/2022\/04\/M1004-300x300.jpg 300w, https:\/\/namthanh.com.vn\/en\/wp-content\/uploads\/2022\/04\/M1004-600x600.jpg 600w, https:\/\/namthanh.com.vn\/en\/wp-content\/uploads\/2022\/04\/M1004-100x100.jpg 100w\" sizes=\"(max-width: 800px) 100vw, 800px\" \/><\/div>\n","protected":false},"excerpt":{"rendered":"<p><span class=\"rowone\">M\u00e3 s\u1ea3n ph\u1ea9m :<\/span><span class=\"rowtwo\">Chu\u1ed9t Rapoo M100Silent<\/span><br \/>\n<span class=\"rowone\">H\u00e3ng s\u1ea3n xu\u1ea5t :<\/span><span class=\"rowtwo\">RAPOO<\/span><br \/>\n<span class=\"rowone\">Gi\u00e1 b\u00e1n :<\/span><span class=\"rowtwo\">0 VN\u0110<\/span><br \/>\n<span class=\"rowone\">T\u00ecnh tr\u1ea1ng :<\/span><span class=\"rowtwo\">C\u00f2n h\u00e0ng<\/span><br \/>\n<span class=\"rowone\">S\u1ed1 l\u01b0\u1ee3t xem :<\/span><span class=\"rowtwo\">981<\/span><\/p>\n","protected":false},"featured_media":930,"comment_status":"closed","ping_status":"closed","template":"","meta":[],"product_cat":[89],"product_tag":[],"yoast_head":"<!-- This site is optimized with the Yoast SEO plugin v19.5.1 - https:\/\/yoast.com\/wordpress\/plugins\/seo\/ -->\n<title>M100Silent - Nam Th\u00e0nh<\/title>\n<meta name=\"robots\" content=\"index, follow, max-snippet:-1, max-image-preview:large, max-video-preview:-1\" \/>\n<link rel=\"canonical\" href=\"https:\/\/namthanh.com.vn\/en\/chuot-rapoo-m100silent\/\" \/>\n<meta property=\"og:locale\" content=\"en_US\" \/>\n<meta property=\"og:type\" content=\"article\" \/>\n<meta property=\"og:title\" content=\"M100Silent - Nam Th\u00e0nh\" \/>\n<meta property=\"og:description\" content=\"M\u00e3 s\u1ea3n ph\u1ea9m :Chu\u1ed9t Rapoo M100Silent H\u00e3ng s\u1ea3n xu\u1ea5t :RAPOO Gi\u00e1 b\u00e1n :0 VN\u0110 T\u00ecnh tr\u1ea1ng :C\u00f2n h\u00e0ng S\u1ed1 l\u01b0\u1ee3t xem :981\" \/>\n<meta property=\"og:url\" content=\"https:\/\/namthanh.com.vn\/en\/chuot-rapoo-m100silent\/\" \/>\n<meta property=\"og:site_name\" content=\"Nam Th\u00e0nh\" \/>\n<meta property=\"article:modified_time\" content=\"2022-06-22T07:15:35+00:00\" \/>\n<meta property=\"og:image\" content=\"https:\/\/namthanh.com.vn\/en\/wp-content\/uploads\/2022\/04\/m1000.jpg\" \/>\n\t<meta property=\"og:image:width\" content=\"675\" \/>\n\t<meta property=\"og:image:height\" content=\"1200\" \/>\n\t<meta property=\"og:image:type\" content=\"image\/jpeg\" \/>\n<meta name=\"twitter:card\" content=\"summary_large_image\" \/>\n<meta name=\"twitter:label1\" content=\"Est. reading time\" \/>\n\t<meta name=\"twitter:data1\" content=\"3 minutes\" \/>\n<script type=\"application\/ld+json\" class=\"yoast-schema-graph\">{\"@context\":\"https:\/\/schema.org\",\"@graph\":[{\"@type\":\"WebPage\",\"@id\":\"https:\/\/namthanh.com.vn\/en\/chuot-rapoo-m100silent\/\",\"url\":\"https:\/\/namthanh.com.vn\/en\/chuot-rapoo-m100silent\/\",\"name\":\"M100Silent - Nam Th\u00e0nh\",\"isPartOf\":{\"@id\":\"https:\/\/namthanh.com.vn\/en\/#website\"},\"datePublished\":\"2022-04-08T04:42:54+00:00\",\"dateModified\":\"2022-06-22T07:15:35+00:00\",\"breadcrumb\":{\"@id\":\"https:\/\/namthanh.com.vn\/en\/chuot-rapoo-m100silent\/#breadcrumb\"},\"inLanguage\":\"en-US\",\"potentialAction\":[{\"@type\":\"ReadAction\",\"target\":[\"https:\/\/namthanh.com.vn\/en\/chuot-rapoo-m100silent\/\"]}]},{\"@type\":\"BreadcrumbList\",\"@id\":\"https:\/\/namthanh.com.vn\/en\/chuot-rapoo-m100silent\/#breadcrumb\",\"itemListElement\":[{\"@type\":\"ListItem\",\"position\":1,\"name\":\"Home\",\"item\":\"https:\/\/namthanh.com.vn\/en\/\"},{\"@type\":\"ListItem\",\"position\":2,\"name\":\"Shop\",\"item\":\"https:\/\/namthanh.com.vn\/en\/shop\/\"},{\"@type\":\"ListItem\",\"position\":3,\"name\":\"Product\",\"item\":\"https:\/\/namthanh.com.vn\/en\/product\/\"},{\"@type\":\"ListItem\",\"position\":4,\"name\":\"RAPOO\",\"item\":\"https:\/\/namthanh.com.vn\/en\/rapoo\/\"},{\"@type\":\"ListItem\",\"position\":5,\"name\":\"Wireless mouse\",\"item\":\"https:\/\/namthanh.com.vn\/en\/chuot\/\"},{\"@type\":\"ListItem\",\"position\":6,\"name\":\"M100Silent\"}]},{\"@type\":\"WebSite\",\"@id\":\"https:\/\/namthanh.com.vn\/en\/#website\",\"url\":\"https:\/\/namthanh.com.vn\/en\/\",\"name\":\"Nam Th\u00e0nh\",\"description\":\"HTH\",\"potentialAction\":[{\"@type\":\"SearchAction\",\"target\":{\"@type\":\"EntryPoint\",\"urlTemplate\":\"https:\/\/namthanh.com.vn\/en\/?s={search_term_string}\"},\"query-input\":\"required name=search_term_string\"}],\"inLanguage\":\"en-US\"}]}<\/script>\n<!-- \/ Yoast SEO plugin. -->","yoast_head_json":{"title":"M100Silent - Nam Th\u00e0nh","robots":{"index":"index","follow":"follow","max-snippet":"max-snippet:-1","max-image-preview":"max-image-preview:large","max-video-preview":"max-video-preview:-1"},"canonical":"https:\/\/namthanh.com.vn\/en\/chuot-rapoo-m100silent\/","og_locale":"en_US","og_type":"article","og_title":"M100Silent - Nam Th\u00e0nh","og_description":"M\u00e3 s\u1ea3n ph\u1ea9m :Chu\u1ed9t Rapoo M100Silent H\u00e3ng s\u1ea3n xu\u1ea5t :RAPOO Gi\u00e1 b\u00e1n :0 VN\u0110 T\u00ecnh tr\u1ea1ng :C\u00f2n h\u00e0ng S\u1ed1 l\u01b0\u1ee3t xem :981","og_url":"https:\/\/namthanh.com.vn\/en\/chuot-rapoo-m100silent\/","og_site_name":"Nam Th\u00e0nh","article_modified_time":"2022-06-22T07:15:35+00:00","og_image":[{"width":675,"height":1200,"url":"https:\/\/namthanh.com.vn\/en\/wp-content\/uploads\/2022\/04\/m1000.jpg","type":"image\/jpeg"}],"twitter_card":"summary_large_image","twitter_misc":{"Est. reading time":"3 minutes"},"schema":{"@context":"https:\/\/schema.org","@graph":[{"@type":"WebPage","@id":"https:\/\/namthanh.com.vn\/en\/chuot-rapoo-m100silent\/","url":"https:\/\/namthanh.com.vn\/en\/chuot-rapoo-m100silent\/","name":"M100Silent - Nam Th\u00e0nh","isPartOf":{"@id":"https:\/\/namthanh.com.vn\/en\/#website"},"datePublished":"2022-04-08T04:42:54+00:00","dateModified":"2022-06-22T07:15:35+00:00","breadcrumb":{"@id":"https:\/\/namthanh.com.vn\/en\/chuot-rapoo-m100silent\/#breadcrumb"},"inLanguage":"en-US","potentialAction":[{"@type":"ReadAction","target":["https:\/\/namthanh.com.vn\/en\/chuot-rapoo-m100silent\/"]}]},{"@type":"BreadcrumbList","@id":"https:\/\/namthanh.com.vn\/en\/chuot-rapoo-m100silent\/#breadcrumb","itemListElement":[{"@type":"ListItem","position":1,"name":"Home","item":"https:\/\/namthanh.com.vn\/en\/"},{"@type":"ListItem","position":2,"name":"Shop","item":"https:\/\/namthanh.com.vn\/en\/shop\/"},{"@type":"ListItem","position":3,"name":"Product","item":"https:\/\/namthanh.com.vn\/en\/product\/"},{"@type":"ListItem","position":4,"name":"RAPOO","item":"https:\/\/namthanh.com.vn\/en\/rapoo\/"},{"@type":"ListItem","position":5,"name":"Wireless mouse","item":"https:\/\/namthanh.com.vn\/en\/chuot\/"},{"@type":"ListItem","position":6,"name":"M100Silent"}]},{"@type":"WebSite","@id":"https:\/\/namthanh.com.vn\/en\/#website","url":"https:\/\/namthanh.com.vn\/en\/","name":"Nam Th\u00e0nh","description":"HTH","potentialAction":[{"@type":"SearchAction","target":{"@type":"EntryPoint","urlTemplate":"https:\/\/namthanh.com.vn\/en\/?s={search_term_string}"},"query-input":"required name=search_term_string"}],"inLanguage":"en-US"}]}},"_links":{"self":[{"href":"https:\/\/namthanh.com.vn\/en\/wp-json\/wp\/v2\/product\/929"}],"collection":[{"href":"https:\/\/namthanh.com.vn\/en\/wp-json\/wp\/v2\/product"}],"about":[{"href":"https:\/\/namthanh.com.vn\/en\/wp-json\/wp\/v2\/types\/product"}],"replies":[{"embeddable":true,"href":"https:\/\/namthanh.com.vn\/en\/wp-json\/wp\/v2\/comments?post=929"}],"wp:featuredmedia":[{"embeddable":true,"href":"https:\/\/namthanh.com.vn\/en\/wp-json\/wp\/v2\/media\/930"}],"wp:attachment":[{"href":"https:\/\/namthanh.com.vn\/en\/wp-json\/wp\/v2\/media?parent=929"}],"wp:term":[{"taxonomy":"product_cat","embeddable":true,"href":"https:\/\/namthanh.com.vn\/en\/wp-json\/wp\/v2\/product_cat?post=929"},{"taxonomy":"product_tag","embeddable":true,"href":"https:\/\/namthanh.com.vn\/en\/wp-json\/wp\/v2\/product_tag?post=929"}],"curies":[{"name":"wp","href":"https:\/\/api.w.org\/{rel}","templated":true}]}}