{"id":993,"date":"2022-04-13T16:52:25","date_gmt":"2022-04-13T09:52:25","guid":{"rendered":"https:\/\/microlab.vn\/?post_type=product&#038;p=993"},"modified":"2022-06-24T14:33:50","modified_gmt":"2022-06-24T07:33:50","slug":"h3070","status":"publish","type":"product","link":"https:\/\/namthanh.com.vn\/en\/h3070\/","title":{"rendered":"H3070"},"content":{"rendered":"<div id=\"tabscollection\">\n<div id=\"tab1\">\n<div>Tai nghe kh\u00f4ng d\u00e2y s\u00f3ng 2.4Ghz &#8211; kho\u1ea3ng c\u00e1ch 8m<\/div>\n<div>T\u00edch h\u1ee3p Microphone\/ Volume control. Ch\u1ee5p \u0111\u1ea7u c\u00f3 th\u1ec3 \u0111i\u1ec1u ch\u1ec9nh k\u00edch c\u1ee1<\/div>\n<div>2 ch\u1ebf \u0111\u1ed9 k\u1ebft n\u1ed1i : USB 2.0 v\u00e0 jack 3.5mm. 2 ch\u1ebf \u0111\u1ed9 k\u1ebft n\u1ed1i v\u1edbi PC: USB 2.0 v\u00e0 jack 3.5mm. Th\u00edch h\u1ee3p v\u1edbi laptop, PC, TV, smart phone, tablet, Ipod&#8230;<\/div>\n<div>T\u00edch h\u1ee3p pin s\u1ea1c lithi s\u1ea1c 2 ti\u1ebfng s\u1eed d\u1ee5ng 6 ti\u1ebfng.<\/div>\n<div>3 m\u00e0u: Xanh, X\u00e1m , \u0110en<\/div>\n<\/div>\n<\/div>\n<div id=\"otherproduct\"><\/div>\n","protected":false},"excerpt":{"rendered":"<p><span class=\"rowone\">M\u00e3 s\u1ea3n ph\u1ea9m :<\/span><span class=\"rowtwo\">H3070<\/span><br \/>\n<span class=\"rowone\">H\u00e3ng s\u1ea3n xu\u1ea5t :<\/span><span class=\"rowtwo\">RAPOO<\/span><br \/>\n<span class=\"rowone\">Gi\u00e1 b\u00e1n :<\/span><span class=\"rowtwo\">0 VN\u0110<\/span><br \/>\n<span class=\"rowone\">S\u1ed1 l\u01b0\u1ee3t xem :<\/span><span class=\"rowtwo\">1.836<\/span><\/p>\n","protected":false},"featured_media":994,"comment_status":"closed","ping_status":"closed","template":"","meta":[],"product_cat":[92],"product_tag":[],"yoast_head":"<!-- This site is optimized with the Yoast SEO plugin v19.5.1 - https:\/\/yoast.com\/wordpress\/plugins\/seo\/ -->\n<title>H3070 - Nam Th\u00e0nh<\/title>\n<meta name=\"robots\" content=\"index, follow, max-snippet:-1, max-image-preview:large, max-video-preview:-1\" \/>\n<link rel=\"canonical\" href=\"https:\/\/namthanh.com.vn\/en\/h3070\/\" \/>\n<meta property=\"og:locale\" content=\"en_US\" \/>\n<meta property=\"og:type\" content=\"article\" \/>\n<meta property=\"og:title\" content=\"H3070 - Nam Th\u00e0nh\" \/>\n<meta property=\"og:description\" content=\"M\u00e3 s\u1ea3n ph\u1ea9m :H3070 H\u00e3ng s\u1ea3n xu\u1ea5t :RAPOO Gi\u00e1 b\u00e1n :0 VN\u0110 S\u1ed1 l\u01b0\u1ee3t xem :1.836\" \/>\n<meta property=\"og:url\" content=\"https:\/\/namthanh.com.vn\/en\/h3070\/\" \/>\n<meta property=\"og:site_name\" content=\"Nam Th\u00e0nh\" \/>\n<meta property=\"article:modified_time\" content=\"2022-06-24T07:33:50+00:00\" \/>\n<meta property=\"og:image\" content=\"https:\/\/namthanh.com.vn\/en\/wp-content\/uploads\/2022\/04\/H3070x311x254x2.jpg\" \/>\n\t<meta property=\"og:image:width\" content=\"311\" \/>\n\t<meta property=\"og:image:height\" content=\"254\" \/>\n\t<meta property=\"og:image:type\" content=\"image\/jpeg\" \/>\n<meta name=\"twitter:card\" content=\"summary_large_image\" \/>\n<meta name=\"twitter:label1\" content=\"Est. reading time\" \/>\n\t<meta name=\"twitter:data1\" content=\"1 minute\" \/>\n<script type=\"application\/ld+json\" class=\"yoast-schema-graph\">{\"@context\":\"https:\/\/schema.org\",\"@graph\":[{\"@type\":\"WebPage\",\"@id\":\"https:\/\/namthanh.com.vn\/en\/h3070\/\",\"url\":\"https:\/\/namthanh.com.vn\/en\/h3070\/\",\"name\":\"H3070 - Nam Th\u00e0nh\",\"isPartOf\":{\"@id\":\"https:\/\/namthanh.com.vn\/en\/#website\"},\"datePublished\":\"2022-04-13T09:52:25+00:00\",\"dateModified\":\"2022-06-24T07:33:50+00:00\",\"breadcrumb\":{\"@id\":\"https:\/\/namthanh.com.vn\/en\/h3070\/#breadcrumb\"},\"inLanguage\":\"en-US\",\"potentialAction\":[{\"@type\":\"ReadAction\",\"target\":[\"https:\/\/namthanh.com.vn\/en\/h3070\/\"]}]},{\"@type\":\"BreadcrumbList\",\"@id\":\"https:\/\/namthanh.com.vn\/en\/h3070\/#breadcrumb\",\"itemListElement\":[{\"@type\":\"ListItem\",\"position\":1,\"name\":\"Home\",\"item\":\"https:\/\/namthanh.com.vn\/en\/\"},{\"@type\":\"ListItem\",\"position\":2,\"name\":\"Shop\",\"item\":\"https:\/\/namthanh.com.vn\/en\/shop\/\"},{\"@type\":\"ListItem\",\"position\":3,\"name\":\"Product\",\"item\":\"https:\/\/namthanh.com.vn\/en\/product\/\"},{\"@type\":\"ListItem\",\"position\":4,\"name\":\"RAPOO\",\"item\":\"https:\/\/namthanh.com.vn\/en\/rapoo\/\"},{\"@type\":\"ListItem\",\"position\":5,\"name\":\"Headphone\",\"item\":\"https:\/\/namthanh.com.vn\/en\/tai-nghe-khong-day\/\"},{\"@type\":\"ListItem\",\"position\":6,\"name\":\"H3070\"}]},{\"@type\":\"WebSite\",\"@id\":\"https:\/\/namthanh.com.vn\/en\/#website\",\"url\":\"https:\/\/namthanh.com.vn\/en\/\",\"name\":\"Nam Th\u00e0nh\",\"description\":\"HTH\",\"potentialAction\":[{\"@type\":\"SearchAction\",\"target\":{\"@type\":\"EntryPoint\",\"urlTemplate\":\"https:\/\/namthanh.com.vn\/en\/?s={search_term_string}\"},\"query-input\":\"required name=search_term_string\"}],\"inLanguage\":\"en-US\"}]}<\/script>\n<!-- \/ Yoast SEO plugin. -->","yoast_head_json":{"title":"H3070 - Nam Th\u00e0nh","robots":{"index":"index","follow":"follow","max-snippet":"max-snippet:-1","max-image-preview":"max-image-preview:large","max-video-preview":"max-video-preview:-1"},"canonical":"https:\/\/namthanh.com.vn\/en\/h3070\/","og_locale":"en_US","og_type":"article","og_title":"H3070 - Nam Th\u00e0nh","og_description":"M\u00e3 s\u1ea3n ph\u1ea9m :H3070 H\u00e3ng s\u1ea3n xu\u1ea5t :RAPOO Gi\u00e1 b\u00e1n :0 VN\u0110 S\u1ed1 l\u01b0\u1ee3t xem :1.836","og_url":"https:\/\/namthanh.com.vn\/en\/h3070\/","og_site_name":"Nam Th\u00e0nh","article_modified_time":"2022-06-24T07:33:50+00:00","og_image":[{"width":311,"height":254,"url":"https:\/\/namthanh.com.vn\/en\/wp-content\/uploads\/2022\/04\/H3070x311x254x2.jpg","type":"image\/jpeg"}],"twitter_card":"summary_large_image","twitter_misc":{"Est. reading time":"1 minute"},"schema":{"@context":"https:\/\/schema.org","@graph":[{"@type":"WebPage","@id":"https:\/\/namthanh.com.vn\/en\/h3070\/","url":"https:\/\/namthanh.com.vn\/en\/h3070\/","name":"H3070 - Nam Th\u00e0nh","isPartOf":{"@id":"https:\/\/namthanh.com.vn\/en\/#website"},"datePublished":"2022-04-13T09:52:25+00:00","dateModified":"2022-06-24T07:33:50+00:00","breadcrumb":{"@id":"https:\/\/namthanh.com.vn\/en\/h3070\/#breadcrumb"},"inLanguage":"en-US","potentialAction":[{"@type":"ReadAction","target":["https:\/\/namthanh.com.vn\/en\/h3070\/"]}]},{"@type":"BreadcrumbList","@id":"https:\/\/namthanh.com.vn\/en\/h3070\/#breadcrumb","itemListElement":[{"@type":"ListItem","position":1,"name":"Home","item":"https:\/\/namthanh.com.vn\/en\/"},{"@type":"ListItem","position":2,"name":"Shop","item":"https:\/\/namthanh.com.vn\/en\/shop\/"},{"@type":"ListItem","position":3,"name":"Product","item":"https:\/\/namthanh.com.vn\/en\/product\/"},{"@type":"ListItem","position":4,"name":"RAPOO","item":"https:\/\/namthanh.com.vn\/en\/rapoo\/"},{"@type":"ListItem","position":5,"name":"Headphone","item":"https:\/\/namthanh.com.vn\/en\/tai-nghe-khong-day\/"},{"@type":"ListItem","position":6,"name":"H3070"}]},{"@type":"WebSite","@id":"https:\/\/namthanh.com.vn\/en\/#website","url":"https:\/\/namthanh.com.vn\/en\/","name":"Nam Th\u00e0nh","description":"HTH","potentialAction":[{"@type":"SearchAction","target":{"@type":"EntryPoint","urlTemplate":"https:\/\/namthanh.com.vn\/en\/?s={search_term_string}"},"query-input":"required name=search_term_string"}],"inLanguage":"en-US"}]}},"_links":{"self":[{"href":"https:\/\/namthanh.com.vn\/en\/wp-json\/wp\/v2\/product\/993"}],"collection":[{"href":"https:\/\/namthanh.com.vn\/en\/wp-json\/wp\/v2\/product"}],"about":[{"href":"https:\/\/namthanh.com.vn\/en\/wp-json\/wp\/v2\/types\/product"}],"replies":[{"embeddable":true,"href":"https:\/\/namthanh.com.vn\/en\/wp-json\/wp\/v2\/comments?post=993"}],"wp:featuredmedia":[{"embeddable":true,"href":"https:\/\/namthanh.com.vn\/en\/wp-json\/wp\/v2\/media\/994"}],"wp:attachment":[{"href":"https:\/\/namthanh.com.vn\/en\/wp-json\/wp\/v2\/media?parent=993"}],"wp:term":[{"taxonomy":"product_cat","embeddable":true,"href":"https:\/\/namthanh.com.vn\/en\/wp-json\/wp\/v2\/product_cat?post=993"},{"taxonomy":"product_tag","embeddable":true,"href":"https:\/\/namthanh.com.vn\/en\/wp-json\/wp\/v2\/product_tag?post=993"}],"curies":[{"name":"wp","href":"https:\/\/api.w.org\/{rel}","templated":true}]}}